{"id":1251,"date":"2020-03-24T20:09:55","date_gmt":"2020-03-24T18:09:55","guid":{"rendered":"https:\/\/blogi.eoppimispalvelut.fi\/peppi-ohjeet\/?page_id=1251"},"modified":"2024-08-07T13:30:41","modified_gmt":"2024-08-07T10:30:41","slug":"suorituksen-korjaaminen-4","status":"publish","type":"page","link":"https:\/\/blogi.eoppimispalvelut.fi\/peppi-ohjeet\/opetus_ohjaus\/arviointi-2\/suorituksen-korjaaminen-4\/","title":{"rendered":"Suorituksen korjaaminen"},"content":{"rendered":"<p>Katso <a href=\"https:\/\/youtu.be\/Bse7wVx6pb0\" target=\"_blank\" rel=\"noopener noreferrer\">video<\/a> (tekstityksen saa p\u00e4\u00e4lle [cc]-painikkeesta).<\/p>\n<p>Jos arvosanan merkinn\u00e4ss\u00e4 on tapahtunut virhe, voidaan arviointi muuttaa Peppiin korjaamalla suoritus.<\/p>\n<p>Mik\u00e4li suoritus on virheellinen ja halutaan poistaa, ota yhteytt\u00e4 Pepin p\u00e4\u00e4k\u00e4ytt\u00e4j\u00e4\u00e4n.<\/p>\n<div id=\"attachment_6913\" style=\"width: 594px\" class=\"wp-caption alignnone\"><a href=\"https:\/\/blogi.eoppimispalvelut.fi\/peppi-ohjeet\/files\/2024\/08\/Suorituksen-korjaaminen.png\" rel=\"attachment wp-att-1165\"><img loading=\"lazy\" decoding=\"async\" aria-describedby=\"caption-attachment-6913\" class=\"wp-image-6913 size-large\" src=\"https:\/\/blogi.eoppimispalvelut.fi\/peppi-ohjeet\/files\/2024\/08\/Suorituksen-korjaaminen-1280x379.png\" alt=\"Suorituksen korjaaminen\" width=\"584\" height=\"173\" srcset=\"https:\/\/blogi.eoppimispalvelut.fi\/peppi-ohjeet\/files\/2024\/08\/Suorituksen-korjaaminen-1280x379.png 1280w, https:\/\/blogi.eoppimispalvelut.fi\/peppi-ohjeet\/files\/2024\/08\/Suorituksen-korjaaminen-600x178.png 600w, https:\/\/blogi.eoppimispalvelut.fi\/peppi-ohjeet\/files\/2024\/08\/Suorituksen-korjaaminen-768x227.png 768w, https:\/\/blogi.eoppimispalvelut.fi\/peppi-ohjeet\/files\/2024\/08\/Suorituksen-korjaaminen-1536x455.png 1536w, https:\/\/blogi.eoppimispalvelut.fi\/peppi-ohjeet\/files\/2024\/08\/Suorituksen-korjaaminen-2048x606.png 2048w, https:\/\/blogi.eoppimispalvelut.fi\/peppi-ohjeet\/files\/2024\/08\/Suorituksen-korjaaminen-500x148.png 500w\" sizes=\"auto, (max-width: 584px) 100vw, 584px\" \/><\/a><p id=\"caption-attachment-6913\" class=\"wp-caption-text\">Klikkaa kuvaa suuremmaksi<\/p><\/div>\n<ol>\n<li>Valitse &#8220;Korjaa suoritusta&#8221; opiskelijarivin lopussa olevasta nuolipainikkeen alta avautuvasta valikosta.<\/li>\n<li>Korjaa suoritus valitsemalla arvosana Arviointi-valikosta.<\/li>\n<li>Tallenna tiedot valitsemalla Tallenna.<\/li>\n<\/ol>\n<p>&nbsp;<\/p>\n<hr \/>\n<p>Takaisin <a href=\"https:\/\/blogi.eoppimispalvelut.fi\/peppi-ohjeet\/opetus_ohjaus\/\">Opetus ja ohjaus -sivulle<\/a><\/p>\n","protected":false},"excerpt":{"rendered":"<p>Katso video (tekstityksen saa p\u00e4\u00e4lle [cc]-painikkeesta). Jos arvosanan merkinn\u00e4ss\u00e4 on tapahtunut virhe, voidaan arviointi muuttaa Peppiin korjaamalla suoritus. Mik\u00e4li suoritus on virheellinen ja halutaan poistaa, ota yhteytt\u00e4 Pepin p\u00e4\u00e4k\u00e4ytt\u00e4j\u00e4\u00e4n. Valitse &#8220;Korjaa suoritusta&#8221; opiskelijarivin lopussa olevasta nuolipainikkeen alta avautuvasta valikosta. Korjaa &hellip; <a href=\"https:\/\/blogi.eoppimispalvelut.fi\/peppi-ohjeet\/opetus_ohjaus\/arviointi-2\/suorituksen-korjaaminen-4\/\">Continue reading <span class=\"meta-nav\">&rarr;<\/span><\/a><\/p>\n","protected":false},"author":4339,"featured_media":0,"parent":296,"menu_order":0,"comment_status":"closed","ping_status":"closed","template":"","meta":{"_monsterinsights_skip_tracking":false,"_monsterinsights_sitenote_active":false,"_monsterinsights_sitenote_note":"","_monsterinsights_sitenote_category":0,"footnotes":""},"class_list":["post-1251","page","type-page","status-publish","hentry"],"_links":{"self":[{"href":"https:\/\/blogi.eoppimispalvelut.fi\/peppi-ohjeet\/wp-json\/wp\/v2\/pages\/1251","targetHints":{"allow":["GET"]}}],"collection":[{"href":"https:\/\/blogi.eoppimispalvelut.fi\/peppi-ohjeet\/wp-json\/wp\/v2\/pages"}],"about":[{"href":"https:\/\/blogi.eoppimispalvelut.fi\/peppi-ohjeet\/wp-json\/wp\/v2\/types\/page"}],"author":[{"embeddable":true,"href":"https:\/\/blogi.eoppimispalvelut.fi\/peppi-ohjeet\/wp-json\/wp\/v2\/users\/4339"}],"replies":[{"embeddable":true,"href":"https:\/\/blogi.eoppimispalvelut.fi\/peppi-ohjeet\/wp-json\/wp\/v2\/comments?post=1251"}],"version-history":[{"count":11,"href":"https:\/\/blogi.eoppimispalvelut.fi\/peppi-ohjeet\/wp-json\/wp\/v2\/pages\/1251\/revisions"}],"predecessor-version":[{"id":6914,"href":"https:\/\/blogi.eoppimispalvelut.fi\/peppi-ohjeet\/wp-json\/wp\/v2\/pages\/1251\/revisions\/6914"}],"up":[{"embeddable":true,"href":"https:\/\/blogi.eoppimispalvelut.fi\/peppi-ohjeet\/wp-json\/wp\/v2\/pages\/296"}],"wp:attachment":[{"href":"https:\/\/blogi.eoppimispalvelut.fi\/peppi-ohjeet\/wp-json\/wp\/v2\/media?parent=1251"}],"curies":[{"name":"wp","href":"https:\/\/api.w.org\/{rel}","templated":true}]}}