{"id":1255,"date":"2020-03-24T20:13:43","date_gmt":"2020-03-24T18:13:43","guid":{"rendered":"https:\/\/blogi.eoppimispalvelut.fi\/peppi-ohjeet\/?page_id=1255"},"modified":"2024-08-07T15:24:21","modified_gmt":"2024-08-07T12:24:21","slug":"lisatietojen-kirjaaminen-2","status":"publish","type":"page","link":"https:\/\/blogi.eoppimispalvelut.fi\/peppi-ohjeet\/opetus_ohjaus\/arviointi-2\/lisatietojen-kirjaaminen-2\/","title":{"rendered":"Lis\u00e4tietojen kirjaaminen"},"content":{"rendered":"<p>Katso <a href=\"https:\/\/youtu.be\/T_5NaQnrA5I\" target=\"_blank\" rel=\"noopener\">video<\/a> (tekstityksen saa p\u00e4\u00e4lle [cc]-painikkeesta).<\/p>\n<p>Mik\u00e4li arvionnin osalta halutaan tallentaa lis\u00e4tietoja, jotka n\u00e4kyv\u00e4t opiskelijalle, voidaan ne Pepiss\u00e4 kirjata arviointin\u00e4kym\u00e4ss\u00e4 Huomiot-kentt\u00e4\u00e4n.<\/p>\n<p>Hyl\u00e4tyn arvioinnin perustelut kirjataan\u00a0<strong>aina<\/strong>\u00a0Huomiot-kentt\u00e4\u00e4n.<\/p>\n<p>Mik\u00e4li arvioinnin osalta on tarpeen kirjata sis\u00e4isi\u00e4 huomioita, jotka eiv\u00e4t n\u00e4y opiskelijalle, voidaan my\u00f6s ne Pepiss\u00e4 kirjata arviointin\u00e4kym\u00e4ss\u00e4 Huomiot sis\u00e4iseen k\u00e4ytt\u00f6\u00f6n -kentt\u00e4\u00e4n.<\/p>\n<div id=\"attachment_6917\" style=\"width: 594px\" class=\"wp-caption alignnone\"><a href=\"https:\/\/blogi.eoppimispalvelut.fi\/peppi-ohjeet\/files\/2024\/08\/Lisatietojen-kirjaaminen.png\" rel=\"attachment wp-att-1166\"><img loading=\"lazy\" decoding=\"async\" aria-describedby=\"caption-attachment-6917\" class=\"wp-image-6917 size-large\" src=\"https:\/\/blogi.eoppimispalvelut.fi\/peppi-ohjeet\/files\/2024\/08\/Lisatietojen-kirjaaminen-1280x538.png\" alt=\"Lis\u00e4tietojen kirjaaminen\" width=\"584\" height=\"245\" srcset=\"https:\/\/blogi.eoppimispalvelut.fi\/peppi-ohjeet\/files\/2024\/08\/Lisatietojen-kirjaaminen-1280x538.png 1280w, https:\/\/blogi.eoppimispalvelut.fi\/peppi-ohjeet\/files\/2024\/08\/Lisatietojen-kirjaaminen-600x252.png 600w, https:\/\/blogi.eoppimispalvelut.fi\/peppi-ohjeet\/files\/2024\/08\/Lisatietojen-kirjaaminen-768x323.png 768w, https:\/\/blogi.eoppimispalvelut.fi\/peppi-ohjeet\/files\/2024\/08\/Lisatietojen-kirjaaminen-1536x646.png 1536w, https:\/\/blogi.eoppimispalvelut.fi\/peppi-ohjeet\/files\/2024\/08\/Lisatietojen-kirjaaminen-2048x861.png 2048w, https:\/\/blogi.eoppimispalvelut.fi\/peppi-ohjeet\/files\/2024\/08\/Lisatietojen-kirjaaminen-500x210.png 500w\" sizes=\"auto, (max-width: 584px) 100vw, 584px\" \/><\/a><p id=\"caption-attachment-6917\" class=\"wp-caption-text\">Klikkaa kuvaa suuremmaksi<\/p><\/div>\n<p>Lis\u00e4\u00e4 Huomiot-sarake n\u00e4kyville valitsemalla Sarakkeet-valikosta &#8220;Huomiot&#8221;.<\/p>\n<ol>\n<li>Valitse opiskelijan nimen edess\u00e4 n\u00e4kyv\u00e4 kyn\u00e4painike.<\/li>\n<li>T\u00e4ydenn\u00e4 haluamasi viesti Huomiot opiskelijalle -kentt\u00e4\u00e4n.<\/li>\n<li>Valitse Tallenna.<\/li>\n<\/ol>\n<p>&nbsp;<\/p>\n<hr \/>\n<p>Takaisin\u00a0<a href=\"https:\/\/blogi.eoppimispalvelut.fi\/peppi-ohjeet\/opetus_ohjaus\/\">Opetus ja ohjaus -sivulle<\/a><\/p>\n","protected":false},"excerpt":{"rendered":"<p>Katso video (tekstityksen saa p\u00e4\u00e4lle [cc]-painikkeesta). Mik\u00e4li arvionnin osalta halutaan tallentaa lis\u00e4tietoja, jotka n\u00e4kyv\u00e4t opiskelijalle, voidaan ne Pepiss\u00e4 kirjata arviointin\u00e4kym\u00e4ss\u00e4 Huomiot-kentt\u00e4\u00e4n. Hyl\u00e4tyn arvioinnin perustelut kirjataan\u00a0aina\u00a0Huomiot-kentt\u00e4\u00e4n. Mik\u00e4li arvioinnin osalta on tarpeen kirjata sis\u00e4isi\u00e4 huomioita, jotka eiv\u00e4t n\u00e4y opiskelijalle, voidaan my\u00f6s ne &hellip; <a href=\"https:\/\/blogi.eoppimispalvelut.fi\/peppi-ohjeet\/opetus_ohjaus\/arviointi-2\/lisatietojen-kirjaaminen-2\/\">Continue reading <span class=\"meta-nav\">&rarr;<\/span><\/a><\/p>\n","protected":false},"author":4339,"featured_media":0,"parent":296,"menu_order":0,"comment_status":"closed","ping_status":"closed","template":"","meta":{"_monsterinsights_skip_tracking":false,"_monsterinsights_sitenote_active":false,"_monsterinsights_sitenote_note":"","_monsterinsights_sitenote_category":0,"footnotes":""},"class_list":["post-1255","page","type-page","status-publish","hentry"],"_links":{"self":[{"href":"https:\/\/blogi.eoppimispalvelut.fi\/peppi-ohjeet\/wp-json\/wp\/v2\/pages\/1255","targetHints":{"allow":["GET"]}}],"collection":[{"href":"https:\/\/blogi.eoppimispalvelut.fi\/peppi-ohjeet\/wp-json\/wp\/v2\/pages"}],"about":[{"href":"https:\/\/blogi.eoppimispalvelut.fi\/peppi-ohjeet\/wp-json\/wp\/v2\/types\/page"}],"author":[{"embeddable":true,"href":"https:\/\/blogi.eoppimispalvelut.fi\/peppi-ohjeet\/wp-json\/wp\/v2\/users\/4339"}],"replies":[{"embeddable":true,"href":"https:\/\/blogi.eoppimispalvelut.fi\/peppi-ohjeet\/wp-json\/wp\/v2\/comments?post=1255"}],"version-history":[{"count":10,"href":"https:\/\/blogi.eoppimispalvelut.fi\/peppi-ohjeet\/wp-json\/wp\/v2\/pages\/1255\/revisions"}],"predecessor-version":[{"id":6918,"href":"https:\/\/blogi.eoppimispalvelut.fi\/peppi-ohjeet\/wp-json\/wp\/v2\/pages\/1255\/revisions\/6918"}],"up":[{"embeddable":true,"href":"https:\/\/blogi.eoppimispalvelut.fi\/peppi-ohjeet\/wp-json\/wp\/v2\/pages\/296"}],"wp:attachment":[{"href":"https:\/\/blogi.eoppimispalvelut.fi\/peppi-ohjeet\/wp-json\/wp\/v2\/media?parent=1255"}],"curies":[{"name":"wp","href":"https:\/\/api.w.org\/{rel}","templated":true}]}}