{"id":1280,"date":"2020-03-24T20:41:48","date_gmt":"2020-03-24T18:41:48","guid":{"rendered":"https:\/\/blogi.eoppimispalvelut.fi\/peppi-ohjeet\/?page_id=1280"},"modified":"2024-07-04T16:39:45","modified_gmt":"2024-07-04T13:39:45","slug":"siirtyminen-ilmoittautumiset-nakymaan","status":"publish","type":"page","link":"https:\/\/blogi.eoppimispalvelut.fi\/peppi-ohjeet\/opetus_ohjaus\/opiskelijoiden-ilmoittautuminen\/siirtyminen-ilmoittautumiset-nakymaan\/","title":{"rendered":"Siirtyminen Ilmoittautumiset-n\u00e4kym\u00e4\u00e4n"},"content":{"rendered":"<p>Katso <a href=\"https:\/\/youtu.be\/HfMaMZnOnTk\" target=\"_blank\" rel=\"noopener noreferrer\">video<\/a> (tekstityksen saa p\u00e4\u00e4lle [cc]-painikkeesta).<\/p>\n<p>Valitse opettajan ty\u00f6p\u00f6yd\u00e4n yl\u00e4valikosta Toteutukset -valikon alta Ilmoittautumiset.<\/p>\n<div id=\"attachment_6853\" style=\"width: 594px\" class=\"wp-caption alignnone\"><a href=\"https:\/\/blogi.eoppimispalvelut.fi\/peppi-ohjeet\/files\/2024\/07\/Siirtyminen-ilmoittautumisiin.png\" rel=\"attachment wp-att-1187\"><img loading=\"lazy\" decoding=\"async\" aria-describedby=\"caption-attachment-6853\" class=\"wp-image-6853 size-large\" src=\"https:\/\/blogi.eoppimispalvelut.fi\/peppi-ohjeet\/files\/2024\/07\/Siirtyminen-ilmoittautumisiin-1280x338.png\" alt=\"Siirtyminen ilmoittautumisiin\" width=\"584\" height=\"154\" srcset=\"https:\/\/blogi.eoppimispalvelut.fi\/peppi-ohjeet\/files\/2024\/07\/Siirtyminen-ilmoittautumisiin-1280x338.png 1280w, https:\/\/blogi.eoppimispalvelut.fi\/peppi-ohjeet\/files\/2024\/07\/Siirtyminen-ilmoittautumisiin-600x158.png 600w, https:\/\/blogi.eoppimispalvelut.fi\/peppi-ohjeet\/files\/2024\/07\/Siirtyminen-ilmoittautumisiin-768x203.png 768w, https:\/\/blogi.eoppimispalvelut.fi\/peppi-ohjeet\/files\/2024\/07\/Siirtyminen-ilmoittautumisiin-1536x406.png 1536w, https:\/\/blogi.eoppimispalvelut.fi\/peppi-ohjeet\/files\/2024\/07\/Siirtyminen-ilmoittautumisiin-2048x541.png 2048w, https:\/\/blogi.eoppimispalvelut.fi\/peppi-ohjeet\/files\/2024\/07\/Siirtyminen-ilmoittautumisiin-500x132.png 500w\" sizes=\"auto, (max-width: 584px) 100vw, 584px\" \/><\/a><p id=\"caption-attachment-6853\" class=\"wp-caption-text\">Klikkaa kuvaa suuremmaksi<\/p><\/div>\n<p>P\u00e4\u00e4set selaamaan suoraan omia toteutuksia vasemmalla olevien pikalinkkien kautta tai hakemalla toteutuksia erilaisia hakuehtoja k\u00e4ytt\u00e4m\u00e4ll\u00e4<\/p>\n<ol>\n<li>Valitsemalla omat k\u00e4ynniss\u00e4\/tulevat toteutukset saat hakulomakkeen alapuolelle listauksen niist\u00e4 toteutuksista, joihin sinut on kiinnitetty opettajaksi<\/li>\n<li>Valitse haluamasi toteutus klikkaamalla hakutuloksessa n\u00e4kyv\u00e4n toteutusrivin lopussa olevaa Toiminnot-painiketta. Valitse avautuneesta listasta Ilmoittautumiset. Mik\u00e4li Ilmoittautumiset -valintaa ei n\u00e4y, toteutussuunnitelmaa ei ole viel\u00e4 julkaistu.<\/li>\n<li>P\u00e4\u00e4set ilmoittautumisiin my\u00f6s avamaalla toteutussuunnitelman ja valitsemalla Ilmoittautumiset-v\u00e4lilehden.<\/li>\n<\/ol>\n<div id=\"attachment_6854\" style=\"width: 594px\" class=\"wp-caption alignnone\"><a href=\"https:\/\/blogi.eoppimispalvelut.fi\/peppi-ohjeet\/files\/2024\/07\/Nayta-ilmoittautuneiden-tiedot.png\" rel=\"attachment wp-att-1176\"><img loading=\"lazy\" decoding=\"async\" aria-describedby=\"caption-attachment-6854\" class=\"wp-image-6854 size-large\" src=\"https:\/\/blogi.eoppimispalvelut.fi\/peppi-ohjeet\/files\/2024\/07\/Nayta-ilmoittautuneiden-tiedot-1280x358.png\" alt=\"N\u00e4yt\u00e4 ilmoittautuneiden tiedot\" width=\"584\" height=\"163\" srcset=\"https:\/\/blogi.eoppimispalvelut.fi\/peppi-ohjeet\/files\/2024\/07\/Nayta-ilmoittautuneiden-tiedot-1280x358.png 1280w, https:\/\/blogi.eoppimispalvelut.fi\/peppi-ohjeet\/files\/2024\/07\/Nayta-ilmoittautuneiden-tiedot-600x168.png 600w, https:\/\/blogi.eoppimispalvelut.fi\/peppi-ohjeet\/files\/2024\/07\/Nayta-ilmoittautuneiden-tiedot-768x215.png 768w, https:\/\/blogi.eoppimispalvelut.fi\/peppi-ohjeet\/files\/2024\/07\/Nayta-ilmoittautuneiden-tiedot-1536x429.png 1536w, https:\/\/blogi.eoppimispalvelut.fi\/peppi-ohjeet\/files\/2024\/07\/Nayta-ilmoittautuneiden-tiedot-2048x572.png 2048w, https:\/\/blogi.eoppimispalvelut.fi\/peppi-ohjeet\/files\/2024\/07\/Nayta-ilmoittautuneiden-tiedot-500x140.png 500w\" sizes=\"auto, (max-width: 584px) 100vw, 584px\" \/><\/a><p id=\"caption-attachment-6854\" class=\"wp-caption-text\">Klikkaa kuvaa suuremmaksi<\/p><\/div>\n<p>&nbsp;<\/p>\n<hr \/>\n<p>Takaisin\u00a0<a href=\"https:\/\/blogi.eoppimispalvelut.fi\/peppi-ohjeet\/opetus_ohjaus\/\">Opetus ja ohjaus -sivulle<\/a><\/p>\n","protected":false},"excerpt":{"rendered":"<p>Katso video (tekstityksen saa p\u00e4\u00e4lle [cc]-painikkeesta). Valitse opettajan ty\u00f6p\u00f6yd\u00e4n yl\u00e4valikosta Toteutukset -valikon alta Ilmoittautumiset. P\u00e4\u00e4set selaamaan suoraan omia toteutuksia vasemmalla olevien pikalinkkien kautta tai hakemalla toteutuksia erilaisia hakuehtoja k\u00e4ytt\u00e4m\u00e4ll\u00e4 Valitsemalla omat k\u00e4ynniss\u00e4\/tulevat toteutukset saat hakulomakkeen alapuolelle listauksen niist\u00e4 toteutuksista, joihin &hellip; <a href=\"https:\/\/blogi.eoppimispalvelut.fi\/peppi-ohjeet\/opetus_ohjaus\/opiskelijoiden-ilmoittautuminen\/siirtyminen-ilmoittautumiset-nakymaan\/\">Continue reading <span class=\"meta-nav\">&rarr;<\/span><\/a><\/p>\n","protected":false},"author":4339,"featured_media":0,"parent":290,"menu_order":0,"comment_status":"closed","ping_status":"closed","template":"","meta":{"_monsterinsights_skip_tracking":false,"_monsterinsights_sitenote_active":false,"_monsterinsights_sitenote_note":"","_monsterinsights_sitenote_category":0,"footnotes":""},"class_list":["post-1280","page","type-page","status-publish","hentry"],"_links":{"self":[{"href":"https:\/\/blogi.eoppimispalvelut.fi\/peppi-ohjeet\/wp-json\/wp\/v2\/pages\/1280","targetHints":{"allow":["GET"]}}],"collection":[{"href":"https:\/\/blogi.eoppimispalvelut.fi\/peppi-ohjeet\/wp-json\/wp\/v2\/pages"}],"about":[{"href":"https:\/\/blogi.eoppimispalvelut.fi\/peppi-ohjeet\/wp-json\/wp\/v2\/types\/page"}],"author":[{"embeddable":true,"href":"https:\/\/blogi.eoppimispalvelut.fi\/peppi-ohjeet\/wp-json\/wp\/v2\/users\/4339"}],"replies":[{"embeddable":true,"href":"https:\/\/blogi.eoppimispalvelut.fi\/peppi-ohjeet\/wp-json\/wp\/v2\/comments?post=1280"}],"version-history":[{"count":7,"href":"https:\/\/blogi.eoppimispalvelut.fi\/peppi-ohjeet\/wp-json\/wp\/v2\/pages\/1280\/revisions"}],"predecessor-version":[{"id":6856,"href":"https:\/\/blogi.eoppimispalvelut.fi\/peppi-ohjeet\/wp-json\/wp\/v2\/pages\/1280\/revisions\/6856"}],"up":[{"embeddable":true,"href":"https:\/\/blogi.eoppimispalvelut.fi\/peppi-ohjeet\/wp-json\/wp\/v2\/pages\/290"}],"wp:attachment":[{"href":"https:\/\/blogi.eoppimispalvelut.fi\/peppi-ohjeet\/wp-json\/wp\/v2\/media?parent=1280"}],"curies":[{"name":"wp","href":"https:\/\/api.w.org\/{rel}","templated":true}]}}