{"id":1283,"date":"2020-03-24T20:44:09","date_gmt":"2020-03-24T18:44:09","guid":{"rendered":"https:\/\/blogi.eoppimispalvelut.fi\/peppi-ohjeet\/?page_id=1283"},"modified":"2024-07-05T14:30:10","modified_gmt":"2024-07-05T11:30:10","slug":"ilmoittautumisten-kasittely-2","status":"publish","type":"page","link":"https:\/\/blogi.eoppimispalvelut.fi\/peppi-ohjeet\/opetus_ohjaus\/opiskelijoiden-ilmoittautuminen\/ilmoittautumisten-kasittely-2\/","title":{"rendered":"Ilmoittautumisten k\u00e4sittely"},"content":{"rendered":"<p>Katso <a href=\"https:\/\/youtu.be\/LuzqFsXeGgs\" target=\"_blank\" rel=\"noopener noreferrer\">video<\/a> (tekstityksen saa p\u00e4\u00e4lle [cc]-painikkeesta).<\/p>\n<ul>\n<li>Ilmoittautumiset-sivulla opettaja hyv\u00e4ksyy tai hylk\u00e4\u00e4 opiskelijoiden ilmoittautumisen toteutukselle. Opiskelija n\u00e4kee Pepiss\u00e4 oman ilmoittautumisensa tilanteen: odottaa hyv\u00e4ksymist\u00e4 \/ hyv\u00e4ksytty \/ hyl\u00e4tty.<\/li>\n<li>Jos opintojaksosta on useita toteutuksia ja opiskelija on ilmoittautunut v\u00e4\u00e4r\u00e4lle toteutukselle, opiskelijan ilmoittautuminen hyl\u00e4t\u00e4\u00e4n. Opiskelija voi t\u00e4m\u00e4n j\u00e4lkeen ilmoittautua jollekin toiselle saman opintojakson toteutukselle, mutta ei en\u00e4\u00e4 sille, jossa ilmoittautuminen on hyl\u00e4tty.<\/li>\n<li>Mik\u00e4li opiskelija poistetaan toteutukselta, h\u00e4n voi ilmoittautua uudestaan samalle toteutukselle. Jos ilmoittautumisen hylk\u00e4\u00e4, h\u00e4n ei voi ilmoittautua uudestaan samalle toteutukselle, mutta voi ilmoittautua toiselle vastaavalle toteutukselle.<\/li>\n<li>Kun opiskelija on hyv\u00e4ksytty toteutukselle, h\u00e4n ei voi en\u00e4\u00e4 perua ilmoittautumista.<\/li>\n<li>Huom! Opiskelija voi olla ilmoittautuneena vain kerran tietyn opintojakson toteutukselle. Jos opiskelija alkaa suorittaa t\u00e4n\u00e4 vuonna opintojaksoa, mutta ei tee suoritusta loppuun asti, h\u00e4n ei voi seuraavana vuonna ilmoittautua toiselle toteutukselle ellei arvionniksi merkit\u00e4 Hyl\u00e4tty.<\/li>\n<li>Mik\u00e4li opiskelija ei ole osallistunut opetukseen tai ei ole tehnyt mit\u00e4\u00e4n suorituksia opintojaksototeutuksen aikana, opiskelijan ilmoittautuminen hyl\u00e4t\u00e4\u00e4n.<\/li>\n<\/ul>\n<p>Katso <a href=\"https:\/\/youtu.be\/2mLBTr5PuN0\" target=\"_blank\" rel=\"noopener\">video<\/a> (tekstityksen saa p\u00e4\u00e4lle [cc]-painikkeesta).<\/p>\n<ol>\n<li>Valitse opiskelija(t)<\/li>\n<li>Valitse haluamasi toiminto\n<ul>\n<li>Hyv\u00e4ksy valitut\n<ul>\n<li>valitse t\u00e4m\u00e4, mik\u00e4li toteutuksella ei ole toteutuksen osia<\/li>\n<\/ul>\n<\/li>\n<li>Hyv\u00e4ksy valitut, siirr\u00e4 osat\n<ul>\n<li>Mik\u00e4li olet luonut toteutukselle osia, valitse t\u00e4m\u00e4, niin osat siirtyv\u00e4t arviointin\u00e4kym\u00e4\u00e4n<\/li>\n<\/ul>\n<\/li>\n<li>Hylk\u00e4\u00e4 valitut<\/li>\n<li>Poista valitut<\/li>\n<\/ul>\n<\/li>\n<\/ol>\n<div id=\"attachment_6860\" style=\"width: 594px\" class=\"wp-caption alignnone\"><a href=\"https:\/\/blogi.eoppimispalvelut.fi\/peppi-ohjeet\/files\/2024\/07\/Ilmoittautumisten-kasittely.png\" rel=\"attachment wp-att-1178\"><img loading=\"lazy\" decoding=\"async\" aria-describedby=\"caption-attachment-6860\" class=\"wp-image-6860 size-large\" src=\"https:\/\/blogi.eoppimispalvelut.fi\/peppi-ohjeet\/files\/2024\/07\/Ilmoittautumisten-kasittely-1280x153.png\" alt=\"Ilmoittautumisten k\u00e4sittely\" width=\"584\" height=\"70\" srcset=\"https:\/\/blogi.eoppimispalvelut.fi\/peppi-ohjeet\/files\/2024\/07\/Ilmoittautumisten-kasittely-1280x153.png 1280w, https:\/\/blogi.eoppimispalvelut.fi\/peppi-ohjeet\/files\/2024\/07\/Ilmoittautumisten-kasittely-600x72.png 600w, https:\/\/blogi.eoppimispalvelut.fi\/peppi-ohjeet\/files\/2024\/07\/Ilmoittautumisten-kasittely-768x92.png 768w, https:\/\/blogi.eoppimispalvelut.fi\/peppi-ohjeet\/files\/2024\/07\/Ilmoittautumisten-kasittely-1536x183.png 1536w, https:\/\/blogi.eoppimispalvelut.fi\/peppi-ohjeet\/files\/2024\/07\/Ilmoittautumisten-kasittely-2048x245.png 2048w, https:\/\/blogi.eoppimispalvelut.fi\/peppi-ohjeet\/files\/2024\/07\/Ilmoittautumisten-kasittely-500x60.png 500w\" sizes=\"auto, (max-width: 584px) 100vw, 584px\" \/><\/a><p id=\"caption-attachment-6860\" class=\"wp-caption-text\">Klikkaa kuvaa suuremmaksi<\/p><\/div>\n<p>Jos opiskelija hyl\u00e4t\u00e4\u00e4n toteutukselta, opettaja voi hylk\u00e4yksen yhteydess\u00e4 l\u00e4hett\u00e4\u00e4 opiskelijalle viestin hylk\u00e4yksen syyst\u00e4. Oletusviesti hylk\u00e4yksest\u00e4 l\u00e4hetet\u00e4\u00e4n aina Pepin viestikanavaan (sis\u00e4inen viesti) ja se n\u00e4kyy opiskelijoille heid\u00e4n sopimuspankissaan. Oletusviesti hylk\u00e4yksest\u00e4 kertoo, ett\u00e4 ilmoittautuminen on hyl\u00e4tty sek\u00e4 toteutuksen nimen ja tunnuksen. Oletusviestin kieli m\u00e4\u00e4r\u00e4ytyy sen mukaan (suomi tai englanti), mik\u00e4 on opiskelijan opiskeluoikeuden opetuskieli. Mik\u00e4li haluat oletusviestin lis\u00e4ksi kirjoittaa hylk\u00e4yksen perusteen, valitse avautuvasta ponnahdusikkunasta OK. Kirjoita avautuvaan ikkunaan hylk\u00e4\u00e4misen syy. T\u00e4m\u00e4n j\u00e4lkeen voit valita, l\u00e4hetet\u00e4\u00e4nk\u00f6 hylk\u00e4yksen syy sis\u00e4isell\u00e4 viestill\u00e4 vai sen lis\u00e4ksi my\u00f6s s\u00e4hk\u00f6postilla. S\u00e4hk\u00f6postiin ei voi vastata.<\/p>\n<p>&nbsp;<\/p>\n<hr \/>\n<p>Takaisin\u00a0<a href=\"https:\/\/blogi.eoppimispalvelut.fi\/peppi-ohjeet\/opetus_ohjaus\/\">Opetus ja ohjaus -sivulle<\/a><\/p>\n","protected":false},"excerpt":{"rendered":"<p>Katso video (tekstityksen saa p\u00e4\u00e4lle [cc]-painikkeesta). Ilmoittautumiset-sivulla opettaja hyv\u00e4ksyy tai hylk\u00e4\u00e4 opiskelijoiden ilmoittautumisen toteutukselle. Opiskelija n\u00e4kee Pepiss\u00e4 oman ilmoittautumisensa tilanteen: odottaa hyv\u00e4ksymist\u00e4 \/ hyv\u00e4ksytty \/ hyl\u00e4tty. Jos opintojaksosta on useita toteutuksia ja opiskelija on ilmoittautunut v\u00e4\u00e4r\u00e4lle toteutukselle, opiskelijan ilmoittautuminen hyl\u00e4t\u00e4\u00e4n. &hellip; <a href=\"https:\/\/blogi.eoppimispalvelut.fi\/peppi-ohjeet\/opetus_ohjaus\/opiskelijoiden-ilmoittautuminen\/ilmoittautumisten-kasittely-2\/\">Continue reading <span class=\"meta-nav\">&rarr;<\/span><\/a><\/p>\n","protected":false},"author":4339,"featured_media":0,"parent":290,"menu_order":0,"comment_status":"closed","ping_status":"closed","template":"","meta":{"_monsterinsights_skip_tracking":false,"_monsterinsights_sitenote_active":false,"_monsterinsights_sitenote_note":"","_monsterinsights_sitenote_category":0,"footnotes":""},"class_list":["post-1283","page","type-page","status-publish","hentry"],"_links":{"self":[{"href":"https:\/\/blogi.eoppimispalvelut.fi\/peppi-ohjeet\/wp-json\/wp\/v2\/pages\/1283","targetHints":{"allow":["GET"]}}],"collection":[{"href":"https:\/\/blogi.eoppimispalvelut.fi\/peppi-ohjeet\/wp-json\/wp\/v2\/pages"}],"about":[{"href":"https:\/\/blogi.eoppimispalvelut.fi\/peppi-ohjeet\/wp-json\/wp\/v2\/types\/page"}],"author":[{"embeddable":true,"href":"https:\/\/blogi.eoppimispalvelut.fi\/peppi-ohjeet\/wp-json\/wp\/v2\/users\/4339"}],"replies":[{"embeddable":true,"href":"https:\/\/blogi.eoppimispalvelut.fi\/peppi-ohjeet\/wp-json\/wp\/v2\/comments?post=1283"}],"version-history":[{"count":9,"href":"https:\/\/blogi.eoppimispalvelut.fi\/peppi-ohjeet\/wp-json\/wp\/v2\/pages\/1283\/revisions"}],"predecessor-version":[{"id":6861,"href":"https:\/\/blogi.eoppimispalvelut.fi\/peppi-ohjeet\/wp-json\/wp\/v2\/pages\/1283\/revisions\/6861"}],"up":[{"embeddable":true,"href":"https:\/\/blogi.eoppimispalvelut.fi\/peppi-ohjeet\/wp-json\/wp\/v2\/pages\/290"}],"wp:attachment":[{"href":"https:\/\/blogi.eoppimispalvelut.fi\/peppi-ohjeet\/wp-json\/wp\/v2\/media?parent=1283"}],"curies":[{"name":"wp","href":"https:\/\/api.w.org\/{rel}","templated":true}]}}