{"id":1286,"date":"2020-03-24T20:47:16","date_gmt":"2020-03-24T18:47:16","guid":{"rendered":"https:\/\/blogi.eoppimispalvelut.fi\/peppi-ohjeet\/?page_id=1286"},"modified":"2024-07-05T14:43:52","modified_gmt":"2024-07-05T11:43:52","slug":"opiskelijan-ilmoittautumisen-lisaaminen-2","status":"publish","type":"page","link":"https:\/\/blogi.eoppimispalvelut.fi\/peppi-ohjeet\/opetus_ohjaus\/opiskelijoiden-ilmoittautuminen\/opiskelijan-ilmoittautumisen-lisaaminen-2\/","title":{"rendered":"Opiskelijoiden ilmoittautumisten lis\u00e4\u00e4minen"},"content":{"rendered":"<p>Katso <a href=\"https:\/\/youtu.be\/uWVIrQt9TUo\" target=\"_blank\" rel=\"noopener\">video<\/a> (tekstityksen saa p\u00e4\u00e4lle [cc]-painikkeesta).<\/p>\n<p>Opettajalla on my\u00f6s mahdollisista lis\u00e4t\u00e4 opiskelijoiden ilmoittautumisen toteutukselle.<\/p>\n<ol>\n<li>Valitse &#8220;Lis\u00e4\u00e4 opiskelija&#8221;<\/li>\n<li>Lis\u00e4\u00e4 yksitt\u00e4inen opiskelija hakemalla opiskelija sy\u00f6tt\u00e4m\u00e4ll\u00e4 opiskelijan nimi Hae opiskelijoita -kentt\u00e4\u00e4n ja valitse haluamasi opiskelija<\/li>\n<li>Lis\u00e4\u00e4 useampi opiskelija samasta ryhm\u00e4st\u00e4 kerralla hakemalla ryhm\u00e4 Hae ryhmi\u00e4 -kohdassa ja kirjoittamalla ryhm\u00e4n tunnuksen. Voit valita kaikki ryhm\u00e4n opiskelijat kerralla valitsemalla listan lopusta &#8220;Valitse kaikki&#8221; tai valita yksitt\u00e4isi\u00e4 opiskelijoita. Voit lis\u00e4t\u00e4 yksitt\u00e4isi\u00e4 opiskelijoita my\u00f6s useista ryhmist\u00e4 tai lis\u00e4t\u00e4 usean ryhm\u00e4n tiedot saman aikaisesti valitsemalla Hae ryhmi\u00e4 -kentt\u00e4\u00e4n haluamasi ryhm\u00e4t.<\/li>\n<li>Valitse Tallenna<\/li>\n<li>Huomoi, ett\u00e4 opiskelijan ilmoittautuminen menee automaattisesti hyv\u00e4ksytyksi, kun lis\u00e4\u00e4t ilmoittautumisen opiskelijan puolesta.<\/li>\n<\/ol>\n<div id=\"attachment_6863\" style=\"width: 594px\" class=\"wp-caption alignnone\"><a href=\"https:\/\/blogi.eoppimispalvelut.fi\/peppi-ohjeet\/files\/2024\/07\/Opiskelijan-ilmoittautumisen-lisaaminen.png\" rel=\"attachment wp-att-1179\"><img loading=\"lazy\" decoding=\"async\" aria-describedby=\"caption-attachment-6863\" class=\"wp-image-6863 size-large\" src=\"https:\/\/blogi.eoppimispalvelut.fi\/peppi-ohjeet\/files\/2024\/07\/Opiskelijan-ilmoittautumisen-lisaaminen-1280x361.png\" alt=\"Opiskelijan ilmoittautumisen lis\u00e4\u00e4minen\" width=\"584\" height=\"165\" srcset=\"https:\/\/blogi.eoppimispalvelut.fi\/peppi-ohjeet\/files\/2024\/07\/Opiskelijan-ilmoittautumisen-lisaaminen-1280x361.png 1280w, https:\/\/blogi.eoppimispalvelut.fi\/peppi-ohjeet\/files\/2024\/07\/Opiskelijan-ilmoittautumisen-lisaaminen-600x169.png 600w, https:\/\/blogi.eoppimispalvelut.fi\/peppi-ohjeet\/files\/2024\/07\/Opiskelijan-ilmoittautumisen-lisaaminen-768x216.png 768w, https:\/\/blogi.eoppimispalvelut.fi\/peppi-ohjeet\/files\/2024\/07\/Opiskelijan-ilmoittautumisen-lisaaminen-1536x433.png 1536w, https:\/\/blogi.eoppimispalvelut.fi\/peppi-ohjeet\/files\/2024\/07\/Opiskelijan-ilmoittautumisen-lisaaminen-2048x577.png 2048w, https:\/\/blogi.eoppimispalvelut.fi\/peppi-ohjeet\/files\/2024\/07\/Opiskelijan-ilmoittautumisen-lisaaminen-500x141.png 500w\" sizes=\"auto, (max-width: 584px) 100vw, 584px\" \/><\/a><p id=\"caption-attachment-6863\" class=\"wp-caption-text\">Klikkaa kuvaa suuremmaksi<\/p><\/div>\n<p>&nbsp;<\/p>\n<hr \/>\n<p>Takaisin\u00a0<a href=\"https:\/\/blogi.eoppimispalvelut.fi\/peppi-ohjeet\/opetus_ohjaus\/\">Opetus ja ohjaus -sivulle<\/a><\/p>\n","protected":false},"excerpt":{"rendered":"<p>Katso video (tekstityksen saa p\u00e4\u00e4lle [cc]-painikkeesta). Opettajalla on my\u00f6s mahdollisista lis\u00e4t\u00e4 opiskelijoiden ilmoittautumisen toteutukselle. Valitse &#8220;Lis\u00e4\u00e4 opiskelija&#8221; Lis\u00e4\u00e4 yksitt\u00e4inen opiskelija hakemalla opiskelija sy\u00f6tt\u00e4m\u00e4ll\u00e4 opiskelijan nimi Hae opiskelijoita -kentt\u00e4\u00e4n ja valitse haluamasi opiskelija Lis\u00e4\u00e4 useampi opiskelija samasta ryhm\u00e4st\u00e4 kerralla hakemalla ryhm\u00e4 &hellip; <a href=\"https:\/\/blogi.eoppimispalvelut.fi\/peppi-ohjeet\/opetus_ohjaus\/opiskelijoiden-ilmoittautuminen\/opiskelijan-ilmoittautumisen-lisaaminen-2\/\">Continue reading <span class=\"meta-nav\">&rarr;<\/span><\/a><\/p>\n","protected":false},"author":4339,"featured_media":0,"parent":290,"menu_order":0,"comment_status":"closed","ping_status":"closed","template":"","meta":{"_monsterinsights_skip_tracking":false,"_monsterinsights_sitenote_active":false,"_monsterinsights_sitenote_note":"","_monsterinsights_sitenote_category":0,"footnotes":""},"class_list":["post-1286","page","type-page","status-publish","hentry"],"_links":{"self":[{"href":"https:\/\/blogi.eoppimispalvelut.fi\/peppi-ohjeet\/wp-json\/wp\/v2\/pages\/1286","targetHints":{"allow":["GET"]}}],"collection":[{"href":"https:\/\/blogi.eoppimispalvelut.fi\/peppi-ohjeet\/wp-json\/wp\/v2\/pages"}],"about":[{"href":"https:\/\/blogi.eoppimispalvelut.fi\/peppi-ohjeet\/wp-json\/wp\/v2\/types\/page"}],"author":[{"embeddable":true,"href":"https:\/\/blogi.eoppimispalvelut.fi\/peppi-ohjeet\/wp-json\/wp\/v2\/users\/4339"}],"replies":[{"embeddable":true,"href":"https:\/\/blogi.eoppimispalvelut.fi\/peppi-ohjeet\/wp-json\/wp\/v2\/comments?post=1286"}],"version-history":[{"count":9,"href":"https:\/\/blogi.eoppimispalvelut.fi\/peppi-ohjeet\/wp-json\/wp\/v2\/pages\/1286\/revisions"}],"predecessor-version":[{"id":6868,"href":"https:\/\/blogi.eoppimispalvelut.fi\/peppi-ohjeet\/wp-json\/wp\/v2\/pages\/1286\/revisions\/6868"}],"up":[{"embeddable":true,"href":"https:\/\/blogi.eoppimispalvelut.fi\/peppi-ohjeet\/wp-json\/wp\/v2\/pages\/290"}],"wp:attachment":[{"href":"https:\/\/blogi.eoppimispalvelut.fi\/peppi-ohjeet\/wp-json\/wp\/v2\/media?parent=1286"}],"curies":[{"name":"wp","href":"https:\/\/api.w.org\/{rel}","templated":true}]}}