{"id":1300,"date":"2020-03-25T12:17:40","date_gmt":"2020-03-25T10:17:40","guid":{"rendered":"https:\/\/blogi.eoppimispalvelut.fi\/peppi-ohjeet\/?page_id=1300"},"modified":"2024-07-04T16:40:17","modified_gmt":"2024-07-04T13:40:17","slug":"siirtyminen-toteutukselle","status":"publish","type":"page","link":"https:\/\/blogi.eoppimispalvelut.fi\/peppi-ohjeet\/opetus_ohjaus\/omat-toteutukset\/siirtyminen-toteutukselle\/","title":{"rendered":"Siirtyminen toteutukselle"},"content":{"rendered":"<p><a href=\"https:\/\/www.youtube.com\/watch?v=D_xMVWiDCgE\" target=\"_blank\" rel=\"noopener noreferrer\">Katso video<\/a> (tekstityksen saa p\u00e4\u00e4lle [cc]-painikkeesta).<\/p>\n<p>Valitse opettajan ty\u00f6p\u00f6yd\u00e4n yl\u00e4valikosta Toteutukset -valikon alta Toteutukset.<\/p>\n<div id=\"attachment_6752\" style=\"width: 594px\" class=\"wp-caption alignnone\"><a href=\"https:\/\/blogi.eoppimispalvelut.fi\/peppi-ohjeet\/files\/2024\/07\/Siirtyminen-toteutukselle.png\" rel=\"attachment wp-att-1301\"><img loading=\"lazy\" decoding=\"async\" aria-describedby=\"caption-attachment-6752\" class=\"wp-image-6752 size-large\" src=\"https:\/\/blogi.eoppimispalvelut.fi\/peppi-ohjeet\/files\/2024\/07\/Siirtyminen-toteutukselle-1280x340.png\" alt=\"Siirtyminen toteutukselle\" width=\"584\" height=\"155\" srcset=\"https:\/\/blogi.eoppimispalvelut.fi\/peppi-ohjeet\/files\/2024\/07\/Siirtyminen-toteutukselle-1280x340.png 1280w, https:\/\/blogi.eoppimispalvelut.fi\/peppi-ohjeet\/files\/2024\/07\/Siirtyminen-toteutukselle-600x159.png 600w, https:\/\/blogi.eoppimispalvelut.fi\/peppi-ohjeet\/files\/2024\/07\/Siirtyminen-toteutukselle-768x204.png 768w, https:\/\/blogi.eoppimispalvelut.fi\/peppi-ohjeet\/files\/2024\/07\/Siirtyminen-toteutukselle-1536x407.png 1536w, https:\/\/blogi.eoppimispalvelut.fi\/peppi-ohjeet\/files\/2024\/07\/Siirtyminen-toteutukselle-2048x543.png 2048w, https:\/\/blogi.eoppimispalvelut.fi\/peppi-ohjeet\/files\/2024\/07\/Siirtyminen-toteutukselle-500x133.png 500w\" sizes=\"auto, (max-width: 584px) 100vw, 584px\" \/><\/a><p id=\"caption-attachment-6752\" class=\"wp-caption-text\">Klikkaa kuvaa suuremmaksi<\/p><\/div>\n<p>P\u00e4\u00e4set selaamaan suoraan omia toteutuksia vasemmalla olevien pikalinkkien kautta tai hakemalla toteutuksia erilaisia hakuehtoja k\u00e4ytt\u00e4m\u00e4ll\u00e4<\/p>\n<ol>\n<li>Valitsemalla omat k\u00e4ynniss\u00e4\/tulevat toteutukset saat hakulomakkeen alapuolelle listauksen niist\u00e4 toteutuksista, joihin sinut on kiinnitetty opettajaksi<\/li>\n<li>Valitse haluamasi toteutus klikkaamalla hakutuloksessa n\u00e4kyv\u00e4n toteutusrivin lopussa olevaa Toiminnot-painiketta<\/li>\n<li>Valitse avautuneesta listasta N\u00e4yt\u00e4 toteutus<\/li>\n<\/ol>\n<div id=\"attachment_6753\" style=\"width: 594px\" class=\"wp-caption alignnone\"><a href=\"https:\/\/blogi.eoppimispalvelut.fi\/peppi-ohjeet\/files\/2024\/07\/Nayta-toteutuksen-tiedot.png\" rel=\"attachment wp-att-1302\"><img loading=\"lazy\" decoding=\"async\" aria-describedby=\"caption-attachment-6753\" class=\"wp-image-6753 size-large\" src=\"https:\/\/blogi.eoppimispalvelut.fi\/peppi-ohjeet\/files\/2024\/07\/Nayta-toteutuksen-tiedot-1280x358.png\" alt=\"Toteutuksen haku\" width=\"584\" height=\"163\" srcset=\"https:\/\/blogi.eoppimispalvelut.fi\/peppi-ohjeet\/files\/2024\/07\/Nayta-toteutuksen-tiedot-1280x358.png 1280w, https:\/\/blogi.eoppimispalvelut.fi\/peppi-ohjeet\/files\/2024\/07\/Nayta-toteutuksen-tiedot-600x168.png 600w, https:\/\/blogi.eoppimispalvelut.fi\/peppi-ohjeet\/files\/2024\/07\/Nayta-toteutuksen-tiedot-768x215.png 768w, https:\/\/blogi.eoppimispalvelut.fi\/peppi-ohjeet\/files\/2024\/07\/Nayta-toteutuksen-tiedot-1536x429.png 1536w, https:\/\/blogi.eoppimispalvelut.fi\/peppi-ohjeet\/files\/2024\/07\/Nayta-toteutuksen-tiedot-2048x572.png 2048w, https:\/\/blogi.eoppimispalvelut.fi\/peppi-ohjeet\/files\/2024\/07\/Nayta-toteutuksen-tiedot-500x140.png 500w\" sizes=\"auto, (max-width: 584px) 100vw, 584px\" \/><\/a><p id=\"caption-attachment-6753\" class=\"wp-caption-text\">Klikkaa kuvaa suuremmaksi<\/p><\/div>\n<p>&nbsp;<\/p>\n<hr \/>\n<p>Takaisin\u00a0<a href=\"https:\/\/blogi.eoppimispalvelut.fi\/peppi-ohjeet\/opetus_ohjaus\/\">Opetus ja ohjaus -sivulle<\/a><\/p>\n","protected":false},"excerpt":{"rendered":"<p>Katso video (tekstityksen saa p\u00e4\u00e4lle [cc]-painikkeesta). Valitse opettajan ty\u00f6p\u00f6yd\u00e4n yl\u00e4valikosta Toteutukset -valikon alta Toteutukset. P\u00e4\u00e4set selaamaan suoraan omia toteutuksia vasemmalla olevien pikalinkkien kautta tai hakemalla toteutuksia erilaisia hakuehtoja k\u00e4ytt\u00e4m\u00e4ll\u00e4 Valitsemalla omat k\u00e4ynniss\u00e4\/tulevat toteutukset saat hakulomakkeen alapuolelle listauksen niist\u00e4 toteutuksista, joihin &hellip; <a href=\"https:\/\/blogi.eoppimispalvelut.fi\/peppi-ohjeet\/opetus_ohjaus\/omat-toteutukset\/siirtyminen-toteutukselle\/\">Continue reading <span class=\"meta-nav\">&rarr;<\/span><\/a><\/p>\n","protected":false},"author":4339,"featured_media":0,"parent":233,"menu_order":0,"comment_status":"closed","ping_status":"closed","template":"","meta":{"_monsterinsights_skip_tracking":false,"_monsterinsights_sitenote_active":false,"_monsterinsights_sitenote_note":"","_monsterinsights_sitenote_category":0,"footnotes":""},"class_list":["post-1300","page","type-page","status-publish","hentry"],"_links":{"self":[{"href":"https:\/\/blogi.eoppimispalvelut.fi\/peppi-ohjeet\/wp-json\/wp\/v2\/pages\/1300","targetHints":{"allow":["GET"]}}],"collection":[{"href":"https:\/\/blogi.eoppimispalvelut.fi\/peppi-ohjeet\/wp-json\/wp\/v2\/pages"}],"about":[{"href":"https:\/\/blogi.eoppimispalvelut.fi\/peppi-ohjeet\/wp-json\/wp\/v2\/types\/page"}],"author":[{"embeddable":true,"href":"https:\/\/blogi.eoppimispalvelut.fi\/peppi-ohjeet\/wp-json\/wp\/v2\/users\/4339"}],"replies":[{"embeddable":true,"href":"https:\/\/blogi.eoppimispalvelut.fi\/peppi-ohjeet\/wp-json\/wp\/v2\/comments?post=1300"}],"version-history":[{"count":9,"href":"https:\/\/blogi.eoppimispalvelut.fi\/peppi-ohjeet\/wp-json\/wp\/v2\/pages\/1300\/revisions"}],"predecessor-version":[{"id":6754,"href":"https:\/\/blogi.eoppimispalvelut.fi\/peppi-ohjeet\/wp-json\/wp\/v2\/pages\/1300\/revisions\/6754"}],"up":[{"embeddable":true,"href":"https:\/\/blogi.eoppimispalvelut.fi\/peppi-ohjeet\/wp-json\/wp\/v2\/pages\/233"}],"wp:attachment":[{"href":"https:\/\/blogi.eoppimispalvelut.fi\/peppi-ohjeet\/wp-json\/wp\/v2\/media?parent=1300"}],"curies":[{"name":"wp","href":"https:\/\/api.w.org\/{rel}","templated":true}]}}