{"id":1335,"date":"2020-03-25T15:26:17","date_gmt":"2020-03-25T13:26:17","guid":{"rendered":"https:\/\/blogi.eoppimispalvelut.fi\/peppi-ohjeet\/?page_id=1335"},"modified":"2024-07-04T16:23:50","modified_gmt":"2024-07-04T13:23:50","slug":"toteutuksen-kopiointi","status":"publish","type":"page","link":"https:\/\/blogi.eoppimispalvelut.fi\/peppi-ohjeet\/opetus_ohjaus\/omat-toteutukset\/toteutuksen-kopiointi\/","title":{"rendered":"Toteutuksen kopiointi aikaisemmalta toteutukselta"},"content":{"rendered":"<p>Katso <a href=\"https:\/\/youtu.be\/_VWlLExKX4o\" target=\"_blank\" rel=\"noopener\">video<\/a> (tekstityksen saa p\u00e4\u00e4lle [cc]-painikkeesta).<\/p>\n<p>Voit kopioida jo aiemmin tehdyn toteutussuunnitelman uuden toteutussuunnitelman pohjaksi. Toteutussuunnitelman kopiointi kopioi vain toteutussuunnitelman.<\/p>\n<div id=\"attachment_6847\" style=\"width: 594px\" class=\"wp-caption alignnone\"><a href=\"https:\/\/blogi.eoppimispalvelut.fi\/peppi-ohjeet\/files\/2024\/07\/Toteutussuunnitelman-kopiointi.png\" rel=\"attachment wp-att-1342\"><img loading=\"lazy\" decoding=\"async\" aria-describedby=\"caption-attachment-6847\" class=\"wp-image-6847 size-large\" src=\"https:\/\/blogi.eoppimispalvelut.fi\/peppi-ohjeet\/files\/2024\/07\/Toteutussuunnitelman-kopiointi-1280x661.png\" alt=\"Toteutussuunnitelman kopiointi\" width=\"584\" height=\"302\" srcset=\"https:\/\/blogi.eoppimispalvelut.fi\/peppi-ohjeet\/files\/2024\/07\/Toteutussuunnitelman-kopiointi-1280x661.png 1280w, https:\/\/blogi.eoppimispalvelut.fi\/peppi-ohjeet\/files\/2024\/07\/Toteutussuunnitelman-kopiointi-600x310.png 600w, https:\/\/blogi.eoppimispalvelut.fi\/peppi-ohjeet\/files\/2024\/07\/Toteutussuunnitelman-kopiointi-768x396.png 768w, https:\/\/blogi.eoppimispalvelut.fi\/peppi-ohjeet\/files\/2024\/07\/Toteutussuunnitelman-kopiointi-1536x793.png 1536w, https:\/\/blogi.eoppimispalvelut.fi\/peppi-ohjeet\/files\/2024\/07\/Toteutussuunnitelman-kopiointi-2048x1057.png 2048w, https:\/\/blogi.eoppimispalvelut.fi\/peppi-ohjeet\/files\/2024\/07\/Toteutussuunnitelman-kopiointi-500x258.png 500w\" sizes=\"auto, (max-width: 584px) 100vw, 584px\" \/><\/a><p id=\"caption-attachment-6847\" class=\"wp-caption-text\">Klikkaa kuvaa suuremmaksi<\/p><\/div>\n<ol>\n<li>Valitse Toteutussuunnitelma n\u00e4kym\u00e4ss\u00e4 Toteutuksen perustiedot<\/li>\n<li>Valitse Kopioi toteutussuunnitelma<\/li>\n<li>Valitse avautuvassa ikkunassa &#8211; Kopioi sis\u00e4lt\u00f6 toiselta toteutukselta &#8211; haluamasi toteutus ja valitse Kopioi<\/li>\n<\/ol>\n<p>Kopioidun toteutuksen tietoja voi muokata haluamallaan tavalla ilman ett\u00e4 muutokset vaikuttavat aiemmin tehtyihin toteutuksiin.<\/p>\n<p>&nbsp;<\/p>\n<hr \/>\n<p>Takaisin\u00a0<a href=\"https:\/\/blogi.eoppimispalvelut.fi\/peppi-ohjeet\/opetus_ohjaus\/\">Opetus ja ohjaus -sivulle<\/a><\/p>\n","protected":false},"excerpt":{"rendered":"<p>Katso video (tekstityksen saa p\u00e4\u00e4lle [cc]-painikkeesta). Voit kopioida jo aiemmin tehdyn toteutussuunnitelman uuden toteutussuunnitelman pohjaksi. Toteutussuunnitelman kopiointi kopioi vain toteutussuunnitelman. Valitse Toteutussuunnitelma n\u00e4kym\u00e4ss\u00e4 Toteutuksen perustiedot Valitse Kopioi toteutussuunnitelma Valitse avautuvassa ikkunassa &#8211; Kopioi sis\u00e4lt\u00f6 toiselta toteutukselta &#8211; haluamasi toteutus ja &hellip; <a href=\"https:\/\/blogi.eoppimispalvelut.fi\/peppi-ohjeet\/opetus_ohjaus\/omat-toteutukset\/toteutuksen-kopiointi\/\">Continue reading <span class=\"meta-nav\">&rarr;<\/span><\/a><\/p>\n","protected":false},"author":4339,"featured_media":0,"parent":233,"menu_order":0,"comment_status":"closed","ping_status":"closed","template":"","meta":{"_monsterinsights_skip_tracking":false,"_monsterinsights_sitenote_active":false,"_monsterinsights_sitenote_note":"","_monsterinsights_sitenote_category":0,"footnotes":""},"class_list":["post-1335","page","type-page","status-publish","hentry"],"_links":{"self":[{"href":"https:\/\/blogi.eoppimispalvelut.fi\/peppi-ohjeet\/wp-json\/wp\/v2\/pages\/1335","targetHints":{"allow":["GET"]}}],"collection":[{"href":"https:\/\/blogi.eoppimispalvelut.fi\/peppi-ohjeet\/wp-json\/wp\/v2\/pages"}],"about":[{"href":"https:\/\/blogi.eoppimispalvelut.fi\/peppi-ohjeet\/wp-json\/wp\/v2\/types\/page"}],"author":[{"embeddable":true,"href":"https:\/\/blogi.eoppimispalvelut.fi\/peppi-ohjeet\/wp-json\/wp\/v2\/users\/4339"}],"replies":[{"embeddable":true,"href":"https:\/\/blogi.eoppimispalvelut.fi\/peppi-ohjeet\/wp-json\/wp\/v2\/comments?post=1335"}],"version-history":[{"count":6,"href":"https:\/\/blogi.eoppimispalvelut.fi\/peppi-ohjeet\/wp-json\/wp\/v2\/pages\/1335\/revisions"}],"predecessor-version":[{"id":6848,"href":"https:\/\/blogi.eoppimispalvelut.fi\/peppi-ohjeet\/wp-json\/wp\/v2\/pages\/1335\/revisions\/6848"}],"up":[{"embeddable":true,"href":"https:\/\/blogi.eoppimispalvelut.fi\/peppi-ohjeet\/wp-json\/wp\/v2\/pages\/233"}],"wp:attachment":[{"href":"https:\/\/blogi.eoppimispalvelut.fi\/peppi-ohjeet\/wp-json\/wp\/v2\/media?parent=1335"}],"curies":[{"name":"wp","href":"https:\/\/api.w.org\/{rel}","templated":true}]}}