{"id":1350,"date":"2020-03-26T10:33:15","date_gmt":"2020-03-26T08:33:15","guid":{"rendered":"https:\/\/blogi.eoppimispalvelut.fi\/peppi-ohjeet\/?page_id=1350"},"modified":"2024-08-12T15:40:06","modified_gmt":"2024-08-12T12:40:06","slug":"ryhmien-ohjaus","status":"publish","type":"page","link":"https:\/\/blogi.eoppimispalvelut.fi\/peppi-ohjeet\/opetus_ohjaus\/hops-ohjaus\/ryhmien-ohjaus\/","title":{"rendered":"Ryhmien ohjaus"},"content":{"rendered":"<p>Ryhmien ohjauksesta vastaavat opinto-ohjaajat.<\/p>\n<p>Jokaisella ohjausty\u00f6t\u00e4 tekev\u00e4ll\u00e4 on my\u00f6s mahdollisuus perustaa omia henkil\u00f6kohtaisia ohjausryhmi\u00e4.<\/p>\n<p>SIS\u00c4LT\u00d6:<\/p>\n<ul>\n<li><a href=\"https:\/\/blogi.eoppimispalvelut.fi\/peppi-ohjeet\/opetus_ohjaus\/hops-ohjaus\/ryhmien-ohjaus\/ryhman-opiskelijat\/\" target=\"_blank\" rel=\"noopener\">Ryhm\u00e4n opiskelijat<\/a><\/li>\n<li><a href=\"https:\/\/blogi.eoppimispalvelut.fi\/peppi-ohjeet\/opetus_ohjaus\/hops-ohjaus\/ryhmien-ohjaus\/tapahtumat\/\" target=\"_blank\" rel=\"noopener\">Tapahtumat<\/a><\/li>\n<li><a href=\"https:\/\/blogi.eoppimispalvelut.fi\/peppi-ohjeet\/opetus_ohjaus\/hops-ohjaus\/ryhmien-ohjaus\/tehtavat\/\" target=\"_blank\" rel=\"noopener\">Teht\u00e4v\u00e4t (viestit)<\/a><\/li>\n<li><a href=\"https:\/\/blogi.eoppimispalvelut.fi\/peppi-ohjeet\/opetus_ohjaus\/hops-ohjaus\/ryhmien-ohjaus\/ryhmien-kuvaus\/\" target=\"_blank\" rel=\"noopener\">Ryhm\u00e4n kuvaus<\/a><\/li>\n<li><a href=\"https:\/\/blogi.eoppimispalvelut.fi\/peppi-ohjeet\/opetus_ohjaus\/hops-ohjaus\/ryhmien-ohjaus\/ryhman-opintojen-seuranta\/\" target=\"_blank\" rel=\"noopener\">Ryhm\u00e4n opintojen seuranta<\/a><\/li>\n<li><a href=\"https:\/\/blogi.eoppimispalvelut.fi\/peppi-ohjeet\/opetus_ohjaus\/hops-ohjaus\/ryhmien-ohjaus\/opintojen-lisaaminen-hopsiin\/\" target=\"_blank\" rel=\"noopener\">Opintojen lis\u00e4\u00e4minen HOPSiin<\/a><\/li>\n<li><a href=\"https:\/\/blogi.eoppimispalvelut.fi\/peppi-ohjeet\/opetus_ohjaus\/hops-ohjaus\/ryhmien-ohjaus\/oman-ohjausryhman-luominen\/\" target=\"_blank\" rel=\"noopener\">Oman ohjausryhm\u00e4n luominen<\/a><\/li>\n<\/ul>\n<p>&nbsp;<\/p>\n<hr \/>\n<p>Takaisin <a href=\"https:\/\/blogi.eoppimispalvelut.fi\/peppi-ohjeet\/opetus_ohjaus\/\">Opetus ja ohjaus -sivulle<\/a><\/p>\n","protected":false},"excerpt":{"rendered":"<p>Ryhmien ohjauksesta vastaavat opinto-ohjaajat. Jokaisella ohjausty\u00f6t\u00e4 tekev\u00e4ll\u00e4 on my\u00f6s mahdollisuus perustaa omia henkil\u00f6kohtaisia ohjausryhmi\u00e4. SIS\u00c4LT\u00d6: Ryhm\u00e4n opiskelijat Tapahtumat Teht\u00e4v\u00e4t (viestit) Ryhm\u00e4n kuvaus Ryhm\u00e4n opintojen seuranta Opintojen lis\u00e4\u00e4minen HOPSiin Oman ohjausryhm\u00e4n luominen &nbsp; Takaisin Opetus ja ohjaus -sivulle<\/p>\n","protected":false},"author":4339,"featured_media":0,"parent":1203,"menu_order":0,"comment_status":"closed","ping_status":"closed","template":"","meta":{"_monsterinsights_skip_tracking":false,"_monsterinsights_sitenote_active":false,"_monsterinsights_sitenote_note":"","_monsterinsights_sitenote_category":0,"footnotes":""},"class_list":["post-1350","page","type-page","status-publish","hentry"],"_links":{"self":[{"href":"https:\/\/blogi.eoppimispalvelut.fi\/peppi-ohjeet\/wp-json\/wp\/v2\/pages\/1350","targetHints":{"allow":["GET"]}}],"collection":[{"href":"https:\/\/blogi.eoppimispalvelut.fi\/peppi-ohjeet\/wp-json\/wp\/v2\/pages"}],"about":[{"href":"https:\/\/blogi.eoppimispalvelut.fi\/peppi-ohjeet\/wp-json\/wp\/v2\/types\/page"}],"author":[{"embeddable":true,"href":"https:\/\/blogi.eoppimispalvelut.fi\/peppi-ohjeet\/wp-json\/wp\/v2\/users\/4339"}],"replies":[{"embeddable":true,"href":"https:\/\/blogi.eoppimispalvelut.fi\/peppi-ohjeet\/wp-json\/wp\/v2\/comments?post=1350"}],"version-history":[{"count":11,"href":"https:\/\/blogi.eoppimispalvelut.fi\/peppi-ohjeet\/wp-json\/wp\/v2\/pages\/1350\/revisions"}],"predecessor-version":[{"id":6993,"href":"https:\/\/blogi.eoppimispalvelut.fi\/peppi-ohjeet\/wp-json\/wp\/v2\/pages\/1350\/revisions\/6993"}],"up":[{"embeddable":true,"href":"https:\/\/blogi.eoppimispalvelut.fi\/peppi-ohjeet\/wp-json\/wp\/v2\/pages\/1203"}],"wp:attachment":[{"href":"https:\/\/blogi.eoppimispalvelut.fi\/peppi-ohjeet\/wp-json\/wp\/v2\/media?parent=1350"}],"curies":[{"name":"wp","href":"https:\/\/api.w.org\/{rel}","templated":true}]}}