{"id":1357,"date":"2020-03-26T11:18:33","date_gmt":"2020-03-26T09:18:33","guid":{"rendered":"https:\/\/blogi.eoppimispalvelut.fi\/peppi-ohjeet\/?page_id=1357"},"modified":"2024-08-13T15:25:15","modified_gmt":"2024-08-13T12:25:15","slug":"tapahtumat","status":"publish","type":"page","link":"https:\/\/blogi.eoppimispalvelut.fi\/peppi-ohjeet\/opetus_ohjaus\/hops-ohjaus\/ryhmien-ohjaus\/tapahtumat\/","title":{"rendered":"Tapahtumat"},"content":{"rendered":"<p>Katso <a href=\"https:\/\/youtu.be\/geFu3jolPMI\" target=\"_blank\" rel=\"noopener noreferrer\">video<\/a> (tekstityksen saa p\u00e4\u00e4lle [cc]-painikkeesta).<\/p>\n<p>Tapahtumat-v\u00e4lilehdell\u00e4 ohjaaja n\u00e4kee listan viesteist\u00e4 h\u00e4nen ja opiskelijoiden v\u00e4lill\u00e4.<\/p>\n<div id=\"attachment_7010\" style=\"width: 594px\" class=\"wp-caption alignnone\"><a href=\"https:\/\/blogi.eoppimispalvelut.fi\/peppi-ohjeet\/files\/2024\/08\/Tapahtumat-valilehti.png\" rel=\"attachment wp-att-1429\"><img loading=\"lazy\" decoding=\"async\" aria-describedby=\"caption-attachment-7010\" class=\"wp-image-7010 size-large\" src=\"https:\/\/blogi.eoppimispalvelut.fi\/peppi-ohjeet\/files\/2024\/08\/Tapahtumat-valilehti-1280x475.png\" alt=\"Tapahtumat-v\u00e4lilehti\" width=\"584\" height=\"217\" srcset=\"https:\/\/blogi.eoppimispalvelut.fi\/peppi-ohjeet\/files\/2024\/08\/Tapahtumat-valilehti-1280x475.png 1280w, https:\/\/blogi.eoppimispalvelut.fi\/peppi-ohjeet\/files\/2024\/08\/Tapahtumat-valilehti-600x223.png 600w, https:\/\/blogi.eoppimispalvelut.fi\/peppi-ohjeet\/files\/2024\/08\/Tapahtumat-valilehti-768x285.png 768w, https:\/\/blogi.eoppimispalvelut.fi\/peppi-ohjeet\/files\/2024\/08\/Tapahtumat-valilehti-1536x570.png 1536w, https:\/\/blogi.eoppimispalvelut.fi\/peppi-ohjeet\/files\/2024\/08\/Tapahtumat-valilehti-2048x761.png 2048w, https:\/\/blogi.eoppimispalvelut.fi\/peppi-ohjeet\/files\/2024\/08\/Tapahtumat-valilehti-500x186.png 500w\" sizes=\"auto, (max-width: 584px) 100vw, 584px\" \/><\/a><p id=\"caption-attachment-7010\" class=\"wp-caption-text\">Klikkaa kuvaa suuremmaksi<\/p><\/div>\n<p>Opiskelija voi l\u00e4hett\u00e4\u00e4 viestin hopsin kommentoinnista, hyv\u00e4ksymisest\u00e4 tai HOPSin opintojaksomerkinn\u00f6ist\u00e4. Ohjaajana voit l\u00e4hett\u00e4\u00e4 HOPSiin liittyv\u00e4n teht\u00e4v\u00e4n viestin\u00e4, johon opiskelija voi vastata.<\/p>\n<p>Mik\u00e4li opiskelija on pyyt\u00e4nyt jo aikaisemmin hyv\u00e4ksytyn HOPSin uudelleen hyv\u00e4ksynt\u00e4\u00e4 voit hyv\u00e4ksy\u00e4 rastittamalla valintaruudun ja klikkaamalla Hyv\u00e4ksy valitut HOPSit -painiketta.<\/p>\n<p>T\u00e4ss\u00e4 n\u00e4kym\u00e4ss\u00e4 saat tarkempaan katseluun linkist\u00e4 vain viestit ja HOPSin. Huomaa HOPSin versionumero. Klikkaamalla HOPSia esille tulee ko. versionumeron mukainen HOPS.<\/p>\n<p>Voit vastata opiskelijan viestiin klikkaamalla viestin otsikkoa. Laitathan viestiisi allekirjoituksen. Viestit menev\u00e4t my\u00f6s opiskelijan s\u00e4hk\u00f6postiin. S\u00e4hk\u00f6postiviestiin ei tule n\u00e4kyviin l\u00e4hett\u00e4j\u00e4n tietoja, Pepiss\u00e4 l\u00e4hett\u00e4j\u00e4n tiedot ovat n\u00e4kyvill\u00e4.\u00a0 Allekirjoitus on siis t\u00e4rke\u00e4, jotta opiskelija saa tiedon, kenelt\u00e4 viesti s\u00e4hk\u00f6postiin on tullut.<\/p>\n<p>&nbsp;<\/p>\n<hr \/>\n<p>Takaisin\u00a0<a href=\"https:\/\/blogi.eoppimispalvelut.fi\/peppi-ohjeet\/opetus_ohjaus\/\">Opetus ja ohjaus -sivulle<\/a><\/p>\n","protected":false},"excerpt":{"rendered":"<p>Katso video (tekstityksen saa p\u00e4\u00e4lle [cc]-painikkeesta). Tapahtumat-v\u00e4lilehdell\u00e4 ohjaaja n\u00e4kee listan viesteist\u00e4 h\u00e4nen ja opiskelijoiden v\u00e4lill\u00e4. Opiskelija voi l\u00e4hett\u00e4\u00e4 viestin hopsin kommentoinnista, hyv\u00e4ksymisest\u00e4 tai HOPSin opintojaksomerkinn\u00f6ist\u00e4. Ohjaajana voit l\u00e4hett\u00e4\u00e4 HOPSiin liittyv\u00e4n teht\u00e4v\u00e4n viestin\u00e4, johon opiskelija voi vastata. Mik\u00e4li opiskelija on pyyt\u00e4nyt &hellip; <a href=\"https:\/\/blogi.eoppimispalvelut.fi\/peppi-ohjeet\/opetus_ohjaus\/hops-ohjaus\/ryhmien-ohjaus\/tapahtumat\/\">Continue reading <span class=\"meta-nav\">&rarr;<\/span><\/a><\/p>\n","protected":false},"author":4339,"featured_media":0,"parent":1350,"menu_order":0,"comment_status":"closed","ping_status":"closed","template":"","meta":{"_monsterinsights_skip_tracking":false,"_monsterinsights_sitenote_active":false,"_monsterinsights_sitenote_note":"","_monsterinsights_sitenote_category":0,"footnotes":""},"class_list":["post-1357","page","type-page","status-publish","hentry"],"_links":{"self":[{"href":"https:\/\/blogi.eoppimispalvelut.fi\/peppi-ohjeet\/wp-json\/wp\/v2\/pages\/1357","targetHints":{"allow":["GET"]}}],"collection":[{"href":"https:\/\/blogi.eoppimispalvelut.fi\/peppi-ohjeet\/wp-json\/wp\/v2\/pages"}],"about":[{"href":"https:\/\/blogi.eoppimispalvelut.fi\/peppi-ohjeet\/wp-json\/wp\/v2\/types\/page"}],"author":[{"embeddable":true,"href":"https:\/\/blogi.eoppimispalvelut.fi\/peppi-ohjeet\/wp-json\/wp\/v2\/users\/4339"}],"replies":[{"embeddable":true,"href":"https:\/\/blogi.eoppimispalvelut.fi\/peppi-ohjeet\/wp-json\/wp\/v2\/comments?post=1357"}],"version-history":[{"count":12,"href":"https:\/\/blogi.eoppimispalvelut.fi\/peppi-ohjeet\/wp-json\/wp\/v2\/pages\/1357\/revisions"}],"predecessor-version":[{"id":7011,"href":"https:\/\/blogi.eoppimispalvelut.fi\/peppi-ohjeet\/wp-json\/wp\/v2\/pages\/1357\/revisions\/7011"}],"up":[{"embeddable":true,"href":"https:\/\/blogi.eoppimispalvelut.fi\/peppi-ohjeet\/wp-json\/wp\/v2\/pages\/1350"}],"wp:attachment":[{"href":"https:\/\/blogi.eoppimispalvelut.fi\/peppi-ohjeet\/wp-json\/wp\/v2\/media?parent=1357"}],"curies":[{"name":"wp","href":"https:\/\/api.w.org\/{rel}","templated":true}]}}