{"id":1359,"date":"2020-03-26T11:20:37","date_gmt":"2020-03-26T09:20:37","guid":{"rendered":"https:\/\/blogi.eoppimispalvelut.fi\/peppi-ohjeet\/?page_id=1359"},"modified":"2024-08-20T15:33:40","modified_gmt":"2024-08-20T12:33:40","slug":"oman-ohjausryhman-luominen","status":"publish","type":"page","link":"https:\/\/blogi.eoppimispalvelut.fi\/peppi-ohjeet\/opetus_ohjaus\/hops-ohjaus\/ryhmien-ohjaus\/oman-ohjausryhman-luominen\/","title":{"rendered":"Oman ohjausryhm\u00e4n luominen"},"content":{"rendered":"<p>Katso <a href=\"https:\/\/youtu.be\/DF27gPoeVlk\" target=\"_blank\" rel=\"noopener\">video<\/a> (tekstityksen saa p\u00e4\u00e4lle [cc]-painikkeesta).<\/p>\n<p>Voit tarvittaessa luoda omia ohjausryhmi\u00e4 tarpeen mukaan.<\/p>\n<div id=\"attachment_7030\" style=\"width: 594px\" class=\"wp-caption alignnone\"><a href=\"https:\/\/blogi.eoppimispalvelut.fi\/peppi-ohjeet\/files\/2024\/08\/Oman-HOPS-ryhman-lisaaminen.png\" rel=\"attachment wp-att-1403\"><img loading=\"lazy\" decoding=\"async\" aria-describedby=\"caption-attachment-7030\" class=\"wp-image-7030 size-large\" src=\"https:\/\/blogi.eoppimispalvelut.fi\/peppi-ohjeet\/files\/2024\/08\/Oman-HOPS-ryhman-lisaaminen-1280x755.png\" alt=\"Oman ohjausryhm\u00e4n lis\u00e4\u00e4minen\" width=\"584\" height=\"344\" srcset=\"https:\/\/blogi.eoppimispalvelut.fi\/peppi-ohjeet\/files\/2024\/08\/Oman-HOPS-ryhman-lisaaminen-1280x755.png 1280w, https:\/\/blogi.eoppimispalvelut.fi\/peppi-ohjeet\/files\/2024\/08\/Oman-HOPS-ryhman-lisaaminen-600x354.png 600w, https:\/\/blogi.eoppimispalvelut.fi\/peppi-ohjeet\/files\/2024\/08\/Oman-HOPS-ryhman-lisaaminen-768x453.png 768w, https:\/\/blogi.eoppimispalvelut.fi\/peppi-ohjeet\/files\/2024\/08\/Oman-HOPS-ryhman-lisaaminen-1536x906.png 1536w, https:\/\/blogi.eoppimispalvelut.fi\/peppi-ohjeet\/files\/2024\/08\/Oman-HOPS-ryhman-lisaaminen-2048x1208.png 2048w, https:\/\/blogi.eoppimispalvelut.fi\/peppi-ohjeet\/files\/2024\/08\/Oman-HOPS-ryhman-lisaaminen-500x295.png 500w\" sizes=\"auto, (max-width: 584px) 100vw, 584px\" \/><\/a><p id=\"caption-attachment-7030\" class=\"wp-caption-text\">Klikkaa kuvaa suuremmaksi<\/p><\/div>\n<ol>\n<li>Valitse &#8220;Lis\u00e4\u00e4 oma ryhm\u00e4&#8221;<\/li>\n<li>T\u00e4ydenn\u00e4 avautuvassa ikkunassa ryhm\u00e4n tiedot; nimi ja koodi<\/li>\n<li>Valitse Tallenna<\/li>\n<\/ol>\n<p>Lis\u00e4\u00e4 ryhm\u00e4\u00e4n haluamasi opiskelijat.<\/p>\n<div id=\"attachment_7031\" style=\"width: 594px\" class=\"wp-caption alignnone\"><a href=\"https:\/\/blogi.eoppimispalvelut.fi\/peppi-ohjeet\/files\/2024\/08\/Oman-ohjausryhman-opiskelijat.png\" rel=\"attachment wp-att-1405\"><img loading=\"lazy\" decoding=\"async\" aria-describedby=\"caption-attachment-7031\" class=\"wp-image-7031 size-large\" src=\"https:\/\/blogi.eoppimispalvelut.fi\/peppi-ohjeet\/files\/2024\/08\/Oman-ohjausryhman-opiskelijat-1280x437.png\" alt=\"Oman ohjausryhm\u00e4n opiskelijat\" width=\"584\" height=\"199\" srcset=\"https:\/\/blogi.eoppimispalvelut.fi\/peppi-ohjeet\/files\/2024\/08\/Oman-ohjausryhman-opiskelijat-1280x437.png 1280w, https:\/\/blogi.eoppimispalvelut.fi\/peppi-ohjeet\/files\/2024\/08\/Oman-ohjausryhman-opiskelijat-600x205.png 600w, https:\/\/blogi.eoppimispalvelut.fi\/peppi-ohjeet\/files\/2024\/08\/Oman-ohjausryhman-opiskelijat-768x262.png 768w, https:\/\/blogi.eoppimispalvelut.fi\/peppi-ohjeet\/files\/2024\/08\/Oman-ohjausryhman-opiskelijat-1536x524.png 1536w, https:\/\/blogi.eoppimispalvelut.fi\/peppi-ohjeet\/files\/2024\/08\/Oman-ohjausryhman-opiskelijat-2048x699.png 2048w, https:\/\/blogi.eoppimispalvelut.fi\/peppi-ohjeet\/files\/2024\/08\/Oman-ohjausryhman-opiskelijat-500x171.png 500w\" sizes=\"auto, (max-width: 584px) 100vw, 584px\" \/><\/a><p id=\"caption-attachment-7031\" class=\"wp-caption-text\">Klikkaa kuvaa suuremmaksi<\/p><\/div>\n<ol>\n<li>Valitse oma ryhm\u00e4<\/li>\n<li>Valitse Opiskelijat-v\u00e4lilehti ja klikkaa &#8220;Lis\u00e4\u00e4 opiskelijoita&#8221;<\/li>\n<li>Hae lis\u00e4tt\u00e4v\u00e4n opiskelijan tiedot haun kautta<\/li>\n<li>Valitse Tallenna<\/li>\n<\/ol>\n<p>&nbsp;<\/p>\n<hr \/>\n<p>Takaisin\u00a0<a href=\"https:\/\/blogi.eoppimispalvelut.fi\/peppi-ohjeet\/opetus_ohjaus\/\">Opetus ja ohjaus -sivulle<\/a><\/p>\n","protected":false},"excerpt":{"rendered":"<p>Katso video (tekstityksen saa p\u00e4\u00e4lle [cc]-painikkeesta). Voit tarvittaessa luoda omia ohjausryhmi\u00e4 tarpeen mukaan. Valitse &#8220;Lis\u00e4\u00e4 oma ryhm\u00e4&#8221; T\u00e4ydenn\u00e4 avautuvassa ikkunassa ryhm\u00e4n tiedot; nimi ja koodi Valitse Tallenna Lis\u00e4\u00e4 ryhm\u00e4\u00e4n haluamasi opiskelijat. Valitse oma ryhm\u00e4 Valitse Opiskelijat-v\u00e4lilehti ja klikkaa &#8220;Lis\u00e4\u00e4 opiskelijoita&#8221; &hellip; <a href=\"https:\/\/blogi.eoppimispalvelut.fi\/peppi-ohjeet\/opetus_ohjaus\/hops-ohjaus\/ryhmien-ohjaus\/oman-ohjausryhman-luominen\/\">Continue reading <span class=\"meta-nav\">&rarr;<\/span><\/a><\/p>\n","protected":false},"author":4339,"featured_media":0,"parent":1350,"menu_order":0,"comment_status":"closed","ping_status":"closed","template":"","meta":{"_monsterinsights_skip_tracking":false,"_monsterinsights_sitenote_active":false,"_monsterinsights_sitenote_note":"","_monsterinsights_sitenote_category":0,"footnotes":""},"class_list":["post-1359","page","type-page","status-publish","hentry"],"_links":{"self":[{"href":"https:\/\/blogi.eoppimispalvelut.fi\/peppi-ohjeet\/wp-json\/wp\/v2\/pages\/1359","targetHints":{"allow":["GET"]}}],"collection":[{"href":"https:\/\/blogi.eoppimispalvelut.fi\/peppi-ohjeet\/wp-json\/wp\/v2\/pages"}],"about":[{"href":"https:\/\/blogi.eoppimispalvelut.fi\/peppi-ohjeet\/wp-json\/wp\/v2\/types\/page"}],"author":[{"embeddable":true,"href":"https:\/\/blogi.eoppimispalvelut.fi\/peppi-ohjeet\/wp-json\/wp\/v2\/users\/4339"}],"replies":[{"embeddable":true,"href":"https:\/\/blogi.eoppimispalvelut.fi\/peppi-ohjeet\/wp-json\/wp\/v2\/comments?post=1359"}],"version-history":[{"count":9,"href":"https:\/\/blogi.eoppimispalvelut.fi\/peppi-ohjeet\/wp-json\/wp\/v2\/pages\/1359\/revisions"}],"predecessor-version":[{"id":7032,"href":"https:\/\/blogi.eoppimispalvelut.fi\/peppi-ohjeet\/wp-json\/wp\/v2\/pages\/1359\/revisions\/7032"}],"up":[{"embeddable":true,"href":"https:\/\/blogi.eoppimispalvelut.fi\/peppi-ohjeet\/wp-json\/wp\/v2\/pages\/1350"}],"wp:attachment":[{"href":"https:\/\/blogi.eoppimispalvelut.fi\/peppi-ohjeet\/wp-json\/wp\/v2\/media?parent=1359"}],"curies":[{"name":"wp","href":"https:\/\/api.w.org\/{rel}","templated":true}]}}