{"id":1361,"date":"2020-03-26T11:20:58","date_gmt":"2020-03-26T09:20:58","guid":{"rendered":"https:\/\/blogi.eoppimispalvelut.fi\/peppi-ohjeet\/?page_id=1361"},"modified":"2024-08-13T15:34:19","modified_gmt":"2024-08-13T12:34:19","slug":"tehtavat","status":"publish","type":"page","link":"https:\/\/blogi.eoppimispalvelut.fi\/peppi-ohjeet\/opetus_ohjaus\/hops-ohjaus\/ryhmien-ohjaus\/tehtavat\/","title":{"rendered":"Teht\u00e4v\u00e4t (viestit)"},"content":{"rendered":"<p>Katso <a href=\"https:\/\/youtu.be\/VEKP-OGdXhc\" target=\"_blank\" rel=\"noopener\">video<\/a> (tekstityksen saa p\u00e4\u00e4lle [cc]-painikkeesta).<\/p>\n<p>Teht\u00e4v\u00e4t-v\u00e4lilehdell\u00e4 ohjaaja voi l\u00e4hett\u00e4\u00e4 teht\u00e4v\u00e4n viestin\u00e4 yksitt\u00e4iselle opiskelijalle tai koko ohjausryhm\u00e4lle. Viesti menee opiskelijan s\u00e4hk\u00f6postiin ja opiskelijan HOPSiin Viestit-v\u00e4lilehdelle.<\/p>\n<ol>\n<li>Valitse ryhm\u00e4<\/li>\n<li>Valitse Luo teht\u00e4v\u00e4 (viesti yksitt\u00e4iselle opiskelijalle) tai Luo teht\u00e4v\u00e4 ryhm\u00e4lle<\/li>\n<\/ol>\n<div id=\"attachment_7012\" style=\"width: 594px\" class=\"wp-caption alignnone\"><a href=\"https:\/\/blogi.eoppimispalvelut.fi\/peppi-ohjeet\/files\/2024\/08\/Tehtavat.png\" rel=\"attachment wp-att-1412\"><img loading=\"lazy\" decoding=\"async\" aria-describedby=\"caption-attachment-7012\" class=\"wp-image-7012 size-large\" src=\"https:\/\/blogi.eoppimispalvelut.fi\/peppi-ohjeet\/files\/2024\/08\/Tehtavat-1280x438.png\" alt=\"Teht\u00e4v\u00e4t\" width=\"584\" height=\"200\" srcset=\"https:\/\/blogi.eoppimispalvelut.fi\/peppi-ohjeet\/files\/2024\/08\/Tehtavat-1280x438.png 1280w, https:\/\/blogi.eoppimispalvelut.fi\/peppi-ohjeet\/files\/2024\/08\/Tehtavat-600x205.png 600w, https:\/\/blogi.eoppimispalvelut.fi\/peppi-ohjeet\/files\/2024\/08\/Tehtavat-768x263.png 768w, https:\/\/blogi.eoppimispalvelut.fi\/peppi-ohjeet\/files\/2024\/08\/Tehtavat-1536x526.png 1536w, https:\/\/blogi.eoppimispalvelut.fi\/peppi-ohjeet\/files\/2024\/08\/Tehtavat-2048x701.png 2048w, https:\/\/blogi.eoppimispalvelut.fi\/peppi-ohjeet\/files\/2024\/08\/Tehtavat-500x171.png 500w\" sizes=\"auto, (max-width: 584px) 100vw, 584px\" \/><\/a><p id=\"caption-attachment-7012\" class=\"wp-caption-text\">Klikkaa kuvaa suuremmaksi<\/p><\/div>\n<p>&nbsp;<\/p>\n<p><strong>Teht\u00e4v\u00e4n (viestin) luominen ryhm\u00e4lle<\/strong><\/p>\n<ol>\n<li>Valitse &#8220;Luo teht\u00e4v\u00e4 ryhm\u00e4lle&#8221;<\/li>\n<li>Lis\u00e4\u00e4 avautuvassa ikkunassa teht\u00e4v\u00e4n aihe sek\u00e4 teht\u00e4v\u00e4n kuvaus tekstikentt\u00e4\u00e4n<\/li>\n<li>Valitse &#8220;L\u00e4het\u00e4&#8221;<\/li>\n<\/ol>\n<p><strong>Teht\u00e4v\u00e4n (viestin) l\u00e4hett\u00e4minen yksitt\u00e4iselle opiskelijalle<\/strong><\/p>\n<ol>\n<li>Valitse &#8220;Luo teht\u00e4v\u00e4&#8221;<\/li>\n<li>Lis\u00e4\u00e4 avautuvassa ikkunassa teht\u00e4v\u00e4n aihe sek\u00e4 teht\u00e4v\u00e4n kuvaus tekstikentt\u00e4\u00e4n<\/li>\n<li>Lis\u00e4\u00e4 opiskelija(t) listasta valitsemalla tai kirjoittamalla vastaanottajan nimi<\/li>\n<li>Valitse &#8220;L\u00e4het\u00e4&#8221;<\/li>\n<\/ol>\n<p>&nbsp;<\/p>\n<hr \/>\n<p>Takaisin\u00a0<a href=\"https:\/\/blogi.eoppimispalvelut.fi\/peppi-ohjeet\/opetus_ohjaus\/\">Opetus ja ohjaus -sivulle<\/a><\/p>\n","protected":false},"excerpt":{"rendered":"<p>Katso video (tekstityksen saa p\u00e4\u00e4lle [cc]-painikkeesta). Teht\u00e4v\u00e4t-v\u00e4lilehdell\u00e4 ohjaaja voi l\u00e4hett\u00e4\u00e4 teht\u00e4v\u00e4n viestin\u00e4 yksitt\u00e4iselle opiskelijalle tai koko ohjausryhm\u00e4lle. Viesti menee opiskelijan s\u00e4hk\u00f6postiin ja opiskelijan HOPSiin Viestit-v\u00e4lilehdelle. Valitse ryhm\u00e4 Valitse Luo teht\u00e4v\u00e4 (viesti yksitt\u00e4iselle opiskelijalle) tai Luo teht\u00e4v\u00e4 ryhm\u00e4lle &nbsp; Teht\u00e4v\u00e4n (viestin) &hellip; <a href=\"https:\/\/blogi.eoppimispalvelut.fi\/peppi-ohjeet\/opetus_ohjaus\/hops-ohjaus\/ryhmien-ohjaus\/tehtavat\/\">Continue reading <span class=\"meta-nav\">&rarr;<\/span><\/a><\/p>\n","protected":false},"author":4339,"featured_media":0,"parent":1350,"menu_order":0,"comment_status":"closed","ping_status":"closed","template":"","meta":{"_monsterinsights_skip_tracking":false,"_monsterinsights_sitenote_active":false,"_monsterinsights_sitenote_note":"","_monsterinsights_sitenote_category":0,"footnotes":""},"class_list":["post-1361","page","type-page","status-publish","hentry"],"_links":{"self":[{"href":"https:\/\/blogi.eoppimispalvelut.fi\/peppi-ohjeet\/wp-json\/wp\/v2\/pages\/1361","targetHints":{"allow":["GET"]}}],"collection":[{"href":"https:\/\/blogi.eoppimispalvelut.fi\/peppi-ohjeet\/wp-json\/wp\/v2\/pages"}],"about":[{"href":"https:\/\/blogi.eoppimispalvelut.fi\/peppi-ohjeet\/wp-json\/wp\/v2\/types\/page"}],"author":[{"embeddable":true,"href":"https:\/\/blogi.eoppimispalvelut.fi\/peppi-ohjeet\/wp-json\/wp\/v2\/users\/4339"}],"replies":[{"embeddable":true,"href":"https:\/\/blogi.eoppimispalvelut.fi\/peppi-ohjeet\/wp-json\/wp\/v2\/comments?post=1361"}],"version-history":[{"count":11,"href":"https:\/\/blogi.eoppimispalvelut.fi\/peppi-ohjeet\/wp-json\/wp\/v2\/pages\/1361\/revisions"}],"predecessor-version":[{"id":7013,"href":"https:\/\/blogi.eoppimispalvelut.fi\/peppi-ohjeet\/wp-json\/wp\/v2\/pages\/1361\/revisions\/7013"}],"up":[{"embeddable":true,"href":"https:\/\/blogi.eoppimispalvelut.fi\/peppi-ohjeet\/wp-json\/wp\/v2\/pages\/1350"}],"wp:attachment":[{"href":"https:\/\/blogi.eoppimispalvelut.fi\/peppi-ohjeet\/wp-json\/wp\/v2\/media?parent=1361"}],"curies":[{"name":"wp","href":"https:\/\/api.w.org\/{rel}","templated":true}]}}