{"id":1363,"date":"2020-03-26T11:21:45","date_gmt":"2020-03-26T09:21:45","guid":{"rendered":"https:\/\/blogi.eoppimispalvelut.fi\/peppi-ohjeet\/?page_id=1363"},"modified":"2024-08-13T15:44:09","modified_gmt":"2024-08-13T12:44:09","slug":"ryhmien-kuvaus","status":"publish","type":"page","link":"https:\/\/blogi.eoppimispalvelut.fi\/peppi-ohjeet\/opetus_ohjaus\/hops-ohjaus\/ryhmien-ohjaus\/ryhmien-kuvaus\/","title":{"rendered":"Ryhm\u00e4n kuvaus"},"content":{"rendered":"<p>Katso <a href=\"https:\/\/youtu.be\/cFhDBmA-55o\" target=\"_blank\" rel=\"noopener noreferrer\">video<\/a> (tekstityksen saa p\u00e4\u00e4lle [cc]-painikkeesta).<\/p>\n<p>Ryhm\u00e4n kuvaus-v\u00e4lilehdell\u00e4 ohjaaja voi kuvata ryhm\u00e4ns\u00e4 toiminnan, ty\u00f6skentelytavat ja kokoontumiset.<\/p>\n<p>&nbsp;<\/p>\n<p><strong>Ryhm\u00e4n kuvaus &#8211; Ohjattava ryhm\u00e4<\/strong><\/p>\n<ol>\n<li>Valitse ryhm\u00e4<\/li>\n<li>Valitse Ryhm\u00e4n kuvaus -v\u00e4lilehti ja &#8220;Muokkaa&#8221;<\/li>\n<li>T\u00e4ydenn\u00e4 kuvaustiedot avautuvassa ikkunassa. Voit my\u00f6s\u00a0kirjata ryhm\u00e4n ty\u00f6skentelyyn liittyvi\u00e4 omia merkint\u00f6j\u00e4, joita ei n\u00e4ytet\u00e4 opiskelijoille.<\/li>\n<li>Valitse Tallenna<\/li>\n<\/ol>\n<div id=\"attachment_7014\" style=\"width: 594px\" class=\"wp-caption alignnone\"><a href=\"https:\/\/blogi.eoppimispalvelut.fi\/peppi-ohjeet\/files\/2024\/08\/Ryhman-kuvaus-HOPS-ryhmat.png\" rel=\"attachment wp-att-1431\"><img loading=\"lazy\" decoding=\"async\" aria-describedby=\"caption-attachment-7014\" class=\"wp-image-7014 size-large\" src=\"https:\/\/blogi.eoppimispalvelut.fi\/peppi-ohjeet\/files\/2024\/08\/Ryhman-kuvaus-HOPS-ryhmat-1280x447.png\" alt=\"Ryhm\u00e4n kuvaus, HOPS-ryhm\u00e4t\" width=\"584\" height=\"204\" srcset=\"https:\/\/blogi.eoppimispalvelut.fi\/peppi-ohjeet\/files\/2024\/08\/Ryhman-kuvaus-HOPS-ryhmat-1280x447.png 1280w, https:\/\/blogi.eoppimispalvelut.fi\/peppi-ohjeet\/files\/2024\/08\/Ryhman-kuvaus-HOPS-ryhmat-600x210.png 600w, https:\/\/blogi.eoppimispalvelut.fi\/peppi-ohjeet\/files\/2024\/08\/Ryhman-kuvaus-HOPS-ryhmat-768x268.png 768w, https:\/\/blogi.eoppimispalvelut.fi\/peppi-ohjeet\/files\/2024\/08\/Ryhman-kuvaus-HOPS-ryhmat-1536x537.png 1536w, https:\/\/blogi.eoppimispalvelut.fi\/peppi-ohjeet\/files\/2024\/08\/Ryhman-kuvaus-HOPS-ryhmat-2048x716.png 2048w, https:\/\/blogi.eoppimispalvelut.fi\/peppi-ohjeet\/files\/2024\/08\/Ryhman-kuvaus-HOPS-ryhmat-500x175.png 500w\" sizes=\"auto, (max-width: 584px) 100vw, 584px\" \/><\/a><p id=\"caption-attachment-7014\" class=\"wp-caption-text\">Klikkaa kuvaa suuremmaksi<\/p><\/div>\n<p>&nbsp;<\/p>\n<p><strong>Ryhm\u00e4n kuvaus &#8211; Omat ryhm\u00e4t<\/strong><\/p>\n<div id=\"attachment_7017\" style=\"width: 594px\" class=\"wp-caption alignnone\"><a href=\"https:\/\/blogi.eoppimispalvelut.fi\/peppi-ohjeet\/files\/2024\/08\/Ryhman-kuvaus.png\"><img loading=\"lazy\" decoding=\"async\" aria-describedby=\"caption-attachment-7017\" class=\"size-large wp-image-7017\" src=\"https:\/\/blogi.eoppimispalvelut.fi\/peppi-ohjeet\/files\/2024\/08\/Ryhman-kuvaus-1280x447.png\" alt=\"Ryhm\u00e4n kuvaus, omat ryhm\u00e4t\" width=\"584\" height=\"204\" srcset=\"https:\/\/blogi.eoppimispalvelut.fi\/peppi-ohjeet\/files\/2024\/08\/Ryhman-kuvaus-1280x447.png 1280w, https:\/\/blogi.eoppimispalvelut.fi\/peppi-ohjeet\/files\/2024\/08\/Ryhman-kuvaus-600x209.png 600w, https:\/\/blogi.eoppimispalvelut.fi\/peppi-ohjeet\/files\/2024\/08\/Ryhman-kuvaus-768x268.png 768w, https:\/\/blogi.eoppimispalvelut.fi\/peppi-ohjeet\/files\/2024\/08\/Ryhman-kuvaus-1536x536.png 1536w, https:\/\/blogi.eoppimispalvelut.fi\/peppi-ohjeet\/files\/2024\/08\/Ryhman-kuvaus-2048x715.png 2048w, https:\/\/blogi.eoppimispalvelut.fi\/peppi-ohjeet\/files\/2024\/08\/Ryhman-kuvaus-500x174.png 500w\" sizes=\"auto, (max-width: 584px) 100vw, 584px\" \/><\/a><p id=\"caption-attachment-7017\" class=\"wp-caption-text\">Klikkaa kuvaa suuremmaksi<\/p><\/div>\n<ol>\n<li>Valitse oma ryhm\u00e4<\/li>\n<li>Valitse Ryhm\u00e4n kuvaus -v\u00e4lilehti ja &#8220;Muokkaa&#8221;<\/li>\n<li>T\u00e4ydenn\u00e4 kuvaustiedot avautuvassa ikkunassa<\/li>\n<li>Valitse Tallenna<\/li>\n<\/ol>\n<p>&nbsp;<\/p>\n<hr \/>\n<p>Takaisin\u00a0<a href=\"https:\/\/blogi.eoppimispalvelut.fi\/peppi-ohjeet\/opetus_ohjaus\/\">Opetus ja ohjaus -sivulle<\/a><\/p>\n","protected":false},"excerpt":{"rendered":"<p>Katso video (tekstityksen saa p\u00e4\u00e4lle [cc]-painikkeesta). Ryhm\u00e4n kuvaus-v\u00e4lilehdell\u00e4 ohjaaja voi kuvata ryhm\u00e4ns\u00e4 toiminnan, ty\u00f6skentelytavat ja kokoontumiset. &nbsp; Ryhm\u00e4n kuvaus &#8211; Ohjattava ryhm\u00e4 Valitse ryhm\u00e4 Valitse Ryhm\u00e4n kuvaus -v\u00e4lilehti ja &#8220;Muokkaa&#8221; T\u00e4ydenn\u00e4 kuvaustiedot avautuvassa ikkunassa. Voit my\u00f6s\u00a0kirjata ryhm\u00e4n ty\u00f6skentelyyn liittyvi\u00e4 omia &hellip; <a href=\"https:\/\/blogi.eoppimispalvelut.fi\/peppi-ohjeet\/opetus_ohjaus\/hops-ohjaus\/ryhmien-ohjaus\/ryhmien-kuvaus\/\">Continue reading <span class=\"meta-nav\">&rarr;<\/span><\/a><\/p>\n","protected":false},"author":4339,"featured_media":0,"parent":1350,"menu_order":0,"comment_status":"closed","ping_status":"closed","template":"","meta":{"_monsterinsights_skip_tracking":false,"_monsterinsights_sitenote_active":false,"_monsterinsights_sitenote_note":"","_monsterinsights_sitenote_category":0,"footnotes":""},"class_list":["post-1363","page","type-page","status-publish","hentry"],"_links":{"self":[{"href":"https:\/\/blogi.eoppimispalvelut.fi\/peppi-ohjeet\/wp-json\/wp\/v2\/pages\/1363","targetHints":{"allow":["GET"]}}],"collection":[{"href":"https:\/\/blogi.eoppimispalvelut.fi\/peppi-ohjeet\/wp-json\/wp\/v2\/pages"}],"about":[{"href":"https:\/\/blogi.eoppimispalvelut.fi\/peppi-ohjeet\/wp-json\/wp\/v2\/types\/page"}],"author":[{"embeddable":true,"href":"https:\/\/blogi.eoppimispalvelut.fi\/peppi-ohjeet\/wp-json\/wp\/v2\/users\/4339"}],"replies":[{"embeddable":true,"href":"https:\/\/blogi.eoppimispalvelut.fi\/peppi-ohjeet\/wp-json\/wp\/v2\/comments?post=1363"}],"version-history":[{"count":12,"href":"https:\/\/blogi.eoppimispalvelut.fi\/peppi-ohjeet\/wp-json\/wp\/v2\/pages\/1363\/revisions"}],"predecessor-version":[{"id":7018,"href":"https:\/\/blogi.eoppimispalvelut.fi\/peppi-ohjeet\/wp-json\/wp\/v2\/pages\/1363\/revisions\/7018"}],"up":[{"embeddable":true,"href":"https:\/\/blogi.eoppimispalvelut.fi\/peppi-ohjeet\/wp-json\/wp\/v2\/pages\/1350"}],"wp:attachment":[{"href":"https:\/\/blogi.eoppimispalvelut.fi\/peppi-ohjeet\/wp-json\/wp\/v2\/media?parent=1363"}],"curies":[{"name":"wp","href":"https:\/\/api.w.org\/{rel}","templated":true}]}}