{"id":1365,"date":"2020-03-26T11:22:06","date_gmt":"2020-03-26T09:22:06","guid":{"rendered":"https:\/\/blogi.eoppimispalvelut.fi\/peppi-ohjeet\/?page_id=1365"},"modified":"2024-08-13T15:51:47","modified_gmt":"2024-08-13T12:51:47","slug":"ryhman-opintojen-seuranta","status":"publish","type":"page","link":"https:\/\/blogi.eoppimispalvelut.fi\/peppi-ohjeet\/opetus_ohjaus\/hops-ohjaus\/ryhmien-ohjaus\/ryhman-opintojen-seuranta\/","title":{"rendered":"Ryhm\u00e4n opintojen seuranta"},"content":{"rendered":"<p>Katso <a href=\"https:\/\/youtu.be\/97s7SN15pNI\" target=\"_blank\" rel=\"noopener\">video<\/a> (tekstityksen saa p\u00e4\u00e4lle [cc]-painikkeesta).<\/p>\n<p>Ohjaaja voi tarkastella ryhm\u00e4kohtaisesti opiskelijoiden opintojen etenemist\u00e4 Seuranta graafina -v\u00e4lilehdell\u00e4. N\u00e4kym\u00e4\u00e4 voi suodattaa ajallisen valinnan ja opintojen etenemisstatukseen liittyvien valintojen mukaan. N\u00e4kym\u00e4 p\u00e4ivittyy valintojen mukaisesti.<\/p>\n<div id=\"attachment_7019\" style=\"width: 594px\" class=\"wp-caption alignnone\"><a href=\"https:\/\/blogi.eoppimispalvelut.fi\/peppi-ohjeet\/files\/2024\/08\/Seuranta-graafina.png\" rel=\"attachment wp-att-1396\"><img loading=\"lazy\" decoding=\"async\" aria-describedby=\"caption-attachment-7019\" class=\"wp-image-7019 size-large\" src=\"https:\/\/blogi.eoppimispalvelut.fi\/peppi-ohjeet\/files\/2024\/08\/Seuranta-graafina-1280x457.png\" alt=\"Seuranta graafina\" width=\"584\" height=\"209\" srcset=\"https:\/\/blogi.eoppimispalvelut.fi\/peppi-ohjeet\/files\/2024\/08\/Seuranta-graafina-1280x457.png 1280w, https:\/\/blogi.eoppimispalvelut.fi\/peppi-ohjeet\/files\/2024\/08\/Seuranta-graafina-600x214.png 600w, https:\/\/blogi.eoppimispalvelut.fi\/peppi-ohjeet\/files\/2024\/08\/Seuranta-graafina-768x274.png 768w, https:\/\/blogi.eoppimispalvelut.fi\/peppi-ohjeet\/files\/2024\/08\/Seuranta-graafina-1536x549.png 1536w, https:\/\/blogi.eoppimispalvelut.fi\/peppi-ohjeet\/files\/2024\/08\/Seuranta-graafina-2048x732.png 2048w, https:\/\/blogi.eoppimispalvelut.fi\/peppi-ohjeet\/files\/2024\/08\/Seuranta-graafina-500x179.png 500w\" sizes=\"auto, (max-width: 584px) 100vw, 584px\" \/><\/a><p id=\"caption-attachment-7019\" class=\"wp-caption-text\">Klikkaa kuvaa suuremmaksi<\/p><\/div>\n<p>Voit tarkastella opiskelijaryhm\u00e4n suorituksia my\u00f6s Ryhm\u00e4n suoritukset -v\u00e4lilehdell\u00e4. Voit tarkastella ryhm\u00e4n opiskelijan tai opiskelijoiden suorituksia valitulla ajanjaksolla opintosuorituksen statuksen mukaisesti eriteltyin\u00e4. Voit my\u00f6s lis\u00e4t\u00e4 tai poistaa raportilla n\u00e4ytett\u00e4vi\u00e4 tietoja Sarakkeet-n\u00e4kym\u00e4st\u00e4.<\/p>\n<div id=\"attachment_7020\" style=\"width: 594px\" class=\"wp-caption alignnone\"><a href=\"https:\/\/blogi.eoppimispalvelut.fi\/peppi-ohjeet\/files\/2024\/08\/Ryhman-suoritukset.png\" rel=\"attachment wp-att-1407\"><img loading=\"lazy\" decoding=\"async\" aria-describedby=\"caption-attachment-7020\" class=\"wp-image-7020 size-large\" src=\"https:\/\/blogi.eoppimispalvelut.fi\/peppi-ohjeet\/files\/2024\/08\/Ryhman-suoritukset-1280x511.png\" alt=\"Ryhm\u00e4n suoritukset\" width=\"584\" height=\"233\" srcset=\"https:\/\/blogi.eoppimispalvelut.fi\/peppi-ohjeet\/files\/2024\/08\/Ryhman-suoritukset-1280x511.png 1280w, https:\/\/blogi.eoppimispalvelut.fi\/peppi-ohjeet\/files\/2024\/08\/Ryhman-suoritukset-600x239.png 600w, https:\/\/blogi.eoppimispalvelut.fi\/peppi-ohjeet\/files\/2024\/08\/Ryhman-suoritukset-768x306.png 768w, https:\/\/blogi.eoppimispalvelut.fi\/peppi-ohjeet\/files\/2024\/08\/Ryhman-suoritukset-1536x613.png 1536w, https:\/\/blogi.eoppimispalvelut.fi\/peppi-ohjeet\/files\/2024\/08\/Ryhman-suoritukset-2048x817.png 2048w, https:\/\/blogi.eoppimispalvelut.fi\/peppi-ohjeet\/files\/2024\/08\/Ryhman-suoritukset-500x200.png 500w\" sizes=\"auto, (max-width: 584px) 100vw, 584px\" \/><\/a><p id=\"caption-attachment-7020\" class=\"wp-caption-text\">Klikkaa kuvaa suuremmaksi<\/p><\/div>\n<ol>\n<li>Valitse ryhm\u00e4<\/li>\n<li>Valitse opiskelijat<\/li>\n<li>Lis\u00e4\u00e4 tarkasteluaika (alkupvm &#8211; loppupvm)<\/li>\n<li>Valitse suorituksen status. Voit my\u00f6s valita useampia.<\/li>\n<li>Valitse Tarkastele suorituksia, mik\u00e4li haluat katsella tuloksia n\u00e4yt\u00f6ll\u00e4. Valitse Lataa Excel-tiedostona, jos halua k\u00e4sitell\u00e4 suorituksia, esimerkiksi suodattaa opintojaksoittain tms.<\/li>\n<\/ol>\n<p>&nbsp;<\/p>\n<hr \/>\n<p>Takaisin <a href=\"https:\/\/blogi.eoppimispalvelut.fi\/peppi-ohjeet\/opetus_ohjaus\/\">Opetus ja ohjaus -sivulle<\/a><\/p>\n","protected":false},"excerpt":{"rendered":"<p>Katso video (tekstityksen saa p\u00e4\u00e4lle [cc]-painikkeesta). Ohjaaja voi tarkastella ryhm\u00e4kohtaisesti opiskelijoiden opintojen etenemist\u00e4 Seuranta graafina -v\u00e4lilehdell\u00e4. N\u00e4kym\u00e4\u00e4 voi suodattaa ajallisen valinnan ja opintojen etenemisstatukseen liittyvien valintojen mukaan. N\u00e4kym\u00e4 p\u00e4ivittyy valintojen mukaisesti. Voit tarkastella opiskelijaryhm\u00e4n suorituksia my\u00f6s Ryhm\u00e4n suoritukset -v\u00e4lilehdell\u00e4. Voit &hellip; <a href=\"https:\/\/blogi.eoppimispalvelut.fi\/peppi-ohjeet\/opetus_ohjaus\/hops-ohjaus\/ryhmien-ohjaus\/ryhman-opintojen-seuranta\/\">Continue reading <span class=\"meta-nav\">&rarr;<\/span><\/a><\/p>\n","protected":false},"author":4339,"featured_media":0,"parent":1350,"menu_order":0,"comment_status":"closed","ping_status":"closed","template":"","meta":{"_monsterinsights_skip_tracking":false,"_monsterinsights_sitenote_active":false,"_monsterinsights_sitenote_note":"","_monsterinsights_sitenote_category":0,"footnotes":""},"class_list":["post-1365","page","type-page","status-publish","hentry"],"_links":{"self":[{"href":"https:\/\/blogi.eoppimispalvelut.fi\/peppi-ohjeet\/wp-json\/wp\/v2\/pages\/1365","targetHints":{"allow":["GET"]}}],"collection":[{"href":"https:\/\/blogi.eoppimispalvelut.fi\/peppi-ohjeet\/wp-json\/wp\/v2\/pages"}],"about":[{"href":"https:\/\/blogi.eoppimispalvelut.fi\/peppi-ohjeet\/wp-json\/wp\/v2\/types\/page"}],"author":[{"embeddable":true,"href":"https:\/\/blogi.eoppimispalvelut.fi\/peppi-ohjeet\/wp-json\/wp\/v2\/users\/4339"}],"replies":[{"embeddable":true,"href":"https:\/\/blogi.eoppimispalvelut.fi\/peppi-ohjeet\/wp-json\/wp\/v2\/comments?post=1365"}],"version-history":[{"count":12,"href":"https:\/\/blogi.eoppimispalvelut.fi\/peppi-ohjeet\/wp-json\/wp\/v2\/pages\/1365\/revisions"}],"predecessor-version":[{"id":7021,"href":"https:\/\/blogi.eoppimispalvelut.fi\/peppi-ohjeet\/wp-json\/wp\/v2\/pages\/1365\/revisions\/7021"}],"up":[{"embeddable":true,"href":"https:\/\/blogi.eoppimispalvelut.fi\/peppi-ohjeet\/wp-json\/wp\/v2\/pages\/1350"}],"wp:attachment":[{"href":"https:\/\/blogi.eoppimispalvelut.fi\/peppi-ohjeet\/wp-json\/wp\/v2\/media?parent=1365"}],"curies":[{"name":"wp","href":"https:\/\/api.w.org\/{rel}","templated":true}]}}