{"id":1419,"date":"2020-03-26T17:55:57","date_gmt":"2020-03-26T15:55:57","guid":{"rendered":"https:\/\/blogi.eoppimispalvelut.fi\/peppi-ohjeet\/?page_id=1419"},"modified":"2024-08-13T15:21:09","modified_gmt":"2024-08-13T12:21:09","slug":"ryhman-opiskelijat","status":"publish","type":"page","link":"https:\/\/blogi.eoppimispalvelut.fi\/peppi-ohjeet\/opetus_ohjaus\/hops-ohjaus\/ryhmien-ohjaus\/ryhman-opiskelijat\/","title":{"rendered":"Ryhm\u00e4n opiskelijat"},"content":{"rendered":"<p>Valitse Opettajan ty\u00f6p\u00f6yd\u00e4n Opiskelijat-valikosta \u201cHOPS-ohjaus\u201d.<\/p>\n<div id=\"attachment_6983\" style=\"width: 594px\" class=\"wp-caption alignnone\"><a href=\"https:\/\/blogi.eoppimispalvelut.fi\/peppi-ohjeet\/files\/2024\/08\/HOPS-ohjaus.png\" rel=\"attachment wp-att-1347\"><img loading=\"lazy\" decoding=\"async\" aria-describedby=\"caption-attachment-6983\" class=\"wp-image-6983 size-large\" src=\"https:\/\/blogi.eoppimispalvelut.fi\/peppi-ohjeet\/files\/2024\/08\/HOPS-ohjaus-1280x349.png\" alt=\"HOPS-ohjaus\" width=\"584\" height=\"159\" srcset=\"https:\/\/blogi.eoppimispalvelut.fi\/peppi-ohjeet\/files\/2024\/08\/HOPS-ohjaus-1280x349.png 1280w, https:\/\/blogi.eoppimispalvelut.fi\/peppi-ohjeet\/files\/2024\/08\/HOPS-ohjaus-600x164.png 600w, https:\/\/blogi.eoppimispalvelut.fi\/peppi-ohjeet\/files\/2024\/08\/HOPS-ohjaus-768x209.png 768w, https:\/\/blogi.eoppimispalvelut.fi\/peppi-ohjeet\/files\/2024\/08\/HOPS-ohjaus-1536x419.png 1536w, https:\/\/blogi.eoppimispalvelut.fi\/peppi-ohjeet\/files\/2024\/08\/HOPS-ohjaus-2048x559.png 2048w, https:\/\/blogi.eoppimispalvelut.fi\/peppi-ohjeet\/files\/2024\/08\/HOPS-ohjaus-500x136.png 500w\" sizes=\"auto, (max-width: 584px) 100vw, 584px\" \/><\/a><p id=\"caption-attachment-6983\" class=\"wp-caption-text\">Klikkaa kuvaa suuremmaksi<\/p><\/div>\n<p>Opiskelijat-v\u00e4lilehden Yhteenveto-n\u00e4kym\u00e4ss\u00e4 n\u00e4kyv\u00e4t kaikki ohjaajalle kiinnitetyt opiskelijat. Vasemmasta laidasta voit selata opiskelijoita saapumisyhmitt\u00e4in. Mik\u00e4li\u00a0 listauksesta puuttuu jokin saapumisryhm\u00e4, ole yhteydess\u00e4 Pepin p\u00e4\u00e4k\u00e4ytt\u00e4j\u00e4\u00e4n. Voit halutessasi luoda my\u00f6s omia ryhmi\u00e4. Sarakkeet-painikkeen kautta saat n\u00e4kyville lis\u00e4tietoja opiskelijoiden opiskeluoikeudesta. Voit valita haluatko tarkastella vain aktiivisia opiskeluoikeuksia vai kaikkia, joihin sinut on kiinnitetty ohjaajaksi.<\/p>\n<p>Opiskelijat-v\u00e4lilehdell\u00e4 ohjaaja n\u00e4kee kenelle HOPS on alustettu sek\u00e4 onko HOPS hyv\u00e4ksytty vai ei. N\u00e4m\u00e4 tiedot saa tarvittaessa n\u00e4kyville Sarakkeet-painikkeen kautta.<\/p>\n<p>Voit hyv\u00e4ksy\u00e4 opiskelijan HOPSin ensimm\u00e4inen kerran, jatkossa muutetun HOPSin hyv\u00e4ksyminen tehd\u00e4\u00e4n Tapahtumat-v\u00e4lilehdell\u00e4 (tai opiskelijan HOPSin Tarkastelu-v\u00e4lilehdell\u00e4). Kun opiskelija muokkaa HOPSia ensimm\u00e4isen hyv\u00e4ksymisen j\u00e4lkeen, t\u00e4lle sivulle ei en\u00e4\u00e4 ilmesty valintaruutua HOPSin hyv\u00e4ksymist\u00e4 varten.<\/p>\n<p>Voit hyv\u00e4ksy\u00e4 yhden tai useamman opiskelijan hopsit valitsemalla haluamasi opiskelijat ja klikkaamalla Hyv\u00e4ksy valitut HOPSit -painiketta.<\/p>\n<div id=\"attachment_7008\" style=\"width: 594px\" class=\"wp-caption alignnone\"><a href=\"https:\/\/blogi.eoppimispalvelut.fi\/peppi-ohjeet\/files\/2024\/08\/HOPS-ohjauksen-nakyma.png\" rel=\"attachment wp-att-1426\"><img loading=\"lazy\" decoding=\"async\" aria-describedby=\"caption-attachment-7008\" class=\"wp-image-7008 size-large\" src=\"https:\/\/blogi.eoppimispalvelut.fi\/peppi-ohjeet\/files\/2024\/08\/HOPS-ohjauksen-nakyma-1280x608.png\" alt=\"HOPS-ohjauksen n\u00e4kym\u00e4\" width=\"584\" height=\"277\" srcset=\"https:\/\/blogi.eoppimispalvelut.fi\/peppi-ohjeet\/files\/2024\/08\/HOPS-ohjauksen-nakyma-1280x608.png 1280w, https:\/\/blogi.eoppimispalvelut.fi\/peppi-ohjeet\/files\/2024\/08\/HOPS-ohjauksen-nakyma-600x285.png 600w, https:\/\/blogi.eoppimispalvelut.fi\/peppi-ohjeet\/files\/2024\/08\/HOPS-ohjauksen-nakyma-768x365.png 768w, https:\/\/blogi.eoppimispalvelut.fi\/peppi-ohjeet\/files\/2024\/08\/HOPS-ohjauksen-nakyma-1536x730.png 1536w, https:\/\/blogi.eoppimispalvelut.fi\/peppi-ohjeet\/files\/2024\/08\/HOPS-ohjauksen-nakyma-2048x973.png 2048w, https:\/\/blogi.eoppimispalvelut.fi\/peppi-ohjeet\/files\/2024\/08\/HOPS-ohjauksen-nakyma-500x237.png 500w\" sizes=\"auto, (max-width: 584px) 100vw, 584px\" \/><\/a><p id=\"caption-attachment-7008\" class=\"wp-caption-text\">Klikkaa kuvaa suuremmaksi<\/p><\/div>\n<p>Ohjaajana voit my\u00f6s alustaa opiskelijan HOPSin klikkaamalla Alusta HOPS -linkki\u00e4. Opiskelijalle alustetaan h\u00e4nen tiedoissaan oletukseksi merkitty HOPS. Linkin klikkaaminen vie opiskelijan HOPS-sivulle, siis n\u00e4ytt\u00e4\u00e4, millainen HOPS opiskelijalle luotiin. Takaisin listaukseen p\u00e4\u00e4set klikkaamalla vasemman reunan navigaatiosta haluttua kohtaa.<\/p>\n<p>Klikkaamalla opiskelijan nime\u00e4, p\u00e4\u00e4set tarkastelemaan opiskelijan opiskeluoikeuden tarkempia tietoja. HOPSin alustamisen j\u00e4lkeen p\u00e4\u00e4set opiskelijan HOPSiin klikkaamalla HOPS-sarakkeella olevaa linkki\u00e4.<\/p>\n<p>&nbsp;<\/p>\n<hr \/>\n<p>Takaisin\u00a0<a href=\"https:\/\/blogi.eoppimispalvelut.fi\/peppi-ohjeet\/opetus_ohjaus\/\">Opetus ja ohjaus -sivulle<\/a><\/p>\n","protected":false},"excerpt":{"rendered":"<p>Valitse Opettajan ty\u00f6p\u00f6yd\u00e4n Opiskelijat-valikosta \u201cHOPS-ohjaus\u201d. Opiskelijat-v\u00e4lilehden Yhteenveto-n\u00e4kym\u00e4ss\u00e4 n\u00e4kyv\u00e4t kaikki ohjaajalle kiinnitetyt opiskelijat. Vasemmasta laidasta voit selata opiskelijoita saapumisyhmitt\u00e4in. Mik\u00e4li\u00a0 listauksesta puuttuu jokin saapumisryhm\u00e4, ole yhteydess\u00e4 Pepin p\u00e4\u00e4k\u00e4ytt\u00e4j\u00e4\u00e4n. Voit halutessasi luoda my\u00f6s omia ryhmi\u00e4. Sarakkeet-painikkeen kautta saat n\u00e4kyville lis\u00e4tietoja opiskelijoiden opiskeluoikeudesta. &hellip; <a href=\"https:\/\/blogi.eoppimispalvelut.fi\/peppi-ohjeet\/opetus_ohjaus\/hops-ohjaus\/ryhmien-ohjaus\/ryhman-opiskelijat\/\">Continue reading <span class=\"meta-nav\">&rarr;<\/span><\/a><\/p>\n","protected":false},"author":4339,"featured_media":0,"parent":1350,"menu_order":0,"comment_status":"closed","ping_status":"closed","template":"","meta":{"_monsterinsights_skip_tracking":false,"_monsterinsights_sitenote_active":false,"_monsterinsights_sitenote_note":"","_monsterinsights_sitenote_category":0,"footnotes":""},"class_list":["post-1419","page","type-page","status-publish","hentry"],"_links":{"self":[{"href":"https:\/\/blogi.eoppimispalvelut.fi\/peppi-ohjeet\/wp-json\/wp\/v2\/pages\/1419","targetHints":{"allow":["GET"]}}],"collection":[{"href":"https:\/\/blogi.eoppimispalvelut.fi\/peppi-ohjeet\/wp-json\/wp\/v2\/pages"}],"about":[{"href":"https:\/\/blogi.eoppimispalvelut.fi\/peppi-ohjeet\/wp-json\/wp\/v2\/types\/page"}],"author":[{"embeddable":true,"href":"https:\/\/blogi.eoppimispalvelut.fi\/peppi-ohjeet\/wp-json\/wp\/v2\/users\/4339"}],"replies":[{"embeddable":true,"href":"https:\/\/blogi.eoppimispalvelut.fi\/peppi-ohjeet\/wp-json\/wp\/v2\/comments?post=1419"}],"version-history":[{"count":11,"href":"https:\/\/blogi.eoppimispalvelut.fi\/peppi-ohjeet\/wp-json\/wp\/v2\/pages\/1419\/revisions"}],"predecessor-version":[{"id":7009,"href":"https:\/\/blogi.eoppimispalvelut.fi\/peppi-ohjeet\/wp-json\/wp\/v2\/pages\/1419\/revisions\/7009"}],"up":[{"embeddable":true,"href":"https:\/\/blogi.eoppimispalvelut.fi\/peppi-ohjeet\/wp-json\/wp\/v2\/pages\/1350"}],"wp:attachment":[{"href":"https:\/\/blogi.eoppimispalvelut.fi\/peppi-ohjeet\/wp-json\/wp\/v2\/media?parent=1419"}],"curies":[{"name":"wp","href":"https:\/\/api.w.org\/{rel}","templated":true}]}}