{"id":1422,"date":"2020-03-26T17:58:36","date_gmt":"2020-03-26T15:58:36","guid":{"rendered":"https:\/\/blogi.eoppimispalvelut.fi\/peppi-ohjeet\/?page_id=1422"},"modified":"2024-08-09T16:46:20","modified_gmt":"2024-08-09T13:46:20","slug":"opiskelijan-ohjaus","status":"publish","type":"page","link":"https:\/\/blogi.eoppimispalvelut.fi\/peppi-ohjeet\/opetus_ohjaus\/hops-ohjaus\/opiskelijan-ohjaus\/","title":{"rendered":"Opiskelijan ohjaus"},"content":{"rendered":"<p>Opiskelijoiden opintojen ohjauksesta vastaavat opinto-ohjaajat.<\/p>\n<p>Jokaisella ohjausty\u00f6t\u00e4 tekev\u00e4ll\u00e4 on my\u00f6s mahdollisuus perustaa omia henkil\u00f6kohtaisia ohjausryhmi\u00e4.<\/p>\n<p>SIS\u00c4LT\u00d6:<\/p>\n<ul>\n<li><a href=\"https:\/\/blogi.eoppimispalvelut.fi\/peppi-ohjeet\/opetus_ohjaus\/hops-ohjaus\/opiskelijan-ohjaus\/siirtyminen-opiskelijan-hopsiin\/\" target=\"_blank\" rel=\"noopener\">Siirtyminen opiskelijan HOPSiin<\/a><\/li>\n<li><a href=\"https:\/\/blogi.eoppimispalvelut.fi\/peppi-ohjeet\/opetus_ohjaus\/hops-ohjaus\/opiskelijan-ohjaus\/hopsin-tarkastelu\/\" target=\"_blank\" rel=\"noopener\">HOPSin tarkastelu<\/a><\/li>\n<li><a href=\"https:\/\/blogi.eoppimispalvelut.fi\/peppi-ohjeet\/opetus_ohjaus\/hops-ohjaus\/opiskelijan-ohjaus\/opintojen-valinta\/\" target=\"_blank\" rel=\"noopener\">Opintojen lis\u00e4\u00e4minen opiskelijan HOPSiin<\/a><\/li>\n<li><a href=\"https:\/\/blogi.eoppimispalvelut.fi\/peppi-ohjeet\/opetus_ohjaus\/hops-ohjaus\/opiskelijan-ohjaus\/jarjestely\/\" target=\"_blank\" rel=\"noopener\">J\u00e4rjestely<\/a><\/li>\n<li><a href=\"https:\/\/blogi.eoppimispalvelut.fi\/peppi-ohjeet\/opetus_ohjaus\/hops-ohjaus\/opiskelijan-ohjaus\/jasentely\/\" target=\"_blank\" rel=\"noopener\">J\u00e4sentelyt<\/a><\/li>\n<li><a href=\"https:\/\/blogi.eoppimispalvelut.fi\/peppi-ohjeet\/opetus_ohjaus\/hops-ohjaus\/opiskelijan-ohjaus\/ajoitus\/\" target=\"_blank\" rel=\"noopener\">Opintojen ajoitus<\/a><\/li>\n<li><a href=\"https:\/\/blogi.eoppimispalvelut.fi\/peppi-ohjeet\/opetus_ohjaus\/hops-ohjaus\/opiskelijan-ohjaus\/viestit\/\" target=\"_blank\" rel=\"noopener\">Viestit<\/a><\/li>\n<li><a href=\"https:\/\/blogi.eoppimispalvelut.fi\/peppi-ohjeet\/opetus_ohjaus\/hops-ohjaus\/opiskelijan-ohjaus\/ilmoittautumiset\/\" target=\"_blank\" rel=\"noopener\">Ilmoittautumiset<\/a><\/li>\n<li><a href=\"https:\/\/blogi.eoppimispalvelut.fi\/peppi-ohjeet\/opetus_ohjaus\/hops-ohjaus\/opiskelijan-ohjaus\/sopimuspankki\/\" target=\"_blank\" rel=\"noopener\">Sopimuspankki<\/a><\/li>\n<\/ul>\n<p>&nbsp;<\/p>\n<hr \/>\n<p>Takaisin\u00a0<a href=\"https:\/\/blogi.eoppimispalvelut.fi\/peppi-ohjeet\/opetus_ohjaus\/\">Opetus ja ohjaus -sivulle<\/a><\/p>\n","protected":false},"excerpt":{"rendered":"<p>Opiskelijoiden opintojen ohjauksesta vastaavat opinto-ohjaajat. Jokaisella ohjausty\u00f6t\u00e4 tekev\u00e4ll\u00e4 on my\u00f6s mahdollisuus perustaa omia henkil\u00f6kohtaisia ohjausryhmi\u00e4. SIS\u00c4LT\u00d6: Siirtyminen opiskelijan HOPSiin HOPSin tarkastelu Opintojen lis\u00e4\u00e4minen opiskelijan HOPSiin J\u00e4rjestely J\u00e4sentelyt Opintojen ajoitus Viestit Ilmoittautumiset Sopimuspankki &nbsp; Takaisin\u00a0Opetus ja ohjaus -sivulle<\/p>\n","protected":false},"author":4339,"featured_media":0,"parent":1203,"menu_order":0,"comment_status":"closed","ping_status":"closed","template":"","meta":{"_monsterinsights_skip_tracking":false,"_monsterinsights_sitenote_active":false,"_monsterinsights_sitenote_note":"","_monsterinsights_sitenote_category":0,"footnotes":""},"class_list":["post-1422","page","type-page","status-publish","hentry"],"_links":{"self":[{"href":"https:\/\/blogi.eoppimispalvelut.fi\/peppi-ohjeet\/wp-json\/wp\/v2\/pages\/1422","targetHints":{"allow":["GET"]}}],"collection":[{"href":"https:\/\/blogi.eoppimispalvelut.fi\/peppi-ohjeet\/wp-json\/wp\/v2\/pages"}],"about":[{"href":"https:\/\/blogi.eoppimispalvelut.fi\/peppi-ohjeet\/wp-json\/wp\/v2\/types\/page"}],"author":[{"embeddable":true,"href":"https:\/\/blogi.eoppimispalvelut.fi\/peppi-ohjeet\/wp-json\/wp\/v2\/users\/4339"}],"replies":[{"embeddable":true,"href":"https:\/\/blogi.eoppimispalvelut.fi\/peppi-ohjeet\/wp-json\/wp\/v2\/comments?post=1422"}],"version-history":[{"count":5,"href":"https:\/\/blogi.eoppimispalvelut.fi\/peppi-ohjeet\/wp-json\/wp\/v2\/pages\/1422\/revisions"}],"predecessor-version":[{"id":6989,"href":"https:\/\/blogi.eoppimispalvelut.fi\/peppi-ohjeet\/wp-json\/wp\/v2\/pages\/1422\/revisions\/6989"}],"up":[{"embeddable":true,"href":"https:\/\/blogi.eoppimispalvelut.fi\/peppi-ohjeet\/wp-json\/wp\/v2\/pages\/1203"}],"wp:attachment":[{"href":"https:\/\/blogi.eoppimispalvelut.fi\/peppi-ohjeet\/wp-json\/wp\/v2\/media?parent=1422"}],"curies":[{"name":"wp","href":"https:\/\/api.w.org\/{rel}","templated":true}]}}