{"id":1491,"date":"2020-03-30T13:37:03","date_gmt":"2020-03-30T10:37:03","guid":{"rendered":"https:\/\/blogi.eoppimispalvelut.fi\/peppi-ohjeet\/?page_id=1491"},"modified":"2024-08-20T15:48:37","modified_gmt":"2024-08-20T12:48:37","slug":"siirtyminen-opiskelijan-hopsiin","status":"publish","type":"page","link":"https:\/\/blogi.eoppimispalvelut.fi\/peppi-ohjeet\/opetus_ohjaus\/hops-ohjaus\/opiskelijan-ohjaus\/siirtyminen-opiskelijan-hopsiin\/","title":{"rendered":"Siirtyminen opiskelijan HOPSiin"},"content":{"rendered":"<p>Opiskelijan HOPSiin siirtyminen tapahtuu Opiskelijahaun kautta. Valitse Opettajan ty\u00f6p\u00f6yd\u00e4n yl\u00e4valikosta Opiskelijat.<\/p>\n<div id=\"attachment_7034\" style=\"width: 594px\" class=\"wp-caption alignnone\"><a href=\"https:\/\/blogi.eoppimispalvelut.fi\/peppi-ohjeet\/files\/2024\/08\/Opiskelijahaku.png\" rel=\"attachment wp-att-1496\"><img loading=\"lazy\" decoding=\"async\" aria-describedby=\"caption-attachment-7034\" class=\"wp-image-7034 size-large\" src=\"https:\/\/blogi.eoppimispalvelut.fi\/peppi-ohjeet\/files\/2024\/08\/Opiskelijahaku-1280x351.png\" alt=\"Opiskelijahaku\" width=\"584\" height=\"160\" srcset=\"https:\/\/blogi.eoppimispalvelut.fi\/peppi-ohjeet\/files\/2024\/08\/Opiskelijahaku-1280x351.png 1280w, https:\/\/blogi.eoppimispalvelut.fi\/peppi-ohjeet\/files\/2024\/08\/Opiskelijahaku-600x165.png 600w, https:\/\/blogi.eoppimispalvelut.fi\/peppi-ohjeet\/files\/2024\/08\/Opiskelijahaku-768x211.png 768w, https:\/\/blogi.eoppimispalvelut.fi\/peppi-ohjeet\/files\/2024\/08\/Opiskelijahaku-1536x421.png 1536w, https:\/\/blogi.eoppimispalvelut.fi\/peppi-ohjeet\/files\/2024\/08\/Opiskelijahaku-2048x562.png 2048w, https:\/\/blogi.eoppimispalvelut.fi\/peppi-ohjeet\/files\/2024\/08\/Opiskelijahaku-500x137.png 500w\" sizes=\"auto, (max-width: 584px) 100vw, 584px\" \/><\/a><p id=\"caption-attachment-7034\" class=\"wp-caption-text\">Klikkaa kuvaa suuremmaksi<\/p><\/div>\n<p>Hae haluamasi opiskelijan tiedot k\u00e4ytett\u00e4viss\u00e4 olevan hakukriteerin avulla esim. opiskelijan etunimi ja sukunimi ja valitse Hae.<\/p>\n<div id=\"attachment_7035\" style=\"width: 594px\" class=\"wp-caption alignnone\"><a href=\"https:\/\/blogi.eoppimispalvelut.fi\/peppi-ohjeet\/files\/2024\/08\/Opiskelijahaku-2.png\" rel=\"attachment wp-att-1500\"><img loading=\"lazy\" decoding=\"async\" aria-describedby=\"caption-attachment-7035\" class=\"wp-image-7035 size-large\" src=\"https:\/\/blogi.eoppimispalvelut.fi\/peppi-ohjeet\/files\/2024\/08\/Opiskelijahaku-2-1280x566.png\" alt=\"Opiskeluoikeushaku\" width=\"584\" height=\"258\" srcset=\"https:\/\/blogi.eoppimispalvelut.fi\/peppi-ohjeet\/files\/2024\/08\/Opiskelijahaku-2-1280x566.png 1280w, https:\/\/blogi.eoppimispalvelut.fi\/peppi-ohjeet\/files\/2024\/08\/Opiskelijahaku-2-600x265.png 600w, https:\/\/blogi.eoppimispalvelut.fi\/peppi-ohjeet\/files\/2024\/08\/Opiskelijahaku-2-768x339.png 768w, https:\/\/blogi.eoppimispalvelut.fi\/peppi-ohjeet\/files\/2024\/08\/Opiskelijahaku-2-1536x679.png 1536w, https:\/\/blogi.eoppimispalvelut.fi\/peppi-ohjeet\/files\/2024\/08\/Opiskelijahaku-2-2048x905.png 2048w, https:\/\/blogi.eoppimispalvelut.fi\/peppi-ohjeet\/files\/2024\/08\/Opiskelijahaku-2-500x221.png 500w\" sizes=\"auto, (max-width: 584px) 100vw, 584px\" \/><\/a><p id=\"caption-attachment-7035\" class=\"wp-caption-text\">Klikkaa kuvaa suuremmaksi<\/p><\/div>\n<p>Valitse avautuvasta listasta opiskelija klikkaamalla opiskelijan tietoja.<\/p>\n<div id=\"attachment_7036\" style=\"width: 594px\" class=\"wp-caption alignnone\"><a href=\"https:\/\/blogi.eoppimispalvelut.fi\/peppi-ohjeet\/files\/2024\/08\/Opiskelijan-valitseminen-hakutuloksista.png\" rel=\"attachment wp-att-1505\"><img loading=\"lazy\" decoding=\"async\" aria-describedby=\"caption-attachment-7036\" class=\"wp-image-7036 size-large\" src=\"https:\/\/blogi.eoppimispalvelut.fi\/peppi-ohjeet\/files\/2024\/08\/Opiskelijan-valitseminen-hakutuloksista-1280x576.png\" alt=\"Opiskelijan valitseminen hakutuloksista\" width=\"584\" height=\"263\" srcset=\"https:\/\/blogi.eoppimispalvelut.fi\/peppi-ohjeet\/files\/2024\/08\/Opiskelijan-valitseminen-hakutuloksista-1280x576.png 1280w, https:\/\/blogi.eoppimispalvelut.fi\/peppi-ohjeet\/files\/2024\/08\/Opiskelijan-valitseminen-hakutuloksista-600x270.png 600w, https:\/\/blogi.eoppimispalvelut.fi\/peppi-ohjeet\/files\/2024\/08\/Opiskelijan-valitseminen-hakutuloksista-768x345.png 768w, https:\/\/blogi.eoppimispalvelut.fi\/peppi-ohjeet\/files\/2024\/08\/Opiskelijan-valitseminen-hakutuloksista-1536x691.png 1536w, https:\/\/blogi.eoppimispalvelut.fi\/peppi-ohjeet\/files\/2024\/08\/Opiskelijan-valitseminen-hakutuloksista-2048x921.png 2048w, https:\/\/blogi.eoppimispalvelut.fi\/peppi-ohjeet\/files\/2024\/08\/Opiskelijan-valitseminen-hakutuloksista-500x225.png 500w\" sizes=\"auto, (max-width: 584px) 100vw, 584px\" \/><\/a><p id=\"caption-attachment-7036\" class=\"wp-caption-text\">Klikkaa kuvaa suuremmaksi<\/p><\/div>\n<p>Avautuvassa n\u00e4kym\u00e4ss\u00e4 voit tarkastella opiskelijan opiskeluoikeuteen liittyvi\u00e4 tietoja. Valitsemalla &#8220;Siirry hopsiin&#8221; p\u00e4\u00e4set opiskelijan HOPSiin.<\/p>\n<div id=\"attachment_7037\" style=\"width: 594px\" class=\"wp-caption alignnone\"><a href=\"https:\/\/blogi.eoppimispalvelut.fi\/peppi-ohjeet\/files\/2024\/08\/Siirtyminen-opiskelijan-HOPSiin.png\" rel=\"attachment wp-att-1506\"><img loading=\"lazy\" decoding=\"async\" aria-describedby=\"caption-attachment-7037\" class=\"wp-image-7037 size-large\" src=\"https:\/\/blogi.eoppimispalvelut.fi\/peppi-ohjeet\/files\/2024\/08\/Siirtyminen-opiskelijan-HOPSiin-1280x1173.png\" alt=\"Siirtyminen opiskelijan HOPSiin\" width=\"584\" height=\"535\" srcset=\"https:\/\/blogi.eoppimispalvelut.fi\/peppi-ohjeet\/files\/2024\/08\/Siirtyminen-opiskelijan-HOPSiin-1280x1173.png 1280w, https:\/\/blogi.eoppimispalvelut.fi\/peppi-ohjeet\/files\/2024\/08\/Siirtyminen-opiskelijan-HOPSiin-600x550.png 600w, https:\/\/blogi.eoppimispalvelut.fi\/peppi-ohjeet\/files\/2024\/08\/Siirtyminen-opiskelijan-HOPSiin-768x704.png 768w, https:\/\/blogi.eoppimispalvelut.fi\/peppi-ohjeet\/files\/2024\/08\/Siirtyminen-opiskelijan-HOPSiin-1536x1407.png 1536w, https:\/\/blogi.eoppimispalvelut.fi\/peppi-ohjeet\/files\/2024\/08\/Siirtyminen-opiskelijan-HOPSiin-2048x1877.png 2048w, https:\/\/blogi.eoppimispalvelut.fi\/peppi-ohjeet\/files\/2024\/08\/Siirtyminen-opiskelijan-HOPSiin-327x300.png 327w\" sizes=\"auto, (max-width: 584px) 100vw, 584px\" \/><\/a><p id=\"caption-attachment-7037\" class=\"wp-caption-text\">Klikkaa kuvaa suuremmaksi<\/p><\/div>\n<p>&nbsp;<\/p>\n<hr \/>\n<p>Takaisin\u00a0<a href=\"https:\/\/blogi.eoppimispalvelut.fi\/peppi-ohjeet\/opetus_ohjaus\/\">Opetus ja ohjaus -sivulle<\/a><\/p>\n","protected":false},"excerpt":{"rendered":"<p>Opiskelijan HOPSiin siirtyminen tapahtuu Opiskelijahaun kautta. Valitse Opettajan ty\u00f6p\u00f6yd\u00e4n yl\u00e4valikosta Opiskelijat. Hae haluamasi opiskelijan tiedot k\u00e4ytett\u00e4viss\u00e4 olevan hakukriteerin avulla esim. opiskelijan etunimi ja sukunimi ja valitse Hae. Valitse avautuvasta listasta opiskelija klikkaamalla opiskelijan tietoja. Avautuvassa n\u00e4kym\u00e4ss\u00e4 voit tarkastella opiskelijan opiskeluoikeuteen &hellip; <a href=\"https:\/\/blogi.eoppimispalvelut.fi\/peppi-ohjeet\/opetus_ohjaus\/hops-ohjaus\/opiskelijan-ohjaus\/siirtyminen-opiskelijan-hopsiin\/\">Continue reading <span class=\"meta-nav\">&rarr;<\/span><\/a><\/p>\n","protected":false},"author":4339,"featured_media":0,"parent":1422,"menu_order":0,"comment_status":"closed","ping_status":"closed","template":"","meta":{"_monsterinsights_skip_tracking":false,"_monsterinsights_sitenote_active":false,"_monsterinsights_sitenote_note":"","_monsterinsights_sitenote_category":0,"footnotes":""},"class_list":["post-1491","page","type-page","status-publish","hentry"],"_links":{"self":[{"href":"https:\/\/blogi.eoppimispalvelut.fi\/peppi-ohjeet\/wp-json\/wp\/v2\/pages\/1491","targetHints":{"allow":["GET"]}}],"collection":[{"href":"https:\/\/blogi.eoppimispalvelut.fi\/peppi-ohjeet\/wp-json\/wp\/v2\/pages"}],"about":[{"href":"https:\/\/blogi.eoppimispalvelut.fi\/peppi-ohjeet\/wp-json\/wp\/v2\/types\/page"}],"author":[{"embeddable":true,"href":"https:\/\/blogi.eoppimispalvelut.fi\/peppi-ohjeet\/wp-json\/wp\/v2\/users\/4339"}],"replies":[{"embeddable":true,"href":"https:\/\/blogi.eoppimispalvelut.fi\/peppi-ohjeet\/wp-json\/wp\/v2\/comments?post=1491"}],"version-history":[{"count":7,"href":"https:\/\/blogi.eoppimispalvelut.fi\/peppi-ohjeet\/wp-json\/wp\/v2\/pages\/1491\/revisions"}],"predecessor-version":[{"id":7038,"href":"https:\/\/blogi.eoppimispalvelut.fi\/peppi-ohjeet\/wp-json\/wp\/v2\/pages\/1491\/revisions\/7038"}],"up":[{"embeddable":true,"href":"https:\/\/blogi.eoppimispalvelut.fi\/peppi-ohjeet\/wp-json\/wp\/v2\/pages\/1422"}],"wp:attachment":[{"href":"https:\/\/blogi.eoppimispalvelut.fi\/peppi-ohjeet\/wp-json\/wp\/v2\/media?parent=1491"}],"curies":[{"name":"wp","href":"https:\/\/api.w.org\/{rel}","templated":true}]}}