{"id":1508,"date":"2020-03-30T16:33:34","date_gmt":"2020-03-30T13:33:34","guid":{"rendered":"https:\/\/blogi.eoppimispalvelut.fi\/peppi-ohjeet\/?page_id=1508"},"modified":"2024-08-28T13:26:34","modified_gmt":"2024-08-28T10:26:34","slug":"hopsin-tarkastelu","status":"publish","type":"page","link":"https:\/\/blogi.eoppimispalvelut.fi\/peppi-ohjeet\/opetus_ohjaus\/hops-ohjaus\/opiskelijan-ohjaus\/hopsin-tarkastelu\/","title":{"rendered":"HOPSin tarkastelu"},"content":{"rendered":"<p>N\u00e4et Tarkastelu-v\u00e4lilehdell\u00e4 opiskelijan ajantasaisen HOPSin. HOPS pohjautuu kyseisen opiskeluoikeuden oletusopetussuunnitelmaan. Opiskelijan HOPS alustetaan p\u00e4\u00e4s\u00e4\u00e4nt\u00f6isesti saapumisryhm\u00e4n opetussuunnitelmalla.<\/p>\n<div id=\"attachment_1605\" style=\"width: 1127px\" class=\"wp-caption alignnone\"><a href=\"https:\/\/blogi.eoppimispalvelut.fi\/peppi-ohjeet\/opetus_ohjaus\/hops-ohjaus\/opiskelijan-ohjaus\/hopsin-tarkastelu\/hopsin-tarkastelu-2\/\" rel=\"attachment wp-att-1605\"><img loading=\"lazy\" decoding=\"async\" aria-describedby=\"caption-attachment-1605\" class=\"size-full wp-image-1605\" src=\"https:\/\/blogi.eoppimispalvelut.fi\/peppi-ohjeet\/files\/2020\/03\/HOPSin-tarkastelu.png\" alt=\"Opiskelijan HOPSin tarkastelu\" width=\"1117\" height=\"647\" srcset=\"https:\/\/blogi.eoppimispalvelut.fi\/peppi-ohjeet\/files\/2020\/03\/HOPSin-tarkastelu.png 1117w, https:\/\/blogi.eoppimispalvelut.fi\/peppi-ohjeet\/files\/2020\/03\/HOPSin-tarkastelu-900x521.png 900w, https:\/\/blogi.eoppimispalvelut.fi\/peppi-ohjeet\/files\/2020\/03\/HOPSin-tarkastelu-768x445.png 768w, https:\/\/blogi.eoppimispalvelut.fi\/peppi-ohjeet\/files\/2020\/03\/HOPSin-tarkastelu-500x290.png 500w\" sizes=\"auto, (max-width: 1117px) 100vw, 1117px\" \/><\/a><p id=\"caption-attachment-1605\" class=\"wp-caption-text\">Klikkaa kuva suuremmaksi<\/p><\/div>\n<p>T\u00e4ss\u00e4 n\u00e4kym\u00e4ss\u00e4 voit<\/p>\n<ul>\n<li>Kommentoida HOPSia<\/li>\n<li>Hyv\u00e4ksy\u00e4 HOPSin<\/li>\n<li>L\u00e4hett\u00e4\u00e4 viestin opiskelijalle (Luo teht\u00e4v\u00e4 tai merkinn\u00e4n tekeminen opinnoille)<\/li>\n<\/ul>\n<p>Kyseisist\u00e4 toiminnoista l\u00e4htev\u00e4t viestit opiskelijalle. Viestit n\u00e4kyv\u00e4t opettajan ty\u00f6p\u00f6yd\u00e4n etusivulla, HOPS-ohjauksen Tapahtumat-v\u00e4lilehdell\u00e4 ja HOPSin Viestit-v\u00e4lilehdell\u00e4.<\/p>\n<p>Sivun oikeasta reunasta n\u00e4et opiskelijan opiskelijan opiskeluoikeustietoja, HOPSin statuksen ja uudet viestit. Huomiot-kent\u00e4ss\u00e4 on n\u00e4ht\u00e4vill\u00e4 viimeisimm\u00e4t suoritukset sek\u00e4 ilmoittautumiset, jotka ovat k\u00e4ynniss\u00e4. Lis\u00e4ksi kent\u00e4ss\u00e4 n\u00e4kyy my\u00f6s hyv\u00e4ksilukuhakemusten tietoja. Voit my\u00f6s tulostaa opiskelijan opintosuoritusotteen sivun yl\u00e4laidasta. Voit vaihtaa tarkasteltavan HOPSin version <em>Valitse HOPS-versio<\/em> -pudotuslistasta. Huomaa, ett\u00e4 vain Draft-versiota voi muokata.<\/p>\n<p>HOPSissa k\u00e4ytettyjen symbolien merkitykset l\u00f6yt\u00e4v\u00e4t infolaatikosta. Symbolien selitykset saat n\u00e4kyville klikkaamalla HOPSin oikeassa yl\u00e4kulmassa olevaa kysymysmerkki\u00e4. N\u00e4et my\u00f6s symbolin selityksen viem\u00e4ll\u00e4 hiiren symbolin p\u00e4\u00e4lle HOPS-listauksessa.<\/p>\n<div id=\"attachment_1620\" style=\"width: 318px\" class=\"wp-caption alignnone\"><a href=\"https:\/\/blogi.eoppimispalvelut.fi\/peppi-ohjeet\/opetus_ohjaus\/hops-ohjaus\/opiskelijan-ohjaus\/hopsin-tarkastelu\/hopsin-symbolit\/\" rel=\"attachment wp-att-1620\"><img loading=\"lazy\" decoding=\"async\" aria-describedby=\"caption-attachment-1620\" class=\"size-full wp-image-1620\" src=\"https:\/\/blogi.eoppimispalvelut.fi\/peppi-ohjeet\/files\/2020\/04\/HOPSin-symbolit.png\" alt=\"HOPSIn symbolit\" width=\"308\" height=\"454\" srcset=\"https:\/\/blogi.eoppimispalvelut.fi\/peppi-ohjeet\/files\/2020\/04\/HOPSin-symbolit.png 308w, https:\/\/blogi.eoppimispalvelut.fi\/peppi-ohjeet\/files\/2020\/04\/HOPSin-symbolit-204x300.png 204w\" sizes=\"auto, (max-width: 308px) 100vw, 308px\" \/><\/a><p id=\"caption-attachment-1620\" class=\"wp-caption-text\">Klikkaa kuva suuremmaksi<\/p><\/div>\n<p>Voit tarkastella HOPSia my\u00f6s eri suodatusvalintojen kautta.<\/p>\n<div id=\"attachment_7049\" style=\"width: 1269px\" class=\"wp-caption alignnone\"><a href=\"https:\/\/blogi.eoppimispalvelut.fi\/peppi-ohjeet\/files\/2024\/08\/HOPSin-opintojen-suodatus.png\"><img loading=\"lazy\" decoding=\"async\" aria-describedby=\"caption-attachment-7049\" class=\"size-full wp-image-7049\" src=\"https:\/\/blogi.eoppimispalvelut.fi\/peppi-ohjeet\/files\/2024\/08\/HOPSin-opintojen-suodatus.png\" alt=\"HOPSin opintojen suodatus\" width=\"1259\" height=\"452\" srcset=\"https:\/\/blogi.eoppimispalvelut.fi\/peppi-ohjeet\/files\/2024\/08\/HOPSin-opintojen-suodatus.png 1259w, https:\/\/blogi.eoppimispalvelut.fi\/peppi-ohjeet\/files\/2024\/08\/HOPSin-opintojen-suodatus-600x215.png 600w, https:\/\/blogi.eoppimispalvelut.fi\/peppi-ohjeet\/files\/2024\/08\/HOPSin-opintojen-suodatus-768x276.png 768w, https:\/\/blogi.eoppimispalvelut.fi\/peppi-ohjeet\/files\/2024\/08\/HOPSin-opintojen-suodatus-500x180.png 500w\" sizes=\"auto, (max-width: 1259px) 100vw, 1259px\" \/><\/a><p id=\"caption-attachment-7049\" class=\"wp-caption-text\">Klikkaa kuvaa suuremmaksi<\/p><\/div>\n<p>Ohjaajana voit kirjata hopsiin opintokokonaisuus\/opintojaksokohtaisia merkint\u00f6j\u00e4.<\/p>\n<div id=\"attachment_1610\" style=\"width: 998px\" class=\"wp-caption alignnone\"><a href=\"https:\/\/blogi.eoppimispalvelut.fi\/peppi-ohjeet\/opetus_ohjaus\/hops-ohjaus\/opiskelijan-ohjaus\/hopsin-tarkastelu\/merkinnan-lisaaminen-hopsille\/\" rel=\"attachment wp-att-1610\"><img loading=\"lazy\" decoding=\"async\" aria-describedby=\"caption-attachment-1610\" class=\"size-full wp-image-1610\" src=\"https:\/\/blogi.eoppimispalvelut.fi\/peppi-ohjeet\/files\/2020\/03\/Merkinn\u00e4n-lis\u00e4\u00e4minen-HOPSille.png\" alt=\"Merkinn\u00e4n lis\u00e4\u00e4minen HOPSille\" width=\"988\" height=\"519\" srcset=\"https:\/\/blogi.eoppimispalvelut.fi\/peppi-ohjeet\/files\/2020\/03\/Merkinn\u00e4n-lis\u00e4\u00e4minen-HOPSille.png 988w, https:\/\/blogi.eoppimispalvelut.fi\/peppi-ohjeet\/files\/2020\/03\/Merkinn\u00e4n-lis\u00e4\u00e4minen-HOPSille-900x473.png 900w, https:\/\/blogi.eoppimispalvelut.fi\/peppi-ohjeet\/files\/2020\/03\/Merkinn\u00e4n-lis\u00e4\u00e4minen-HOPSille-768x403.png 768w, https:\/\/blogi.eoppimispalvelut.fi\/peppi-ohjeet\/files\/2020\/03\/Merkinn\u00e4n-lis\u00e4\u00e4minen-HOPSille-500x263.png 500w\" sizes=\"auto, (max-width: 988px) 100vw, 988px\" \/><\/a><p id=\"caption-attachment-1610\" class=\"wp-caption-text\">Klikkaa kuva suuremmaksi<\/p><\/div>\n<p>Klikkaa plusmerkki\u00e4 \/ puhekupla-kuvaketta opintokokonaisuuden tai opintojakson kohdalta. Plusmerkki on n\u00e4kyviss\u00e4, mik\u00e4li kyseiseen opintokokonaisuuteen tai opintojaksoon ei ole viel\u00e4 kirjattu merkint\u00e4\u00e4. Puhekupla on n\u00e4kyviss\u00e4, mik\u00e4li merkint\u00f6j\u00e4 on jo kirjattu.<\/p>\n<ol>\n<li>Lis\u00e4\u00e4 aihe ja viestin sis\u00e4lt\u00f6<\/li>\n<li>Valitse Lis\u00e4\u00e4 merkint\u00e4<\/li>\n<\/ol>\n<p>Merkinn\u00e4st\u00e4 l\u00e4htee s\u00e4hk\u00f6postiviesti opiskelijalle. Merkint\u00e4 j\u00e4\u00e4 my\u00f6s HOPSiin sek\u00e4 Tarkastelu- ett\u00e4 Viestit-v\u00e4lilehdelle.<\/p>\n<p>Voit tarkastaa opiskelijan suoritukset valitsemalla HOPSin yl\u00e4reunan toiminnoista Tarkista. T\u00e4m\u00e4 ominaisuus on k\u00e4tev\u00e4 esim. valmistumisvaiheessa opintojen tarkastamissa.<\/p>\n<div id=\"attachment_1617\" style=\"width: 1047px\" class=\"wp-caption alignnone\"><a href=\"https:\/\/blogi.eoppimispalvelut.fi\/peppi-ohjeet\/opetus_ohjaus\/hops-ohjaus\/opiskelijan-ohjaus\/hopsin-tarkastelu\/tarkasta-hops\/\" rel=\"attachment wp-att-1617\"><img loading=\"lazy\" decoding=\"async\" aria-describedby=\"caption-attachment-1617\" class=\"size-full wp-image-1617\" src=\"https:\/\/blogi.eoppimispalvelut.fi\/peppi-ohjeet\/files\/2020\/04\/Tarkasta-HOPS.png\" alt=\"HOPSin tarkastaminen\" width=\"1037\" height=\"501\" srcset=\"https:\/\/blogi.eoppimispalvelut.fi\/peppi-ohjeet\/files\/2020\/04\/Tarkasta-HOPS.png 1037w, https:\/\/blogi.eoppimispalvelut.fi\/peppi-ohjeet\/files\/2020\/04\/Tarkasta-HOPS-900x435.png 900w, https:\/\/blogi.eoppimispalvelut.fi\/peppi-ohjeet\/files\/2020\/04\/Tarkasta-HOPS-768x371.png 768w, https:\/\/blogi.eoppimispalvelut.fi\/peppi-ohjeet\/files\/2020\/04\/Tarkasta-HOPS-500x242.png 500w\" sizes=\"auto, (max-width: 1037px) 100vw, 1037px\" \/><\/a><p id=\"caption-attachment-1617\" class=\"wp-caption-text\">Klikkaa kuva suuremmaksi<\/p><\/div>\n<p>&nbsp;<\/p>\n<hr \/>\n<p>Takaisin\u00a0<a href=\"https:\/\/blogi.eoppimispalvelut.fi\/peppi-ohjeet\/opetus_ohjaus\/\">Opetus ja ohjaus -sivulle<\/a><\/p>\n","protected":false},"excerpt":{"rendered":"<p>N\u00e4et Tarkastelu-v\u00e4lilehdell\u00e4 opiskelijan ajantasaisen HOPSin. HOPS pohjautuu kyseisen opiskeluoikeuden oletusopetussuunnitelmaan. Opiskelijan HOPS alustetaan p\u00e4\u00e4s\u00e4\u00e4nt\u00f6isesti saapumisryhm\u00e4n opetussuunnitelmalla. T\u00e4ss\u00e4 n\u00e4kym\u00e4ss\u00e4 voit Kommentoida HOPSia Hyv\u00e4ksy\u00e4 HOPSin L\u00e4hett\u00e4\u00e4 viestin opiskelijalle (Luo teht\u00e4v\u00e4 tai merkinn\u00e4n tekeminen opinnoille) Kyseisist\u00e4 toiminnoista l\u00e4htev\u00e4t viestit opiskelijalle. Viestit n\u00e4kyv\u00e4t opettajan &hellip; <a href=\"https:\/\/blogi.eoppimispalvelut.fi\/peppi-ohjeet\/opetus_ohjaus\/hops-ohjaus\/opiskelijan-ohjaus\/hopsin-tarkastelu\/\">Continue reading <span class=\"meta-nav\">&rarr;<\/span><\/a><\/p>\n","protected":false},"author":4339,"featured_media":0,"parent":1422,"menu_order":0,"comment_status":"closed","ping_status":"closed","template":"","meta":{"_monsterinsights_skip_tracking":false,"_monsterinsights_sitenote_active":false,"_monsterinsights_sitenote_note":"","_monsterinsights_sitenote_category":0,"footnotes":""},"class_list":["post-1508","page","type-page","status-publish","hentry"],"_links":{"self":[{"href":"https:\/\/blogi.eoppimispalvelut.fi\/peppi-ohjeet\/wp-json\/wp\/v2\/pages\/1508","targetHints":{"allow":["GET"]}}],"collection":[{"href":"https:\/\/blogi.eoppimispalvelut.fi\/peppi-ohjeet\/wp-json\/wp\/v2\/pages"}],"about":[{"href":"https:\/\/blogi.eoppimispalvelut.fi\/peppi-ohjeet\/wp-json\/wp\/v2\/types\/page"}],"author":[{"embeddable":true,"href":"https:\/\/blogi.eoppimispalvelut.fi\/peppi-ohjeet\/wp-json\/wp\/v2\/users\/4339"}],"replies":[{"embeddable":true,"href":"https:\/\/blogi.eoppimispalvelut.fi\/peppi-ohjeet\/wp-json\/wp\/v2\/comments?post=1508"}],"version-history":[{"count":16,"href":"https:\/\/blogi.eoppimispalvelut.fi\/peppi-ohjeet\/wp-json\/wp\/v2\/pages\/1508\/revisions"}],"predecessor-version":[{"id":7050,"href":"https:\/\/blogi.eoppimispalvelut.fi\/peppi-ohjeet\/wp-json\/wp\/v2\/pages\/1508\/revisions\/7050"}],"up":[{"embeddable":true,"href":"https:\/\/blogi.eoppimispalvelut.fi\/peppi-ohjeet\/wp-json\/wp\/v2\/pages\/1422"}],"wp:attachment":[{"href":"https:\/\/blogi.eoppimispalvelut.fi\/peppi-ohjeet\/wp-json\/wp\/v2\/media?parent=1508"}],"curies":[{"name":"wp","href":"https:\/\/api.w.org\/{rel}","templated":true}]}}