{"id":1510,"date":"2020-03-30T16:33:52","date_gmt":"2020-03-30T13:33:52","guid":{"rendered":"https:\/\/blogi.eoppimispalvelut.fi\/peppi-ohjeet\/?page_id=1510"},"modified":"2024-08-28T13:36:10","modified_gmt":"2024-08-28T10:36:10","slug":"opintojen-valinta","status":"publish","type":"page","link":"https:\/\/blogi.eoppimispalvelut.fi\/peppi-ohjeet\/opetus_ohjaus\/hops-ohjaus\/opiskelijan-ohjaus\/opintojen-valinta\/","title":{"rendered":"Opintojen lis\u00e4\u00e4minen opiskelijan HOPSiin"},"content":{"rendered":"<p>Voit lis\u00e4t\u00e4 opintoja opiskelijan HOPSiin Opintojen valinta -v\u00e4lilehdell\u00e4.<\/p>\n<p>HOPSissa on oletuksena opiskelijan koulutusohjelman opetussuunnitelman mukaiset opintojaksot. Kun opintojakso lis\u00e4t\u00e4\u00e4n HOPSiin, opiskelija voi ilmoittautua toteutukselle suoraan HOPSin kautta. My\u00f6s opiskelija itse voi lis\u00e4t\u00e4 opintoja HOPSiinsa Opiskelijan ty\u00f6p\u00f6yd\u00e4ll\u00e4.<\/p>\n<p>Ohjaajana voit poistaa HOPSilta my\u00f6s opintoja, mik\u00e4li toteutukselle ei ole kirjattu arviointeja. Opiskelija voi poistaa HOPSiltaan vain vaihtoehtoisia tai vapaastivalittavia opintoja.<\/p>\n<p>Lis\u00e4\u00e4 opintoja valitsemalla suurennuslasi-ikoni sen opintokokonaisuuden kohdalta, johon opintoja halutaan lis\u00e4t\u00e4.<\/p>\n<div id=\"attachment_7052\" style=\"width: 594px\" class=\"wp-caption alignnone\"><a href=\"https:\/\/blogi.eoppimispalvelut.fi\/peppi-ohjeet\/files\/2024\/08\/Opintojen-lisaaminen-HOPSiin-2.png\" rel=\"attachment wp-att-1589\"><img loading=\"lazy\" decoding=\"async\" aria-describedby=\"caption-attachment-7052\" class=\"wp-image-7052 size-large\" src=\"https:\/\/blogi.eoppimispalvelut.fi\/peppi-ohjeet\/files\/2024\/08\/Opintojen-lisaaminen-HOPSiin-2-1280x914.png\" alt=\"Opintojen lis\u00e4\u00e4minen HOPSiin\" width=\"584\" height=\"417\" srcset=\"https:\/\/blogi.eoppimispalvelut.fi\/peppi-ohjeet\/files\/2024\/08\/Opintojen-lisaaminen-HOPSiin-2-1280x914.png 1280w, https:\/\/blogi.eoppimispalvelut.fi\/peppi-ohjeet\/files\/2024\/08\/Opintojen-lisaaminen-HOPSiin-2-600x428.png 600w, https:\/\/blogi.eoppimispalvelut.fi\/peppi-ohjeet\/files\/2024\/08\/Opintojen-lisaaminen-HOPSiin-2-768x548.png 768w, https:\/\/blogi.eoppimispalvelut.fi\/peppi-ohjeet\/files\/2024\/08\/Opintojen-lisaaminen-HOPSiin-2-1536x1097.png 1536w, https:\/\/blogi.eoppimispalvelut.fi\/peppi-ohjeet\/files\/2024\/08\/Opintojen-lisaaminen-HOPSiin-2-2048x1462.png 2048w, https:\/\/blogi.eoppimispalvelut.fi\/peppi-ohjeet\/files\/2024\/08\/Opintojen-lisaaminen-HOPSiin-2-420x300.png 420w\" sizes=\"auto, (max-width: 584px) 100vw, 584px\" \/><\/a><p id=\"caption-attachment-7052\" class=\"wp-caption-text\">Klikkaa kuvaa suuremmaksi<\/p><\/div>\n<p>Voit hakea lis\u00e4tt\u00e4v\u00e4n opinnon\/lis\u00e4tt\u00e4v\u00e4t opinnot avautuvassa opintohaku n\u00e4kym\u00e4ss\u00e4.<\/p>\n<div id=\"attachment_7053\" style=\"width: 594px\" class=\"wp-caption alignnone\"><a href=\"https:\/\/blogi.eoppimispalvelut.fi\/peppi-ohjeet\/files\/2024\/08\/Opintohaku-2.png\"><img loading=\"lazy\" decoding=\"async\" aria-describedby=\"caption-attachment-7053\" class=\"size-large wp-image-7053\" src=\"https:\/\/blogi.eoppimispalvelut.fi\/peppi-ohjeet\/files\/2024\/08\/Opintohaku-2-1280x758.png\" alt=\"Opintohaku\" width=\"584\" height=\"346\" srcset=\"https:\/\/blogi.eoppimispalvelut.fi\/peppi-ohjeet\/files\/2024\/08\/Opintohaku-2-1280x758.png 1280w, https:\/\/blogi.eoppimispalvelut.fi\/peppi-ohjeet\/files\/2024\/08\/Opintohaku-2-600x355.png 600w, https:\/\/blogi.eoppimispalvelut.fi\/peppi-ohjeet\/files\/2024\/08\/Opintohaku-2-768x455.png 768w, https:\/\/blogi.eoppimispalvelut.fi\/peppi-ohjeet\/files\/2024\/08\/Opintohaku-2-1536x910.png 1536w, https:\/\/blogi.eoppimispalvelut.fi\/peppi-ohjeet\/files\/2024\/08\/Opintohaku-2-2048x1213.png 2048w, https:\/\/blogi.eoppimispalvelut.fi\/peppi-ohjeet\/files\/2024\/08\/Opintohaku-2-500x296.png 500w\" sizes=\"auto, (max-width: 584px) 100vw, 584px\" \/><\/a><p id=\"caption-attachment-7053\" class=\"wp-caption-text\">Klikkaa kuvaa suuremmaksi<\/p><\/div>\n<ol>\n<li>Hae lis\u00e4tt\u00e4v\u00e4 opinto k\u00e4ytt\u00e4m\u00e4ll\u00e4 hakusanaa tai rajaamalla hakua alla olevilla faseteilla. Haun tulokset n\u00e4kyv\u00e4t ikkunan oikeassa reunassa.<\/li>\n<li>Valitse opinnon kohdalta Lis\u00e4\u00e4 koriin<\/li>\n<li>Valitse Vie valitut HOPSiin<\/li>\n<\/ol>\n<p>&nbsp;<\/p>\n<hr \/>\n<p>Takaisin\u00a0<a href=\"https:\/\/blogi.eoppimispalvelut.fi\/peppi-ohjeet\/opetus_ohjaus\/\">Opetus ja ohjaus -sivulle<\/a><\/p>\n","protected":false},"excerpt":{"rendered":"<p>Voit lis\u00e4t\u00e4 opintoja opiskelijan HOPSiin Opintojen valinta -v\u00e4lilehdell\u00e4. HOPSissa on oletuksena opiskelijan koulutusohjelman opetussuunnitelman mukaiset opintojaksot. Kun opintojakso lis\u00e4t\u00e4\u00e4n HOPSiin, opiskelija voi ilmoittautua toteutukselle suoraan HOPSin kautta. My\u00f6s opiskelija itse voi lis\u00e4t\u00e4 opintoja HOPSiinsa Opiskelijan ty\u00f6p\u00f6yd\u00e4ll\u00e4. Ohjaajana voit poistaa HOPSilta &hellip; <a href=\"https:\/\/blogi.eoppimispalvelut.fi\/peppi-ohjeet\/opetus_ohjaus\/hops-ohjaus\/opiskelijan-ohjaus\/opintojen-valinta\/\">Continue reading <span class=\"meta-nav\">&rarr;<\/span><\/a><\/p>\n","protected":false},"author":4339,"featured_media":0,"parent":1422,"menu_order":0,"comment_status":"closed","ping_status":"closed","template":"","meta":{"_monsterinsights_skip_tracking":false,"_monsterinsights_sitenote_active":false,"_monsterinsights_sitenote_note":"","_monsterinsights_sitenote_category":0,"footnotes":""},"class_list":["post-1510","page","type-page","status-publish","hentry"],"_links":{"self":[{"href":"https:\/\/blogi.eoppimispalvelut.fi\/peppi-ohjeet\/wp-json\/wp\/v2\/pages\/1510","targetHints":{"allow":["GET"]}}],"collection":[{"href":"https:\/\/blogi.eoppimispalvelut.fi\/peppi-ohjeet\/wp-json\/wp\/v2\/pages"}],"about":[{"href":"https:\/\/blogi.eoppimispalvelut.fi\/peppi-ohjeet\/wp-json\/wp\/v2\/types\/page"}],"author":[{"embeddable":true,"href":"https:\/\/blogi.eoppimispalvelut.fi\/peppi-ohjeet\/wp-json\/wp\/v2\/users\/4339"}],"replies":[{"embeddable":true,"href":"https:\/\/blogi.eoppimispalvelut.fi\/peppi-ohjeet\/wp-json\/wp\/v2\/comments?post=1510"}],"version-history":[{"count":9,"href":"https:\/\/blogi.eoppimispalvelut.fi\/peppi-ohjeet\/wp-json\/wp\/v2\/pages\/1510\/revisions"}],"predecessor-version":[{"id":7054,"href":"https:\/\/blogi.eoppimispalvelut.fi\/peppi-ohjeet\/wp-json\/wp\/v2\/pages\/1510\/revisions\/7054"}],"up":[{"embeddable":true,"href":"https:\/\/blogi.eoppimispalvelut.fi\/peppi-ohjeet\/wp-json\/wp\/v2\/pages\/1422"}],"wp:attachment":[{"href":"https:\/\/blogi.eoppimispalvelut.fi\/peppi-ohjeet\/wp-json\/wp\/v2\/media?parent=1510"}],"curies":[{"name":"wp","href":"https:\/\/api.w.org\/{rel}","templated":true}]}}