{"id":1517,"date":"2020-03-30T16:35:13","date_gmt":"2020-03-30T13:35:13","guid":{"rendered":"https:\/\/blogi.eoppimispalvelut.fi\/peppi-ohjeet\/?page_id=1517"},"modified":"2024-08-20T15:53:27","modified_gmt":"2024-08-20T12:53:27","slug":"ajoitus","status":"publish","type":"page","link":"https:\/\/blogi.eoppimispalvelut.fi\/peppi-ohjeet\/opetus_ohjaus\/hops-ohjaus\/opiskelijan-ohjaus\/ajoitus\/","title":{"rendered":"Opintojen ajoitus"},"content":{"rendered":"<p>Ohjaajana voit ajoittaa opiskelijan opintoja Ajoitus-v\u00e4lilehdell\u00e4.<\/p>\n<ul>\n<li>Opintojen ajoittamisella lukukausille ja\/tai periodeille varmistetaan, ett\u00e4 opintoja tulee lukuvuositasolla riitt\u00e4v\u00e4sti.<\/li>\n<li>Voit tarkastella ajoituksia eri aikaikkunossa: Lukuvuodet \/ Lukukaudet \/ Periodit<\/li>\n<li>Voit tarkastella my\u00f6s halutessasi kes\u00e4opintoja, klikkaamalla N\u00e4yt\u00e4 kes\u00e4periodit -painiketta<\/li>\n<\/ul>\n<div id=\"attachment_1601\" style=\"width: 1155px\" class=\"wp-caption alignnone\"><a href=\"https:\/\/blogi.eoppimispalvelut.fi\/peppi-ohjeet\/opetus_ohjaus\/hops-ohjaus\/opiskelijan-ohjaus\/ajoitus\/opintojen-ajoitus-hopsilla\/\" rel=\"attachment wp-att-1601\"><img loading=\"lazy\" decoding=\"async\" aria-describedby=\"caption-attachment-1601\" class=\"size-full wp-image-1601\" src=\"https:\/\/blogi.eoppimispalvelut.fi\/peppi-ohjeet\/files\/2020\/03\/Opintojen-ajoitus-HOPSilla.png\" alt=\"Opintojen ajoitus HOPSilla\" width=\"1145\" height=\"674\" srcset=\"https:\/\/blogi.eoppimispalvelut.fi\/peppi-ohjeet\/files\/2020\/03\/Opintojen-ajoitus-HOPSilla.png 1145w, https:\/\/blogi.eoppimispalvelut.fi\/peppi-ohjeet\/files\/2020\/03\/Opintojen-ajoitus-HOPSilla-900x530.png 900w, https:\/\/blogi.eoppimispalvelut.fi\/peppi-ohjeet\/files\/2020\/03\/Opintojen-ajoitus-HOPSilla-768x452.png 768w, https:\/\/blogi.eoppimispalvelut.fi\/peppi-ohjeet\/files\/2020\/03\/Opintojen-ajoitus-HOPSilla-500x294.png 500w\" sizes=\"auto, (max-width: 1145px) 100vw, 1145px\" \/><\/a><p id=\"caption-attachment-1601\" class=\"wp-caption-text\">Klikkaa kuva suuremmaksi<\/p><\/div>\n<ul>\n<li>Ajoitukseksi voidaan valita opetussuunnitelman oletus ajoitus tai voidaan luoda yksil\u00f6llinen ajoitus raahaamalla opintoja hopsin rakenteesta eri lukuvuosille.<\/li>\n<li>Ajoitukseen on my\u00f6s mahdollista lis\u00e4t\u00e4 poissaolomerkint\u00e4, jos opiskelija on poissaolevana tietyn lukukauden. Lukuvuosi-ilmoittautuminen tulee kuitenkin tehd\u00e4 erikseen.<\/li>\n<li>Voit raahata aikajanalla olevan opintojakson toiseen kohtaan. Suoritettu opintojakso sijoittuu automaattisesti sille kohdalle, miss\u00e4 se on suoritettu eik\u00e4 sen ajoitusta voi muuttaa<\/li>\n<li>Voit poistaa ajoituksen raahaamalla aikajanalla olevan opintojakson takaisin rakenteeseen<\/li>\n<li>Klikkaamalla kellosymbolia, rakenteeseen j\u00e4\u00e4v\u00e4t n\u00e4kyville ne opintojaksot, joita ei ole ajoitettu<\/li>\n<\/ul>\n<p>&nbsp;<\/p>\n<hr \/>\n<p>Takaisin\u00a0<a href=\"https:\/\/blogi.eoppimispalvelut.fi\/peppi-ohjeet\/opetus_ohjaus\/\">Opetus ja ohjaus -sivulle<\/a><\/p>\n","protected":false},"excerpt":{"rendered":"<p>Ohjaajana voit ajoittaa opiskelijan opintoja Ajoitus-v\u00e4lilehdell\u00e4. Opintojen ajoittamisella lukukausille ja\/tai periodeille varmistetaan, ett\u00e4 opintoja tulee lukuvuositasolla riitt\u00e4v\u00e4sti. Voit tarkastella ajoituksia eri aikaikkunossa: Lukuvuodet \/ Lukukaudet \/ Periodit Voit tarkastella my\u00f6s halutessasi kes\u00e4opintoja, klikkaamalla N\u00e4yt\u00e4 kes\u00e4periodit -painiketta Ajoitukseksi voidaan valita opetussuunnitelman &hellip; <a href=\"https:\/\/blogi.eoppimispalvelut.fi\/peppi-ohjeet\/opetus_ohjaus\/hops-ohjaus\/opiskelijan-ohjaus\/ajoitus\/\">Continue reading <span class=\"meta-nav\">&rarr;<\/span><\/a><\/p>\n","protected":false},"author":4339,"featured_media":0,"parent":1422,"menu_order":0,"comment_status":"closed","ping_status":"closed","template":"","meta":{"_monsterinsights_skip_tracking":false,"_monsterinsights_sitenote_active":false,"_monsterinsights_sitenote_note":"","_monsterinsights_sitenote_category":0,"footnotes":""},"class_list":["post-1517","page","type-page","status-publish","hentry"],"_links":{"self":[{"href":"https:\/\/blogi.eoppimispalvelut.fi\/peppi-ohjeet\/wp-json\/wp\/v2\/pages\/1517","targetHints":{"allow":["GET"]}}],"collection":[{"href":"https:\/\/blogi.eoppimispalvelut.fi\/peppi-ohjeet\/wp-json\/wp\/v2\/pages"}],"about":[{"href":"https:\/\/blogi.eoppimispalvelut.fi\/peppi-ohjeet\/wp-json\/wp\/v2\/types\/page"}],"author":[{"embeddable":true,"href":"https:\/\/blogi.eoppimispalvelut.fi\/peppi-ohjeet\/wp-json\/wp\/v2\/users\/4339"}],"replies":[{"embeddable":true,"href":"https:\/\/blogi.eoppimispalvelut.fi\/peppi-ohjeet\/wp-json\/wp\/v2\/comments?post=1517"}],"version-history":[{"count":5,"href":"https:\/\/blogi.eoppimispalvelut.fi\/peppi-ohjeet\/wp-json\/wp\/v2\/pages\/1517\/revisions"}],"predecessor-version":[{"id":7040,"href":"https:\/\/blogi.eoppimispalvelut.fi\/peppi-ohjeet\/wp-json\/wp\/v2\/pages\/1517\/revisions\/7040"}],"up":[{"embeddable":true,"href":"https:\/\/blogi.eoppimispalvelut.fi\/peppi-ohjeet\/wp-json\/wp\/v2\/pages\/1422"}],"wp:attachment":[{"href":"https:\/\/blogi.eoppimispalvelut.fi\/peppi-ohjeet\/wp-json\/wp\/v2\/media?parent=1517"}],"curies":[{"name":"wp","href":"https:\/\/api.w.org\/{rel}","templated":true}]}}