{"id":1519,"date":"2020-03-30T16:35:30","date_gmt":"2020-03-30T13:35:30","guid":{"rendered":"https:\/\/blogi.eoppimispalvelut.fi\/peppi-ohjeet\/?page_id=1519"},"modified":"2024-08-28T14:04:36","modified_gmt":"2024-08-28T11:04:36","slug":"viestit","status":"publish","type":"page","link":"https:\/\/blogi.eoppimispalvelut.fi\/peppi-ohjeet\/opetus_ohjaus\/hops-ohjaus\/opiskelijan-ohjaus\/viestit\/","title":{"rendered":"Viestit"},"content":{"rendered":"<p>Voit ohjata opiskelijan HOPSin tekemist\u00e4 viestien avulla.<\/p>\n<p>Peppi l\u00e4hett\u00e4\u00e4 viestit my\u00f6s opettajan ja opiskelijan s\u00e4hk\u00f6posteihin sek\u00e4 opettajan ty\u00f6p\u00f6yd\u00e4n etusivulle. Viestit opettaja n\u00e4kee my\u00f6s HOPS-ohjauksen Tapahtumat-v\u00e4lilehdelt\u00e4.<\/p>\n<p>Viesteihin ei voi vastata s\u00e4hk\u00f6postista, vaan ainoastaan Pepist\u00e4. Viestiin ei tule automaattisesti l\u00e4hett\u00e4j\u00e4n tietoja, joten allekirjoitus on sek\u00e4 opettajan ett\u00e4 opiskelijan taholta t\u00e4rke\u00e4.<\/p>\n<p>&nbsp;<\/p>\n<p><strong>HOPSin Viestit-v\u00e4lilehti<\/strong><\/p>\n<p>Viestit-v\u00e4lilehdell\u00e4 n\u00e4et kaikki opiskelijan kanssa vaihdetut viestit, HOPSiin tehdyt merkinn\u00e4t, HOPS-hyv\u00e4ksynn\u00e4t ja HOPS-teht\u00e4v\u00e4t. Voit avata viestin klikkaamalla otsikkoa ja vastata viestiin avautuvassa ikkunassa.<\/p>\n<div id=\"attachment_1971\" style=\"width: 1290px\" class=\"wp-caption alignnone\"><a href=\"https:\/\/blogi.eoppimispalvelut.fi\/peppi-ohjeet\/opetus_ohjaus\/hops-ohjaus\/opiskelijan-ohjaus\/viestit\/viestit-valilehden-nakyma\/\" rel=\"attachment wp-att-1971\"><img loading=\"lazy\" decoding=\"async\" aria-describedby=\"caption-attachment-1971\" class=\"size-full wp-image-1971\" src=\"https:\/\/blogi.eoppimispalvelut.fi\/peppi-ohjeet\/files\/2020\/04\/Viestit-v\u00e4lilehden-n\u00e4kym\u00e4.png\" alt=\"Viestit v\u00e4lilehden n\u00e4kym\u00e4\" width=\"1280\" height=\"378\" srcset=\"https:\/\/blogi.eoppimispalvelut.fi\/peppi-ohjeet\/files\/2020\/04\/Viestit-v\u00e4lilehden-n\u00e4kym\u00e4.png 1280w, https:\/\/blogi.eoppimispalvelut.fi\/peppi-ohjeet\/files\/2020\/04\/Viestit-v\u00e4lilehden-n\u00e4kym\u00e4-900x266.png 900w, https:\/\/blogi.eoppimispalvelut.fi\/peppi-ohjeet\/files\/2020\/04\/Viestit-v\u00e4lilehden-n\u00e4kym\u00e4-768x227.png 768w, https:\/\/blogi.eoppimispalvelut.fi\/peppi-ohjeet\/files\/2020\/04\/Viestit-v\u00e4lilehden-n\u00e4kym\u00e4-500x148.png 500w\" sizes=\"auto, (max-width: 1280px) 100vw, 1280px\" \/><\/a><p id=\"caption-attachment-1971\" class=\"wp-caption-text\">Klikkaa kuva suuremmaksi<\/p><\/div>\n<p>Listauspainikkeilla opettaja voi suodattaa Viestit-sivulla n\u00e4kyvi\u00e4 viestej\u00e4.<\/p>\n<div id=\"attachment_1974\" style=\"width: 673px\" class=\"wp-caption alignnone\"><a href=\"https:\/\/blogi.eoppimispalvelut.fi\/peppi-ohjeet\/opetus_ohjaus\/hops-ohjaus\/opiskelijan-ohjaus\/viestit\/listauspainikkeet\/\" rel=\"attachment wp-att-1974\"><img loading=\"lazy\" decoding=\"async\" aria-describedby=\"caption-attachment-1974\" class=\"size-full wp-image-1974\" src=\"https:\/\/blogi.eoppimispalvelut.fi\/peppi-ohjeet\/files\/2020\/04\/Listauspainikkeet.png\" alt=\"Listauspainikkeet\" width=\"663\" height=\"57\" srcset=\"https:\/\/blogi.eoppimispalvelut.fi\/peppi-ohjeet\/files\/2020\/04\/Listauspainikkeet.png 663w, https:\/\/blogi.eoppimispalvelut.fi\/peppi-ohjeet\/files\/2020\/04\/Listauspainikkeet-500x43.png 500w\" sizes=\"auto, (max-width: 663px) 100vw, 663px\" \/><\/a><p id=\"caption-attachment-1974\" class=\"wp-caption-text\">Klikkaa kuva suuremmaksi<\/p><\/div>\n<p>Hops-ohjauksen viestit luokitellaan kolmeen ryhm\u00e4\u00e4n<\/p>\n<ul>\n<li>Kommentoi hopsia ja Hyv\u00e4ksy hops\u00a0 &#8211;\u00a0 HOPS-hyv\u00e4ksynn\u00e4t<\/li>\n<li>Luo teht\u00e4v\u00e4 &#8211; HOPS-teht\u00e4v\u00e4t<\/li>\n<li>Opintojaksomerkinn\u00e4t &#8211; Merkinn\u00e4t<\/li>\n<\/ul>\n<div id=\"attachment_1973\" style=\"width: 521px\" class=\"wp-caption alignnone\"><a href=\"https:\/\/blogi.eoppimispalvelut.fi\/peppi-ohjeet\/opetus_ohjaus\/hops-ohjaus\/opiskelijan-ohjaus\/viestit\/tehtava-painikkeeet\/\" rel=\"attachment wp-att-1973\"><img loading=\"lazy\" decoding=\"async\" aria-describedby=\"caption-attachment-1973\" class=\"size-full wp-image-1973\" src=\"https:\/\/blogi.eoppimispalvelut.fi\/peppi-ohjeet\/files\/2020\/04\/Teht\u00e4v\u00e4-painikkeeet.png\" alt=\"Teht\u00e4v\u00e4 painikkeet\" width=\"511\" height=\"49\" srcset=\"https:\/\/blogi.eoppimispalvelut.fi\/peppi-ohjeet\/files\/2020\/04\/Teht\u00e4v\u00e4-painikkeeet.png 511w, https:\/\/blogi.eoppimispalvelut.fi\/peppi-ohjeet\/files\/2020\/04\/Teht\u00e4v\u00e4-painikkeeet-500x48.png 500w\" sizes=\"auto, (max-width: 511px) 100vw, 511px\" \/><\/a><p id=\"caption-attachment-1973\" class=\"wp-caption-text\">Klikkaa kuva suuremmaksi<\/p><\/div>\n<p>Teht\u00e4v\u00e4painikkeilla luodaan uusia viestej\u00e4 l\u00e4hetett\u00e4v\u00e4ksi opiskelijalle (voit lis\u00e4t\u00e4 viestiin my\u00f6s opettajan\/opettajia).<\/p>\n<p>&nbsp;<\/p>\n<p><strong>H<\/strong><strong>OPSin hyv\u00e4ksyminen<\/strong><\/p>\n<p>Valitse Hyv\u00e4ksy HOPS.<\/p>\n<div id=\"attachment_7056\" style=\"width: 822px\" class=\"wp-caption alignnone\"><a href=\"https:\/\/blogi.eoppimispalvelut.fi\/peppi-ohjeet\/files\/2024\/08\/HOPSin-hyvaksyminen.png\" rel=\"attachment wp-att-1980\"><img loading=\"lazy\" decoding=\"async\" aria-describedby=\"caption-attachment-7056\" class=\"wp-image-7056 size-full\" src=\"https:\/\/blogi.eoppimispalvelut.fi\/peppi-ohjeet\/files\/2024\/08\/HOPSin-hyvaksyminen.png\" alt=\"HOPSin hyv\u00e4ksyminen\" width=\"812\" height=\"174\" srcset=\"https:\/\/blogi.eoppimispalvelut.fi\/peppi-ohjeet\/files\/2024\/08\/HOPSin-hyvaksyminen.png 812w, https:\/\/blogi.eoppimispalvelut.fi\/peppi-ohjeet\/files\/2024\/08\/HOPSin-hyvaksyminen-600x129.png 600w, https:\/\/blogi.eoppimispalvelut.fi\/peppi-ohjeet\/files\/2024\/08\/HOPSin-hyvaksyminen-768x165.png 768w, https:\/\/blogi.eoppimispalvelut.fi\/peppi-ohjeet\/files\/2024\/08\/HOPSin-hyvaksyminen-500x107.png 500w\" sizes=\"auto, (max-width: 812px) 100vw, 812px\" \/><\/a><p id=\"caption-attachment-7056\" class=\"wp-caption-text\">Klikkaa kuvaa suuremmaksi<\/p><\/div>\n<ol>\n<li>Lis\u00e4\u00e4 viestin aihe<\/li>\n<li>Kirjoita viesti avautuvaan ikkunaan tai j\u00e4t\u00e4 sis\u00e4lt\u00f6n\u00e4 oleva automaattiviesti.\u00a0<b>Muista allekirjoittaa viestisi. <\/b>Viesti menee opiskelijan s\u00e4hk\u00f6postiin, mutta viestiss\u00e4 ei ole l\u00e4hett\u00e4j\u00e4n tietoja.<\/li>\n<li>Valitse Hyv\u00e4ksy HOPS<\/li>\n<\/ol>\n<p>&nbsp;<\/p>\n<p><strong>Teht\u00e4v\u00e4n (viestin) l\u00e4hett\u00e4minen yksitt\u00e4iselle opiskelijalle ja HOPSIn kommentointi<\/strong><\/p>\n<p>Valitse Kommentoi HOPSia tai Luo Teht\u00e4v\u00e4.<\/p>\n<div id=\"attachment_7057\" style=\"width: 823px\" class=\"wp-caption alignnone\"><a href=\"https:\/\/blogi.eoppimispalvelut.fi\/peppi-ohjeet\/files\/2024\/08\/HOPSin-kommentointi.png\" rel=\"attachment wp-att-1978\"><img loading=\"lazy\" decoding=\"async\" aria-describedby=\"caption-attachment-7057\" class=\"wp-image-7057 size-full\" src=\"https:\/\/blogi.eoppimispalvelut.fi\/peppi-ohjeet\/files\/2024\/08\/HOPSin-kommentointi.png\" alt=\"HOPSin kommentointi\" width=\"813\" height=\"471\" srcset=\"https:\/\/blogi.eoppimispalvelut.fi\/peppi-ohjeet\/files\/2024\/08\/HOPSin-kommentointi.png 813w, https:\/\/blogi.eoppimispalvelut.fi\/peppi-ohjeet\/files\/2024\/08\/HOPSin-kommentointi-600x348.png 600w, https:\/\/blogi.eoppimispalvelut.fi\/peppi-ohjeet\/files\/2024\/08\/HOPSin-kommentointi-768x445.png 768w, https:\/\/blogi.eoppimispalvelut.fi\/peppi-ohjeet\/files\/2024\/08\/HOPSin-kommentointi-500x290.png 500w\" sizes=\"auto, (max-width: 813px) 100vw, 813px\" \/><\/a><p id=\"caption-attachment-7057\" class=\"wp-caption-text\">Klikkaa kuvaa suuremmaksi<\/p><\/div>\n<ol>\n<li>Lis\u00e4\u00e4 viestin aihe<\/li>\n<li>Kirjoita viesti avautuvaan ikkunaan<b>.\u00a0<\/b><b>Muista allekirjoittaa viestisi. <\/b>Viesti menee opiskelijan s\u00e4hk\u00f6postiin, mutta viestiss\u00e4 ei ole l\u00e4hett\u00e4j\u00e4n tietoja.<\/li>\n<li>Valitse L\u00e4het\u00e4<\/li>\n<\/ol>\n<p>&nbsp;<\/p>\n<hr \/>\n<p>Takaisin\u00a0<a href=\"https:\/\/blogi.eoppimispalvelut.fi\/peppi-ohjeet\/opetus_ohjaus\/\">Opetus ja ohjaus -sivulle<\/a><\/p>\n","protected":false},"excerpt":{"rendered":"<p>Voit ohjata opiskelijan HOPSin tekemist\u00e4 viestien avulla. Peppi l\u00e4hett\u00e4\u00e4 viestit my\u00f6s opettajan ja opiskelijan s\u00e4hk\u00f6posteihin sek\u00e4 opettajan ty\u00f6p\u00f6yd\u00e4n etusivulle. Viestit opettaja n\u00e4kee my\u00f6s HOPS-ohjauksen Tapahtumat-v\u00e4lilehdelt\u00e4. Viesteihin ei voi vastata s\u00e4hk\u00f6postista, vaan ainoastaan Pepist\u00e4. Viestiin ei tule automaattisesti l\u00e4hett\u00e4j\u00e4n tietoja, joten &hellip; <a href=\"https:\/\/blogi.eoppimispalvelut.fi\/peppi-ohjeet\/opetus_ohjaus\/hops-ohjaus\/opiskelijan-ohjaus\/viestit\/\">Continue reading <span class=\"meta-nav\">&rarr;<\/span><\/a><\/p>\n","protected":false},"author":4339,"featured_media":0,"parent":1422,"menu_order":0,"comment_status":"closed","ping_status":"closed","template":"","meta":{"_monsterinsights_skip_tracking":false,"_monsterinsights_sitenote_active":false,"_monsterinsights_sitenote_note":"","_monsterinsights_sitenote_category":0,"footnotes":""},"class_list":["post-1519","page","type-page","status-publish","hentry"],"_links":{"self":[{"href":"https:\/\/blogi.eoppimispalvelut.fi\/peppi-ohjeet\/wp-json\/wp\/v2\/pages\/1519","targetHints":{"allow":["GET"]}}],"collection":[{"href":"https:\/\/blogi.eoppimispalvelut.fi\/peppi-ohjeet\/wp-json\/wp\/v2\/pages"}],"about":[{"href":"https:\/\/blogi.eoppimispalvelut.fi\/peppi-ohjeet\/wp-json\/wp\/v2\/types\/page"}],"author":[{"embeddable":true,"href":"https:\/\/blogi.eoppimispalvelut.fi\/peppi-ohjeet\/wp-json\/wp\/v2\/users\/4339"}],"replies":[{"embeddable":true,"href":"https:\/\/blogi.eoppimispalvelut.fi\/peppi-ohjeet\/wp-json\/wp\/v2\/comments?post=1519"}],"version-history":[{"count":9,"href":"https:\/\/blogi.eoppimispalvelut.fi\/peppi-ohjeet\/wp-json\/wp\/v2\/pages\/1519\/revisions"}],"predecessor-version":[{"id":7058,"href":"https:\/\/blogi.eoppimispalvelut.fi\/peppi-ohjeet\/wp-json\/wp\/v2\/pages\/1519\/revisions\/7058"}],"up":[{"embeddable":true,"href":"https:\/\/blogi.eoppimispalvelut.fi\/peppi-ohjeet\/wp-json\/wp\/v2\/pages\/1422"}],"wp:attachment":[{"href":"https:\/\/blogi.eoppimispalvelut.fi\/peppi-ohjeet\/wp-json\/wp\/v2\/media?parent=1519"}],"curies":[{"name":"wp","href":"https:\/\/api.w.org\/{rel}","templated":true}]}}