{"id":1521,"date":"2020-03-30T16:35:45","date_gmt":"2020-03-30T13:35:45","guid":{"rendered":"https:\/\/blogi.eoppimispalvelut.fi\/peppi-ohjeet\/?page_id=1521"},"modified":"2024-08-28T14:11:21","modified_gmt":"2024-08-28T11:11:21","slug":"ilmoittautumiset","status":"publish","type":"page","link":"https:\/\/blogi.eoppimispalvelut.fi\/peppi-ohjeet\/opetus_ohjaus\/hops-ohjaus\/opiskelijan-ohjaus\/ilmoittautumiset\/","title":{"rendered":"Ilmoittautumiset"},"content":{"rendered":"<p>Ilmoittautumiset-v\u00e4lilehdell\u00e4 n\u00e4et kaikki opiskelijan tekem\u00e4t ilmoittautumiset.<\/p>\n<ul>\n<li>Voit n\u00e4hd\u00e4 ne toteutukset, jotka ovat tulevia tai k\u00e4ynniss\u00e4 olevia tai jo menneit\u00e4 toteutuksia<\/li>\n<li>Ilmoittautumisen tila n\u00e4kyy opintojakson status-kuvakkeessa.<\/li>\n<li>Ohjaajana et voi perua opiskelijan ilmoittautumista.<\/li>\n<\/ul>\n<p>Toiminnot-painikkeen alta voi siirty\u00e4 tarkastelemaan toteutuksen tietoja, ilmoittautumisia tai arviointeja.<\/p>\n<div id=\"attachment_7060\" style=\"width: 594px\" class=\"wp-caption alignnone\"><a href=\"https:\/\/blogi.eoppimispalvelut.fi\/peppi-ohjeet\/files\/2024\/08\/Opiskelijan-ilmoittautumiset.png\" rel=\"attachment wp-att-1563\"><img loading=\"lazy\" decoding=\"async\" aria-describedby=\"caption-attachment-7060\" class=\"wp-image-7060 size-large\" src=\"https:\/\/blogi.eoppimispalvelut.fi\/peppi-ohjeet\/files\/2024\/08\/Opiskelijan-ilmoittautumiset-1280x794.png\" alt=\"Opiskelijan ilmoittautumiset\" width=\"584\" height=\"362\" srcset=\"https:\/\/blogi.eoppimispalvelut.fi\/peppi-ohjeet\/files\/2024\/08\/Opiskelijan-ilmoittautumiset-1280x794.png 1280w, https:\/\/blogi.eoppimispalvelut.fi\/peppi-ohjeet\/files\/2024\/08\/Opiskelijan-ilmoittautumiset-600x372.png 600w, https:\/\/blogi.eoppimispalvelut.fi\/peppi-ohjeet\/files\/2024\/08\/Opiskelijan-ilmoittautumiset-768x476.png 768w, https:\/\/blogi.eoppimispalvelut.fi\/peppi-ohjeet\/files\/2024\/08\/Opiskelijan-ilmoittautumiset-1536x952.png 1536w, https:\/\/blogi.eoppimispalvelut.fi\/peppi-ohjeet\/files\/2024\/08\/Opiskelijan-ilmoittautumiset-2048x1270.png 2048w, https:\/\/blogi.eoppimispalvelut.fi\/peppi-ohjeet\/files\/2024\/08\/Opiskelijan-ilmoittautumiset-484x300.png 484w\" sizes=\"auto, (max-width: 584px) 100vw, 584px\" \/><\/a><p id=\"caption-attachment-7060\" class=\"wp-caption-text\">Klikkaa kuvaa suuremmaksi<\/p><\/div>\n<p>&nbsp;<\/p>\n<hr \/>\n<p>Takaisin\u00a0<a href=\"https:\/\/blogi.eoppimispalvelut.fi\/peppi-ohjeet\/opetus_ohjaus\/\">Opetus ja ohjaus -sivulle<\/a><\/p>\n","protected":false},"excerpt":{"rendered":"<p>Ilmoittautumiset-v\u00e4lilehdell\u00e4 n\u00e4et kaikki opiskelijan tekem\u00e4t ilmoittautumiset. Voit n\u00e4hd\u00e4 ne toteutukset, jotka ovat tulevia tai k\u00e4ynniss\u00e4 olevia tai jo menneit\u00e4 toteutuksia Ilmoittautumisen tila n\u00e4kyy opintojakson status-kuvakkeessa. Ohjaajana et voi perua opiskelijan ilmoittautumista. Toiminnot-painikkeen alta voi siirty\u00e4 tarkastelemaan toteutuksen tietoja, ilmoittautumisia tai &hellip; <a href=\"https:\/\/blogi.eoppimispalvelut.fi\/peppi-ohjeet\/opetus_ohjaus\/hops-ohjaus\/opiskelijan-ohjaus\/ilmoittautumiset\/\">Continue reading <span class=\"meta-nav\">&rarr;<\/span><\/a><\/p>\n","protected":false},"author":4339,"featured_media":0,"parent":1422,"menu_order":0,"comment_status":"closed","ping_status":"closed","template":"","meta":{"_monsterinsights_skip_tracking":false,"_monsterinsights_sitenote_active":false,"_monsterinsights_sitenote_note":"","_monsterinsights_sitenote_category":0,"footnotes":""},"class_list":["post-1521","page","type-page","status-publish","hentry"],"_links":{"self":[{"href":"https:\/\/blogi.eoppimispalvelut.fi\/peppi-ohjeet\/wp-json\/wp\/v2\/pages\/1521","targetHints":{"allow":["GET"]}}],"collection":[{"href":"https:\/\/blogi.eoppimispalvelut.fi\/peppi-ohjeet\/wp-json\/wp\/v2\/pages"}],"about":[{"href":"https:\/\/blogi.eoppimispalvelut.fi\/peppi-ohjeet\/wp-json\/wp\/v2\/types\/page"}],"author":[{"embeddable":true,"href":"https:\/\/blogi.eoppimispalvelut.fi\/peppi-ohjeet\/wp-json\/wp\/v2\/users\/4339"}],"replies":[{"embeddable":true,"href":"https:\/\/blogi.eoppimispalvelut.fi\/peppi-ohjeet\/wp-json\/wp\/v2\/comments?post=1521"}],"version-history":[{"count":7,"href":"https:\/\/blogi.eoppimispalvelut.fi\/peppi-ohjeet\/wp-json\/wp\/v2\/pages\/1521\/revisions"}],"predecessor-version":[{"id":7061,"href":"https:\/\/blogi.eoppimispalvelut.fi\/peppi-ohjeet\/wp-json\/wp\/v2\/pages\/1521\/revisions\/7061"}],"up":[{"embeddable":true,"href":"https:\/\/blogi.eoppimispalvelut.fi\/peppi-ohjeet\/wp-json\/wp\/v2\/pages\/1422"}],"wp:attachment":[{"href":"https:\/\/blogi.eoppimispalvelut.fi\/peppi-ohjeet\/wp-json\/wp\/v2\/media?parent=1521"}],"curies":[{"name":"wp","href":"https:\/\/api.w.org\/{rel}","templated":true}]}}