{"id":1529,"date":"2020-03-30T16:41:16","date_gmt":"2020-03-30T13:41:16","guid":{"rendered":"https:\/\/blogi.eoppimispalvelut.fi\/peppi-ohjeet\/?page_id=1529"},"modified":"2024-08-28T14:37:56","modified_gmt":"2024-08-28T11:37:56","slug":"sopimuspankki","status":"publish","type":"page","link":"https:\/\/blogi.eoppimispalvelut.fi\/peppi-ohjeet\/opetus_ohjaus\/hops-ohjaus\/opiskelijan-ohjaus\/sopimuspankki\/","title":{"rendered":"Sopimuspankki"},"content":{"rendered":"<p>Sopimuspankkiin talletetaan opiskelijoiden kanssa tehdyt sopimukset esim. poikkeavasta toteutustavasta ja\/tai ajasta.<\/p>\n<p>Valitse opettajan ty\u00f6p\u00f6yd\u00e4n yl\u00e4valikosta Opiskelijat-valikon alta Sopimuspankki.<\/p>\n<div id=\"attachment_7063\" style=\"width: 594px\" class=\"wp-caption alignnone\"><a href=\"https:\/\/blogi.eoppimispalvelut.fi\/peppi-ohjeet\/files\/2024\/08\/Sopimuspankki.png\" rel=\"attachment wp-att-1624\"><img loading=\"lazy\" decoding=\"async\" aria-describedby=\"caption-attachment-7063\" class=\"wp-image-7063 size-large\" src=\"https:\/\/blogi.eoppimispalvelut.fi\/peppi-ohjeet\/files\/2024\/08\/Sopimuspankki-1280x349.png\" alt=\"Sopimuspankki\" width=\"584\" height=\"159\" srcset=\"https:\/\/blogi.eoppimispalvelut.fi\/peppi-ohjeet\/files\/2024\/08\/Sopimuspankki-1280x349.png 1280w, https:\/\/blogi.eoppimispalvelut.fi\/peppi-ohjeet\/files\/2024\/08\/Sopimuspankki-600x164.png 600w, https:\/\/blogi.eoppimispalvelut.fi\/peppi-ohjeet\/files\/2024\/08\/Sopimuspankki-768x209.png 768w, https:\/\/blogi.eoppimispalvelut.fi\/peppi-ohjeet\/files\/2024\/08\/Sopimuspankki-1536x419.png 1536w, https:\/\/blogi.eoppimispalvelut.fi\/peppi-ohjeet\/files\/2024\/08\/Sopimuspankki-2048x559.png 2048w, https:\/\/blogi.eoppimispalvelut.fi\/peppi-ohjeet\/files\/2024\/08\/Sopimuspankki-500x136.png 500w\" sizes=\"auto, (max-width: 584px) 100vw, 584px\" \/><\/a><p id=\"caption-attachment-7063\" class=\"wp-caption-text\">Klikkaa kuvaa suuremmaksi<\/p><\/div>\n<p>Lis\u00e4t\u00e4ksesi uuden sopimuksen valitse Lis\u00e4\u00e4 sopimus. Luettelo sopimuksista l\u00f6ytyy sopimuspankin p\u00e4\u00e4n\u00e4kym\u00e4st\u00e4.<\/p>\n<div id=\"attachment_7064\" style=\"width: 594px\" class=\"wp-caption alignnone\"><a href=\"https:\/\/blogi.eoppimispalvelut.fi\/peppi-ohjeet\/files\/2024\/08\/Sopimuksen-lisaaminen.png\" rel=\"attachment wp-att-1625\"><img loading=\"lazy\" decoding=\"async\" aria-describedby=\"caption-attachment-7064\" class=\"wp-image-7064 size-large\" src=\"https:\/\/blogi.eoppimispalvelut.fi\/peppi-ohjeet\/files\/2024\/08\/Sopimuksen-lisaaminen-1280x331.png\" alt=\"Sopimuksen lis\u00e4\u00e4minen\" width=\"584\" height=\"151\" srcset=\"https:\/\/blogi.eoppimispalvelut.fi\/peppi-ohjeet\/files\/2024\/08\/Sopimuksen-lisaaminen-1280x331.png 1280w, https:\/\/blogi.eoppimispalvelut.fi\/peppi-ohjeet\/files\/2024\/08\/Sopimuksen-lisaaminen-600x155.png 600w, https:\/\/blogi.eoppimispalvelut.fi\/peppi-ohjeet\/files\/2024\/08\/Sopimuksen-lisaaminen-768x198.png 768w, https:\/\/blogi.eoppimispalvelut.fi\/peppi-ohjeet\/files\/2024\/08\/Sopimuksen-lisaaminen-1536x397.png 1536w, https:\/\/blogi.eoppimispalvelut.fi\/peppi-ohjeet\/files\/2024\/08\/Sopimuksen-lisaaminen-2048x529.png 2048w, https:\/\/blogi.eoppimispalvelut.fi\/peppi-ohjeet\/files\/2024\/08\/Sopimuksen-lisaaminen-500x129.png 500w\" sizes=\"auto, (max-width: 584px) 100vw, 584px\" \/><\/a><p id=\"caption-attachment-7064\" class=\"wp-caption-text\">Klikkaa kuvaa suuremmaksi<\/p><\/div>\n<p>T\u00e4ydenn\u00e4 sopimuksen tiedot avautuvassa ikkunassa<\/p>\n<ul>\n<li>Otsikko<\/li>\n<li>Kuvaus sopimuksen sis\u00e4ll\u00f6st\u00e4<\/li>\n<li>Sopimuksen p\u00e4\u00e4ttymisp\u00e4iv\u00e4<\/li>\n<li>Opiskelija<\/li>\n<li>Muut opettajat (Lis\u00e4\u00e4 sopimukseen osallistujaksi my\u00f6s opo ja\/tai koulutuksen suunnittelija, mik\u00e4li he tarvitsevat my\u00f6s tiedon sopimuksesta)<\/li>\n<li>Liit\u00e4 sopimukseen liittyv\u00e4t Opintojaksot\/toteutukset<\/li>\n<li>Voit liitt\u00e4\u00e4 sopimuksen mukaan my\u00f6s tiedostoja.<\/li>\n<\/ul>\n<p>Tallenna sopimus.<\/p>\n<div id=\"attachment_7065\" style=\"width: 583px\" class=\"wp-caption alignnone\"><a href=\"https:\/\/blogi.eoppimispalvelut.fi\/peppi-ohjeet\/files\/2024\/08\/Sopimuksen-tiedot.png\" rel=\"attachment wp-att-1626\"><img loading=\"lazy\" decoding=\"async\" aria-describedby=\"caption-attachment-7065\" class=\"wp-image-7065 size-full\" src=\"https:\/\/blogi.eoppimispalvelut.fi\/peppi-ohjeet\/files\/2024\/08\/Sopimuksen-tiedot.png\" alt=\"Sopimuksen tiedot\" width=\"573\" height=\"507\" srcset=\"https:\/\/blogi.eoppimispalvelut.fi\/peppi-ohjeet\/files\/2024\/08\/Sopimuksen-tiedot.png 573w, https:\/\/blogi.eoppimispalvelut.fi\/peppi-ohjeet\/files\/2024\/08\/Sopimuksen-tiedot-339x300.png 339w\" sizes=\"auto, (max-width: 573px) 100vw, 573px\" \/><\/a><p id=\"caption-attachment-7065\" class=\"wp-caption-text\">Klikkaa kuvaa suuremmaksi<\/p><\/div>\n<p>Kun sopimus on tallennettu, voit avata sopimuksen tiedot klikkaamalla sopimuksen otsikkoa p\u00e4\u00e4n\u00e4kym\u00e4ss\u00e4.<\/p>\n<div id=\"attachment_7066\" style=\"width: 594px\" class=\"wp-caption alignnone\"><a href=\"https:\/\/blogi.eoppimispalvelut.fi\/peppi-ohjeet\/files\/2024\/08\/Sopimuksen-tietojen-tarkastelu.png\" rel=\"attachment wp-att-1628\"><img loading=\"lazy\" decoding=\"async\" aria-describedby=\"caption-attachment-7066\" class=\"wp-image-7066 size-large\" src=\"https:\/\/blogi.eoppimispalvelut.fi\/peppi-ohjeet\/files\/2024\/08\/Sopimuksen-tietojen-tarkastelu-1280x724.png\" alt=\"Sopimuksen tietojen tarkastelu\" width=\"584\" height=\"330\" srcset=\"https:\/\/blogi.eoppimispalvelut.fi\/peppi-ohjeet\/files\/2024\/08\/Sopimuksen-tietojen-tarkastelu-1280x724.png 1280w, https:\/\/blogi.eoppimispalvelut.fi\/peppi-ohjeet\/files\/2024\/08\/Sopimuksen-tietojen-tarkastelu-600x339.png 600w, https:\/\/blogi.eoppimispalvelut.fi\/peppi-ohjeet\/files\/2024\/08\/Sopimuksen-tietojen-tarkastelu-768x435.png 768w, https:\/\/blogi.eoppimispalvelut.fi\/peppi-ohjeet\/files\/2024\/08\/Sopimuksen-tietojen-tarkastelu-1536x869.png 1536w, https:\/\/blogi.eoppimispalvelut.fi\/peppi-ohjeet\/files\/2024\/08\/Sopimuksen-tietojen-tarkastelu-2048x1159.png 2048w, https:\/\/blogi.eoppimispalvelut.fi\/peppi-ohjeet\/files\/2024\/08\/Sopimuksen-tietojen-tarkastelu-500x283.png 500w\" sizes=\"auto, (max-width: 584px) 100vw, 584px\" \/><\/a><p id=\"caption-attachment-7066\" class=\"wp-caption-text\">Klikkaa kuvaa suuremmaksi<\/p><\/div>\n<p>Sopimusn\u00e4kym\u00e4ss\u00e4 voit<\/p>\n<ul>\n<li>tarkastella sopimuksen sis\u00e4lt\u00f6\u00e4<\/li>\n<li>muokata sopimusta valitsemalla Muokkaa tai hyv\u00e4ksy\u00e4 sopimuksen valitsemalla Hyv\u00e4ksy<\/li>\n<li>l\u00e4hett\u00e4\u00e4 uuden viestin koskien sopimusta valitsemalla Uusi viesti<\/li>\n<\/ul>\n<p>Voit my\u00f6s tarvittaessa lis\u00e4t\u00e4 liitteit\u00e4 sopimukselle tai tarkastella sopimukselle tallennettuja liitteit\u00e4.<\/p>\n<p>&nbsp;<\/p>\n<hr \/>\n<p>Takaisin\u00a0<a href=\"https:\/\/blogi.eoppimispalvelut.fi\/peppi-ohjeet\/opetus_ohjaus\/\">Opetus ja ohjaus -sivulle<\/a><\/p>\n","protected":false},"excerpt":{"rendered":"<p>Sopimuspankkiin talletetaan opiskelijoiden kanssa tehdyt sopimukset esim. poikkeavasta toteutustavasta ja\/tai ajasta. Valitse opettajan ty\u00f6p\u00f6yd\u00e4n yl\u00e4valikosta Opiskelijat-valikon alta Sopimuspankki. Lis\u00e4t\u00e4ksesi uuden sopimuksen valitse Lis\u00e4\u00e4 sopimus. Luettelo sopimuksista l\u00f6ytyy sopimuspankin p\u00e4\u00e4n\u00e4kym\u00e4st\u00e4. T\u00e4ydenn\u00e4 sopimuksen tiedot avautuvassa ikkunassa Otsikko Kuvaus sopimuksen sis\u00e4ll\u00f6st\u00e4 Sopimuksen p\u00e4\u00e4ttymisp\u00e4iv\u00e4 &hellip; <a href=\"https:\/\/blogi.eoppimispalvelut.fi\/peppi-ohjeet\/opetus_ohjaus\/hops-ohjaus\/opiskelijan-ohjaus\/sopimuspankki\/\">Continue reading <span class=\"meta-nav\">&rarr;<\/span><\/a><\/p>\n","protected":false},"author":4339,"featured_media":0,"parent":1422,"menu_order":0,"comment_status":"closed","ping_status":"closed","template":"","meta":{"_monsterinsights_skip_tracking":false,"_monsterinsights_sitenote_active":false,"_monsterinsights_sitenote_note":"","_monsterinsights_sitenote_category":0,"footnotes":""},"class_list":["post-1529","page","type-page","status-publish","hentry"],"_links":{"self":[{"href":"https:\/\/blogi.eoppimispalvelut.fi\/peppi-ohjeet\/wp-json\/wp\/v2\/pages\/1529","targetHints":{"allow":["GET"]}}],"collection":[{"href":"https:\/\/blogi.eoppimispalvelut.fi\/peppi-ohjeet\/wp-json\/wp\/v2\/pages"}],"about":[{"href":"https:\/\/blogi.eoppimispalvelut.fi\/peppi-ohjeet\/wp-json\/wp\/v2\/types\/page"}],"author":[{"embeddable":true,"href":"https:\/\/blogi.eoppimispalvelut.fi\/peppi-ohjeet\/wp-json\/wp\/v2\/users\/4339"}],"replies":[{"embeddable":true,"href":"https:\/\/blogi.eoppimispalvelut.fi\/peppi-ohjeet\/wp-json\/wp\/v2\/comments?post=1529"}],"version-history":[{"count":7,"href":"https:\/\/blogi.eoppimispalvelut.fi\/peppi-ohjeet\/wp-json\/wp\/v2\/pages\/1529\/revisions"}],"predecessor-version":[{"id":7067,"href":"https:\/\/blogi.eoppimispalvelut.fi\/peppi-ohjeet\/wp-json\/wp\/v2\/pages\/1529\/revisions\/7067"}],"up":[{"embeddable":true,"href":"https:\/\/blogi.eoppimispalvelut.fi\/peppi-ohjeet\/wp-json\/wp\/v2\/pages\/1422"}],"wp:attachment":[{"href":"https:\/\/blogi.eoppimispalvelut.fi\/peppi-ohjeet\/wp-json\/wp\/v2\/media?parent=1529"}],"curies":[{"name":"wp","href":"https:\/\/api.w.org\/{rel}","templated":true}]}}