{"id":1732,"date":"2020-04-06T10:04:34","date_gmt":"2020-04-06T07:04:34","guid":{"rendered":"https:\/\/blogi.eoppimispalvelut.fi\/peppi-ohjeet\/?page_id=1732"},"modified":"2024-06-28T14:41:47","modified_gmt":"2024-06-28T11:41:47","slug":"hakemukset","status":"publish","type":"page","link":"https:\/\/blogi.eoppimispalvelut.fi\/peppi-ohjeet\/opiskelijalle\/hakemukset\/","title":{"rendered":"Hakemukset"},"content":{"rendered":"<p>Voit tehd\u00e4 seuraavat opintoihisi liittyv\u00e4t hakemukset Pepiss\u00e4:<\/p>\n<ul>\n<li><a href=\"https:\/\/blogi.eoppimispalvelut.fi\/peppi-ohjeet\/opiskelijalle\/minun-opintoni\/valmistumishakemus\/\">Valmistumishakemus<\/a><\/li>\n<li><a href=\"https:\/\/blogi.eoppimispalvelut.fi\/peppi-ohjeet\/opiskelijalle\/hakemukset\/suoritusmerkintojen-siirto\/\">Suoritusmerkint\u00f6jen siirto<\/a><\/li>\n<li><a href=\"https:\/\/blogi.eoppimispalvelut.fi\/peppi-ohjeet\/opiskelijalle\/hakemukset\/hakemus-vapautukseksi-pakollisista-kieliopinnoista\/\">Hakemus vapautukseksi pakollisista kieliopinnoista<\/a><\/li>\n<li><a href=\"https:\/\/blogi.eoppimispalvelut.fi\/peppi-ohjeet\/opiskelijalle\/hakemukset\/hakemus-opiskeluoikeuden-jatkamiseksi\/\">Hakemus opiskeluoikeuden jatkamiseksi<\/a><\/li>\n<li><a href=\"https:\/\/blogi.eoppimispalvelut.fi\/peppi-ohjeet\/opiskelijalle\/hakemukset\/eroilmoitus\/\">Eroilmoitus<\/a><\/li>\n<\/ul>\n<hr \/>\n<p>Takaisin\u00a0<a href=\"https:\/\/blogi.eoppimispalvelut.fi\/peppi-ohjeet\/opiskelijalle\/\">Opiskelijalle-sivulle<\/a><\/p>\n","protected":false},"excerpt":{"rendered":"<p>Voit tehd\u00e4 seuraavat opintoihisi liittyv\u00e4t hakemukset Pepiss\u00e4: Valmistumishakemus Suoritusmerkint\u00f6jen siirto Hakemus vapautukseksi pakollisista kieliopinnoista Hakemus opiskeluoikeuden jatkamiseksi Eroilmoitus Takaisin\u00a0Opiskelijalle-sivulle<\/p>\n","protected":false},"author":4339,"featured_media":0,"parent":203,"menu_order":0,"comment_status":"closed","ping_status":"closed","template":"","meta":{"_monsterinsights_skip_tracking":false,"_monsterinsights_sitenote_active":false,"_monsterinsights_sitenote_note":"","_monsterinsights_sitenote_category":0,"footnotes":""},"class_list":["post-1732","page","type-page","status-publish","hentry"],"_links":{"self":[{"href":"https:\/\/blogi.eoppimispalvelut.fi\/peppi-ohjeet\/wp-json\/wp\/v2\/pages\/1732","targetHints":{"allow":["GET"]}}],"collection":[{"href":"https:\/\/blogi.eoppimispalvelut.fi\/peppi-ohjeet\/wp-json\/wp\/v2\/pages"}],"about":[{"href":"https:\/\/blogi.eoppimispalvelut.fi\/peppi-ohjeet\/wp-json\/wp\/v2\/types\/page"}],"author":[{"embeddable":true,"href":"https:\/\/blogi.eoppimispalvelut.fi\/peppi-ohjeet\/wp-json\/wp\/v2\/users\/4339"}],"replies":[{"embeddable":true,"href":"https:\/\/blogi.eoppimispalvelut.fi\/peppi-ohjeet\/wp-json\/wp\/v2\/comments?post=1732"}],"version-history":[{"count":7,"href":"https:\/\/blogi.eoppimispalvelut.fi\/peppi-ohjeet\/wp-json\/wp\/v2\/pages\/1732\/revisions"}],"predecessor-version":[{"id":6663,"href":"https:\/\/blogi.eoppimispalvelut.fi\/peppi-ohjeet\/wp-json\/wp\/v2\/pages\/1732\/revisions\/6663"}],"up":[{"embeddable":true,"href":"https:\/\/blogi.eoppimispalvelut.fi\/peppi-ohjeet\/wp-json\/wp\/v2\/pages\/203"}],"wp:attachment":[{"href":"https:\/\/blogi.eoppimispalvelut.fi\/peppi-ohjeet\/wp-json\/wp\/v2\/media?parent=1732"}],"curies":[{"name":"wp","href":"https:\/\/api.w.org\/{rel}","templated":true}]}}