{"id":1736,"date":"2020-04-06T10:06:49","date_gmt":"2020-04-06T07:06:49","guid":{"rendered":"https:\/\/blogi.eoppimispalvelut.fi\/peppi-ohjeet\/?page_id=1736"},"modified":"2024-05-17T14:45:04","modified_gmt":"2024-05-17T11:45:04","slug":"hops-2","status":"publish","type":"page","link":"https:\/\/blogi.eoppimispalvelut.fi\/peppi-ohjeet\/opiskelijalle\/minun-opintoni\/hops-2\/","title":{"rendered":"HOPS"},"content":{"rendered":"<p>HOPSin eli henkil\u00f6kohtaisen opintotosuunnitelman avulla suunnittelet ja aikataulutat opintonsi ja seuraat opintojesi etenemist\u00e4. HOPSin kautta voit my\u00f6s k\u00e4yd\u00e4 keskustelua opinnoistasi opinto-ohjaajan kanssa. Ensisijaisena<span class=\"NormalTextRun SCX157673583\"> HOPS-<\/span><span class=\"SpellingError SCX157673583\">ohjaajana<\/span>\u00a0<span class=\"SpellingError SCX157673583\">toimii<\/span> koulutuksesi opinto-ohjaaja<span class=\"NormalTextRun SCX157673583\">. Pepin k\u00e4yt\u00f6n osalta saat ohjausta my\u00f6s alasi suunnittelijalta.<\/span><\/p>\n<p>P\u00e4\u00e4set tarkastelmaan HOPSiasi sek\u00e4 suunnittelemaan ja ajoittamaan opintojasi valitsemalla Opiskelijan ty\u00f6p\u00f6yd\u00e4lt\u00e4 Minun opintoni -valikon alta Opintosuunnittelu (eHOPS).<\/p>\n<p>SIS\u00c4LT\u00d6:<\/p>\n<ul>\n<li><a href=\"https:\/\/blogi.eoppimispalvelut.fi\/peppi-ohjeet\/opiskelijalle\/minun-opintoni\/hops-2\/hopsin-tarkastelu\/\">HOPSin tarkastelu<\/a><\/li>\n<li><a href=\"https:\/\/blogi.eoppimispalvelut.fi\/peppi-ohjeet\/opiskelijalle\/minun-opintoni\/hops-2\/opintojen-lisaaminen-hopsiin\/\">Opintojen lis\u00e4\u00e4minen HOPSiin<\/a><\/li>\n<li><a href=\"https:\/\/blogi.eoppimispalvelut.fi\/peppi-ohjeet\/opiskelijalle\/minun-opintoni\/hops-2\/opintojen-ajoitus\/\">Opintojen ajoitus<\/a><\/li>\n<li><a href=\"https:\/\/blogi.eoppimispalvelut.fi\/peppi-ohjeet\/opiskelijalle\/minun-opintoni\/hops-2\/jasentelyt\/\">J\u00e4sentelyt<\/a><\/li>\n<li><a href=\"https:\/\/blogi.eoppimispalvelut.fi\/peppi-ohjeet\/opiskelijalle\/minun-opintoni\/hops-2\/viestit\/\">Viestit<\/a><\/li>\n<li><a href=\"https:\/\/blogi.eoppimispalvelut.fi\/peppi-ohjeet\/opiskelijalle\/minun-opintoni\/hops-2\/ryhman-kuvaus\/\">Ryhm\u00e4n kuvaus<\/a><\/li>\n<\/ul>\n<hr \/>\n<p>Takaisin\u00a0<a href=\"https:\/\/blogi.eoppimispalvelut.fi\/peppi-ohjeet\/opiskelijalle\/\">Opiskelijalle-sivulle<\/a><\/p>\n<p>&nbsp;<\/p>\n<p>&nbsp;<\/p>\n<p>&nbsp;<\/p>\n<p>&nbsp;<\/p>\n<p>&nbsp;<\/p>\n<p>&nbsp;<\/p>\n<p>&nbsp;<\/p>\n<p>&nbsp;<\/p>\n<p>&nbsp;<\/p>\n<p>&nbsp;<\/p>\n<p>&nbsp;<\/p>\n<p>&nbsp;<\/p>\n<p>&nbsp;<\/p>\n<p>&nbsp;<\/p>\n<p>&nbsp;<\/p>\n<p>&nbsp;<\/p>\n<p>&nbsp;<\/p>\n<p>&nbsp;<\/p>\n<p>&nbsp;<\/p>\n<p>&nbsp;<\/p>\n<p>&nbsp;<\/p>\n<p>&nbsp;<\/p>\n<p>&nbsp;<\/p>\n<p>&nbsp;<\/p>\n<p>&nbsp;<\/p>\n<p>&nbsp;<\/p>\n<p>&nbsp;<\/p>\n<p>&nbsp;<\/p>\n<p>&nbsp;<\/p>\n<p>&nbsp;<\/p>\n<p>&nbsp;<\/p>\n<p>&nbsp;<\/p>\n<p>&nbsp;<\/p>\n<p>&nbsp;<\/p>\n<p>&nbsp;<\/p>\n<p>&nbsp;<\/p>\n","protected":false},"excerpt":{"rendered":"<p>HOPSin eli henkil\u00f6kohtaisen opintotosuunnitelman avulla suunnittelet ja aikataulutat opintonsi ja seuraat opintojesi etenemist\u00e4. HOPSin kautta voit my\u00f6s k\u00e4yd\u00e4 keskustelua opinnoistasi opinto-ohjaajan kanssa. Ensisijaisena HOPS-ohjaajana\u00a0toimii koulutuksesi opinto-ohjaaja. Pepin k\u00e4yt\u00f6n osalta saat ohjausta my\u00f6s alasi suunnittelijalta. P\u00e4\u00e4set tarkastelmaan HOPSiasi sek\u00e4 suunnittelemaan ja &hellip; <a href=\"https:\/\/blogi.eoppimispalvelut.fi\/peppi-ohjeet\/opiskelijalle\/minun-opintoni\/hops-2\/\">Continue reading <span class=\"meta-nav\">&rarr;<\/span><\/a><\/p>\n","protected":false},"author":4339,"featured_media":0,"parent":372,"menu_order":0,"comment_status":"closed","ping_status":"closed","template":"","meta":{"_monsterinsights_skip_tracking":false,"_monsterinsights_sitenote_active":false,"_monsterinsights_sitenote_note":"","_monsterinsights_sitenote_category":0,"footnotes":""},"class_list":["post-1736","page","type-page","status-publish","hentry"],"_links":{"self":[{"href":"https:\/\/blogi.eoppimispalvelut.fi\/peppi-ohjeet\/wp-json\/wp\/v2\/pages\/1736","targetHints":{"allow":["GET"]}}],"collection":[{"href":"https:\/\/blogi.eoppimispalvelut.fi\/peppi-ohjeet\/wp-json\/wp\/v2\/pages"}],"about":[{"href":"https:\/\/blogi.eoppimispalvelut.fi\/peppi-ohjeet\/wp-json\/wp\/v2\/types\/page"}],"author":[{"embeddable":true,"href":"https:\/\/blogi.eoppimispalvelut.fi\/peppi-ohjeet\/wp-json\/wp\/v2\/users\/4339"}],"replies":[{"embeddable":true,"href":"https:\/\/blogi.eoppimispalvelut.fi\/peppi-ohjeet\/wp-json\/wp\/v2\/comments?post=1736"}],"version-history":[{"count":14,"href":"https:\/\/blogi.eoppimispalvelut.fi\/peppi-ohjeet\/wp-json\/wp\/v2\/pages\/1736\/revisions"}],"predecessor-version":[{"id":6508,"href":"https:\/\/blogi.eoppimispalvelut.fi\/peppi-ohjeet\/wp-json\/wp\/v2\/pages\/1736\/revisions\/6508"}],"up":[{"embeddable":true,"href":"https:\/\/blogi.eoppimispalvelut.fi\/peppi-ohjeet\/wp-json\/wp\/v2\/pages\/372"}],"wp:attachment":[{"href":"https:\/\/blogi.eoppimispalvelut.fi\/peppi-ohjeet\/wp-json\/wp\/v2\/media?parent=1736"}],"curies":[{"name":"wp","href":"https:\/\/api.w.org\/{rel}","templated":true}]}}