{"id":1738,"date":"2020-04-06T10:07:24","date_gmt":"2020-04-06T07:07:24","guid":{"rendered":"https:\/\/blogi.eoppimispalvelut.fi\/peppi-ohjeet\/?page_id=1738"},"modified":"2024-06-28T14:37:51","modified_gmt":"2024-06-28T11:37:51","slug":"opintosuoritukset","status":"publish","type":"page","link":"https:\/\/blogi.eoppimispalvelut.fi\/peppi-ohjeet\/opiskelijalle\/minun-opintoni\/opintosuoritukset\/","title":{"rendered":"Opintosuoritukset"},"content":{"rendered":"<p>Katso <a href=\"https:\/\/youtu.be\/5F-95BJI9No\" target=\"_blank\" rel=\"noopener\">video<\/a> (tekstityksen saa p\u00e4\u00e4lle [cc]-painikkeesta).<\/p>\n<p>Voit seurata opintojesi edistymist\u00e4 HOPSin lis\u00e4ksi my\u00f6s opintosuoritusten kautta. Voit tarkastella ja suodattaa opintosuorituksiasi eri kriteereill\u00e4. P\u00e4\u00e4set tarkastelemaan suorituksia valitsemalla Minun opintoni -valikosta Opintosuoritukset. N\u00e4kym\u00e4n\u00a0oikeassa reunassa on kysymysmerkki, josta n\u00e4et opintojaksojen vasemmalla puolella olevien symbolien merkityksen.<\/p>\n<p>Oletuksena n\u00e4ytet\u00e4\u00e4n kaikki HOPSin mukaiset opinnot osasuorituksineen. Voit my\u00f6s ladata ep\u00e4virallisen opintosuoritusotteen PDF-muodossa. HUOM! N\u00e4yt\u00e4 osat \/ Piilota osat -painikkeet eiv\u00e4t toimi nykyisess\u00e4 Peppi-versiossa.<\/p>\n<div id=\"attachment_6551\" style=\"width: 594px\" class=\"wp-caption alignnone\"><a href=\"https:\/\/blogi.eoppimispalvelut.fi\/peppi-ohjeet\/files\/2024\/05\/Opintosuoritukset.png\" rel=\"attachment wp-att-1783\"><img loading=\"lazy\" decoding=\"async\" aria-describedby=\"caption-attachment-6551\" class=\"wp-image-6551 size-large\" src=\"https:\/\/blogi.eoppimispalvelut.fi\/peppi-ohjeet\/files\/2024\/05\/Opintosuoritukset-1280x493.png\" alt=\"Opintosuoritukset\" width=\"584\" height=\"225\" srcset=\"https:\/\/blogi.eoppimispalvelut.fi\/peppi-ohjeet\/files\/2024\/05\/Opintosuoritukset-1280x493.png 1280w, https:\/\/blogi.eoppimispalvelut.fi\/peppi-ohjeet\/files\/2024\/05\/Opintosuoritukset-600x231.png 600w, https:\/\/blogi.eoppimispalvelut.fi\/peppi-ohjeet\/files\/2024\/05\/Opintosuoritukset-768x296.png 768w, https:\/\/blogi.eoppimispalvelut.fi\/peppi-ohjeet\/files\/2024\/05\/Opintosuoritukset-1536x592.png 1536w, https:\/\/blogi.eoppimispalvelut.fi\/peppi-ohjeet\/files\/2024\/05\/Opintosuoritukset-2048x789.png 2048w, https:\/\/blogi.eoppimispalvelut.fi\/peppi-ohjeet\/files\/2024\/05\/Opintosuoritukset-500x193.png 500w\" sizes=\"auto, (max-width: 584px) 100vw, 584px\" \/><\/a><p id=\"caption-attachment-6551\" class=\"wp-caption-text\">Klikkaa kuvaa suuremmaksi<\/p><\/div>\n<p>Jos opiskelija saa suorituksestaan hyl\u00e4tyn arvosanan (HYL), opettajan merkint\u00e4 hylk\u00e4\u00e4misen syyst\u00e4 n\u00e4kyy opintosuoritusikkunalla opintojakson nimen per\u00e4ss\u00e4 Huomiot opiskelijalle -infopallossa. Mik\u00e4li opiskelija on korottanut arvosanaansa tai sit\u00e4 on jouduttu korjaamaan, suoritushistoria n\u00e4kyy infopallossa opintojakson nimen edess\u00e4. Sit\u00e4 klikkaamalla p\u00e4\u00e4set tarkastelemaan avautuvassa Suoritushistoria-ikkunassa arviointiin liittyvi\u00e4 tietoja.<\/p>\n<p>&nbsp;<\/p>\n<hr \/>\n<p>Takaisin <a href=\"https:\/\/blogi.eoppimispalvelut.fi\/peppi-ohjeet\/opiskelijalle\/\">Opiskelijalle-sivulle<\/a><\/p>\n","protected":false},"excerpt":{"rendered":"<p>Katso video (tekstityksen saa p\u00e4\u00e4lle [cc]-painikkeesta). Voit seurata opintojesi edistymist\u00e4 HOPSin lis\u00e4ksi my\u00f6s opintosuoritusten kautta. Voit tarkastella ja suodattaa opintosuorituksiasi eri kriteereill\u00e4. P\u00e4\u00e4set tarkastelemaan suorituksia valitsemalla Minun opintoni -valikosta Opintosuoritukset. N\u00e4kym\u00e4n\u00a0oikeassa reunassa on kysymysmerkki, josta n\u00e4et opintojaksojen vasemmalla puolella olevien &hellip; <a href=\"https:\/\/blogi.eoppimispalvelut.fi\/peppi-ohjeet\/opiskelijalle\/minun-opintoni\/opintosuoritukset\/\">Continue reading <span class=\"meta-nav\">&rarr;<\/span><\/a><\/p>\n","protected":false},"author":4339,"featured_media":0,"parent":372,"menu_order":0,"comment_status":"closed","ping_status":"closed","template":"","meta":{"_monsterinsights_skip_tracking":false,"_monsterinsights_sitenote_active":false,"_monsterinsights_sitenote_note":"","_monsterinsights_sitenote_category":0,"footnotes":""},"class_list":["post-1738","page","type-page","status-publish","hentry"],"_links":{"self":[{"href":"https:\/\/blogi.eoppimispalvelut.fi\/peppi-ohjeet\/wp-json\/wp\/v2\/pages\/1738","targetHints":{"allow":["GET"]}}],"collection":[{"href":"https:\/\/blogi.eoppimispalvelut.fi\/peppi-ohjeet\/wp-json\/wp\/v2\/pages"}],"about":[{"href":"https:\/\/blogi.eoppimispalvelut.fi\/peppi-ohjeet\/wp-json\/wp\/v2\/types\/page"}],"author":[{"embeddable":true,"href":"https:\/\/blogi.eoppimispalvelut.fi\/peppi-ohjeet\/wp-json\/wp\/v2\/users\/4339"}],"replies":[{"embeddable":true,"href":"https:\/\/blogi.eoppimispalvelut.fi\/peppi-ohjeet\/wp-json\/wp\/v2\/comments?post=1738"}],"version-history":[{"count":20,"href":"https:\/\/blogi.eoppimispalvelut.fi\/peppi-ohjeet\/wp-json\/wp\/v2\/pages\/1738\/revisions"}],"predecessor-version":[{"id":6659,"href":"https:\/\/blogi.eoppimispalvelut.fi\/peppi-ohjeet\/wp-json\/wp\/v2\/pages\/1738\/revisions\/6659"}],"up":[{"embeddable":true,"href":"https:\/\/blogi.eoppimispalvelut.fi\/peppi-ohjeet\/wp-json\/wp\/v2\/pages\/372"}],"wp:attachment":[{"href":"https:\/\/blogi.eoppimispalvelut.fi\/peppi-ohjeet\/wp-json\/wp\/v2\/media?parent=1738"}],"curies":[{"name":"wp","href":"https:\/\/api.w.org\/{rel}","templated":true}]}}