{"id":1744,"date":"2020-04-06T10:11:42","date_gmt":"2020-04-06T07:11:42","guid":{"rendered":"https:\/\/blogi.eoppimispalvelut.fi\/peppi-ohjeet\/?page_id=1744"},"modified":"2024-06-28T10:34:10","modified_gmt":"2024-06-28T07:34:10","slug":"lukuvuosi-ilmoittautuminen","status":"publish","type":"page","link":"https:\/\/blogi.eoppimispalvelut.fi\/peppi-ohjeet\/opiskelijalle\/minun-opintoni\/lukuvuosi-ilmoittautuminen\/","title":{"rendered":"Lukuvuosi-ilmoittautuminen"},"content":{"rendered":"<p>Katso <a href=\"https:\/\/youtu.be\/2eFJj_bkbnU\" target=\"_blank\" rel=\"noopener noreferrer\">video<\/a> (tekstityksen saa p\u00e4\u00e4lle [cc]-painikkeesta).<\/p>\n<p>Opiskelijan on ilmoittauduttava joka lukuvuosi l\u00e4sn\u00e4- tai poissa olevaksi ammattikorkeakoulun m\u00e4\u00e4r\u00e4\u00e4m\u00e4ll\u00e4 tavalla (932\/2014 28\u00a7, 29\u00a7 ja 32\u00a7).<\/p>\n<p><strong>Ilmoittautuminen:<\/strong><br \/>\nKoko lukuvuodelle:<strong> 15.4.-31.8.<\/strong><br \/>\nKev\u00e4tlukukaudelle: <strong>15.11.-31.12.<\/strong><\/p>\n<p><strong>Opintojaan jatkavan opiskelijan<\/strong> on ilmoittauduttava <a title=\"Peppi-linkki\" href=\"https:\/\/opiskelija-amk.peppi4.lapit.csc.fi\/\" target=\"_blank\" rel=\"noopener noreferrer\">Pepiss\u00e4 <\/a>seuraavalle lukuvuodelle tai lukukaudelle.<\/p>\n<p>Voit ilmoittautua lukuvuodelle omalta ty\u00f6p\u00f6yd\u00e4lt\u00e4si valitsemalla Minun opintoni -valikon alta Lukuvuosi-ilmoittautuminen.<\/p>\n<p>Avautuvassa n\u00e4kym\u00e4ss\u00e4 voit tarkastella l\u00e4sn\u00e4olotietojasi sek\u00e4 ilmoittautua l\u00e4sn\u00e4olevaksi.<\/p>\n<div id=\"attachment_6627\" style=\"width: 594px\" class=\"wp-caption alignnone\"><a href=\"https:\/\/blogi.eoppimispalvelut.fi\/peppi-ohjeet\/files\/2024\/06\/Lukuvuosi-ilmoittautuminen.png\" rel=\"attachment wp-att-1762\"><img loading=\"lazy\" decoding=\"async\" aria-describedby=\"caption-attachment-6627\" class=\"wp-image-6627 size-large\" src=\"https:\/\/blogi.eoppimispalvelut.fi\/peppi-ohjeet\/files\/2024\/06\/Lukuvuosi-ilmoittautuminen-1280x365.png\" alt=\"Lukuvuosi-ilmoittautuminen\" width=\"584\" height=\"167\" srcset=\"https:\/\/blogi.eoppimispalvelut.fi\/peppi-ohjeet\/files\/2024\/06\/Lukuvuosi-ilmoittautuminen-1280x365.png 1280w, https:\/\/blogi.eoppimispalvelut.fi\/peppi-ohjeet\/files\/2024\/06\/Lukuvuosi-ilmoittautuminen-600x171.png 600w, https:\/\/blogi.eoppimispalvelut.fi\/peppi-ohjeet\/files\/2024\/06\/Lukuvuosi-ilmoittautuminen-768x219.png 768w, https:\/\/blogi.eoppimispalvelut.fi\/peppi-ohjeet\/files\/2024\/06\/Lukuvuosi-ilmoittautuminen-1536x439.png 1536w, https:\/\/blogi.eoppimispalvelut.fi\/peppi-ohjeet\/files\/2024\/06\/Lukuvuosi-ilmoittautuminen-2048x585.png 2048w, https:\/\/blogi.eoppimispalvelut.fi\/peppi-ohjeet\/files\/2024\/06\/Lukuvuosi-ilmoittautuminen-1000x288.png 1000w, https:\/\/blogi.eoppimispalvelut.fi\/peppi-ohjeet\/files\/2024\/06\/Lukuvuosi-ilmoittautuminen-500x143.png 500w\" sizes=\"auto, (max-width: 584px) 100vw, 584px\" \/><\/a><p id=\"caption-attachment-6627\" class=\"wp-caption-text\">Klikkaa kuvaa suuremmaksi<\/p><\/div>\n<p>Ilmoittaudu l\u00e4sn\u00e4olevaksi valitsemalla Ilmoittaudu.<\/p>\n<p>Opiskelija voi muuttaa ilmoittautumistietoa opiskelijan ty\u00f6p\u00f6yd\u00e4ll\u00e4 Pepiss\u00e4 (pl. aloittava opiskelija) ilmoittautumisaikana (15.4.-31.8. koskien syys- ja kev\u00e4tlukukautta ja 15.11.-31.12. koskien kev\u00e4tlukukautta).<\/p>\n<p><strong>Jos sinut on hyv\u00e4ksytty opiskelijaksi kev\u00e4\u00e4ll\u00e4 2015 tai sen j\u00e4lkeen,<\/strong> voit ilmoittautua poissaolevaksi kahden lukukauden ajaksi ilman, ett\u00e4 poissaolo kuluttaa opiskeluoikeusaikaa. Lis\u00e4ksi poissaolo asevelvollisuuden, siviilipalveluksen, naisten vapaaehtoisen asepalvelun, \u00e4itiys-, isyys- tai vanhempainvapaan vuoksi on mahdollista miss\u00e4 tahansa vaiheessa opintoja ilman, ett\u00e4 poissaolo kuluttaa opiskeluoikeusaikaa. T\u00e4ll\u00f6in poissaolon syyst\u00e4 tulee toimittaa virallinen todistus korkeakouluun.<\/p>\n<p>Vain l\u00e4sn\u00e4olevaksi ilmoittautuneella opiskelijalla on oikeus osallistua opetukseen, tentteihin, suorittaa opintoihin kuuluvaa harjoittelua tai saada ohjausta opinn\u00e4ytety\u00f6h\u00f6n.<\/p>\n<p>Opiskelijat, joilla opiskeluoikeusaika p\u00e4\u00e4ttyy ja jotka hakevat opiskeluoikeudelle jatkoa: hakeminen tehd\u00e4\u00e4n <a title=\"Peppi\" href=\"https:\/\/opiskelija-amk.peppi4.lapit.csc.fi\/\" target=\"_blank\" rel=\"noopener noreferrer\">Pepiss\u00e4<\/a>.\u00a0Opiskeluoikeusajalle jatkoa saanut opiskelija ei voi ilmoittautua poissa olevaksi.<\/p>\n<p><strong>Opiskelija menett\u00e4\u00e4 opiskeluoikeutensa, mik\u00e4li h\u00e4n ei tee l\u00e4sn\u00e4- tai poissaoloilmoitusta m\u00e4\u00e4r\u00e4aikaan menness\u00e4. <\/strong>Rekisterin p\u00e4\u00e4k\u00e4ytt\u00e4j\u00e4 voi hakemuksen perusteella palauttaa opiskeluoikeuden (<a title=\"Opiskeluoikeuden palauttamisen hakeminen\" href=\"https:\/\/www.lapinamk.fi\/fi\/Opiskelijalle\/Oppaat-ja-ohjeet\/Opiskeluoikeuden-palauttamisen-hakeminen\">opiskeluoikeuden palautus<\/a>).<\/p>\n<p>&nbsp;<\/p>\n<hr \/>\n<p>Takaisin\u00a0<a href=\"https:\/\/blogi.eoppimispalvelut.fi\/peppi-ohjeet\/opiskelijalle\/\">Opiskelijalle-sivulle<\/a><\/p>\n","protected":false},"excerpt":{"rendered":"<p>Katso video (tekstityksen saa p\u00e4\u00e4lle [cc]-painikkeesta). Opiskelijan on ilmoittauduttava joka lukuvuosi l\u00e4sn\u00e4- tai poissa olevaksi ammattikorkeakoulun m\u00e4\u00e4r\u00e4\u00e4m\u00e4ll\u00e4 tavalla (932\/2014 28\u00a7, 29\u00a7 ja 32\u00a7). Ilmoittautuminen: Koko lukuvuodelle: 15.4.-31.8. Kev\u00e4tlukukaudelle: 15.11.-31.12. Opintojaan jatkavan opiskelijan on ilmoittauduttava Pepiss\u00e4 seuraavalle lukuvuodelle tai lukukaudelle. Voit &hellip; <a href=\"https:\/\/blogi.eoppimispalvelut.fi\/peppi-ohjeet\/opiskelijalle\/minun-opintoni\/lukuvuosi-ilmoittautuminen\/\">Continue reading <span class=\"meta-nav\">&rarr;<\/span><\/a><\/p>\n","protected":false},"author":4339,"featured_media":0,"parent":372,"menu_order":0,"comment_status":"closed","ping_status":"closed","template":"","meta":{"_monsterinsights_skip_tracking":false,"_monsterinsights_sitenote_active":false,"_monsterinsights_sitenote_note":"","_monsterinsights_sitenote_category":0,"footnotes":""},"class_list":["post-1744","page","type-page","status-publish","hentry"],"_links":{"self":[{"href":"https:\/\/blogi.eoppimispalvelut.fi\/peppi-ohjeet\/wp-json\/wp\/v2\/pages\/1744","targetHints":{"allow":["GET"]}}],"collection":[{"href":"https:\/\/blogi.eoppimispalvelut.fi\/peppi-ohjeet\/wp-json\/wp\/v2\/pages"}],"about":[{"href":"https:\/\/blogi.eoppimispalvelut.fi\/peppi-ohjeet\/wp-json\/wp\/v2\/types\/page"}],"author":[{"embeddable":true,"href":"https:\/\/blogi.eoppimispalvelut.fi\/peppi-ohjeet\/wp-json\/wp\/v2\/users\/4339"}],"replies":[{"embeddable":true,"href":"https:\/\/blogi.eoppimispalvelut.fi\/peppi-ohjeet\/wp-json\/wp\/v2\/comments?post=1744"}],"version-history":[{"count":19,"href":"https:\/\/blogi.eoppimispalvelut.fi\/peppi-ohjeet\/wp-json\/wp\/v2\/pages\/1744\/revisions"}],"predecessor-version":[{"id":6628,"href":"https:\/\/blogi.eoppimispalvelut.fi\/peppi-ohjeet\/wp-json\/wp\/v2\/pages\/1744\/revisions\/6628"}],"up":[{"embeddable":true,"href":"https:\/\/blogi.eoppimispalvelut.fi\/peppi-ohjeet\/wp-json\/wp\/v2\/pages\/372"}],"wp:attachment":[{"href":"https:\/\/blogi.eoppimispalvelut.fi\/peppi-ohjeet\/wp-json\/wp\/v2\/media?parent=1744"}],"curies":[{"name":"wp","href":"https:\/\/api.w.org\/{rel}","templated":true}]}}