{"id":1752,"date":"2020-04-06T10:31:01","date_gmt":"2020-04-06T07:31:01","guid":{"rendered":"https:\/\/blogi.eoppimispalvelut.fi\/peppi-ohjeet\/?page_id=1752"},"modified":"2025-10-27T10:05:29","modified_gmt":"2025-10-27T08:05:29","slug":"hakemus-opiskeluoikeuden-jatkamiseksi","status":"publish","type":"page","link":"https:\/\/blogi.eoppimispalvelut.fi\/peppi-ohjeet\/opiskelijalle\/hakemukset\/hakemus-opiskeluoikeuden-jatkamiseksi\/","title":{"rendered":"Hakemus opiskeluoikeuden jatkamiseksi"},"content":{"rendered":"<p>Katso <a href=\"https:\/\/youtu.be\/ZyhU2G_ZZlQ\" target=\"_blank\" rel=\"noopener\">video<\/a> (tekstityksen saa p\u00e4\u00e4lle [cc]-painikkeesta).<\/p>\n<p>Opiskelija, joka ei ole suorittanut opintojaan s\u00e4\u00e4detyss\u00e4 ajassa (s\u00e4\u00e4nn\u00f6nmukainen aika + 1 vuosi), menett\u00e4\u00e4 opiskeluoikeutensa, jollei ammattikorkeakoulu erityisest\u00e4 syyst\u00e4 my\u00f6nn\u00e4 h\u00e4nelle jatkoaikaa opintojensa loppuun saattamiseen. Opiskeluoikeusajan jatkoajan palauttamisen hakemus on j\u00e4tett\u00e4v\u00e4 ennen opiskeluoikeusajan p\u00e4\u00e4ttymist\u00e4.<\/p>\n<p>Opiskelijan on esitett\u00e4v\u00e4 ne erityiset syyt, joilla h\u00e4n perustelee hakemustaan. Erityisen\u00e4 syyn\u00e4 voidaan pit\u00e4\u00e4 opintojen edistymist\u00e4. P\u00e4\u00e4s\u00e4\u00e4nt\u00f6n\u00e4 voidaan pit\u00e4\u00e4, ett\u00e4 opiskelijalta puuttuu tutkinnon suorittamisesta korkeintaan 60 op. Lis\u00e4ksi erityisi\u00e4 syit\u00e4 voivat olla erilaiset sosiaaliset syyt, jotka ovat vaikuttaneet opintojen edistymiseen.<\/p>\n<p>Opiskelija liitt\u00e4\u00e4 hakemukseen suunnitelman opintojen loppuun suorittamiseksi ja maksaa hakemuksen tallennusvaiheessa k\u00e4sittelymaksun 50 \u20ac (A1440\/2014 \u00a73).<br \/>\nOpiskeluoikeuden jatkoaika voidaan my\u00f6nt\u00e4\u00e4 vain, mik\u00e4li valmistuminen jatkoaikana on realistista. Kerrallaan my\u00f6nnett\u00e4v\u00e4 opiskeluoikeuden jatkoaika voi olla enint\u00e4\u00e4n yksi vuosi. Jatkoaikaa ei my\u00f6nnet\u00e4, mik\u00e4li opiskelijalla on jo tutkintoon vaadittavat suoritukset.<\/p>\n<p>Opiskeluoikeuden jatkoaikahakemus l\u00f6ytyy Pepist\u00e4 Hakemukset-valikon alta. Valitsemalla hakemuksen avautuu hakemusta koskevat ohjeet sek\u00e4 linkki hakemuksen t\u00e4ytt\u00e4miseksi.<\/p>\n<div id=\"attachment_6571\" style=\"width: 610px\" class=\"wp-caption alignleft\"><img loading=\"lazy\" decoding=\"async\" aria-describedby=\"caption-attachment-6571\" class=\"size-medium wp-image-6571\" src=\"https:\/\/blogi.eoppimispalvelut.fi\/peppi-ohjeet\/files\/2024\/06\/Hakemukset_kehys-600x307.png\" alt=\"Hakemukset\" width=\"600\" height=\"307\" srcset=\"https:\/\/blogi.eoppimispalvelut.fi\/peppi-ohjeet\/files\/2024\/06\/Hakemukset_kehys-600x307.png 600w, https:\/\/blogi.eoppimispalvelut.fi\/peppi-ohjeet\/files\/2024\/06\/Hakemukset_kehys-1280x654.png 1280w, https:\/\/blogi.eoppimispalvelut.fi\/peppi-ohjeet\/files\/2024\/06\/Hakemukset_kehys-768x392.png 768w, https:\/\/blogi.eoppimispalvelut.fi\/peppi-ohjeet\/files\/2024\/06\/Hakemukset_kehys-1536x785.png 1536w, https:\/\/blogi.eoppimispalvelut.fi\/peppi-ohjeet\/files\/2024\/06\/Hakemukset_kehys-500x255.png 500w, https:\/\/blogi.eoppimispalvelut.fi\/peppi-ohjeet\/files\/2024\/06\/Hakemukset_kehys.png 1556w\" sizes=\"auto, (max-width: 600px) 100vw, 600px\" \/><p id=\"caption-attachment-6571\" class=\"wp-caption-text\">Klikkaa kuva suuremmaksi<\/p><\/div>\n<p>&nbsp;<\/p>\n<p>&nbsp;<\/p>\n<p>&nbsp;<\/p>\n<p>&nbsp;<\/p>\n<p>&nbsp;<\/p>\n<p>&nbsp;<\/p>\n<hr \/>\n<p>Takaisin\u00a0<a href=\"https:\/\/blogi.eoppimispalvelut.fi\/peppi-ohjeet\/opiskelijalle\/\">Opiskelijalle-sivulle<\/a><\/p>\n","protected":false},"excerpt":{"rendered":"<p>Katso video (tekstityksen saa p\u00e4\u00e4lle [cc]-painikkeesta). Opiskelija, joka ei ole suorittanut opintojaan s\u00e4\u00e4detyss\u00e4 ajassa (s\u00e4\u00e4nn\u00f6nmukainen aika + 1 vuosi), menett\u00e4\u00e4 opiskeluoikeutensa, jollei ammattikorkeakoulu erityisest\u00e4 syyst\u00e4 my\u00f6nn\u00e4 h\u00e4nelle jatkoaikaa opintojensa loppuun saattamiseen. Opiskeluoikeusajan jatkoajan palauttamisen hakemus on j\u00e4tett\u00e4v\u00e4 ennen opiskeluoikeusajan p\u00e4\u00e4ttymist\u00e4. &hellip; <a href=\"https:\/\/blogi.eoppimispalvelut.fi\/peppi-ohjeet\/opiskelijalle\/hakemukset\/hakemus-opiskeluoikeuden-jatkamiseksi\/\">Continue reading <span class=\"meta-nav\">&rarr;<\/span><\/a><\/p>\n","protected":false},"author":4339,"featured_media":0,"parent":1732,"menu_order":0,"comment_status":"closed","ping_status":"closed","template":"","meta":{"_monsterinsights_skip_tracking":false,"_monsterinsights_sitenote_active":false,"_monsterinsights_sitenote_note":"","_monsterinsights_sitenote_category":0,"footnotes":""},"class_list":["post-1752","page","type-page","status-publish","hentry"],"_links":{"self":[{"href":"https:\/\/blogi.eoppimispalvelut.fi\/peppi-ohjeet\/wp-json\/wp\/v2\/pages\/1752","targetHints":{"allow":["GET"]}}],"collection":[{"href":"https:\/\/blogi.eoppimispalvelut.fi\/peppi-ohjeet\/wp-json\/wp\/v2\/pages"}],"about":[{"href":"https:\/\/blogi.eoppimispalvelut.fi\/peppi-ohjeet\/wp-json\/wp\/v2\/types\/page"}],"author":[{"embeddable":true,"href":"https:\/\/blogi.eoppimispalvelut.fi\/peppi-ohjeet\/wp-json\/wp\/v2\/users\/4339"}],"replies":[{"embeddable":true,"href":"https:\/\/blogi.eoppimispalvelut.fi\/peppi-ohjeet\/wp-json\/wp\/v2\/comments?post=1752"}],"version-history":[{"count":9,"href":"https:\/\/blogi.eoppimispalvelut.fi\/peppi-ohjeet\/wp-json\/wp\/v2\/pages\/1752\/revisions"}],"predecessor-version":[{"id":7243,"href":"https:\/\/blogi.eoppimispalvelut.fi\/peppi-ohjeet\/wp-json\/wp\/v2\/pages\/1752\/revisions\/7243"}],"up":[{"embeddable":true,"href":"https:\/\/blogi.eoppimispalvelut.fi\/peppi-ohjeet\/wp-json\/wp\/v2\/pages\/1732"}],"wp:attachment":[{"href":"https:\/\/blogi.eoppimispalvelut.fi\/peppi-ohjeet\/wp-json\/wp\/v2\/media?parent=1752"}],"curies":[{"name":"wp","href":"https:\/\/api.w.org\/{rel}","templated":true}]}}