{"id":1754,"date":"2020-04-06T10:31:46","date_gmt":"2020-04-06T07:31:46","guid":{"rendered":"https:\/\/blogi.eoppimispalvelut.fi\/peppi-ohjeet\/?page_id=1754"},"modified":"2024-06-28T15:05:29","modified_gmt":"2024-06-28T12:05:29","slug":"eroilmoitus","status":"publish","type":"page","link":"https:\/\/blogi.eoppimispalvelut.fi\/peppi-ohjeet\/opiskelijalle\/hakemukset\/eroilmoitus\/","title":{"rendered":"Eroilmoitus"},"content":{"rendered":"<p>Katso <a href=\"https:\/\/youtu.be\/5f-1vWHaUcw\" target=\"_blank\" rel=\"noopener\">video<\/a> (tekstityksen saa p\u00e4\u00e4lle [cc]-painikkeesta).<\/p>\n<p>Jos harkitset eroa Lapin ammattikorkeakoulusta, keskustele asiasta opinto-ohjaajasi kanssa.\u00a0Opiskelija katsotaan eronneeksi siit\u00e4 p\u00e4iv\u00e4st\u00e4 l\u00e4htien, kun h\u00e4n on j\u00e4tt\u00e4nyt eroilmoituksen E-lomakkeella. Koulutuksesi suunnittelija postittaa opiskelijalle erotodistuksen ja opintosuoritusotteen suorittamistaan opinnoista.<\/p>\n<p>Jos tilanteesi muuttuu ja haluat palata opiskelijaksi, sinulla on mahdollista hakea opiskeluoikeiden palauttamista jos sinulla on opiskeluoikeusaikaa j\u00e4ljell\u00e4. Lis\u00e4tietoa saat Lapin AMKin www-sivuilta.<\/p>\n<p>K\u00e4ytt\u00e4j\u00e4tunnuksesi on voimassa\u00a014 vuorokautta opinto-oikeuden p\u00e4\u00e4ttymisen j\u00e4lkeen. Sen j\u00e4lkeen tiedostot ja s\u00e4hk\u00f6posti poistetaan palveluntarjoajan k\u00e4yt\u00e4nt\u00f6jen mukaisesti. Muista tallentaa tarvitsemasi tiedot ja tiedostot omaan tallennuspaikkaan ajoissa.<\/p>\n<p>Eroilmoitus l\u00f6ytyy Pepist\u00e4 Hakemukset-valikon alta. Valitsemalla hakemuksen avautuu hakemusta koskevat ohjeet sek\u00e4 linkki hakemuksen t\u00e4ytt\u00e4miseksi.<\/p>\n<div id=\"attachment_6571\" style=\"width: 610px\" class=\"wp-caption alignleft\"><img loading=\"lazy\" decoding=\"async\" aria-describedby=\"caption-attachment-6571\" class=\"size-medium wp-image-6571\" src=\"https:\/\/blogi.eoppimispalvelut.fi\/peppi-ohjeet\/files\/2024\/06\/Hakemukset_kehys-600x307.png\" alt=\"Hakemukset\" width=\"600\" height=\"307\" srcset=\"https:\/\/blogi.eoppimispalvelut.fi\/peppi-ohjeet\/files\/2024\/06\/Hakemukset_kehys-600x307.png 600w, https:\/\/blogi.eoppimispalvelut.fi\/peppi-ohjeet\/files\/2024\/06\/Hakemukset_kehys-1280x654.png 1280w, https:\/\/blogi.eoppimispalvelut.fi\/peppi-ohjeet\/files\/2024\/06\/Hakemukset_kehys-768x392.png 768w, https:\/\/blogi.eoppimispalvelut.fi\/peppi-ohjeet\/files\/2024\/06\/Hakemukset_kehys-1536x785.png 1536w, https:\/\/blogi.eoppimispalvelut.fi\/peppi-ohjeet\/files\/2024\/06\/Hakemukset_kehys-500x255.png 500w, https:\/\/blogi.eoppimispalvelut.fi\/peppi-ohjeet\/files\/2024\/06\/Hakemukset_kehys.png 1556w\" sizes=\"auto, (max-width: 600px) 100vw, 600px\" \/><p id=\"caption-attachment-6571\" class=\"wp-caption-text\">Klikkaa kuva suuremmaksi<\/p><\/div>\n<p>&nbsp;<\/p>\n<hr \/>\n<p>Takaisin\u00a0<a href=\"https:\/\/blogi.eoppimispalvelut.fi\/peppi-ohjeet\/opiskelijalle\/\">Opiskelijalle-sivulle<\/a><\/p>\n","protected":false},"excerpt":{"rendered":"<p>Katso video (tekstityksen saa p\u00e4\u00e4lle [cc]-painikkeesta). Jos harkitset eroa Lapin ammattikorkeakoulusta, keskustele asiasta opinto-ohjaajasi kanssa.\u00a0Opiskelija katsotaan eronneeksi siit\u00e4 p\u00e4iv\u00e4st\u00e4 l\u00e4htien, kun h\u00e4n on j\u00e4tt\u00e4nyt eroilmoituksen E-lomakkeella. Koulutuksesi suunnittelija postittaa opiskelijalle erotodistuksen ja opintosuoritusotteen suorittamistaan opinnoista. Jos tilanteesi muuttuu ja haluat &hellip; <a href=\"https:\/\/blogi.eoppimispalvelut.fi\/peppi-ohjeet\/opiskelijalle\/hakemukset\/eroilmoitus\/\">Continue reading <span class=\"meta-nav\">&rarr;<\/span><\/a><\/p>\n","protected":false},"author":4339,"featured_media":0,"parent":1732,"menu_order":0,"comment_status":"closed","ping_status":"closed","template":"","meta":{"_monsterinsights_skip_tracking":false,"_monsterinsights_sitenote_active":false,"_monsterinsights_sitenote_note":"","_monsterinsights_sitenote_category":0,"footnotes":""},"class_list":["post-1754","page","type-page","status-publish","hentry"],"_links":{"self":[{"href":"https:\/\/blogi.eoppimispalvelut.fi\/peppi-ohjeet\/wp-json\/wp\/v2\/pages\/1754","targetHints":{"allow":["GET"]}}],"collection":[{"href":"https:\/\/blogi.eoppimispalvelut.fi\/peppi-ohjeet\/wp-json\/wp\/v2\/pages"}],"about":[{"href":"https:\/\/blogi.eoppimispalvelut.fi\/peppi-ohjeet\/wp-json\/wp\/v2\/types\/page"}],"author":[{"embeddable":true,"href":"https:\/\/blogi.eoppimispalvelut.fi\/peppi-ohjeet\/wp-json\/wp\/v2\/users\/4339"}],"replies":[{"embeddable":true,"href":"https:\/\/blogi.eoppimispalvelut.fi\/peppi-ohjeet\/wp-json\/wp\/v2\/comments?post=1754"}],"version-history":[{"count":11,"href":"https:\/\/blogi.eoppimispalvelut.fi\/peppi-ohjeet\/wp-json\/wp\/v2\/pages\/1754\/revisions"}],"predecessor-version":[{"id":6671,"href":"https:\/\/blogi.eoppimispalvelut.fi\/peppi-ohjeet\/wp-json\/wp\/v2\/pages\/1754\/revisions\/6671"}],"up":[{"embeddable":true,"href":"https:\/\/blogi.eoppimispalvelut.fi\/peppi-ohjeet\/wp-json\/wp\/v2\/pages\/1732"}],"wp:attachment":[{"href":"https:\/\/blogi.eoppimispalvelut.fi\/peppi-ohjeet\/wp-json\/wp\/v2\/media?parent=1754"}],"curies":[{"name":"wp","href":"https:\/\/api.w.org\/{rel}","templated":true}]}}