{"id":1778,"date":"2020-04-06T14:52:30","date_gmt":"2020-04-06T11:52:30","guid":{"rendered":"https:\/\/blogi.eoppimispalvelut.fi\/peppi-ohjeet\/?page_id=1778"},"modified":"2024-06-28T16:00:47","modified_gmt":"2024-06-28T13:00:47","slug":"valmistumishakemus","status":"publish","type":"page","link":"https:\/\/blogi.eoppimispalvelut.fi\/peppi-ohjeet\/opiskelijalle\/minun-opintoni\/valmistumishakemus\/","title":{"rendered":"Valmistumishakemus"},"content":{"rendered":"<p>Katso <a href=\"https:\/\/youtu.be\/Ecma2tDE15Q\" target=\"_blank\" rel=\"noopener noreferrer\">video<\/a> (tekstityksen saa p\u00e4\u00e4lle [cc]-painikkeesta).<\/p>\n<ul>\n<li>Suoritettuasi kaikki tutkintoosi kuuluvat opintojaksot varmista Pepiss\u00e4, ett\u00e4 ne on kirjattu oikein (opintosuoritukset).<\/li>\n<li>Hae valmistumista Pepiss\u00e4 \u2013 Hakemukset \u2013 Valmistumishakemus<\/li>\n<li>T\u00e4yt\u00e4 Opetusministeri\u00f6n valmistuvan opiskelijan AVOP-kysely<\/li>\n<li>Opinto-ohjaajasi sopii kanssasi valmistumiskeskusteluajan<\/li>\n<li>Valmistumiskeskustelussa k\u00e4yd\u00e4\u00e4n l\u00e4pi, ett\u00e4 kaikki tarvittavat opinnot tutkinnon hakemista varten on suoritettu.<\/li>\n<li>Mik\u00e4li opintosi t\u00e4ytt\u00e4v\u00e4t tutkinnon my\u00f6nt\u00e4misen edellytykset opinto-ohjaaja antaa sinulle ko. keskustelun j\u00e4lkeen luvan hakea tutkintoa.<\/li>\n<li>L\u00e4het\u00e4 tutkintotodistushakemuksesi Pepiss\u00e4<\/li>\n<\/ul>\n<p>Tutkinnonmy\u00f6nt\u00e4misp\u00e4ivi\u00e4 (valmistumisp\u00e4ivi\u00e4) ovat opetuksellisen ajan arkiperjantait. Jos perjantai on vapaap\u00e4iv\u00e4, kuten juhannusaatto, valmistuminen voi olla edelt\u00e4v\u00e4n\u00e4 torstaina. Hakemuksen k\u00e4sittelyaika on noin kolme viikkoa. K\u00e4sittelyaika l\u00e4hdet\u00e4\u00e4n laskemaan tutkintohakemuksesi j\u00e4tt\u00f6p\u00e4iv\u00e4st\u00e4. Alan suunnittelija ilmoittaa sinulle valmistumisp\u00e4iv\u00e4n. Tutkinnon my\u00f6nt\u00e4\u00e4 rehtori. Todistus kirjoitetaan sill\u00e4 kielell\u00e4, jolla opetus on koulutusohjelmassa annettu.<\/p>\n<p>K\u00e4ytt\u00e4j\u00e4tunnus on voimassa kaksi viikkoa valmistumisp\u00e4iv\u00e4m\u00e4\u00e4r\u00e4n j\u00e4lkeen. Sen j\u00e4lkeen valmistuneella opiskelijalla ei ole mahdollista kirjautua s\u00e4hk\u00f6postiin tai muuhun aineistoon, jota on talletettu esim. Moodleen tai pilveen MS Office 365. Ota t\u00e4rke\u00e4t viestit ja aineistot talteen tikulle tai muuhun tallennuspaikkaan ennen valmistumista. Huomioithan my\u00f6s tutkintoa hakiessa opintotuen s\u00e4\u00e4nn\u00f6kset (tukikuukauden aikana pit\u00e4\u00e4 olla koulussa kirjoilla 18 kalenterip\u00e4iv\u00e4\u00e4 eli silloin ensimm\u00e4inen mahdollinen valmistumisp\u00e4iv\u00e4 on kuukauden 18. p\u00e4iv\u00e4).<\/p>\n<div id=\"attachment_6571\" style=\"width: 610px\" class=\"wp-caption alignleft\"><img loading=\"lazy\" decoding=\"async\" aria-describedby=\"caption-attachment-6571\" class=\"size-medium wp-image-6571\" src=\"https:\/\/blogi.eoppimispalvelut.fi\/peppi-ohjeet\/files\/2024\/06\/Hakemukset_kehys-600x307.png\" alt=\"Hakemukset\" width=\"600\" height=\"307\" srcset=\"https:\/\/blogi.eoppimispalvelut.fi\/peppi-ohjeet\/files\/2024\/06\/Hakemukset_kehys-600x307.png 600w, https:\/\/blogi.eoppimispalvelut.fi\/peppi-ohjeet\/files\/2024\/06\/Hakemukset_kehys-1280x654.png 1280w, https:\/\/blogi.eoppimispalvelut.fi\/peppi-ohjeet\/files\/2024\/06\/Hakemukset_kehys-768x392.png 768w, https:\/\/blogi.eoppimispalvelut.fi\/peppi-ohjeet\/files\/2024\/06\/Hakemukset_kehys-1536x785.png 1536w, https:\/\/blogi.eoppimispalvelut.fi\/peppi-ohjeet\/files\/2024\/06\/Hakemukset_kehys-500x255.png 500w, https:\/\/blogi.eoppimispalvelut.fi\/peppi-ohjeet\/files\/2024\/06\/Hakemukset_kehys.png 1556w\" sizes=\"auto, (max-width: 600px) 100vw, 600px\" \/><p id=\"caption-attachment-6571\" class=\"wp-caption-text\">Klikkaa kuva suuremmaksi<\/p><\/div>\n<p>Valitsemalla Hakemukset-valikosta &#8220;Valmistumishakemus&#8221;, p\u00e4\u00e4set aloittamaan valmistumisprosessin.<\/p>\n<p>&nbsp;<\/p>\n<hr \/>\n<p>Takaisin <a href=\"https:\/\/blogi.eoppimispalvelut.fi\/peppi-ohjeet\/opiskelijalle\/\">Opiskelijalle-sivulle<\/a><\/p>\n","protected":false},"excerpt":{"rendered":"<p>Katso video (tekstityksen saa p\u00e4\u00e4lle [cc]-painikkeesta). Suoritettuasi kaikki tutkintoosi kuuluvat opintojaksot varmista Pepiss\u00e4, ett\u00e4 ne on kirjattu oikein (opintosuoritukset). Hae valmistumista Pepiss\u00e4 \u2013 Hakemukset \u2013 Valmistumishakemus T\u00e4yt\u00e4 Opetusministeri\u00f6n valmistuvan opiskelijan AVOP-kysely Opinto-ohjaajasi sopii kanssasi valmistumiskeskusteluajan Valmistumiskeskustelussa k\u00e4yd\u00e4\u00e4n l\u00e4pi, ett\u00e4 kaikki &hellip; <a href=\"https:\/\/blogi.eoppimispalvelut.fi\/peppi-ohjeet\/opiskelijalle\/minun-opintoni\/valmistumishakemus\/\">Continue reading <span class=\"meta-nav\">&rarr;<\/span><\/a><\/p>\n","protected":false},"author":4339,"featured_media":0,"parent":372,"menu_order":0,"comment_status":"closed","ping_status":"closed","template":"","meta":{"_monsterinsights_skip_tracking":false,"_monsterinsights_sitenote_active":false,"_monsterinsights_sitenote_note":"","_monsterinsights_sitenote_category":0,"footnotes":""},"class_list":["post-1778","page","type-page","status-publish","hentry"],"_links":{"self":[{"href":"https:\/\/blogi.eoppimispalvelut.fi\/peppi-ohjeet\/wp-json\/wp\/v2\/pages\/1778","targetHints":{"allow":["GET"]}}],"collection":[{"href":"https:\/\/blogi.eoppimispalvelut.fi\/peppi-ohjeet\/wp-json\/wp\/v2\/pages"}],"about":[{"href":"https:\/\/blogi.eoppimispalvelut.fi\/peppi-ohjeet\/wp-json\/wp\/v2\/types\/page"}],"author":[{"embeddable":true,"href":"https:\/\/blogi.eoppimispalvelut.fi\/peppi-ohjeet\/wp-json\/wp\/v2\/users\/4339"}],"replies":[{"embeddable":true,"href":"https:\/\/blogi.eoppimispalvelut.fi\/peppi-ohjeet\/wp-json\/wp\/v2\/comments?post=1778"}],"version-history":[{"count":19,"href":"https:\/\/blogi.eoppimispalvelut.fi\/peppi-ohjeet\/wp-json\/wp\/v2\/pages\/1778\/revisions"}],"predecessor-version":[{"id":6695,"href":"https:\/\/blogi.eoppimispalvelut.fi\/peppi-ohjeet\/wp-json\/wp\/v2\/pages\/1778\/revisions\/6695"}],"up":[{"embeddable":true,"href":"https:\/\/blogi.eoppimispalvelut.fi\/peppi-ohjeet\/wp-json\/wp\/v2\/pages\/372"}],"wp:attachment":[{"href":"https:\/\/blogi.eoppimispalvelut.fi\/peppi-ohjeet\/wp-json\/wp\/v2\/media?parent=1778"}],"curies":[{"name":"wp","href":"https:\/\/api.w.org\/{rel}","templated":true}]}}