{"id":1912,"date":"2020-04-09T08:56:55","date_gmt":"2020-04-09T05:56:55","guid":{"rendered":"https:\/\/blogi.eoppimispalvelut.fi\/peppi-ohjeet\/?page_id=1912"},"modified":"2024-07-01T11:31:52","modified_gmt":"2024-07-01T08:31:52","slug":"hopsin-tarkastelu","status":"publish","type":"page","link":"https:\/\/blogi.eoppimispalvelut.fi\/peppi-ohjeet\/opiskelijalle\/minun-opintoni\/hops-2\/hopsin-tarkastelu\/","title":{"rendered":"HOPSin tarkastelu"},"content":{"rendered":"<p>Katso <a href=\"https:\/\/youtu.be\/BJwNnpvMZzA\" target=\"_blank\" rel=\"noopener\">video<\/a> (tekstityksen saa p\u00e4\u00e4lle [cc]-painikkeesta).<\/p>\n<p>HOPSin Tarkastelu-v\u00e4lilehdell\u00e4 voit tarkastella omaa HOPSiasi. Aloittaessasi opintosi HOPS pohjautuu koulutuksesi oletusopetussuunnitelmaan. Opintojen edetess\u00e4 HOPSin sis\u00e4lt\u00f6 muuttuu valitsemasi opintojen ja mahdollisten hyv\u00e4ksilukujen mukaisesti.<\/p>\n<div id=\"attachment_6511\" style=\"width: 594px\" class=\"wp-caption alignnone\"><a href=\"https:\/\/blogi.eoppimispalvelut.fi\/peppi-ohjeet\/files\/2024\/05\/HOPSin-tarkastelu.png\"><img loading=\"lazy\" decoding=\"async\" aria-describedby=\"caption-attachment-6511\" class=\"size-large wp-image-6511\" src=\"https:\/\/blogi.eoppimispalvelut.fi\/peppi-ohjeet\/files\/2024\/05\/HOPSin-tarkastelu-1280x639.png\" alt=\"HOPSin tarkastelu\" width=\"584\" height=\"292\" srcset=\"https:\/\/blogi.eoppimispalvelut.fi\/peppi-ohjeet\/files\/2024\/05\/HOPSin-tarkastelu-1280x639.png 1280w, https:\/\/blogi.eoppimispalvelut.fi\/peppi-ohjeet\/files\/2024\/05\/HOPSin-tarkastelu-600x299.png 600w, https:\/\/blogi.eoppimispalvelut.fi\/peppi-ohjeet\/files\/2024\/05\/HOPSin-tarkastelu-768x383.png 768w, https:\/\/blogi.eoppimispalvelut.fi\/peppi-ohjeet\/files\/2024\/05\/HOPSin-tarkastelu-1536x767.png 1536w, https:\/\/blogi.eoppimispalvelut.fi\/peppi-ohjeet\/files\/2024\/05\/HOPSin-tarkastelu-2048x1022.png 2048w, https:\/\/blogi.eoppimispalvelut.fi\/peppi-ohjeet\/files\/2024\/05\/HOPSin-tarkastelu-500x250.png 500w\" sizes=\"auto, (max-width: 584px) 100vw, 584px\" \/><\/a><p id=\"caption-attachment-6511\" class=\"wp-caption-text\">Klikkaa kuvaa suuremmaksi<\/p><\/div>\n<p>Sivun oikeasta reunasta n\u00e4et HOPSin statukseen liittyvi\u00e4 tietoja ja uudet saapuneet viestit. Huomiot-kent\u00e4ss\u00e4 on n\u00e4ht\u00e4vill\u00e4 viimeisimm\u00e4t suorituksesi, ilmoittautumisiin liittyvi\u00e4 tietoja sek\u00e4 viimeisimpien hyv\u00e4ksilukuhakemusten tilat. Voit my\u00f6s tulostaa opintosuoritusotteen. Huomioi kuitenkin, ett\u00e4 HOPSin kautta ladattava opintosuoritus ei ole virallisesti allekirjoitettu. Voit vaihtaa tarkasteltavan HOPSin version <em>Valitse HOPS-versio<\/em> -pudotuslistasta. Huomaa, ett\u00e4 vain Draft (Luonnos) -versiota voi muokata.<\/p>\n<p>Voit tarkastella opintojasi suurempina tai pienempin\u00e4 kokonaisuuksina laajentamalla tai piilottamalla opintokokonaisuuden sis\u00e4ll\u00f6t klikkaamalla kokonaisuuden nimen edess\u00e4 olevaa nuolta.<\/p>\n<p>Opintokokokonaisuuden sis\u00e4ll\u00f6n tarkastelu<\/p>\n<ul>\n<li>Klikkaa opintokokonaisuuden nime\u00e4 -&gt; avautuu ikkuna, jossa on kuvattu opintokokonaisuuden tiedot<\/li>\n<li>Sulje ikkuna oikean yl\u00e4reunan rastista tai Sulje-painikkeella<\/li>\n<\/ul>\n<p>Opintojakson sis\u00e4ll\u00f6n tarkastelu<\/p>\n<ul>\n<li style=\"list-style-type: none\">\n<ul>\n<li>Klikkaa opintojakson nime\u00e4 -&gt; avautuu ikkuna, jossa on kuvattu opintojakson tiedot<\/li>\n<li>Sulje ikkuna oikean yl\u00e4reunan rastista tai Sulje-painikkeella<\/li>\n<\/ul>\n<\/li>\n<\/ul>\n<p>Toteutuksen sis\u00e4ll\u00f6n tarkastelu<\/p>\n<ul>\n<li style=\"list-style-type: none\">\n<ul>\n<li>Klikkaa opintojakson nime\u00e4 -&gt; avautuu ikkuna, jossa on kuvattu opintojakson tiedot<\/li>\n<li>Mik\u00e4li opintojaksolla on tulevia toteutuksia, ne n\u00e4kyv\u00e4t opintojakson perustietojen j\u00e4lkeen<\/li>\n<li>Klikkaamalla toteutuksen nime\u00e4, p\u00e4\u00e4set tarkastelemaan toteutuksen tietoja<\/li>\n<\/ul>\n<\/li>\n<\/ul>\n<p>&nbsp;<\/p>\n<p><strong>HOPSin symbolit<\/strong><\/p>\n<p>HOPSissa k\u00e4ytettyjen symbolien merkitykset l\u00f6yt\u00e4v\u00e4t infolaatikosta. Symbolien selitykset saat n\u00e4kyville klikkaamalla HOPSin oikeassa yl\u00e4kulmassa olevaa kysymysmerkki\u00e4. N\u00e4et my\u00f6s symbolin selityksen viem\u00e4ll\u00e4 hiiren symbolin p\u00e4\u00e4lle HOPS-listauksessa.<\/p>\n<div id=\"attachment_2445\" style=\"width: 318px\" class=\"wp-caption alignnone\"><a href=\"https:\/\/blogi.eoppimispalvelut.fi\/peppi-ohjeet\/files\/2020\/04\/HOPSin-symbolit-1.png\"><img loading=\"lazy\" decoding=\"async\" aria-describedby=\"caption-attachment-2445\" class=\"size-full wp-image-2445\" src=\"https:\/\/blogi.eoppimispalvelut.fi\/peppi-ohjeet\/files\/2020\/04\/HOPSin-symbolit-1.png\" alt=\"HOPSin symbolit\" width=\"308\" height=\"454\" srcset=\"https:\/\/blogi.eoppimispalvelut.fi\/peppi-ohjeet\/files\/2020\/04\/HOPSin-symbolit-1.png 308w, https:\/\/blogi.eoppimispalvelut.fi\/peppi-ohjeet\/files\/2020\/04\/HOPSin-symbolit-1-204x300.png 204w\" sizes=\"auto, (max-width: 308px) 100vw, 308px\" \/><\/a><p id=\"caption-attachment-2445\" class=\"wp-caption-text\">Klikkaa kuvaa suuremmaksi<\/p><\/div>\n<p>&nbsp;<\/p>\n<p><strong>HOPSin tietojen suodattaminen<\/strong><\/p>\n<p>Voit tarkastella HOPSia my\u00f6s eri suodatusvalintojen kautta.<\/p>\n<div id=\"attachment_6513\" style=\"width: 594px\" class=\"wp-caption alignnone\"><a href=\"https:\/\/blogi.eoppimispalvelut.fi\/peppi-ohjeet\/files\/2024\/05\/HOPSin-suodatus.png\"><img loading=\"lazy\" decoding=\"async\" aria-describedby=\"caption-attachment-6513\" class=\"size-large wp-image-6513\" src=\"https:\/\/blogi.eoppimispalvelut.fi\/peppi-ohjeet\/files\/2024\/05\/HOPSin-suodatus-1280x408.png\" alt=\"HOPSin suodatus\" width=\"584\" height=\"186\" srcset=\"https:\/\/blogi.eoppimispalvelut.fi\/peppi-ohjeet\/files\/2024\/05\/HOPSin-suodatus-1280x408.png 1280w, https:\/\/blogi.eoppimispalvelut.fi\/peppi-ohjeet\/files\/2024\/05\/HOPSin-suodatus-600x191.png 600w, https:\/\/blogi.eoppimispalvelut.fi\/peppi-ohjeet\/files\/2024\/05\/HOPSin-suodatus-768x245.png 768w, https:\/\/blogi.eoppimispalvelut.fi\/peppi-ohjeet\/files\/2024\/05\/HOPSin-suodatus-500x160.png 500w, https:\/\/blogi.eoppimispalvelut.fi\/peppi-ohjeet\/files\/2024\/05\/HOPSin-suodatus.png 1401w\" sizes=\"auto, (max-width: 584px) 100vw, 584px\" \/><\/a><p id=\"caption-attachment-6513\" class=\"wp-caption-text\">Klikkaa kuvaa suuremmaksi<\/p><\/div>\n<p>&nbsp;<\/p>\n<p><strong>Merkinn\u00e4t<\/strong><\/p>\n<p><span class=\"SpellingError SCX10196592\">Voit<\/span>\u00a0<span class=\"SpellingError SCX10196592\">tehd\u00e4<\/span>\u00a0<span class=\"SpellingError SCX10196592\">opintojaksoon<\/span>\u00a0<span class=\"SpellingError SCX10196592\">liittyvi\u00e4<\/span>\u00a0<span class=\"SpellingError SCX10196592\">omia<\/span>\u00a0<span class=\"SpellingError SCX10196592\">merkint\u00f6j\u00e4<\/span><span class=\"NormalTextRun SCX10196592\">\u00a0tai\u00a0<\/span><span class=\"SpellingError SCX10196592\">l\u00e4hett\u00e4\u00e4<\/span>\u00a0<span class=\"SpellingError SCX10196592\">opintojaksoon<\/span>\u00a0<span class=\"SpellingError SCX10196592\">liittyvi\u00e4<\/span>\u00a0<span class=\"SpellingError SCX10196592\">kysymyksi\u00e4<\/span>\u00a0<span class=\"SpellingError SCX10196592\">opettajalle ja \/ tai opinto-ohjaajalle. V<\/span>oit kirjata HOPSiin opintokokonaisuus- tai opintojaksokohtaisia merkint\u00f6j\u00e4. Voit lis\u00e4t\u00e4 merkinn\u00e4n yksitt\u00e4iselle opintojaksolle esim. jos haluaisit opiskella suunnitelmasta poikkeavalla tavalla esim. ty\u00f6nopinnollistamisena tai hyv\u00e4ksilukea opinnon.<\/p>\n<div id=\"attachment_1947\" style=\"width: 610px\" class=\"wp-caption alignnone\"><a href=\"https:\/\/blogi.eoppimispalvelut.fi\/peppi-ohjeet\/files\/2020\/04\/Merkinn\u00e4n-lis\u00e4\u00e4minen.png\" rel=\"attachment wp-att-1947\"><img loading=\"lazy\" decoding=\"async\" aria-describedby=\"caption-attachment-1947\" class=\"wp-image-1947 size-medium\" src=\"https:\/\/blogi.eoppimispalvelut.fi\/peppi-ohjeet\/files\/2020\/04\/Merkinn\u00e4n-lis\u00e4\u00e4minen-900x409.png\" alt=\"Merkinn\u00e4n lis\u00e4\u00e4minen opiskelijan toimesta\" width=\"600\" height=\"273\" srcset=\"https:\/\/blogi.eoppimispalvelut.fi\/peppi-ohjeet\/files\/2020\/04\/Merkinn\u00e4n-lis\u00e4\u00e4minen-900x409.png 900w, https:\/\/blogi.eoppimispalvelut.fi\/peppi-ohjeet\/files\/2020\/04\/Merkinn\u00e4n-lis\u00e4\u00e4minen-768x349.png 768w, https:\/\/blogi.eoppimispalvelut.fi\/peppi-ohjeet\/files\/2020\/04\/Merkinn\u00e4n-lis\u00e4\u00e4minen-500x227.png 500w, https:\/\/blogi.eoppimispalvelut.fi\/peppi-ohjeet\/files\/2020\/04\/Merkinn\u00e4n-lis\u00e4\u00e4minen.png 1170w\" sizes=\"auto, (max-width: 600px) 100vw, 600px\" \/><\/a><p id=\"caption-attachment-1947\" class=\"wp-caption-text\">Klikkaa kuva suuremmaksi<\/p><\/div>\n<ul>\n<li>Klikkaa opintokokonaisuuden tai opintojakson nimen per\u00e4ss\u00e4 n\u00e4kyv\u00e4\u00e4 + -merkki\u00e4 tai puhekupla-kuvaketta. Puhekupla on n\u00e4kyviss\u00e4, mik\u00e4li merkint\u00f6j\u00e4 on jo kirjattu.<\/li>\n<\/ul>\n<p><a href=\"https:\/\/blogi.eoppimispalvelut.fi\/peppi-ohjeet\/files\/2024\/05\/Merkinnan-lisaaminen-HOPSiin-1.png\"><img loading=\"lazy\" decoding=\"async\" class=\"alignnone size-large wp-image-6515\" src=\"https:\/\/blogi.eoppimispalvelut.fi\/peppi-ohjeet\/files\/2024\/05\/Merkinnan-lisaaminen-HOPSiin-1-1280x567.png\" alt=\"\" width=\"584\" height=\"259\" srcset=\"https:\/\/blogi.eoppimispalvelut.fi\/peppi-ohjeet\/files\/2024\/05\/Merkinnan-lisaaminen-HOPSiin-1-1280x567.png 1280w, https:\/\/blogi.eoppimispalvelut.fi\/peppi-ohjeet\/files\/2024\/05\/Merkinnan-lisaaminen-HOPSiin-1-600x266.png 600w, https:\/\/blogi.eoppimispalvelut.fi\/peppi-ohjeet\/files\/2024\/05\/Merkinnan-lisaaminen-HOPSiin-1-768x340.png 768w, https:\/\/blogi.eoppimispalvelut.fi\/peppi-ohjeet\/files\/2024\/05\/Merkinnan-lisaaminen-HOPSiin-1-1536x681.png 1536w, https:\/\/blogi.eoppimispalvelut.fi\/peppi-ohjeet\/files\/2024\/05\/Merkinnan-lisaaminen-HOPSiin-1-2048x908.png 2048w, https:\/\/blogi.eoppimispalvelut.fi\/peppi-ohjeet\/files\/2024\/05\/Merkinnan-lisaaminen-HOPSiin-1-500x222.png 500w\" sizes=\"auto, (max-width: 584px) 100vw, 584px\" \/><\/a><\/p>\n<ol>\n<li>Valitse viestin vastaanottaja. Valitse vastaanottajaksi opinto-oikeudellesi merkityn ohjaajan tai toteutuksesta vastaavan opettajan. Jos et merkitse vastaanottajaa, merkint\u00e4 n\u00e4kyy vain sinulle.<\/li>\n<li>Lis\u00e4\u00e4 viestin aihe.<\/li>\n<li>Kirjoita viesti avautuvaan ikkunaan<b>.\u00a0<\/b><b>Muista allekirjoittaa viestisi. <\/b>Viesti menee vastaanottajan s\u00e4hk\u00f6postiin, mutta viestiss\u00e4 ei ole l\u00e4hett\u00e4j\u00e4n tietoja, ellet allekirjoita viesti\u00e4.<\/li>\n<li>Valitse Lis\u00e4\u00e4 merkint\u00e4.<\/li>\n<\/ol>\n<p>Merkint\u00e4 n\u00e4kyy HOPSilla puhekuplana. Ohjaaja voi lukea merkinn\u00e4n ja my\u00f6s vastata siihen. Merkinn\u00e4t n\u00e4kyv\u00e4t my\u00f6s Viestit-v\u00e4lilehdell\u00e4.<\/p>\n<div id=\"attachment_1950\" style=\"width: 610px\" class=\"wp-caption alignnone\"><a href=\"https:\/\/blogi.eoppimispalvelut.fi\/peppi-ohjeet\/files\/2020\/04\/Merkinn\u00e4n-n\u00e4kyminen-HOPSilla.png\" rel=\"attachment wp-att-1950\"><img loading=\"lazy\" decoding=\"async\" aria-describedby=\"caption-attachment-1950\" class=\"wp-image-1950 size-medium\" src=\"https:\/\/blogi.eoppimispalvelut.fi\/peppi-ohjeet\/files\/2020\/04\/Merkinn\u00e4n-n\u00e4kyminen-HOPSilla-900x416.png\" alt=\"Merkinn\u00e4n n\u00e4kyminen HOPSilla\" width=\"600\" height=\"277\" srcset=\"https:\/\/blogi.eoppimispalvelut.fi\/peppi-ohjeet\/files\/2020\/04\/Merkinn\u00e4n-n\u00e4kyminen-HOPSilla-900x416.png 900w, https:\/\/blogi.eoppimispalvelut.fi\/peppi-ohjeet\/files\/2020\/04\/Merkinn\u00e4n-n\u00e4kyminen-HOPSilla-768x355.png 768w, https:\/\/blogi.eoppimispalvelut.fi\/peppi-ohjeet\/files\/2020\/04\/Merkinn\u00e4n-n\u00e4kyminen-HOPSilla-500x231.png 500w, https:\/\/blogi.eoppimispalvelut.fi\/peppi-ohjeet\/files\/2020\/04\/Merkinn\u00e4n-n\u00e4kyminen-HOPSilla.png 1178w\" sizes=\"auto, (max-width: 600px) 100vw, 600px\" \/><\/a><p id=\"caption-attachment-1950\" class=\"wp-caption-text\">Klikkaa kuva suuremmaksi<\/p><\/div>\n<p>&nbsp;<\/p>\n<p><strong>HOPSin l\u00e4hett\u00e4minen kommentoitavaksi tai hyv\u00e4ksytt\u00e4v\u00e4ksi<\/strong><\/p>\n<div id=\"attachment_6516\" style=\"width: 594px\" class=\"wp-caption alignnone\"><a href=\"https:\/\/blogi.eoppimispalvelut.fi\/peppi-ohjeet\/files\/2024\/05\/HOPSin-kommentointi-ja-hyvaksyttaminen.png\"><img loading=\"lazy\" decoding=\"async\" aria-describedby=\"caption-attachment-6516\" class=\"size-large wp-image-6516\" src=\"https:\/\/blogi.eoppimispalvelut.fi\/peppi-ohjeet\/files\/2024\/05\/HOPSin-kommentointi-ja-hyvaksyttaminen-1280x609.png\" alt=\"HOPSin kommentointi ja hyv\u00e4ksytt\u00e4minen\" width=\"584\" height=\"278\" srcset=\"https:\/\/blogi.eoppimispalvelut.fi\/peppi-ohjeet\/files\/2024\/05\/HOPSin-kommentointi-ja-hyvaksyttaminen-1280x609.png 1280w, https:\/\/blogi.eoppimispalvelut.fi\/peppi-ohjeet\/files\/2024\/05\/HOPSin-kommentointi-ja-hyvaksyttaminen-600x286.png 600w, https:\/\/blogi.eoppimispalvelut.fi\/peppi-ohjeet\/files\/2024\/05\/HOPSin-kommentointi-ja-hyvaksyttaminen-768x366.png 768w, https:\/\/blogi.eoppimispalvelut.fi\/peppi-ohjeet\/files\/2024\/05\/HOPSin-kommentointi-ja-hyvaksyttaminen-1536x731.png 1536w, https:\/\/blogi.eoppimispalvelut.fi\/peppi-ohjeet\/files\/2024\/05\/HOPSin-kommentointi-ja-hyvaksyttaminen-2048x975.png 2048w, https:\/\/blogi.eoppimispalvelut.fi\/peppi-ohjeet\/files\/2024\/05\/HOPSin-kommentointi-ja-hyvaksyttaminen-500x238.png 500w\" sizes=\"auto, (max-width: 584px) 100vw, 584px\" \/><\/a><p id=\"caption-attachment-6516\" class=\"wp-caption-text\">Klikkaa kuvaa suuremmaksi<\/p><\/div>\n<p>Mik\u00e4li olet tehnyt suurempia muutoksia HOPSiisi joko ajoittamisen osalta tai lis\u00e4nnyt HOPSiisi muita HOPSin ulkopuolisia opintoja ja haluat ne hyv\u00e4ksytt\u00e4\u00e4 osaksi HOPSiasi\u00a0 voi l\u00e4hett\u00e4\u00e4 HOPSisi kommentoitavaksi tai hyv\u00e4ksytt\u00e4v\u00e4ksi opinto-ohjaajallesi.<\/p>\n<div id=\"attachment_6517\" style=\"width: 594px\" class=\"wp-caption alignnone\"><a href=\"https:\/\/blogi.eoppimispalvelut.fi\/peppi-ohjeet\/files\/2024\/05\/HOPSin-hyvaksyttaminen.png\"><img loading=\"lazy\" decoding=\"async\" aria-describedby=\"caption-attachment-6517\" class=\"size-large wp-image-6517\" src=\"https:\/\/blogi.eoppimispalvelut.fi\/peppi-ohjeet\/files\/2024\/05\/HOPSin-hyvaksyttaminen-1280x893.png\" alt=\"HOPSin hyv\u00e4ksytt\u00e4minen\" width=\"584\" height=\"407\" srcset=\"https:\/\/blogi.eoppimispalvelut.fi\/peppi-ohjeet\/files\/2024\/05\/HOPSin-hyvaksyttaminen-1280x893.png 1280w, https:\/\/blogi.eoppimispalvelut.fi\/peppi-ohjeet\/files\/2024\/05\/HOPSin-hyvaksyttaminen-600x419.png 600w, https:\/\/blogi.eoppimispalvelut.fi\/peppi-ohjeet\/files\/2024\/05\/HOPSin-hyvaksyttaminen-768x536.png 768w, https:\/\/blogi.eoppimispalvelut.fi\/peppi-ohjeet\/files\/2024\/05\/HOPSin-hyvaksyttaminen-1536x1072.png 1536w, https:\/\/blogi.eoppimispalvelut.fi\/peppi-ohjeet\/files\/2024\/05\/HOPSin-hyvaksyttaminen-2048x1429.png 2048w, https:\/\/blogi.eoppimispalvelut.fi\/peppi-ohjeet\/files\/2024\/05\/HOPSin-hyvaksyttaminen-430x300.png 430w\" sizes=\"auto, (max-width: 584px) 100vw, 584px\" \/><\/a><p id=\"caption-attachment-6517\" class=\"wp-caption-text\">Klikkaa kuvaa suuremmaksi<\/p><\/div>\n<ol>\n<li>Valitse viestin vastaanottaja. Voit valita vastaanottajaksi opinto-oikeudellesi merkityn ohjaajan.<\/li>\n<li>Lis\u00e4\u00e4 viestin aihe.<\/li>\n<li>Kirjoita viesti avautuvaan ikkunaan<b>. Muista allekirjoittaa viestisi. <\/b>Viesti menee vastaanottajan s\u00e4hk\u00f6postiin, mutta viestiss\u00e4 ei ole l\u00e4hett\u00e4j\u00e4n tietoja, ellet allekirjoita viesti\u00e4.<\/li>\n<li>Valitse L\u00e4het\u00e4.<\/li>\n<\/ol>\n<p>Hopsin hyv\u00e4ksyminen luo uuden HOPS-version, jota et en\u00e4\u00e4 voi muokata. Hyv\u00e4ksytyn HOPSin pohjalta syntyy v\u00e4litt\u00f6m\u00e4sti luonnostilassa oleva HOPS (draft, luonnos), jossa voit tarvittaessa tehd\u00e4 HOPSin jatkoty\u00f6st\u00f6\u00e4. HOPS-version voit valita Valitse HOPS-versio -pudotuslistasta, joka l\u00f6ytyy HOPSin yl\u00e4reunasta.<\/p>\n<hr \/>\n<p>Takaisin\u00a0<a href=\"https:\/\/blogi.eoppimispalvelut.fi\/peppi-ohjeet\/opiskelijalle\/\">Opiskelijalle-sivulle<\/a><\/p>\n","protected":false},"excerpt":{"rendered":"<p>Katso video (tekstityksen saa p\u00e4\u00e4lle [cc]-painikkeesta). HOPSin Tarkastelu-v\u00e4lilehdell\u00e4 voit tarkastella omaa HOPSiasi. Aloittaessasi opintosi HOPS pohjautuu koulutuksesi oletusopetussuunnitelmaan. Opintojen edetess\u00e4 HOPSin sis\u00e4lt\u00f6 muuttuu valitsemasi opintojen ja mahdollisten hyv\u00e4ksilukujen mukaisesti. Sivun oikeasta reunasta n\u00e4et HOPSin statukseen liittyvi\u00e4 tietoja ja uudet saapuneet &hellip; <a href=\"https:\/\/blogi.eoppimispalvelut.fi\/peppi-ohjeet\/opiskelijalle\/minun-opintoni\/hops-2\/hopsin-tarkastelu\/\">Continue reading <span class=\"meta-nav\">&rarr;<\/span><\/a><\/p>\n","protected":false},"author":4339,"featured_media":0,"parent":1736,"menu_order":0,"comment_status":"closed","ping_status":"closed","template":"","meta":{"_monsterinsights_skip_tracking":false,"_monsterinsights_sitenote_active":false,"_monsterinsights_sitenote_note":"","_monsterinsights_sitenote_category":0,"footnotes":""},"class_list":["post-1912","page","type-page","status-publish","hentry"],"_links":{"self":[{"href":"https:\/\/blogi.eoppimispalvelut.fi\/peppi-ohjeet\/wp-json\/wp\/v2\/pages\/1912","targetHints":{"allow":["GET"]}}],"collection":[{"href":"https:\/\/blogi.eoppimispalvelut.fi\/peppi-ohjeet\/wp-json\/wp\/v2\/pages"}],"about":[{"href":"https:\/\/blogi.eoppimispalvelut.fi\/peppi-ohjeet\/wp-json\/wp\/v2\/types\/page"}],"author":[{"embeddable":true,"href":"https:\/\/blogi.eoppimispalvelut.fi\/peppi-ohjeet\/wp-json\/wp\/v2\/users\/4339"}],"replies":[{"embeddable":true,"href":"https:\/\/blogi.eoppimispalvelut.fi\/peppi-ohjeet\/wp-json\/wp\/v2\/comments?post=1912"}],"version-history":[{"count":27,"href":"https:\/\/blogi.eoppimispalvelut.fi\/peppi-ohjeet\/wp-json\/wp\/v2\/pages\/1912\/revisions"}],"predecessor-version":[{"id":6716,"href":"https:\/\/blogi.eoppimispalvelut.fi\/peppi-ohjeet\/wp-json\/wp\/v2\/pages\/1912\/revisions\/6716"}],"up":[{"embeddable":true,"href":"https:\/\/blogi.eoppimispalvelut.fi\/peppi-ohjeet\/wp-json\/wp\/v2\/pages\/1736"}],"wp:attachment":[{"href":"https:\/\/blogi.eoppimispalvelut.fi\/peppi-ohjeet\/wp-json\/wp\/v2\/media?parent=1912"}],"curies":[{"name":"wp","href":"https:\/\/api.w.org\/{rel}","templated":true}]}}