{"id":1914,"date":"2020-04-09T08:57:27","date_gmt":"2020-04-09T05:57:27","guid":{"rendered":"https:\/\/blogi.eoppimispalvelut.fi\/peppi-ohjeet\/?page_id=1914"},"modified":"2024-07-01T12:39:46","modified_gmt":"2024-07-01T09:39:46","slug":"opintojen-lisaaminen-hopsiin","status":"publish","type":"page","link":"https:\/\/blogi.eoppimispalvelut.fi\/peppi-ohjeet\/opiskelijalle\/minun-opintoni\/hops-2\/opintojen-lisaaminen-hopsiin\/","title":{"rendered":"Opintojen lis\u00e4\u00e4minen HOPSiin"},"content":{"rendered":"<p>Katso <a href=\"https:\/\/youtu.be\/BoL4sx6HqWU\" target=\"_blank\" rel=\"noopener\">video<\/a> (tekstityksen saa p\u00e4\u00e4lle [cc]-painikkeesta).<\/p>\n<p>Voit lis\u00e4t\u00e4 Opintojen valinta -v\u00e4lilehdell\u00e4 muusta opetustarjonnasta opintojaksoja omaan HOPSiisi oman tavoiteltavan osaamisprofiilisi mukaisesti.<\/p>\n<p>HOPSissa on oletuksena koulutuksen opetussuunnitelman mukaiset opintojaksot. Kun opintojakso lis\u00e4t\u00e4\u00e4n HOPSiin, opiskelija voi ilmoittautua toteutukselle suoraan HOPSin kautta.<\/p>\n<p>Voit poistaa vaihtoehtoisia ja vapaasti valittavia opintoja HOPSista klikkaamalla &#8220;Poista vaihtoehtoinen opinto&#8221;. Opinto n\u00e4kyy edelleen Opintojen valinta -n\u00e4kym\u00e4ss\u00e4, mutta ei Tarkastelu -v\u00e4lilehdell\u00e4. Jos kuitenkin saat arvosanan poistamastasi opinnosta my\u00f6hemmin, poistaminen kumoutuu ja suoritus n\u00e4kyy HOPSin hierarkiassa oikeassa kohdassa my\u00f6s Tarkastelu -v\u00e4lilehdell\u00e4. Mik\u00e4li haluat poistaa HOPSiltasi pakollisia opintoja, ota yhteytt\u00e4 opinto-ohjaajasi.<\/p>\n<p>&nbsp;<\/p>\n<p><strong>Opintojen lis\u00e4\u00e4minen HOPSille<\/strong><\/p>\n<p>Lis\u00e4\u00e4 opintoja klikkaamalla suurennuslasi-ikonia sen opintokokonaisuuden kohdalta, johon opintoja halutaan lis\u00e4t\u00e4.<\/p>\n<div id=\"attachment_6532\" style=\"width: 594px\" class=\"wp-caption alignnone\"><a href=\"https:\/\/blogi.eoppimispalvelut.fi\/peppi-ohjeet\/files\/2024\/05\/Opintojen-lisaaminen-HOPSille.png\" rel=\"attachment wp-att-1954\"><img loading=\"lazy\" decoding=\"async\" aria-describedby=\"caption-attachment-6532\" class=\"wp-image-6532 size-large\" src=\"https:\/\/blogi.eoppimispalvelut.fi\/peppi-ohjeet\/files\/2024\/05\/Opintojen-lisaaminen-HOPSille-1280x784.png\" alt=\"Opintojen lis\u00e4\u00e4minen HOPSille\" width=\"584\" height=\"358\" srcset=\"https:\/\/blogi.eoppimispalvelut.fi\/peppi-ohjeet\/files\/2024\/05\/Opintojen-lisaaminen-HOPSille-1280x784.png 1280w, https:\/\/blogi.eoppimispalvelut.fi\/peppi-ohjeet\/files\/2024\/05\/Opintojen-lisaaminen-HOPSille-600x367.png 600w, https:\/\/blogi.eoppimispalvelut.fi\/peppi-ohjeet\/files\/2024\/05\/Opintojen-lisaaminen-HOPSille-768x470.png 768w, https:\/\/blogi.eoppimispalvelut.fi\/peppi-ohjeet\/files\/2024\/05\/Opintojen-lisaaminen-HOPSille-1536x941.png 1536w, https:\/\/blogi.eoppimispalvelut.fi\/peppi-ohjeet\/files\/2024\/05\/Opintojen-lisaaminen-HOPSille-2048x1254.png 2048w, https:\/\/blogi.eoppimispalvelut.fi\/peppi-ohjeet\/files\/2024\/05\/Opintojen-lisaaminen-HOPSille-490x300.png 490w\" sizes=\"auto, (max-width: 584px) 100vw, 584px\" \/><\/a><p id=\"caption-attachment-6532\" class=\"wp-caption-text\">Klikkaa kuvaa suuremmaksi<\/p><\/div>\n<p>Voit hakea lis\u00e4tt\u00e4v\u00e4n opinnon \/ lis\u00e4tt\u00e4v\u00e4t opinnot avautuvassa Opintohaku-n\u00e4kym\u00e4ss\u00e4. Oikean yl\u00e4kulman kysymysmerkki-painikkeen takaa l\u00f6ytyy my\u00f6s tarkempia ohjeita haun k\u00e4ytt\u00f6\u00f6n.<\/p>\n<div id=\"attachment_6533\" style=\"width: 594px\" class=\"wp-caption alignnone\"><a href=\"https:\/\/blogi.eoppimispalvelut.fi\/peppi-ohjeet\/files\/2024\/05\/Opintohaku.png\" rel=\"attachment wp-att-2448\"><img loading=\"lazy\" decoding=\"async\" aria-describedby=\"caption-attachment-6533\" class=\"wp-image-6533 size-large\" src=\"https:\/\/blogi.eoppimispalvelut.fi\/peppi-ohjeet\/files\/2024\/05\/Opintohaku-1280x658.png\" alt=\"Opintohaku\" width=\"584\" height=\"300\" srcset=\"https:\/\/blogi.eoppimispalvelut.fi\/peppi-ohjeet\/files\/2024\/05\/Opintohaku-1280x658.png 1280w, https:\/\/blogi.eoppimispalvelut.fi\/peppi-ohjeet\/files\/2024\/05\/Opintohaku-600x309.png 600w, https:\/\/blogi.eoppimispalvelut.fi\/peppi-ohjeet\/files\/2024\/05\/Opintohaku-768x395.png 768w, https:\/\/blogi.eoppimispalvelut.fi\/peppi-ohjeet\/files\/2024\/05\/Opintohaku-1536x790.png 1536w, https:\/\/blogi.eoppimispalvelut.fi\/peppi-ohjeet\/files\/2024\/05\/Opintohaku-2048x1053.png 2048w, https:\/\/blogi.eoppimispalvelut.fi\/peppi-ohjeet\/files\/2024\/05\/Opintohaku-500x257.png 500w\" sizes=\"auto, (max-width: 584px) 100vw, 584px\" \/><\/a><p id=\"caption-attachment-6533\" class=\"wp-caption-text\">Klikkaa kuvaa suuremmaksi<\/p><\/div>\n<ol>\n<li>Hae lis\u00e4tt\u00e4v\u00e4 opinto k\u00e4ytt\u00e4m\u00e4ll\u00e4 hakusanaa (opintojakson nimi tai koodi) tai rajaamalla hakua alla olevilla faseteilla. Haun tulokset n\u00e4kyv\u00e4t ikkunan oikeassa reunassa. Jos haet opintoja hakusanoilla, voit tarvittaessa k\u00e4ytt\u00e4\u00e4 apuna Lapin AMKin opinto-opasta, josta l\u00f6ytyv\u00e4t ajantasaiset opetussuunnitelmat opintojaksotietoineen.<\/li>\n<li>Tarkastele yksitt\u00e4ist\u00e4 opintojaksoa tai opintokokonaisuutta klikkaamalla opinnon nime\u00e4. Opintohaku n\u00e4ytt\u00e4\u00e4 onko opintojaksosta tehty toteutuksia ja onko toteutuksilla ilmoittautuminen k\u00e4ynniss\u00e4. Voit tarkastella toteutusten tarkempia tietoja klikkaamalla toteutuksen nime\u00e4.<\/li>\n<li>Valitse Lis\u00e4\u00e4 koriin.<\/li>\n<li>Valitse Vie valitut HOPSiin.<\/li>\n<li>Voit poistaa koriin valittuja opintoja joko yksittelen tai tyhjent\u00e4m\u00e4ll\u00e4 koko korin kerralla.<\/li>\n<\/ol>\n<p>&nbsp;<\/p>\n<p><strong>Opintojen vertailu<\/strong><\/p>\n<p>Voit k\u00e4ytt\u00e4\u00e4 opintojaksojen vertailua, kun haluat tutkia opintojaksojen sis\u00e4lt\u00f6j\u00e4 valintasi perustaksi. Valitse opintojaksoja vertailuun klikkaamalla Lis\u00e4\u00e4 vertailuun -painiketta.<\/p>\n<div id=\"attachment_1961\" style=\"width: 610px\" class=\"wp-caption alignnone\"><a href=\"https:\/\/blogi.eoppimispalvelut.fi\/peppi-ohjeet\/files\/2020\/04\/Opintojen-valinta-vertailuun.png\" rel=\"attachment wp-att-1961\"><img loading=\"lazy\" decoding=\"async\" aria-describedby=\"caption-attachment-1961\" class=\"wp-image-1961 size-medium\" src=\"https:\/\/blogi.eoppimispalvelut.fi\/peppi-ohjeet\/files\/2020\/04\/Opintojen-valinta-vertailuun-900x148.png\" alt=\"Opintojen valinta vertailua varten\" width=\"600\" height=\"99\" srcset=\"https:\/\/blogi.eoppimispalvelut.fi\/peppi-ohjeet\/files\/2020\/04\/Opintojen-valinta-vertailuun-900x148.png 900w, https:\/\/blogi.eoppimispalvelut.fi\/peppi-ohjeet\/files\/2020\/04\/Opintojen-valinta-vertailuun-768x126.png 768w, https:\/\/blogi.eoppimispalvelut.fi\/peppi-ohjeet\/files\/2020\/04\/Opintojen-valinta-vertailuun-500x82.png 500w, https:\/\/blogi.eoppimispalvelut.fi\/peppi-ohjeet\/files\/2020\/04\/Opintojen-valinta-vertailuun.png 1280w\" sizes=\"auto, (max-width: 600px) 100vw, 600px\" \/><\/a><p id=\"caption-attachment-1961\" class=\"wp-caption-text\">Klikkaa kuva suuremmaksi<\/p><\/div>\n<p>Klikkaa oikealle palstalle ilmestyv\u00e4st\u00e4 Vertaile opintojaksoja -laatikosta Vertaile-painiketta.<\/p>\n<div id=\"attachment_1962\" style=\"width: 453px\" class=\"wp-caption alignnone\"><a href=\"https:\/\/blogi.eoppimispalvelut.fi\/peppi-ohjeet\/files\/2020\/04\/Opintojaksojen-vertailu.png\" rel=\"attachment wp-att-1962\"><img loading=\"lazy\" decoding=\"async\" aria-describedby=\"caption-attachment-1962\" class=\"wp-image-1962 size-full\" src=\"https:\/\/blogi.eoppimispalvelut.fi\/peppi-ohjeet\/files\/2020\/04\/Opintojaksojen-vertailu.png\" alt=\"Opintojaksojen vertailu\" width=\"443\" height=\"221\" \/><\/a><p id=\"caption-attachment-1962\" class=\"wp-caption-text\">Klikkaa kuva suuremmaksi<\/p><\/div>\n<p>Saat n\u00e4kyviin opintojaksojen sis\u00e4ll\u00f6t vertailua ja p\u00e4\u00e4t\u00f6ksen tekemist\u00e4 varten.<\/p>\n<div id=\"attachment_1963\" style=\"width: 610px\" class=\"wp-caption alignnone\"><a href=\"https:\/\/blogi.eoppimispalvelut.fi\/peppi-ohjeet\/files\/2020\/04\/Opintojaksojen-vertailun\u00e4kym\u00e4.png\" rel=\"attachment wp-att-1963\"><img loading=\"lazy\" decoding=\"async\" aria-describedby=\"caption-attachment-1963\" class=\"wp-image-1963 size-medium\" src=\"https:\/\/blogi.eoppimispalvelut.fi\/peppi-ohjeet\/files\/2020\/04\/Opintojaksojen-vertailun\u00e4kym\u00e4-900x426.png\" alt=\"Opintojaksojen tiedot vertailua varten\" width=\"600\" height=\"284\" srcset=\"https:\/\/blogi.eoppimispalvelut.fi\/peppi-ohjeet\/files\/2020\/04\/Opintojaksojen-vertailun\u00e4kym\u00e4-900x426.png 900w, https:\/\/blogi.eoppimispalvelut.fi\/peppi-ohjeet\/files\/2020\/04\/Opintojaksojen-vertailun\u00e4kym\u00e4-768x364.png 768w, https:\/\/blogi.eoppimispalvelut.fi\/peppi-ohjeet\/files\/2020\/04\/Opintojaksojen-vertailun\u00e4kym\u00e4-500x237.png 500w, https:\/\/blogi.eoppimispalvelut.fi\/peppi-ohjeet\/files\/2020\/04\/Opintojaksojen-vertailun\u00e4kym\u00e4.png 1280w\" sizes=\"auto, (max-width: 600px) 100vw, 600px\" \/><\/a><p id=\"caption-attachment-1963\" class=\"wp-caption-text\">Klikkaa kuva suuremmaksi<\/p><\/div>\n<hr \/>\n<p>&nbsp;<\/p>\n<p>Takaisin <a href=\"https:\/\/blogi.eoppimispalvelut.fi\/peppi-ohjeet\/opiskelijalle\/\">Opiskelijalle-sivulle<\/a><\/p>\n","protected":false},"excerpt":{"rendered":"<p>Katso video (tekstityksen saa p\u00e4\u00e4lle [cc]-painikkeesta). Voit lis\u00e4t\u00e4 Opintojen valinta -v\u00e4lilehdell\u00e4 muusta opetustarjonnasta opintojaksoja omaan HOPSiisi oman tavoiteltavan osaamisprofiilisi mukaisesti. HOPSissa on oletuksena koulutuksen opetussuunnitelman mukaiset opintojaksot. Kun opintojakso lis\u00e4t\u00e4\u00e4n HOPSiin, opiskelija voi ilmoittautua toteutukselle suoraan HOPSin kautta. Voit poistaa &hellip; <a href=\"https:\/\/blogi.eoppimispalvelut.fi\/peppi-ohjeet\/opiskelijalle\/minun-opintoni\/hops-2\/opintojen-lisaaminen-hopsiin\/\">Continue reading <span class=\"meta-nav\">&rarr;<\/span><\/a><\/p>\n","protected":false},"author":4339,"featured_media":0,"parent":1736,"menu_order":0,"comment_status":"closed","ping_status":"closed","template":"","meta":{"_monsterinsights_skip_tracking":false,"_monsterinsights_sitenote_active":false,"_monsterinsights_sitenote_note":"","_monsterinsights_sitenote_category":0,"footnotes":""},"class_list":["post-1914","page","type-page","status-publish","hentry"],"_links":{"self":[{"href":"https:\/\/blogi.eoppimispalvelut.fi\/peppi-ohjeet\/wp-json\/wp\/v2\/pages\/1914","targetHints":{"allow":["GET"]}}],"collection":[{"href":"https:\/\/blogi.eoppimispalvelut.fi\/peppi-ohjeet\/wp-json\/wp\/v2\/pages"}],"about":[{"href":"https:\/\/blogi.eoppimispalvelut.fi\/peppi-ohjeet\/wp-json\/wp\/v2\/types\/page"}],"author":[{"embeddable":true,"href":"https:\/\/blogi.eoppimispalvelut.fi\/peppi-ohjeet\/wp-json\/wp\/v2\/users\/4339"}],"replies":[{"embeddable":true,"href":"https:\/\/blogi.eoppimispalvelut.fi\/peppi-ohjeet\/wp-json\/wp\/v2\/comments?post=1914"}],"version-history":[{"count":21,"href":"https:\/\/blogi.eoppimispalvelut.fi\/peppi-ohjeet\/wp-json\/wp\/v2\/pages\/1914\/revisions"}],"predecessor-version":[{"id":6720,"href":"https:\/\/blogi.eoppimispalvelut.fi\/peppi-ohjeet\/wp-json\/wp\/v2\/pages\/1914\/revisions\/6720"}],"up":[{"embeddable":true,"href":"https:\/\/blogi.eoppimispalvelut.fi\/peppi-ohjeet\/wp-json\/wp\/v2\/pages\/1736"}],"wp:attachment":[{"href":"https:\/\/blogi.eoppimispalvelut.fi\/peppi-ohjeet\/wp-json\/wp\/v2\/media?parent=1914"}],"curies":[{"name":"wp","href":"https:\/\/api.w.org\/{rel}","templated":true}]}}