{"id":1916,"date":"2020-04-09T08:57:52","date_gmt":"2020-04-09T05:57:52","guid":{"rendered":"https:\/\/blogi.eoppimispalvelut.fi\/peppi-ohjeet\/?page_id=1916"},"modified":"2024-05-24T15:47:39","modified_gmt":"2024-05-24T12:47:39","slug":"jasentelyt","status":"publish","type":"page","link":"https:\/\/blogi.eoppimispalvelut.fi\/peppi-ohjeet\/opiskelijalle\/minun-opintoni\/hops-2\/jasentelyt\/","title":{"rendered":"J\u00e4sentelyt"},"content":{"rendered":"<p>Katso <a href=\"https:\/\/youtu.be\/ZdY2sQY3SQ8\" target=\"_blank\" rel=\"noopener\">video<\/a> (tekstityksen saa p\u00e4\u00e4lle [cc]-painikkeesta).<\/p>\n<p>Voit tarkastella omaa HOPSiasi kompetenssien tai todistusj\u00e4sentelyn mukaisesti. Kompetenssij\u00e4sentelyn kautta voit n\u00e4hd\u00e4 millaista osaamista valitsemasi opinnot tuottavat. Jokaisen kompetenssin kohdalla n\u00e4kyy yhteenlaskettu opintopistem\u00e4\u00e4r\u00e4 opintojaksoista, joille kompetenssi on merkitty. Kompetenssin nimest\u00e4 n\u00e4kyy vain alku, mutta saat koko nimen n\u00e4kyviin viem\u00e4ll\u00e4 hiiren tekstin p\u00e4\u00e4lle.<\/p>\n<p><strong>Todistusj\u00e4sentely<\/strong><\/p>\n<p>Todistusj\u00e4sentelyn kautta n\u00e4et, miten opintosi j\u00e4sentyv\u00e4t opintosuoritusotteellesi ja tutkintotodistuksen liitteeseen.<\/p>\n<div id=\"attachment_1938\" style=\"width: 610px\" class=\"wp-caption alignnone\"><a href=\"https:\/\/blogi.eoppimispalvelut.fi\/peppi-ohjeet\/files\/2020\/04\/Todistusj\u00e4sentely.png\" rel=\"attachment wp-att-1938\"><img loading=\"lazy\" decoding=\"async\" aria-describedby=\"caption-attachment-1938\" class=\"wp-image-1938 size-medium\" src=\"https:\/\/blogi.eoppimispalvelut.fi\/peppi-ohjeet\/files\/2020\/04\/Todistusj\u00e4sentely-900x577.png\" alt=\"Opintojen tarkastelu todistusj\u00e4sentelyn mukaisesti\" width=\"600\" height=\"385\" srcset=\"https:\/\/blogi.eoppimispalvelut.fi\/peppi-ohjeet\/files\/2020\/04\/Todistusj\u00e4sentely-900x577.png 900w, https:\/\/blogi.eoppimispalvelut.fi\/peppi-ohjeet\/files\/2020\/04\/Todistusj\u00e4sentely-768x492.png 768w, https:\/\/blogi.eoppimispalvelut.fi\/peppi-ohjeet\/files\/2020\/04\/Todistusj\u00e4sentely-468x300.png 468w, https:\/\/blogi.eoppimispalvelut.fi\/peppi-ohjeet\/files\/2020\/04\/Todistusj\u00e4sentely.png 1124w\" sizes=\"auto, (max-width: 600px) 100vw, 600px\" \/><\/a><p id=\"caption-attachment-1938\" class=\"wp-caption-text\">Klikkaa kuva suuremmaksi<\/p><\/div>\n<p><strong>Kompetenssij\u00e4sentely<\/strong><\/p>\n<p>Kompetenssij\u00e4sentelyn kautta voit tarkastella millaista osaamista saavutat HOPSiisi valittujen opintojen pohjalta.<\/p>\n<div id=\"attachment_1939\" style=\"width: 610px\" class=\"wp-caption alignnone\"><a href=\"https:\/\/blogi.eoppimispalvelut.fi\/peppi-ohjeet\/files\/2020\/04\/Kompetenssij\u00e4sentely.png\" rel=\"attachment wp-att-1939\"><img loading=\"lazy\" decoding=\"async\" aria-describedby=\"caption-attachment-1939\" class=\"wp-image-1939 size-medium\" src=\"https:\/\/blogi.eoppimispalvelut.fi\/peppi-ohjeet\/files\/2020\/04\/Kompetenssij\u00e4sentely-900x565.png\" alt=\"Kompetenssij\u00e4sentelyn kautta n\u00e4et millaista osaamista opintosi tuottavat\" width=\"600\" height=\"377\" srcset=\"https:\/\/blogi.eoppimispalvelut.fi\/peppi-ohjeet\/files\/2020\/04\/Kompetenssij\u00e4sentely-900x565.png 900w, https:\/\/blogi.eoppimispalvelut.fi\/peppi-ohjeet\/files\/2020\/04\/Kompetenssij\u00e4sentely-768x483.png 768w, https:\/\/blogi.eoppimispalvelut.fi\/peppi-ohjeet\/files\/2020\/04\/Kompetenssij\u00e4sentely-478x300.png 478w, https:\/\/blogi.eoppimispalvelut.fi\/peppi-ohjeet\/files\/2020\/04\/Kompetenssij\u00e4sentely.png 1146w\" sizes=\"auto, (max-width: 600px) 100vw, 600px\" \/><\/a><p id=\"caption-attachment-1939\" class=\"wp-caption-text\">Klikkaa kuva suuremmaksi<\/p><\/div>\n<hr \/>\n<p>&nbsp;<\/p>\n<p>Takaisin\u00a0<a href=\"https:\/\/blogi.eoppimispalvelut.fi\/peppi-ohjeet\/opiskelijalle\/\">Opiskelijalle-sivulle<\/a><\/p>\n","protected":false},"excerpt":{"rendered":"<p>Katso video (tekstityksen saa p\u00e4\u00e4lle [cc]-painikkeesta). Voit tarkastella omaa HOPSiasi kompetenssien tai todistusj\u00e4sentelyn mukaisesti. Kompetenssij\u00e4sentelyn kautta voit n\u00e4hd\u00e4 millaista osaamista valitsemasi opinnot tuottavat. Jokaisen kompetenssin kohdalla n\u00e4kyy yhteenlaskettu opintopistem\u00e4\u00e4r\u00e4 opintojaksoista, joille kompetenssi on merkitty. Kompetenssin nimest\u00e4 n\u00e4kyy vain alku, mutta &hellip; <a href=\"https:\/\/blogi.eoppimispalvelut.fi\/peppi-ohjeet\/opiskelijalle\/minun-opintoni\/hops-2\/jasentelyt\/\">Continue reading <span class=\"meta-nav\">&rarr;<\/span><\/a><\/p>\n","protected":false},"author":4339,"featured_media":0,"parent":1736,"menu_order":0,"comment_status":"closed","ping_status":"closed","template":"","meta":{"_monsterinsights_skip_tracking":false,"_monsterinsights_sitenote_active":false,"_monsterinsights_sitenote_note":"","_monsterinsights_sitenote_category":0,"footnotes":""},"class_list":["post-1916","page","type-page","status-publish","hentry"],"_links":{"self":[{"href":"https:\/\/blogi.eoppimispalvelut.fi\/peppi-ohjeet\/wp-json\/wp\/v2\/pages\/1916","targetHints":{"allow":["GET"]}}],"collection":[{"href":"https:\/\/blogi.eoppimispalvelut.fi\/peppi-ohjeet\/wp-json\/wp\/v2\/pages"}],"about":[{"href":"https:\/\/blogi.eoppimispalvelut.fi\/peppi-ohjeet\/wp-json\/wp\/v2\/types\/page"}],"author":[{"embeddable":true,"href":"https:\/\/blogi.eoppimispalvelut.fi\/peppi-ohjeet\/wp-json\/wp\/v2\/users\/4339"}],"replies":[{"embeddable":true,"href":"https:\/\/blogi.eoppimispalvelut.fi\/peppi-ohjeet\/wp-json\/wp\/v2\/comments?post=1916"}],"version-history":[{"count":13,"href":"https:\/\/blogi.eoppimispalvelut.fi\/peppi-ohjeet\/wp-json\/wp\/v2\/pages\/1916\/revisions"}],"predecessor-version":[{"id":6538,"href":"https:\/\/blogi.eoppimispalvelut.fi\/peppi-ohjeet\/wp-json\/wp\/v2\/pages\/1916\/revisions\/6538"}],"up":[{"embeddable":true,"href":"https:\/\/blogi.eoppimispalvelut.fi\/peppi-ohjeet\/wp-json\/wp\/v2\/pages\/1736"}],"wp:attachment":[{"href":"https:\/\/blogi.eoppimispalvelut.fi\/peppi-ohjeet\/wp-json\/wp\/v2\/media?parent=1916"}],"curies":[{"name":"wp","href":"https:\/\/api.w.org\/{rel}","templated":true}]}}