{"id":2,"date":"2020-01-24T15:39:36","date_gmt":"2020-01-24T13:39:36","guid":{"rendered":"https:\/\/blogi.eoppimispalvelut.fi\/peppi-ohjeet\/?page_id=2"},"modified":"2024-08-12T15:40:39","modified_gmt":"2024-08-12T12:40:39","slug":"opetus_ohjaus","status":"publish","type":"page","link":"https:\/\/blogi.eoppimispalvelut.fi\/peppi-ohjeet\/opetus_ohjaus\/","title":{"rendered":"Opetus ja ohjaus"},"content":{"rendered":"<div id=\"s4-workspace\">\n<div id=\"s4-bodyContainer\">\n<div id=\"mainsection\">\n<div id=\"contentBox\">\n<div class=\"article article-left contentpage\">\n<div id=\"pagemiddle\">\n<div id=\"topleft\">\n<div id=\"pagebtm\">\n<div id=\"ctl00_PlaceHolderMain_RichHtmlField1__ControlWrapper_RichHtmlField\" class=\"ms-rtestate-field\" aria-labelledby=\"ctl00_PlaceHolderMain_RichHtmlField1_label\">\n<p>Peppi on Lapin ammattikorkeakoulussa k\u00e4yt\u00f6ss\u00e4 oleva ekosysteemi opetuksen suunnitteluun, toteutukseen ja opiskeluun. T\u00e4lle sivulle on ker\u00e4tty opetukseen ja ohjaukseen liittyv\u00e4t ohjeet.<\/p>\n<p>SIS\u00c4LT\u00d6:<\/p>\n<ul>\n<li style=\"list-style-type: none\">\n<ul>\n<li><a href=\"https:\/\/blogi.eoppimispalvelut.fi\/peppi-ohjeet\/omat-toteutukset\/\" target=\"_blank\" rel=\"noopener\">Toteutukset<\/a>\n<ul>\n<li><a href=\"https:\/\/blogi.eoppimispalvelut.fi\/peppi-ohjeet\/opetus_ohjaus\/omat-toteutukset\/siirtyminen-toteutukselle\/\" target=\"_blank\" rel=\"noopener\">Siirtyminen toteutukselle<\/a><\/li>\n<li><a href=\"https:\/\/blogi.eoppimispalvelut.fi\/peppi-ohjeet\/toteutussuunnitelman-taydentaminen\/\" target=\"_blank\" rel=\"noopener\">Toteutussuunnitelman t\u00e4ydent\u00e4minen<\/a><\/li>\n<li><a href=\"https:\/\/blogi.eoppimispalvelut.fi\/peppi-ohjeet\/toteutuksen-osat\/\" target=\"_blank\" rel=\"noopener\">Toteutuksen osat<\/a><\/li>\n<li><a href=\"https:\/\/blogi.eoppimispalvelut.fi\/peppi-ohjeet\/opetusryhmat-eli-pienryhmat\/\" target=\"_blank\" rel=\"noopener\">Opetusryhm\u00e4t \/ pienryhm\u00e4t<\/a><\/li>\n<li><a href=\"https:\/\/blogi.eoppimispalvelut.fi\/peppi-ohjeet\/rytmitys\/\" target=\"_blank\" rel=\"noopener\">Rytmitys- ja tilatoiveet ja ajoitus = lukuj\u00e4rjestystoiveet<\/a><\/li>\n<li><a href=\"https:\/\/blogi.eoppimispalvelut.fi\/peppi-ohjeet\/oppimisymparistot\/\" target=\"_blank\" rel=\"noopener\">Oppimisymp\u00e4rist\u00f6t<\/a><\/li>\n<li><a href=\"https:\/\/blogi.eoppimispalvelut.fi\/peppi-ohjeet\/kysymykset\/\" target=\"_blank\" rel=\"noopener\">Kysymykset<\/a><\/li>\n<li><a href=\"https:\/\/blogi.eoppimispalvelut.fi\/peppi-ohjeet\/automaattiviestit\/\" target=\"_blank\" rel=\"noopener\">Automaattiviestit<\/a><\/li>\n<li><a href=\"https:\/\/blogi.eoppimispalvelut.fi\/peppi-ohjeet\/opetus_ohjaus\/omat-toteutukset\/toteutuksen-kopiointi\/\" target=\"_blank\" rel=\"noopener\">Toteutuksen kopiointi aikaisemmalta toteutukselta<\/a><\/li>\n<li><a href=\"https:\/\/blogi.eoppimispalvelut.fi\/peppi-ohjeet\/toteutuksen-tarkastaminen\/\" target=\"_blank\" rel=\"noopener\">Toteutuksen tarkastaminen ja julkaisu<\/a><\/li>\n<li><a href=\"https:\/\/blogi.eoppimispalvelut.fi\/peppi-ohjeet\/opintopalauteohje\/\" target=\"_blank\" rel=\"noopener\">Opintopalauteohje<\/a><\/li>\n<\/ul>\n<\/li>\n<li><a href=\"https:\/\/blogi.eoppimispalvelut.fi\/peppi-ohjeet\/opiskelijoiden-ilmoittautuminen\/\" target=\"_blank\" rel=\"noopener\">Ilmoittautumisten hallinta<\/a>\n<ul>\n<li><a href=\"https:\/\/blogi.eoppimispalvelut.fi\/peppi-ohjeet\/opetus_ohjaus\/opiskelijoiden-ilmoittautuminen\/siirtyminen-ilmoittautumiset-nakymaan\/\" target=\"_blank\" rel=\"noopener\">Siirtyminen Ilmoittautumiset-n\u00e4kym\u00e4\u00e4n<\/a><\/li>\n<li><a href=\"https:\/\/blogi.eoppimispalvelut.fi\/peppi-ohjeet\/opetus_ohjaus\/opiskelijoiden-ilmoittautuminen\/ilmoittautumisten-kasittely-2\/\" target=\"_blank\" rel=\"noopener\">Ilmoittautumisten k\u00e4sittely<\/a><\/li>\n<li><a href=\"https:\/\/blogi.eoppimispalvelut.fi\/peppi-ohjeet\/opetus-pienryhmailmoittautumisten-hallinta\/\" target=\"_blank\" rel=\"noopener\">Opetus-\/pienryhm\u00e4ilmoittautumisten hallinta<\/a><\/li>\n<li><a href=\"https:\/\/blogi.eoppimispalvelut.fi\/peppi-ohjeet\/opetus_ohjaus\/opiskelijoiden-ilmoittautuminen\/opiskelijan-ilmoittautumisen-lisaaminen-2\/\" target=\"_blank\" rel=\"noopener\">Opiskelijoiden ilmoittautumisten lis\u00e4\u00e4minen<\/a><\/li>\n<\/ul>\n<\/li>\n<li><a href=\"https:\/\/blogi.eoppimispalvelut.fi\/peppi-ohjeet\/arviointi\/\" target=\"_blank\" rel=\"noopener\">Arviointi<\/a>\n<ul>\n<li><a href=\"https:\/\/blogi.eoppimispalvelut.fi\/peppi-ohjeet\/opetus_ohjaus\/arviointi-2\/siirtyminen-toteutusten-arviointi-nakymaan\/\" target=\"_blank\" rel=\"noopener\">Siirtyminen toteutusten arviointin\u00e4kym\u00e4\u00e4n<\/a><\/li>\n<li><a href=\"https:\/\/blogi.eoppimispalvelut.fi\/peppi-ohjeet\/opetus_ohjaus\/arviointi-2\/toteutuksen-arviointi-ei-sisalla-toteutuksen-osia\/\" target=\"_blank\" rel=\"noopener\">Toteutuksen arviointi, massa-arviointi ja massamuokkaus<\/a><\/li>\n<li><a href=\"https:\/\/blogi.eoppimispalvelut.fi\/peppi-ohjeet\/opetus_ohjaus\/arviointi-2\/toteutuksen-arviointi-sisaltaa-toteutuksen-osia-2\/\" target=\"_blank\" rel=\"noopener\">Toteutuksen arviointi, sis\u00e4lt\u00e4\u00e4 toteutuksen osia<\/a><\/li>\n<li><a href=\"https:\/\/blogi.eoppimispalvelut.fi\/peppi-ohjeet\/opetus_ohjaus\/arviointi-2\/uusintasuorituksen-lisaaminen-2\/\" target=\"_blank\" rel=\"noopener\">Uusintasuorituksen lis\u00e4\u00e4minen<\/a><\/li>\n<li><a href=\"https:\/\/blogi.eoppimispalvelut.fi\/peppi-ohjeet\/opetus_ohjaus\/arviointi-2\/suorituksen-korjaaminen-4\/\" target=\"_blank\" rel=\"noopener\">Suorituksen korjaaminen\u00a0<\/a><\/li>\n<li><a href=\"https:\/\/blogi.eoppimispalvelut.fi\/peppi-ohjeet\/opetus_ohjaus\/arviointi-2\/suorituksen-korjaaminen-4\/\" target=\"_blank\" rel=\"noopener\">Lis\u00e4tietojen kirjaaminen<\/a><\/li>\n<li><a href=\"https:\/\/blogi.eoppimispalvelut.fi\/peppi-ohjeet\/opetus_ohjaus\/arviointi-2\/opintojakson-luonti\/\" target=\"_blank\" rel=\"noopener\">Henkil\u00f6kohtaisen opintojakson lis\u00e4\u00e4minen HOPSiin ja sen arviointi<\/a><\/li>\n<li><a href=\"https:\/\/blogi.eoppimispalvelut.fi\/peppi-ohjeet\/opinnaytetyon-arviointi\/\" target=\"_blank\" rel=\"noopener\">Opinn\u00e4ytety\u00f6n arviointi<\/a><\/li>\n<\/ul>\n<\/li>\n<li><a href=\"https:\/\/blogi.eoppimispalvelut.fi\/peppi-ohjeet\/opetus_ohjaus\/pepin-kalenteri-ja-outlook-synkronointi\/\" target=\"_blank\" rel=\"noopener\">Pepin kalenteri ja Outlook-synkronointi<\/a><\/li>\n<li><a href=\"https:\/\/blogi.eoppimispalvelut.fi\/peppi-ohjeet\/opetus_ohjaus\/hot-hakemusten-kasittely-opinto-ohjaajat\/\" target=\"_blank\" rel=\"noopener\">eAHOT-hakemusten k\u00e4sittely (opinto-ohjaajat)<\/a>\n<ul>\n<li><a href=\"https:\/\/blogi.eoppimispalvelut.fi\/peppi-ohjeet\/sisallytyksen-kasittely-uusi\/\" target=\"_blank\" rel=\"noopener\">Sis\u00e4llytyksen k\u00e4sittely<\/a><\/li>\n<li><a href=\"https:\/\/blogi.eoppimispalvelut.fi\/peppi-ohjeet\/korvaavuuden-kasittely-opinto-ohjaajat\/\" target=\"_blank\" rel=\"noopener\">Korvaavuuden k\u00e4sittely<\/a><\/li>\n<li><a href=\"https:\/\/blogi.eoppimispalvelut.fi\/peppi-ohjeet\/esiahotointi-ohjaajan-ohje\/\" target=\"_blank\" rel=\"noopener\">Esiahothakemusten k\u00e4sittely<\/a><\/li>\n<\/ul>\n<\/li>\n<li><a href=\"https:\/\/blogi.eoppimispalvelut.fi\/peppi-ohjeet\/opetus_ohjaus\/hops-ohjaus\/\" target=\"_blank\" rel=\"noopener\">HOPS-ohjaus<\/a>\n<ul>\n<li><a href=\"https:\/\/blogi.eoppimispalvelut.fi\/peppi-ohjeet\/opetus_ohjaus\/hops-ohjaus\/ryhmien-ohjaus\/\" target=\"_blank\" rel=\"noopener\">Ryhmien ohjaus<\/a><\/li>\n<li><a href=\"https:\/\/blogi.eoppimispalvelut.fi\/peppi-ohjeet\/opetus_ohjaus\/hops-ohjaus\/opiskelijan-ohjaus\/\" target=\"_blank\" rel=\"noopener\">Opiskelijan ohjaus<\/a><\/li>\n<li><a href=\"https:\/\/blogi.eoppimispalvelut.fi\/peppi-ohjeet\/opetus_ohjaus\/hops-ohjaus\/avoimen-hops-ohjattavan-opiskelupaketin-rakentaminen\/\" target=\"_blank\" rel=\"noopener\">Avoimen HOPS-ohjattavan opiskelupaketin rakentaminen<\/a><\/li>\n<\/ul>\n<\/li>\n<li><a href=\"https:\/\/blogi.eoppimispalvelut.fi\/peppi-ohjeet\/opetus_ohjaus\/wihin-ohjeet-opinnaytetyon-ohjaajalle\/\" target=\"_blank\" rel=\"noopener\">Wihi \u2013 ohjeet opinn\u00e4ytety\u00f6n ohjaajalle<\/a><\/li>\n<li><a href=\"https:\/\/blogi.eoppimispalvelut.fi\/peppi-ohjeet\/opetus_ohjaus\/wihin-ohjeet-koordinaattorille\/\" target=\"_blank\" rel=\"noopener\">Wihi \u2013 ohjeet koordinaattorille<\/a><\/li>\n<\/ul>\n<\/li>\n<\/ul>\n<p>&nbsp;<\/p>\n<\/div>\n<\/div>\n<\/div>\n<\/div>\n<\/div>\n<\/div>\n<\/div>\n<\/div>\n<\/div>\n","protected":false},"excerpt":{"rendered":"<p>Peppi on Lapin ammattikorkeakoulussa k\u00e4yt\u00f6ss\u00e4 oleva ekosysteemi opetuksen suunnitteluun, toteutukseen ja opiskeluun. T\u00e4lle sivulle on ker\u00e4tty opetukseen ja ohjaukseen liittyv\u00e4t ohjeet. SIS\u00c4LT\u00d6: Toteutukset Siirtyminen toteutukselle Toteutussuunnitelman t\u00e4ydent\u00e4minen Toteutuksen osat Opetusryhm\u00e4t \/ pienryhm\u00e4t Rytmitys- ja tilatoiveet ja ajoitus = lukuj\u00e4rjestystoiveet Oppimisymp\u00e4rist\u00f6t &hellip; <a href=\"https:\/\/blogi.eoppimispalvelut.fi\/peppi-ohjeet\/opetus_ohjaus\/\">Continue reading <span class=\"meta-nav\">&rarr;<\/span><\/a><\/p>\n","protected":false},"author":376,"featured_media":0,"parent":0,"menu_order":0,"comment_status":"closed","ping_status":"closed","template":"","meta":{"_monsterinsights_skip_tracking":false,"_monsterinsights_sitenote_active":false,"_monsterinsights_sitenote_note":"","_monsterinsights_sitenote_category":0,"footnotes":""},"class_list":["post-2","page","type-page","status-publish","hentry"],"_links":{"self":[{"href":"https:\/\/blogi.eoppimispalvelut.fi\/peppi-ohjeet\/wp-json\/wp\/v2\/pages\/2","targetHints":{"allow":["GET"]}}],"collection":[{"href":"https:\/\/blogi.eoppimispalvelut.fi\/peppi-ohjeet\/wp-json\/wp\/v2\/pages"}],"about":[{"href":"https:\/\/blogi.eoppimispalvelut.fi\/peppi-ohjeet\/wp-json\/wp\/v2\/types\/page"}],"author":[{"embeddable":true,"href":"https:\/\/blogi.eoppimispalvelut.fi\/peppi-ohjeet\/wp-json\/wp\/v2\/users\/376"}],"replies":[{"embeddable":true,"href":"https:\/\/blogi.eoppimispalvelut.fi\/peppi-ohjeet\/wp-json\/wp\/v2\/comments?post=2"}],"version-history":[{"count":213,"href":"https:\/\/blogi.eoppimispalvelut.fi\/peppi-ohjeet\/wp-json\/wp\/v2\/pages\/2\/revisions"}],"predecessor-version":[{"id":6982,"href":"https:\/\/blogi.eoppimispalvelut.fi\/peppi-ohjeet\/wp-json\/wp\/v2\/pages\/2\/revisions\/6982"}],"wp:attachment":[{"href":"https:\/\/blogi.eoppimispalvelut.fi\/peppi-ohjeet\/wp-json\/wp\/v2\/media?parent=2"}],"curies":[{"name":"wp","href":"https:\/\/api.w.org\/{rel}","templated":true}]}}