{"id":203,"date":"2020-02-07T11:41:11","date_gmt":"2020-02-07T09:41:11","guid":{"rendered":"https:\/\/blogi.eoppimispalvelut.fi\/peppi-ohjeet\/?page_id=203"},"modified":"2024-12-02T15:17:39","modified_gmt":"2024-12-02T13:17:39","slug":"opiskelijalle","status":"publish","type":"page","link":"https:\/\/blogi.eoppimispalvelut.fi\/peppi-ohjeet\/opiskelijalle\/","title":{"rendered":"Opiskelijalle"},"content":{"rendered":"<p>Katso <a href=\"https:\/\/youtu.be\/yujMjfBFkGs\" target=\"_blank\" rel=\"noopener noreferrer\">video<\/a> (tekstityksen saa p\u00e4\u00e4lle [cc]-painikkeesta).<\/p>\n<ul>\n<li>Peppi toimii web-selaimessa, my\u00f6s mobiilisti<\/li>\n<li>Kaikki toiminnot on koottu Opiskelijan ty\u00f6p\u00f6yd\u00e4lle, joka avautuu, kun kirjaudut Peppiin<\/li>\n<li>Kirjautumisessa toimivat samat tunnukset kuin kirjautuessa koulun verkkoon tai s\u00e4hk\u00f6postiin.<\/li>\n<\/ul>\n<p>Opiskelijan ty\u00f6p\u00f6yd\u00e4n avulla voit suunnitella opintojasi, seurata niiden edistymist\u00e4, ilmoittautua opintoihin, lukuvuodelle sek\u00e4 tarkastella ja muokata omia yhteystietojasi.<\/p>\n<div id=\"attachment_6479\" style=\"width: 610px\" class=\"wp-caption alignleft\"><img loading=\"lazy\" decoding=\"async\" aria-describedby=\"caption-attachment-6479\" class=\"size-medium wp-image-6479\" src=\"https:\/\/blogi.eoppimispalvelut.fi\/peppi-ohjeet\/files\/2024\/05\/OpiskelijantyopoytaFI-600x374.png\" alt=\"Opiskelijan ty\u00f6p\u00f6yt\u00e4\" width=\"600\" height=\"374\" srcset=\"https:\/\/blogi.eoppimispalvelut.fi\/peppi-ohjeet\/files\/2024\/05\/OpiskelijantyopoytaFI-600x374.png 600w, https:\/\/blogi.eoppimispalvelut.fi\/peppi-ohjeet\/files\/2024\/05\/OpiskelijantyopoytaFI-768x479.png 768w, https:\/\/blogi.eoppimispalvelut.fi\/peppi-ohjeet\/files\/2024\/05\/OpiskelijantyopoytaFI-481x300.png 481w, https:\/\/blogi.eoppimispalvelut.fi\/peppi-ohjeet\/files\/2024\/05\/OpiskelijantyopoytaFI.png 1176w\" sizes=\"auto, (max-width: 600px) 100vw, 600px\" \/><p id=\"caption-attachment-6479\" class=\"wp-caption-text\">Opiskelijan ty\u00f6p\u00f6yt\u00e4<\/p><\/div>\n<p><strong>Pepiss\u00e4 voit<\/strong><\/p>\n<ul>\n<li>tarkastella omia opiskeluoikeustietojasi<\/li>\n<li>p\u00e4ivitt\u00e4\u00e4 henkil\u00f6tietoja<\/li>\n<li>selata opetussuunnitelmia ja opintojaksoja<\/li>\n<li>suunnitella omaa HOPSiasi (valinnat, ajoitus)<\/li>\n<li>viesti\u00e4 opinto-ohjaajan ja opettajien kanssa<\/li>\n<li>ilmoittautua toteutuksille<\/li>\n<li>ilmoittautua l\u00e4sn\u00e4- tai poissaolevaksi lukuvuodelle<\/li>\n<li>tarkastella omia opintosuorituksiasi ja tulostaa opintosuoritusotteen<\/li>\n<li>tehd\u00e4 hyv\u00e4ksilukuhakemuksia (HOT-hakemuksien tekeminen)<\/li>\n<li>antaa palautetta<\/li>\n<li>tarkastella omaa tai muiden esim. ryhmien lukuj\u00e4rjestyst\u00e4<\/li>\n<li>tilata s\u00e4hk\u00f6isi\u00e4 koulun varmentamia todistuksia (opintosuoritusote, opiskelutodistus)<\/li>\n<li>hakea mm. valmistumista tai opiskeluoikeden jatkoaikaa<\/li>\n<\/ul>\n<p>SIS\u00c4LT\u00d6:<\/p>\n<ul>\n<li><a href=\"https:\/\/blogi.eoppimispalvelut.fi\/peppi-ohjeet\/profiili\/\" target=\"_blank\" rel=\"noopener\">Oma profiili<\/a><\/li>\n<li><a href=\"https:\/\/blogi.eoppimispalvelut.fi\/peppi-ohjeet\/pikalinkit\/\" target=\"_blank\" rel=\"noopener\">Pikalinkit<\/a><\/li>\n<li><a href=\"https:\/\/blogi.eoppimispalvelut.fi\/peppi-ohjeet\/suosikit-ja-linkit\/\" target=\"_blank\" rel=\"noopener\">Suosikit ja linkit<\/a><\/li>\n<li><a href=\"https:\/\/blogi.eoppimispalvelut.fi\/peppi-ohjeet\/minun-opintoni\/\" target=\"_blank\" rel=\"noopener\">Minun opintoni<\/a>\n<ul>\n<li><a href=\"https:\/\/blogi.eoppimispalvelut.fi\/peppi-ohjeet\/opiskelijalle\/minun-opintoni\/hops-2\/\" target=\"_blank\" rel=\"noopener\">HOPS<\/a><\/li>\n<li><a href=\"https:\/\/blogi.eoppimispalvelut.fi\/peppi-ohjeet\/opiskelijalle\/minun-opintoni\/opintosuoritukset\/\" target=\"_blank\" rel=\"noopener\">Opintosuoritukset\u00a0<\/a><\/li>\n<li><a href=\"https:\/\/blogi.eoppimispalvelut.fi\/peppi-ohjeet\/ilmoittautuminen-ja-arviointi\/\" target=\"_blank\" rel=\"noopener\">Ilmoittautuminen toteutuksille<\/a><\/li>\n<li><a href=\"https:\/\/blogi.eoppimispalvelut.fi\/peppi-ohjeet\/opiskelijalle\/ristiinopiskelu-ilmoittautuminen-toteutukselle\/\">Ristiinopiskelu &#8211; ilmoittautuminen toteutukselle<\/a><\/li>\n<li><a href=\"https:\/\/blogi.eoppimispalvelut.fi\/peppi-ohjeet\/hyvaksiluku\/\" target=\"_blank\" rel=\"noopener\">Hyv\u00e4ksiluku (eAHOT)<\/a><\/li>\n<li><a href=\"https:\/\/blogi.eoppimispalvelut.fi\/peppi-ohjeet\/lukuvuosi-ilmoittautuminen\/\" target=\"_blank\" rel=\"noopener\">Lukuvuosi-ilmoittautuminen<\/a><\/li>\n<li><a href=\"https:\/\/blogi.eoppimispalvelut.fi\/peppi-ohjeet\/opiskelijalle\/sopimukset\/\" target=\"_blank\" rel=\"noopener\">Sopimukset<\/a><\/li>\n<li><a href=\"https:\/\/blogi.eoppimispalvelut.fi\/peppi-ohjeet\/opiskelijalle\/opintojaksopalaute\/\" target=\"_blank\" rel=\"noopener\">Opintopalaute<\/a><\/li>\n<\/ul>\n<\/li>\n<li><a href=\"https:\/\/blogi.eoppimispalvelut.fi\/peppi-ohjeet\/kalenteri\/\" target=\"_blank\" rel=\"noopener\">Kalenteri<\/a><\/li>\n<li><a href=\"https:\/\/blogi.eoppimispalvelut.fi\/peppi-ohjeet\/opiskelijalle\/tilattavat-todistukset\/\" target=\"_blank\" rel=\"noopener\">Tilattavat todistukset<\/a><\/li>\n<li><a href=\"https:\/\/blogi.eoppimispalvelut.fi\/peppi-ohjeet\/opiskelijalle\/hakemukset\/\" target=\"_blank\" rel=\"noopener\">Hakemukset<\/a>\n<ul>\n<li><a href=\"https:\/\/blogi.eoppimispalvelut.fi\/peppi-ohjeet\/opiskelijalle\/minun-opintoni\/valmistumishakemus\/\" target=\"_blank\" rel=\"noopener\">Valmistumishakemus<\/a><\/li>\n<li><a href=\"https:\/\/blogi.eoppimispalvelut.fi\/peppi-ohjeet\/opiskelijalle\/hakemukset\/suoritusmerkintojen-siirto\/\" target=\"_blank\" rel=\"noopener\">Suoritusmerkint\u00f6jen siirto<\/a><\/li>\n<li><a href=\"https:\/\/blogi.eoppimispalvelut.fi\/peppi-ohjeet\/opiskelijalle\/hakemukset\/hakemus-vapautukseksi-pakollisista-kieliopinnoista\/\" target=\"_blank\" rel=\"noopener\">Hakemus vapautukseksi pakollisista kieliopinnoista<\/a><\/li>\n<li><a href=\"https:\/\/blogi.eoppimispalvelut.fi\/peppi-ohjeet\/opiskelijalle\/hakemukset\/hakemus-opiskeluoikeuden-jatkamiseksi\/\" target=\"_blank\" rel=\"noopener\">Hakemus opiskeluoikeuden jatkamiseksi<\/a><\/li>\n<li><a href=\"https:\/\/blogi.eoppimispalvelut.fi\/peppi-ohjeet\/opiskelijalle\/hakemukset\/eroilmoitus\/\" target=\"_blank\" rel=\"noopener\">Eroilmoitus<\/a><\/li>\n<\/ul>\n<\/li>\n<li><a href=\"https:\/\/blogi.eoppimispalvelut.fi\/peppi-ohjeet\/opiskelijalle\/lukkarikone\/\" target=\"_blank\" rel=\"noopener\">Lukkarikone<\/a><\/li>\n<li><a href=\"https:\/\/blogi.eoppimispalvelut.fi\/peppi-ohjeet\/opiskelijalle\/wihi-ohjeet-opiskelijalle\/\" target=\"_blank\" rel=\"noopener\">Wihi &#8211; ohjeet opiskelijalle<\/a><\/li>\n<\/ul>\n<p>Mik\u00e4li tarvitset ohjausta Pepin osalta ota yhteytt\u00e4 koulutuksesi suunnittelijaan. <a href=\"https:\/\/lapinamk.fi\/palvelut\/opiskelijapalvelut\/\" target=\"_blank\" rel=\"noopener\">Opintotoimistojen yhteystiedot<\/a><\/p>\n<p>&nbsp;<\/p>\n<hr \/>\n","protected":false},"excerpt":{"rendered":"<p>Katso video (tekstityksen saa p\u00e4\u00e4lle [cc]-painikkeesta). Peppi toimii web-selaimessa, my\u00f6s mobiilisti Kaikki toiminnot on koottu Opiskelijan ty\u00f6p\u00f6yd\u00e4lle, joka avautuu, kun kirjaudut Peppiin Kirjautumisessa toimivat samat tunnukset kuin kirjautuessa koulun verkkoon tai s\u00e4hk\u00f6postiin. Opiskelijan ty\u00f6p\u00f6yd\u00e4n avulla voit suunnitella opintojasi, seurata niiden &hellip; <a href=\"https:\/\/blogi.eoppimispalvelut.fi\/peppi-ohjeet\/opiskelijalle\/\">Continue reading <span class=\"meta-nav\">&rarr;<\/span><\/a><\/p>\n","protected":false},"author":6,"featured_media":0,"parent":0,"menu_order":0,"comment_status":"closed","ping_status":"closed","template":"","meta":{"_monsterinsights_skip_tracking":false,"_monsterinsights_sitenote_active":false,"_monsterinsights_sitenote_note":"","_monsterinsights_sitenote_category":0,"footnotes":""},"class_list":["post-203","page","type-page","status-publish","hentry"],"_links":{"self":[{"href":"https:\/\/blogi.eoppimispalvelut.fi\/peppi-ohjeet\/wp-json\/wp\/v2\/pages\/203","targetHints":{"allow":["GET"]}}],"collection":[{"href":"https:\/\/blogi.eoppimispalvelut.fi\/peppi-ohjeet\/wp-json\/wp\/v2\/pages"}],"about":[{"href":"https:\/\/blogi.eoppimispalvelut.fi\/peppi-ohjeet\/wp-json\/wp\/v2\/types\/page"}],"author":[{"embeddable":true,"href":"https:\/\/blogi.eoppimispalvelut.fi\/peppi-ohjeet\/wp-json\/wp\/v2\/users\/6"}],"replies":[{"embeddable":true,"href":"https:\/\/blogi.eoppimispalvelut.fi\/peppi-ohjeet\/wp-json\/wp\/v2\/comments?post=203"}],"version-history":[{"count":74,"href":"https:\/\/blogi.eoppimispalvelut.fi\/peppi-ohjeet\/wp-json\/wp\/v2\/pages\/203\/revisions"}],"predecessor-version":[{"id":7093,"href":"https:\/\/blogi.eoppimispalvelut.fi\/peppi-ohjeet\/wp-json\/wp\/v2\/pages\/203\/revisions\/7093"}],"wp:attachment":[{"href":"https:\/\/blogi.eoppimispalvelut.fi\/peppi-ohjeet\/wp-json\/wp\/v2\/media?parent=203"}],"curies":[{"name":"wp","href":"https:\/\/api.w.org\/{rel}","templated":true}]}}