{"id":211,"date":"2020-02-07T11:44:32","date_gmt":"2020-02-07T09:44:32","guid":{"rendered":"https:\/\/blogi.eoppimispalvelut.fi\/peppi-ohjeet\/?page_id=211"},"modified":"2022-03-18T14:23:25","modified_gmt":"2022-03-18T12:23:25","slug":"oppimis-ja-ohjauspalvelut","status":"publish","type":"page","link":"https:\/\/blogi.eoppimispalvelut.fi\/peppi-ohjeet\/oppimis-ja-ohjauspalvelut\/","title":{"rendered":"Oppimis- ja ohjauspalvelut"},"content":{"rendered":"<p>T\u00e4lle sivulle on ker\u00e4tty Korkeakoulupalveluiden ty\u00f6p\u00f6yt\u00e4\u00e4n liittyv\u00e4t ohjeet.<\/p>\n<p>SIS\u00c4LT\u00d6:<\/p>\n<ul>\n<li><a href=\"https:\/\/blogi.eoppimispalvelut.fi\/peppi-ohjeet\/oppimis-ja-ohjauspalvelut\/opiskeluoikeushaku\/\">Opiskeluoikeushaku<\/a>\n<ul>\n<li><a href=\"https:\/\/blogi.eoppimispalvelut.fi\/peppi-ohjeet\/oppimis-ja-ohjauspalvelut\/perushaku\/\">Perushaku<\/a><\/li>\n<li><a href=\"https:\/\/blogi.eoppimispalvelut.fi\/peppi-ohjeet\/oppimis-ja-ohjauspalvelut\/rakenteinen-haku\/\">Rakenteinen haku<\/a><\/li>\n<\/ul>\n<\/li>\n<li><a href=\"https:\/\/blogi.eoppimispalvelut.fi\/peppi-ohjeet\/oppimis-ja-ohjauspalvelut\/opiskelutiedot-2\/\">Opiskelutiedot<\/a>\n<ul>\n<li><a href=\"https:\/\/blogi.eoppimispalvelut.fi\/peppi-ohjeet\/opiskelutiedot\/\">Opiskelutiedot<\/a><\/li>\n<li><a href=\"https:\/\/blogi.eoppimispalvelut.fi\/peppi-ohjeet\/oppimis-ja-ohjauspalvelut\/opiskeluoikeusaika\/\">Opiskeluoikeusaika<\/a><\/li>\n<li><a href=\"https:\/\/blogi.eoppimispalvelut.fi\/peppi-ohjeet\/oppimis-ja-ohjauspalvelut\/lasnaolotiedot\/\">L\u00e4sn\u00e4olotiedot<\/a><\/li>\n<li><a href=\"https:\/\/blogi.eoppimispalvelut.fi\/peppi-ohjeet\/oppimis-ja-ohjauspalvelut\/opiskeluoikeuden-lisatiedot\/\">Opiskeluoikeuden lis\u00e4tiedot<\/a><\/li>\n<li><a href=\"https:\/\/blogi.eoppimispalvelut.fi\/peppi-ohjeet\/oppimis-ja-ohjauspalvelut\/hops-2\/\">HOPS<\/a><\/li>\n<li><a href=\"https:\/\/blogi.eoppimispalvelut.fi\/peppi-ohjeet\/oppimis-ja-ohjauspalvelut\/opintosuoritukset\/\">Opintosuoritukset<\/a><\/li>\n<li><a href=\"https:\/\/blogi.eoppimispalvelut.fi\/peppi-ohjeet\/oppimis-ja-ohjauspalvelut\/kv-liikkuvuus\/\">KV-liikkuvuus<\/a><\/li>\n<li><a href=\"https:\/\/blogi.eoppimispalvelut.fi\/peppi-ohjeet\/oppimis-ja-ohjauspalvelut\/henkilotiedot\/\">Henkil\u00f6tiedot<\/a><\/li>\n<li><a href=\"https:\/\/blogi.eoppimispalvelut.fi\/peppi-ohjeet\/oppimis-ja-ohjauspalvelut\/yhteystiedot\/\">Yhteystiedot<\/a><\/li>\n<li><a href=\"https:\/\/blogi.eoppimispalvelut.fi\/peppi-ohjeet\/oppimis-ja-ohjauspalvelut\/tietojen-luovutusluvat\/\">Tietojen luovutusluvat<\/a><\/li>\n<li><a href=\"https:\/\/blogi.eoppimispalvelut.fi\/peppi-ohjeet\/oppimis-ja-ohjauspalvelut\/opiskelijan-lisatiedot\/\">Opiskelijan lis\u00e4tiedot<\/a><\/li>\n<li><a href=\"https:\/\/blogi.eoppimispalvelut.fi\/peppi-ohjeet\/oppimis-ja-ohjauspalvelut\/lahiomaiset\/\">L\u00e4hiomaiset<\/a><\/li>\n<li><a href=\"https:\/\/blogi.eoppimispalvelut.fi\/peppi-ohjeet\/oppimis-ja-ohjauspalvelut\/patevyys\/\">P\u00e4tevyys<\/a><\/li>\n<li><a href=\"https:\/\/blogi.eoppimispalvelut.fi\/peppi-ohjeet\/oppimis-ja-ohjauspalvelut\/todistusmerkinnat\/\">Todistusmerkinn\u00e4t<\/a><\/li>\n<li><a href=\"https:\/\/blogi.eoppimispalvelut.fi\/peppi-ohjeet\/oppimis-ja-ohjauspalvelut\/valmistuminen\/\">Valmistuminen<\/a><\/li>\n<\/ul>\n<\/li>\n<li><a href=\"https:\/\/blogi.eoppimispalvelut.fi\/peppi-ohjeet\/oppimis-ja-ohjauspalvelut\/opiskelijoiden-hallinta\/\">Hops ohjaus<\/a><\/li>\n<li><a href=\"https:\/\/blogi.eoppimispalvelut.fi\/peppi-ohjeet\/oppimis-ja-ohjauspalvelut\/raportit\/\">Raportit \/ Atomi<\/a>\n<ul>\n<li><a href=\"https:\/\/blogi.eoppimispalvelut.fi\/peppi-ohjeet\/oppimis-ja-ohjauspalvelut\/opintosuoritusote\/\">Opintosuoritusote<\/a><\/li>\n<li><a href=\"https:\/\/blogi.eoppimispalvelut.fi\/peppi-ohjeet\/oppimis-ja-ohjauspalvelut\/opiskelutodistus\/\">Opiskelutodistus<\/a><\/li>\n<li><a href=\"https:\/\/blogi.eoppimispalvelut.fi\/peppi-ohjeet\/oppimis-ja-ohjauspalvelut\/selvitys-opinnoista\/\">Selvitys opinnoista<\/a><\/li>\n<li><a href=\"https:\/\/blogi.eoppimispalvelut.fi\/peppi-ohjeet\/oppimis-ja-ohjauspalvelut\/erotodistus\/\">Erotodistus<\/a><\/li>\n<li><a href=\"https:\/\/blogi.eoppimispalvelut.fi\/peppi-ohjeet\/oppimis-ja-ohjauspalvelut\/hsl\/\">HSL<\/a><\/li>\n<li><a href=\"https:\/\/blogi.eoppimispalvelut.fi\/peppi-ohjeet\/oppimis-ja-ohjauspalvelut\/vr\/\">VR<\/a><\/li>\n<li><a href=\"https:\/\/blogi.eoppimispalvelut.fi\/peppi-ohjeet\/oppimis-ja-ohjauspalvelut\/matkahuolto\/\">Matkahuolto<\/a><\/li>\n<li><a href=\"https:\/\/blogi.eoppimispalvelut.fi\/peppi-ohjeet\/oppimis-ja-ohjauspalvelut\/tem621\/\">TEM621<\/a><\/li>\n<li><a href=\"https:\/\/blogi.eoppimispalvelut.fi\/peppi-ohjeet\/oppimis-ja-ohjauspalvelut\/diploma-supplement\/\">Yleinen todistus<\/a><\/li>\n<li><a href=\"https:\/\/blogi.eoppimispalvelut.fi\/peppi-ohjeet\/oppimis-ja-ohjauspalvelut\/diploma-supplement\/\">Diploma Supplement<\/a><\/li>\n<li><a href=\"https:\/\/blogi.eoppimispalvelut.fi\/peppi-ohjeet\/oppimis-ja-ohjauspalvelut\/tutkintotodistus\/\">Tutkintotodistus<\/a><\/li>\n<li><a href=\"https:\/\/blogi.eoppimispalvelut.fi\/peppi-ohjeet\/oppimis-ja-ohjauspalvelut\/tutkintotodistuksen-liitteet\/\">Tutkintotodistuksen liite<\/a><\/li>\n<\/ul>\n<\/li>\n<li><a href=\"https:\/\/blogi.eoppimispalvelut.fi\/peppi-ohjeet\/oppimis-ja-ohjauspalvelut\/hyvaksilukuhakemusten-kasittely\/\">HOT-hakemusten k\u00e4sittely<\/a><\/li>\n<li><a href=\"https:\/\/blogi.eoppimispalvelut.fi\/peppi-ohjeet\/oppimis-ja-ohjauspalvelut\/valmistumishakemukset\/\">Valmistumishakemukset<\/a><\/li>\n<li><a href=\"https:\/\/blogi.eoppimispalvelut.fi\/peppi-ohjeet\/oppimis-ja-ohjauspalvelut\/paakayttajien-ohjeet\/\">Peppi-p\u00e4\u00e4k\u00e4ytt\u00e4j\u00e4t<\/a> (salasanasuojattu)<\/li>\n<\/ul>\n","protected":false},"excerpt":{"rendered":"<p>T\u00e4lle sivulle on ker\u00e4tty Korkeakoulupalveluiden ty\u00f6p\u00f6yt\u00e4\u00e4n liittyv\u00e4t ohjeet. SIS\u00c4LT\u00d6: Opiskeluoikeushaku Perushaku Rakenteinen haku Opiskelutiedot Opiskelutiedot Opiskeluoikeusaika L\u00e4sn\u00e4olotiedot Opiskeluoikeuden lis\u00e4tiedot HOPS Opintosuoritukset KV-liikkuvuus Henkil\u00f6tiedot Yhteystiedot Tietojen luovutusluvat Opiskelijan lis\u00e4tiedot L\u00e4hiomaiset P\u00e4tevyys Todistusmerkinn\u00e4t Valmistuminen Hops ohjaus Raportit \/ Atomi Opintosuoritusote Opiskelutodistus Selvitys &hellip; <a href=\"https:\/\/blogi.eoppimispalvelut.fi\/peppi-ohjeet\/oppimis-ja-ohjauspalvelut\/\">Continue reading <span class=\"meta-nav\">&rarr;<\/span><\/a><\/p>\n","protected":false},"author":6,"featured_media":0,"parent":0,"menu_order":0,"comment_status":"closed","ping_status":"closed","template":"","meta":{"_monsterinsights_skip_tracking":false,"_monsterinsights_sitenote_active":false,"_monsterinsights_sitenote_note":"","_monsterinsights_sitenote_category":0,"footnotes":""},"class_list":["post-211","page","type-page","status-publish","hentry"],"_links":{"self":[{"href":"https:\/\/blogi.eoppimispalvelut.fi\/peppi-ohjeet\/wp-json\/wp\/v2\/pages\/211","targetHints":{"allow":["GET"]}}],"collection":[{"href":"https:\/\/blogi.eoppimispalvelut.fi\/peppi-ohjeet\/wp-json\/wp\/v2\/pages"}],"about":[{"href":"https:\/\/blogi.eoppimispalvelut.fi\/peppi-ohjeet\/wp-json\/wp\/v2\/types\/page"}],"author":[{"embeddable":true,"href":"https:\/\/blogi.eoppimispalvelut.fi\/peppi-ohjeet\/wp-json\/wp\/v2\/users\/6"}],"replies":[{"embeddable":true,"href":"https:\/\/blogi.eoppimispalvelut.fi\/peppi-ohjeet\/wp-json\/wp\/v2\/comments?post=211"}],"version-history":[{"count":15,"href":"https:\/\/blogi.eoppimispalvelut.fi\/peppi-ohjeet\/wp-json\/wp\/v2\/pages\/211\/revisions"}],"predecessor-version":[{"id":5892,"href":"https:\/\/blogi.eoppimispalvelut.fi\/peppi-ohjeet\/wp-json\/wp\/v2\/pages\/211\/revisions\/5892"}],"wp:attachment":[{"href":"https:\/\/blogi.eoppimispalvelut.fi\/peppi-ohjeet\/wp-json\/wp\/v2\/media?parent=211"}],"curies":[{"name":"wp","href":"https:\/\/api.w.org\/{rel}","templated":true}]}}