{"id":2113,"date":"2020-04-22T09:30:12","date_gmt":"2020-04-22T06:30:12","guid":{"rendered":"https:\/\/blogi.eoppimispalvelut.fi\/peppi-ohjeet\/?page_id=2113"},"modified":"2021-06-23T15:01:49","modified_gmt":"2021-06-23T12:01:49","slug":"koulutuksen-perustaminen","status":"publish","type":"page","link":"https:\/\/blogi.eoppimispalvelut.fi\/peppi-ohjeet\/koulutus-ja-opetussuunnittelu\/koulutuksen-suunnittelu\/koulutuksen-perustaminen\/","title":{"rendered":"Koulutuksen perustaminen"},"content":{"rendered":"<p><a href=\"https:\/\/youtu.be\/E733Yeu1s70\" target=\"_blank\" rel=\"noopener noreferrer\">Katso video<\/a>, osa 1. (tekstityksen saa p\u00e4\u00e4lle [cc]-painikkeesta).<\/p>\n<p><strong>Siirtyminen koulutussuunnitteluun<\/strong><\/p>\n<p>Siirtyminen koulutussuunnitteluun tapahtuu valitsemalla Koulutus- ja opetussuunnitteluvalikosta Koulutukset ja hakukohteet.<\/p>\n<p>&nbsp;<\/p>\n<div id=\"attachment_3248\" style=\"width: 728px\" class=\"wp-caption alignnone\"><a href=\"https:\/\/blogi.eoppimispalvelut.fi\/peppi-ohjeet\/koulutus-ja-opetussuunnittelu\/koulutuksen-suunnittelu\/koulutuksen-perustaminen\/siirtyminen-koulutussuunnitteluun\/\" rel=\"attachment wp-att-3248\"><img loading=\"lazy\" decoding=\"async\" aria-describedby=\"caption-attachment-3248\" class=\"size-full wp-image-3248\" src=\"https:\/\/blogi.eoppimispalvelut.fi\/peppi-ohjeet\/files\/2020\/06\/Siirtyminen-koulutussuunnitteluun.png\" alt=\"Siirtyminen koulutussuunnitteluun\" width=\"718\" height=\"275\" srcset=\"https:\/\/blogi.eoppimispalvelut.fi\/peppi-ohjeet\/files\/2020\/06\/Siirtyminen-koulutussuunnitteluun.png 718w, https:\/\/blogi.eoppimispalvelut.fi\/peppi-ohjeet\/files\/2020\/06\/Siirtyminen-koulutussuunnitteluun-500x192.png 500w\" sizes=\"auto, (max-width: 718px) 100vw, 718px\" \/><\/a><p id=\"caption-attachment-3248\" class=\"wp-caption-text\">Klikkaa kuva suuremmaksi<\/p><\/div>\n<hr \/>\n<p><strong>Koulutuksen perustaminen<\/strong><\/p>\n<p>Hakijapalveluiden suunnittelija perustaa koulutuksen. Avautuvassa n\u00e4kym\u00e4ss\u00e4 voit perustaa koulutuksen valitsemalla +Lis\u00e4\u00e4 koulutus.<\/p>\n<p>Koulutus perustetaan vain kerran. Tarvittaessa koulutuksen tietoja p\u00e4ivit\u00e4\u00e4n.<\/p>\n<p>Kun kuvaustietoa halutaan p\u00e4ivitt\u00e4\u00e4, tulee ottaa yhteytt\u00e4 Pepin p\u00e4\u00e4k\u00e4ytt\u00e4j\u00e4\u00e4n, joka palauttaa kuvaustekstin osaamisp\u00e4\u00e4llik\u00f6n tai YAMK-vastuuopettajan p\u00e4ivitt\u00e4v\u00e4ksi.<\/p>\n<p>Koulutuksen tietoja p\u00e4\u00e4see p\u00e4ivitt\u00e4m\u00e4\u00e4n hakemalla koulutus suodattamalla listaa halutuilla hakukriteereill\u00e4 tai kelaamalla luetteloa, kunnes haluttu koulutus l\u00f6ytyy.<\/p>\n<p>&nbsp;<\/p>\n<div id=\"attachment_3249\" style=\"width: 594px\" class=\"wp-caption alignnone\"><a href=\"https:\/\/blogi.eoppimispalvelut.fi\/peppi-ohjeet\/koulutus-ja-opetussuunnittelu\/koulutuksen-suunnittelu\/koulutuksen-perustaminen\/koulutuksen-lisaaminen\/\" rel=\"attachment wp-att-3249\"><img loading=\"lazy\" decoding=\"async\" aria-describedby=\"caption-attachment-3249\" class=\"size-large wp-image-3249\" src=\"https:\/\/blogi.eoppimispalvelut.fi\/peppi-ohjeet\/files\/2020\/06\/Koulutuksen-lis\u00e4\u00e4minen-1280x441.png\" alt=\"Uuden koulutuksen lis\u00e4\u00e4minen\" width=\"584\" height=\"201\" srcset=\"https:\/\/blogi.eoppimispalvelut.fi\/peppi-ohjeet\/files\/2020\/06\/Koulutuksen-lis\u00e4\u00e4minen-1280x441.png 1280w, https:\/\/blogi.eoppimispalvelut.fi\/peppi-ohjeet\/files\/2020\/06\/Koulutuksen-lis\u00e4\u00e4minen-900x310.png 900w, https:\/\/blogi.eoppimispalvelut.fi\/peppi-ohjeet\/files\/2020\/06\/Koulutuksen-lis\u00e4\u00e4minen-768x264.png 768w, https:\/\/blogi.eoppimispalvelut.fi\/peppi-ohjeet\/files\/2020\/06\/Koulutuksen-lis\u00e4\u00e4minen-1536x529.png 1536w, https:\/\/blogi.eoppimispalvelut.fi\/peppi-ohjeet\/files\/2020\/06\/Koulutuksen-lis\u00e4\u00e4minen-500x172.png 500w, https:\/\/blogi.eoppimispalvelut.fi\/peppi-ohjeet\/files\/2020\/06\/Koulutuksen-lis\u00e4\u00e4minen.png 2018w\" sizes=\"auto, (max-width: 584px) 100vw, 584px\" \/><\/a><p id=\"caption-attachment-3249\" class=\"wp-caption-text\">Klikkaa kuva suuremmaksi<\/p><\/div>\n<p>&nbsp;<\/p>\n<p>Hakijapalveluiden suunnittelija sy\u00f6tt\u00e4\u00e4 avautuvaan ikkunaan tarvittavat perustiedot koulutuksen osalta. Tiedot tallennetaan valitsemalla Tallenna.<\/p>\n<p>&nbsp;<\/p>\n<div id=\"attachment_3250\" style=\"width: 735px\" class=\"wp-caption alignnone\"><a href=\"https:\/\/blogi.eoppimispalvelut.fi\/peppi-ohjeet\/koulutus-ja-opetussuunnittelu\/koulutuksen-suunnittelu\/koulutuksen-perustaminen\/koulutuksen-perustiedot\/\" rel=\"attachment wp-att-3250\"><img loading=\"lazy\" decoding=\"async\" aria-describedby=\"caption-attachment-3250\" class=\"wp-image-3250 size-full\" src=\"https:\/\/blogi.eoppimispalvelut.fi\/peppi-ohjeet\/files\/2020\/06\/Koulutuksen-perustiedot.png\" alt=\"Koulutuksen perustietojen t\u00e4ydent\u00e4minen\" width=\"725\" height=\"720\" srcset=\"https:\/\/blogi.eoppimispalvelut.fi\/peppi-ohjeet\/files\/2020\/06\/Koulutuksen-perustiedot.png 725w, https:\/\/blogi.eoppimispalvelut.fi\/peppi-ohjeet\/files\/2020\/06\/Koulutuksen-perustiedot-120x120.png 120w, https:\/\/blogi.eoppimispalvelut.fi\/peppi-ohjeet\/files\/2020\/06\/Koulutuksen-perustiedot-302x300.png 302w\" sizes=\"auto, (max-width: 725px) 100vw, 725px\" \/><\/a><p id=\"caption-attachment-3250\" class=\"wp-caption-text\">Klikkaa kuva suuremmaksi<\/p><\/div>\n<hr \/>\n<p><a href=\"https:\/\/youtu.be\/hJGysXop_UQ\" target=\"_blank\" rel=\"noopener noreferrer\">Katso video<\/a>, osa 2. (tekstityksen saa p\u00e4\u00e4lle [cc]-painikkeesta).<\/p>\n<p><strong>Koulutuksen sis\u00e4lt\u00f6kuvauksen laatiminen tai muokkaaminen<\/strong><\/p>\n<p>Perustietojen t\u00e4ydent\u00e4misen j\u00e4lkeen osaamisp\u00e4\u00e4llikk\u00f6 tai YAMK vastuuopettaja t\u00e4ydent\u00e4\u00e4 sis\u00e4lt\u00f6kuvauksen valitsemalla Muokkaa.<\/p>\n<p>&nbsp;<\/p>\n<div id=\"attachment_3252\" style=\"width: 1235px\" class=\"wp-caption alignnone\"><a href=\"https:\/\/blogi.eoppimispalvelut.fi\/peppi-ohjeet\/koulutus-ja-opetussuunnittelu\/koulutuksen-suunnittelu\/koulutuksen-perustaminen\/koulutuksen-sisaltokuvaus\/\" rel=\"attachment wp-att-3252\"><img loading=\"lazy\" decoding=\"async\" aria-describedby=\"caption-attachment-3252\" class=\"size-full wp-image-3252\" src=\"https:\/\/blogi.eoppimispalvelut.fi\/peppi-ohjeet\/files\/2020\/06\/Koulutuksen-sis\u00e4lt\u00f6kuvaus.png\" alt=\"Koulutuksen sis\u00e4lt\u00f6kuvaus\" width=\"1225\" height=\"703\" srcset=\"https:\/\/blogi.eoppimispalvelut.fi\/peppi-ohjeet\/files\/2020\/06\/Koulutuksen-sis\u00e4lt\u00f6kuvaus.png 1225w, https:\/\/blogi.eoppimispalvelut.fi\/peppi-ohjeet\/files\/2020\/06\/Koulutuksen-sis\u00e4lt\u00f6kuvaus-900x516.png 900w, https:\/\/blogi.eoppimispalvelut.fi\/peppi-ohjeet\/files\/2020\/06\/Koulutuksen-sis\u00e4lt\u00f6kuvaus-768x441.png 768w, https:\/\/blogi.eoppimispalvelut.fi\/peppi-ohjeet\/files\/2020\/06\/Koulutuksen-sis\u00e4lt\u00f6kuvaus-500x287.png 500w\" sizes=\"auto, (max-width: 1225px) 100vw, 1225px\" \/><\/a><p id=\"caption-attachment-3252\" class=\"wp-caption-text\">Klikkaa kuva suuremmaksi<\/p><\/div>\n<p>&nbsp;<\/p>\n<p>Muokkaus-n\u00e4kym\u00e4ss\u00e4 t\u00e4ydennet\u00e4\u00e4n sovitun mukaiset kuvaukset.<\/p>\n<p>&nbsp;<\/p>\n<div id=\"attachment_3257\" style=\"width: 1290px\" class=\"wp-caption alignnone\"><a href=\"https:\/\/blogi.eoppimispalvelut.fi\/peppi-ohjeet\/koulutus-ja-opetussuunnittelu\/koulutuksen-suunnittelu\/koulutuksen-perustaminen\/koulutuksen-sisaltokuvauksen-muokkaaminen\/\" rel=\"attachment wp-att-3257\"><img loading=\"lazy\" decoding=\"async\" aria-describedby=\"caption-attachment-3257\" class=\"size-full wp-image-3257\" src=\"https:\/\/blogi.eoppimispalvelut.fi\/peppi-ohjeet\/files\/2020\/06\/Koulutuksen-sis\u00e4lt\u00f6kuvauksen-muokkaaminen.png\" alt=\"Koulutuksen sis\u00e4lt\u00f6kuvauksen muokkaaminen\" width=\"1280\" height=\"562\" srcset=\"https:\/\/blogi.eoppimispalvelut.fi\/peppi-ohjeet\/files\/2020\/06\/Koulutuksen-sis\u00e4lt\u00f6kuvauksen-muokkaaminen.png 1280w, https:\/\/blogi.eoppimispalvelut.fi\/peppi-ohjeet\/files\/2020\/06\/Koulutuksen-sis\u00e4lt\u00f6kuvauksen-muokkaaminen-900x395.png 900w, https:\/\/blogi.eoppimispalvelut.fi\/peppi-ohjeet\/files\/2020\/06\/Koulutuksen-sis\u00e4lt\u00f6kuvauksen-muokkaaminen-768x337.png 768w, https:\/\/blogi.eoppimispalvelut.fi\/peppi-ohjeet\/files\/2020\/06\/Koulutuksen-sis\u00e4lt\u00f6kuvauksen-muokkaaminen-500x220.png 500w\" sizes=\"auto, (max-width: 1280px) 100vw, 1280px\" \/><\/a><p id=\"caption-attachment-3257\" class=\"wp-caption-text\">Klikkaa kuva suuremmaksi<\/p><\/div>\n<p>&nbsp;<\/p>\n<p><strong>Sis\u00e4lt\u00f6kuvauksen tarkennetut ohjeet: <\/strong><\/p>\n<ul>\n<li>Kirjoita teksti p\u00e4\u00e4s\u00e4\u00e4nt\u00f6isesti aktiivissa.<\/li>\n<li>Kirjoita hakijan n\u00e4k\u00f6kulmasta. V\u00e4lt\u00e4 opettajan ammattislangia ja amk-jargonia (kuten esim. \u201doppimisn\u00e4kemys\u201d, \u201dorientaatioperusta\u201d).<\/li>\n<\/ul>\n<p><strong>Tavoite (max 100 sanaa)<\/strong><\/p>\n<ul>\n<li>Ammattialan kuvaus ja yleiset trendit<\/li>\n<li>Sis\u00e4lt\u00e4\u00e4 kuvauksen osaamisesta, jonka koulutus tuottaa<\/li>\n<\/ul>\n<p><strong>Koulutuksen sis\u00e4lt\u00f6 (max 350 sanaa)<\/strong><\/p>\n<p>Kuvaa <em>ensin <strong>koulutuksen sis\u00e4lt\u00f6 ja ty\u00f6el\u00e4m\u00e4yhteisty\u00f6<\/strong><\/em> (max 50 sanaa).\u00a0T\u00e4m\u00e4n j\u00e4lkeen <em>seuraavat v\u00e4liotsikot<\/em> kuvauksineen:<\/p>\n<p><em><strong>Kuinka opiskelet<\/strong> (max 200 sanaa). <\/em>Huomioi onko kyseess\u00e4 yksi hakukohde (=sis\u00e4lt\u00e4\u00e4 p\u00e4iv\u00e4- ja monimuodon) vai erillinen p\u00e4iv\u00e4toteutus tai monimuotototeutus.<\/p>\n<ul>\n<li>opiskelun erilaiset vaihtoehdot ja kenelle ne sopivat (jos kyseess\u00e4 yksi hakukohde)<\/li>\n<li>miss\u00e4 opiskelu tapahtuu: kampuksella, verkossa, yhteisty\u00f6ss\u00e4 ty\u00f6el\u00e4m\u00e4n kanssa toteutettavissa projekteissa, laboraatio- ja simulaatioymp\u00e4rist\u00f6iss\u00e4 jne.<\/li>\n<li>miten opiskelijan oppimista tuetaan, esim. miten ja miss\u00e4 opiskelija saa palautetta<\/li>\n<li>milloin ja miksi kampuksella olo on v\u00e4ltt\u00e4m\u00e4t\u00f6nt\u00e4<\/li>\n<li>opiskelijan vastuu omasta oppimisestaan<\/li>\n<li>mit\u00e4 opiskelijalta odotetaan<\/li>\n<\/ul>\n<p>Huom. ei ole suositeltavaa k\u00e4ytt\u00e4\u00e4 termej\u00e4 \u201dkontaktiopetus\u201d, \u201det\u00e4opetus\u201d, \u201dl\u00e4hiopetus\u201d, koska n\u00e4m\u00e4 ovat monimerkityksisi\u00e4 termej\u00e4.\u00a0Kuvaa niin, ett\u00e4 hakija tiet\u00e4\u00e4 mit\u00e4 opiskelu tarkoittaa h\u00e4nen arjessaan.<\/p>\n<p><em><strong>Harjoittelu<\/strong> (max 50 sanaa)<\/em><\/p>\n<ul>\n<li>harjoittelun laajuus<\/li>\n<li>harjoittelun merkitys opiskelijalle<\/li>\n<li>miss\u00e4 harjoittelu tapahtuu<\/li>\n<li>mahdollisuudet tehd\u00e4 harjoittelu kansainv\u00e4lisess\u00e4 vaihdossa. Kerro joitakin esimerkkej\u00e4 siit\u00e4, miss\u00e4 maissa vaihto voi toteutua.<\/li>\n<\/ul>\n<p><em><strong>Opinn\u00e4ytety\u00f6<\/strong> (max 50 sanaa)<\/em><\/p>\n<ul>\n<li>opinn\u00e4ytety\u00f6n laajuus (15 op) sek\u00e4 opinn\u00e4ytety\u00f6n muodot ja erilaiset mahdollisuudet (esim. p\u00e4iv\u00e4kirjamuotoinen opinn\u00e4ytety\u00f6, portfolio, tutkimuksellinen opinn\u00e4ytety\u00f6 yms.)<\/li>\n<li>opinn\u00e4ytety\u00f6n merkitys opiskelijalle.<\/li>\n<\/ul>\n<p><strong><em>Opintojen rakenne<\/em> <\/strong>(50 sanaa+kuva)<\/p>\n<p><strong>\u00a0<\/strong>Osaamisp\u00e4\u00e4llikk\u00f6 lis\u00e4\u00e4 lyhyen johdannon opintojen rakenteeseen. T\u00e4m\u00e4n j\u00e4lkeen lis\u00e4t\u00e4\u00e4n opintojen rakennetta kuvastava kuva esim.<\/p>\n<p>&nbsp;<\/p>\n<div id=\"attachment_3274\" style=\"width: 594px\" class=\"wp-caption alignnone\"><a href=\"https:\/\/blogi.eoppimispalvelut.fi\/peppi-ohjeet\/koulutus-ja-opetussuunnittelu\/koulutuksen-suunnittelu\/koulutuksen-perustaminen\/koulutuksen-rakennekuvaus\/\" rel=\"attachment wp-att-3274\"><img loading=\"lazy\" decoding=\"async\" aria-describedby=\"caption-attachment-3274\" class=\"size-large wp-image-3274\" src=\"https:\/\/blogi.eoppimispalvelut.fi\/peppi-ohjeet\/files\/2020\/06\/Koulutuksen-rakennekuvaus-1280x749.png\" alt=\"Koulutuksen rakennekuva\" width=\"584\" height=\"342\" srcset=\"https:\/\/blogi.eoppimispalvelut.fi\/peppi-ohjeet\/files\/2020\/06\/Koulutuksen-rakennekuvaus-1280x749.png 1280w, https:\/\/blogi.eoppimispalvelut.fi\/peppi-ohjeet\/files\/2020\/06\/Koulutuksen-rakennekuvaus-900x526.png 900w, https:\/\/blogi.eoppimispalvelut.fi\/peppi-ohjeet\/files\/2020\/06\/Koulutuksen-rakennekuvaus-768x449.png 768w, https:\/\/blogi.eoppimispalvelut.fi\/peppi-ohjeet\/files\/2020\/06\/Koulutuksen-rakennekuvaus-1536x898.png 1536w, https:\/\/blogi.eoppimispalvelut.fi\/peppi-ohjeet\/files\/2020\/06\/Koulutuksen-rakennekuvaus-500x292.png 500w, https:\/\/blogi.eoppimispalvelut.fi\/peppi-ohjeet\/files\/2020\/06\/Koulutuksen-rakennekuvaus.png 1908w\" sizes=\"auto, (max-width: 584px) 100vw, 584px\" \/><\/a><p id=\"caption-attachment-3274\" class=\"wp-caption-text\">Klikkaa kuva suuremmaksi<\/p><\/div>\n<p>&nbsp;<\/p>\n<p>Hakijapalveluiden suunnittelija lis\u00e4\u00e4 kuvan suoraan opintopolkuun.<\/p>\n<p><em><strong>Mahdollisuudet <\/strong><\/em>(max 75 sanaa)<\/p>\n<ul>\n<li>millaisiin teht\u00e4viin opiskelija voi ty\u00f6llisty\u00e4 valmistumisensa j\u00e4lkeen<\/li>\n<li>mahdollisia teht\u00e4v\u00e4nimikkeit\u00e4<\/li>\n<\/ul>\n<p><em><strong>P\u00e4tevyys<\/strong><\/em> (max 75 sanaa)<\/p>\n<ul>\n<li>lains\u00e4\u00e4d\u00e4nn\u00f6ss\u00e4 m\u00e4\u00e4ritelty tutkinnon antama p\u00e4tevyys ja kelpoisuus erilaisiin ty\u00f6teht\u00e4viin<\/li>\n<\/ul>\n<p><em><strong>Kansainv\u00e4listyminen<\/strong><\/em> (max 50 sanaa)<\/p>\n<ul>\n<li>opiskelijan n\u00e4k\u00f6kulmasta merkitt\u00e4v\u00e4t kansainv\u00e4liset kumppanuudet ja mit\u00e4 mahdollisuuksia n\u00e4m\u00e4 tarjoavat opiskelijalle (esim. double degree tai joint degree, CERN tai muu merkitt\u00e4v\u00e4 yhteisty\u00f6kuvio)<\/li>\n<li>vaihtojen osalta linkitys Lapin AMKin sivulle<\/li>\n<\/ul>\n<p><em><strong>Yhteisty\u00f6 muiden toimijoiden kanssa<\/strong><\/em> (max 50 sanaa)<\/p>\n<ul>\n<li>vain jos on jotain konkreettista kuten esim. Sociopolis, MTI, CERN\u2026<\/li>\n<\/ul>\n<p><em><strong>Tutkimukselliset painopisteet<\/strong><\/em> (max 50 sanaa)<\/p>\n<ul>\n<li>taustalla oleva osaamisryhm\u00e4. Laita lis\u00e4ksi linkki Lapin AMK:n sivuille, johon n\u00e4m\u00e4 tiedot kootaan (viestinn\u00e4n toimesta)<\/li>\n<\/ul>\n<p><em><strong>Jatko-opintomahdollisuudet<\/strong><\/em><\/p>\n<p>Ammattikorkeakoulututkinto antaa jatko-opintokelpoisuuden kahden vuoden ty\u00f6el\u00e4m\u00e4ss\u00e4 olon j\u00e4lkeen ylemm\u00e4n ammattikorkeakoulututkinnon suorittamiseen. Opintoja voi jatkaa my\u00f6s hakeutumalla yliopistojen maisterikoulutuksiin.<\/p>\n<p>Ammattikorkeakoulututkinnon j\u00e4lkeen on mahdollista jatkaa my\u00f6s ulkomaisissa korkeakouluissa Master-tason koulutusohjelmissa.<\/p>\n<p><strong>Koulutuksen yhteyshenkil\u00f6<\/strong><\/p>\n<p>Kirjaa yhteyshenkil\u00f6ksi henkil\u00f6, joka on helposti tavoitettavissa (esim. osaamisp\u00e4\u00e4llikk\u00f6, opinto-ohjaaja, koulutus tiiminvet\u00e4j\u00e4). Yhteyshenkil\u00f6ksi ei sovi esim. paljon opetusty\u00f6t\u00e4 tekev\u00e4 lehtori.<\/p>\n<ul>\n<li>Nimike, nimi, s\u00e4hk\u00f6postiosoite ja puhelin.<\/li>\n<\/ul>\n<p>Tallenna sis\u00e4lt\u00f6kuvaus valitsemalla Tallenna.<\/p>\n<hr \/>\n<p><strong>Koulutuksen vastuunjaon m\u00e4\u00e4ritteleminen<\/strong><\/p>\n<p>Osaamisp\u00e4\u00e4llikk\u00f6 kiinnitt\u00e4\u00e4 koulutuksen vastuunjaon<\/p>\n<p>&nbsp;<\/p>\n<div id=\"attachment_3258\" style=\"width: 1290px\" class=\"wp-caption alignnone\"><a href=\"https:\/\/blogi.eoppimispalvelut.fi\/peppi-ohjeet\/koulutus-ja-opetussuunnittelu\/koulutuksen-suunnittelu\/koulutuksen-perustaminen\/koulutuksen-vastuunjako\/\" rel=\"attachment wp-att-3258\"><img loading=\"lazy\" decoding=\"async\" aria-describedby=\"caption-attachment-3258\" class=\"size-full wp-image-3258\" src=\"https:\/\/blogi.eoppimispalvelut.fi\/peppi-ohjeet\/files\/2020\/06\/Koulutuksen-vastuunjako.png\" alt=\"Koulutuksen vastuunjako\" width=\"1280\" height=\"368\" srcset=\"https:\/\/blogi.eoppimispalvelut.fi\/peppi-ohjeet\/files\/2020\/06\/Koulutuksen-vastuunjako.png 1280w, https:\/\/blogi.eoppimispalvelut.fi\/peppi-ohjeet\/files\/2020\/06\/Koulutuksen-vastuunjako-900x259.png 900w, https:\/\/blogi.eoppimispalvelut.fi\/peppi-ohjeet\/files\/2020\/06\/Koulutuksen-vastuunjako-768x221.png 768w, https:\/\/blogi.eoppimispalvelut.fi\/peppi-ohjeet\/files\/2020\/06\/Koulutuksen-vastuunjako-1000x288.png 1000w, https:\/\/blogi.eoppimispalvelut.fi\/peppi-ohjeet\/files\/2020\/06\/Koulutuksen-vastuunjako-500x144.png 500w\" sizes=\"auto, (max-width: 1280px) 100vw, 1280px\" \/><\/a><p id=\"caption-attachment-3258\" class=\"wp-caption-text\">Klikkaa kuva suuremmaksi<\/p><\/div>\n<hr \/>\n<p><a href=\"https:\/\/youtu.be\/vV4vcztZR9k\" target=\"_blank\" rel=\"noopener noreferrer\">Katso video<\/a>, osa 3. (tekstityksen saa p\u00e4\u00e4lle [cc]-painikkeesta).<\/p>\n<p><strong>Koulutuksen tarkastaminen ja hyv\u00e4ksynt\u00e4 sek\u00e4 julkaiseminen opintopolussa<\/strong><\/p>\n<p>Kun koulutuksen kuvaustiedot ovat t\u00e4ydennettyin\u00e4, koulutuksen tiedot tulee tarkastaa ennen koulutuksen julkaisemista opintopolussa. Koulutuksen tarkastaminen, hyv\u00e4ksynt\u00e4 ja julkaiseminen tapahtuu samalla tavoin koulutuksen perustamisen ja koulutuksen kuvauksen p\u00e4ivityksen osalta.<\/p>\n<p>&nbsp;<\/p>\n<div id=\"attachment_3259\" style=\"width: 1290px\" class=\"wp-caption alignnone\"><a href=\"https:\/\/blogi.eoppimispalvelut.fi\/peppi-ohjeet\/koulutus-ja-opetussuunnittelu\/koulutuksen-suunnittelu\/koulutuksen-perustaminen\/koulutuksen-tarkastus-ja-hyvaksynta\/\" rel=\"attachment wp-att-3259\"><img loading=\"lazy\" decoding=\"async\" aria-describedby=\"caption-attachment-3259\" class=\"size-full wp-image-3259\" src=\"https:\/\/blogi.eoppimispalvelut.fi\/peppi-ohjeet\/files\/2020\/06\/Koulutuksen-tarkastus-ja-hyv\u00e4ksynt\u00e4.png\" alt=\"Koulutuksen tarkastus ja hyv\u00e4ksynt\u00e4\" width=\"1280\" height=\"440\" srcset=\"https:\/\/blogi.eoppimispalvelut.fi\/peppi-ohjeet\/files\/2020\/06\/Koulutuksen-tarkastus-ja-hyv\u00e4ksynt\u00e4.png 1280w, https:\/\/blogi.eoppimispalvelut.fi\/peppi-ohjeet\/files\/2020\/06\/Koulutuksen-tarkastus-ja-hyv\u00e4ksynt\u00e4-900x309.png 900w, https:\/\/blogi.eoppimispalvelut.fi\/peppi-ohjeet\/files\/2020\/06\/Koulutuksen-tarkastus-ja-hyv\u00e4ksynt\u00e4-768x264.png 768w, https:\/\/blogi.eoppimispalvelut.fi\/peppi-ohjeet\/files\/2020\/06\/Koulutuksen-tarkastus-ja-hyv\u00e4ksynt\u00e4-500x172.png 500w\" sizes=\"auto, (max-width: 1280px) 100vw, 1280px\" \/><\/a><p id=\"caption-attachment-3259\" class=\"wp-caption-text\">Klikkaa kuva suuremmaksi<\/p><\/div>\n<p>&nbsp;<\/p>\n<p>Ennen julkaisua viestinn\u00e4n edustaja tarkastaa tekstin. Kehitt\u00e4misp\u00e4\u00e4llikk\u00f6 katselmoi sis\u00e4ll\u00f6n ja hyv\u00e4ksyy koulutuksen tiedot julkaistavaksi. Hakijapalveluiden suunnittelija julkaisee kuvauksen opintopolussa.<\/p>\n<p>&nbsp;<\/p>\n<div id=\"attachment_3261\" style=\"width: 1290px\" class=\"wp-caption alignnone\"><a href=\"https:\/\/blogi.eoppimispalvelut.fi\/peppi-ohjeet\/koulutus-ja-opetussuunnittelu\/koulutuksen-suunnittelu\/koulutuksen-perustaminen\/koulutuksen-kuvaus-opintopolussa\/\" rel=\"attachment wp-att-3261\"><img loading=\"lazy\" decoding=\"async\" aria-describedby=\"caption-attachment-3261\" class=\"size-full wp-image-3261\" src=\"https:\/\/blogi.eoppimispalvelut.fi\/peppi-ohjeet\/files\/2020\/06\/Koulutuksen-kuvaus-opintopolussa.png\" alt=\"Koulutuksen kuvaus opintopolussa\" width=\"1280\" height=\"612\" srcset=\"https:\/\/blogi.eoppimispalvelut.fi\/peppi-ohjeet\/files\/2020\/06\/Koulutuksen-kuvaus-opintopolussa.png 1280w, https:\/\/blogi.eoppimispalvelut.fi\/peppi-ohjeet\/files\/2020\/06\/Koulutuksen-kuvaus-opintopolussa-900x430.png 900w, https:\/\/blogi.eoppimispalvelut.fi\/peppi-ohjeet\/files\/2020\/06\/Koulutuksen-kuvaus-opintopolussa-768x367.png 768w, https:\/\/blogi.eoppimispalvelut.fi\/peppi-ohjeet\/files\/2020\/06\/Koulutuksen-kuvaus-opintopolussa-500x239.png 500w\" sizes=\"auto, (max-width: 1280px) 100vw, 1280px\" \/><\/a><p id=\"caption-attachment-3261\" class=\"wp-caption-text\">Klikkaa kuva suuremmaksi<\/p><\/div>\n<p>&nbsp;<\/p>\n<p>Pepiss\u00e4 laadittu kuvaus n\u00e4kyy Opintopolussa Koulutuksen kuvaus -v\u00e4lilehdell\u00e4. Hakukohteet ja valintaperusteet luodaan jokaiseen hakuun erikseen.<\/p>\n<hr \/>\n<p>Takaisin <a href=\"https:\/\/blogi.eoppimispalvelut.fi\/peppi-ohjeet\/koulutus-ja-opetussuunnittelu\/\">Koulutus- ja opetussuunnittelu<\/a> -sivulle<\/p>\n","protected":false},"excerpt":{"rendered":"<p>Katso video, osa 1. (tekstityksen saa p\u00e4\u00e4lle [cc]-painikkeesta). Siirtyminen koulutussuunnitteluun Siirtyminen koulutussuunnitteluun tapahtuu valitsemalla Koulutus- ja opetussuunnitteluvalikosta Koulutukset ja hakukohteet. &nbsp; Koulutuksen perustaminen Hakijapalveluiden suunnittelija perustaa koulutuksen. Avautuvassa n\u00e4kym\u00e4ss\u00e4 voit perustaa koulutuksen valitsemalla +Lis\u00e4\u00e4 koulutus. Koulutus perustetaan vain kerran. Tarvittaessa &hellip; <a href=\"https:\/\/blogi.eoppimispalvelut.fi\/peppi-ohjeet\/koulutus-ja-opetussuunnittelu\/koulutuksen-suunnittelu\/koulutuksen-perustaminen\/\">Continue reading <span class=\"meta-nav\">&rarr;<\/span><\/a><\/p>\n","protected":false},"author":4339,"featured_media":0,"parent":2111,"menu_order":0,"comment_status":"closed","ping_status":"closed","template":"","meta":{"_monsterinsights_skip_tracking":false,"_monsterinsights_sitenote_active":false,"_monsterinsights_sitenote_note":"","_monsterinsights_sitenote_category":0,"footnotes":""},"class_list":["post-2113","page","type-page","status-publish","hentry"],"_links":{"self":[{"href":"https:\/\/blogi.eoppimispalvelut.fi\/peppi-ohjeet\/wp-json\/wp\/v2\/pages\/2113","targetHints":{"allow":["GET"]}}],"collection":[{"href":"https:\/\/blogi.eoppimispalvelut.fi\/peppi-ohjeet\/wp-json\/wp\/v2\/pages"}],"about":[{"href":"https:\/\/blogi.eoppimispalvelut.fi\/peppi-ohjeet\/wp-json\/wp\/v2\/types\/page"}],"author":[{"embeddable":true,"href":"https:\/\/blogi.eoppimispalvelut.fi\/peppi-ohjeet\/wp-json\/wp\/v2\/users\/4339"}],"replies":[{"embeddable":true,"href":"https:\/\/blogi.eoppimispalvelut.fi\/peppi-ohjeet\/wp-json\/wp\/v2\/comments?post=2113"}],"version-history":[{"count":25,"href":"https:\/\/blogi.eoppimispalvelut.fi\/peppi-ohjeet\/wp-json\/wp\/v2\/pages\/2113\/revisions"}],"predecessor-version":[{"id":4928,"href":"https:\/\/blogi.eoppimispalvelut.fi\/peppi-ohjeet\/wp-json\/wp\/v2\/pages\/2113\/revisions\/4928"}],"up":[{"embeddable":true,"href":"https:\/\/blogi.eoppimispalvelut.fi\/peppi-ohjeet\/wp-json\/wp\/v2\/pages\/2111"}],"wp:attachment":[{"href":"https:\/\/blogi.eoppimispalvelut.fi\/peppi-ohjeet\/wp-json\/wp\/v2\/media?parent=2113"}],"curies":[{"name":"wp","href":"https:\/\/api.w.org\/{rel}","templated":true}]}}