{"id":2115,"date":"2020-04-22T09:30:44","date_gmt":"2020-04-22T06:30:44","guid":{"rendered":"https:\/\/blogi.eoppimispalvelut.fi\/peppi-ohjeet\/?page_id=2115"},"modified":"2021-06-24T09:36:40","modified_gmt":"2021-06-24T06:36:40","slug":"hakukohteiden-ja-valintaperusteiden-suunnittelu","status":"publish","type":"page","link":"https:\/\/blogi.eoppimispalvelut.fi\/peppi-ohjeet\/koulutus-ja-opetussuunnittelu\/koulutuksen-suunnittelu\/hakukohteiden-ja-valintaperusteiden-suunnittelu\/","title":{"rendered":"Hakukohteiden ja valintaperusteiden suunnittelu"},"content":{"rendered":"<p>Katso <a href=\"https:\/\/youtu.be\/zFY_XqWb6X0\" target=\"_blank\" rel=\"noopener noreferrer\">video, osa 1. <\/a>(tekstityksen saa p\u00e4\u00e4lle [cc]-painikkeesta).<\/p>\n<p>Hakukohteet ja valintaperusteet laaditaan jokaiseen hakuun. Hakukohteiden ja valintaperusteiden valmistelusta ja julkaisemisesta Opintopolkuun vastaavat hakijapalveluiden suunnittelijat.<\/p>\n<p>Hakukohteiden valmistelu aloitetaan hakijapalveluiden suunnittelijoiden, kehitt\u00e4misp\u00e4\u00e4llik\u00f6iden, osaamisp\u00e4\u00e4llik\u00f6iden ja Pepin p\u00e4\u00e4k\u00e4ytt\u00e4j\u00e4n yhteisell\u00e4 kick off -palaverilla<\/p>\n<ul>\n<li>Syksyn hakukohteiden valmistelun aloituspalaveri vko 14, hakukohteet julkaistaan opintopolussa vko 22<\/li>\n<li>Kev\u00e4\u00e4n hakukohteiden valmistelun aloituspalaveri vko 32, hakukohteet julkaistaan opintopolussa vko 40<\/li>\n<\/ul>\n<p>Hakukohteiden ja valintaperusteiden valmistelun yhteydess\u00e4 tarkastetaan my\u00f6s koulutuksen kuvaus ja p\u00e4ivitet\u00e4\u00e4n kuvaukset tarvittavilta osin. Hakukohteiden ja valintaperusteiden valmistelu tapahtuu osana koulutussuunnittelua.<\/p>\n<p><strong>Siirtyminen hakukohteiden ja valintaperusteiden valmisteluun<\/strong><\/p>\n<p>Siirtyminen hakukohteiden ja valintaperusteiden valmisteluun tapahtuu valitsemalla Koulutus- ja opetussuunnitteluvalikosta Koulutukset ja hakukohteet<\/p>\n<p>&nbsp;<\/p>\n<div id=\"attachment_3248\" class=\"wp-caption alignnone\">\n<p><a href=\"https:\/\/blogi.eoppimispalvelut.fi\/peppi-ohjeet\/koulutus-ja-opetussuunnittelu\/koulutuksen-suunnittelu\/koulutuksen-perustaminen\/siirtyminen-koulutussuunnitteluun\/\" rel=\"attachment wp-att-3248\" data-slb-active=\"1\" data-slb-asset=\"1580107535\" data-slb-internal=\"3248\" data-slb-group=\"2113\"><img loading=\"lazy\" decoding=\"async\" class=\"size-full wp-image-3248\" src=\"https:\/\/blogi.eoppimispalvelut.fi\/peppi-ohjeet\/files\/2020\/06\/Siirtyminen-koulutussuunnitteluun.png\" alt=\"Siirtyminen koulutussuunnitteluun\" width=\"718\" height=\"275\" aria-describedby=\"caption-attachment-3248\" srcset=\"https:\/\/blogi.eoppimispalvelut.fi\/peppi-ohjeet\/files\/2020\/06\/Siirtyminen-koulutussuunnitteluun.png 718w, https:\/\/blogi.eoppimispalvelut.fi\/peppi-ohjeet\/files\/2020\/06\/Siirtyminen-koulutussuunnitteluun-500x192.png 500w\" sizes=\"auto, (max-width: 718px) 100vw, 718px\" \/><\/a><\/p>\n<p id=\"caption-attachment-3248\" class=\"wp-caption-text\">Klikkaa kuva suuremmaksi<\/p>\n<\/div>\n<hr \/>\n<p><strong>Koulutuksen haku<\/strong><\/p>\n<p>P\u00e4\u00e4set tallentamaan hakukohteet ja valintaperusteet hakemalla haluamasi koulutuksen suodattamalla listaa halutuilla hakukriteereill\u00e4 tai kelaamalla luetteloa, kunnes haluttu koulutus l\u00f6ytyy.<\/p>\n<p>&nbsp;<\/p>\n<div id=\"attachment_3265\" style=\"width: 1290px\" class=\"wp-caption alignnone\"><a href=\"https:\/\/blogi.eoppimispalvelut.fi\/peppi-ohjeet\/koulutus-ja-opetussuunnittelu\/koulutuksen-suunnittelu\/hakukohteiden-ja-valintaperusteiden-suunnittelu\/koulutussuunnittelun-koulutushaku\/\" rel=\"attachment wp-att-3265\"><img loading=\"lazy\" decoding=\"async\" aria-describedby=\"caption-attachment-3265\" class=\"size-full wp-image-3265\" src=\"https:\/\/blogi.eoppimispalvelut.fi\/peppi-ohjeet\/files\/2020\/06\/Koulutussuunnittelun-koulutushaku.png\" alt=\"Koulutuksen haku koulutussuunnittelu-n\u00e4kym\u00e4ss\u00e4\" width=\"1280\" height=\"348\" srcset=\"https:\/\/blogi.eoppimispalvelut.fi\/peppi-ohjeet\/files\/2020\/06\/Koulutussuunnittelun-koulutushaku.png 1280w, https:\/\/blogi.eoppimispalvelut.fi\/peppi-ohjeet\/files\/2020\/06\/Koulutussuunnittelun-koulutushaku-900x245.png 900w, https:\/\/blogi.eoppimispalvelut.fi\/peppi-ohjeet\/files\/2020\/06\/Koulutussuunnittelun-koulutushaku-768x209.png 768w, https:\/\/blogi.eoppimispalvelut.fi\/peppi-ohjeet\/files\/2020\/06\/Koulutussuunnittelun-koulutushaku-500x136.png 500w\" sizes=\"auto, (max-width: 1280px) 100vw, 1280px\" \/><\/a><p id=\"caption-attachment-3265\" class=\"wp-caption-text\">Klikkaa kuva suuremmaksi<\/p><\/div>\n<hr \/>\n<p><strong>Hakukohteen perustaminen<\/strong><\/p>\n<p>Katso <a href=\"https:\/\/youtu.be\/jEBb-WxPIl4\" target=\"_blank\" rel=\"noopener noreferrer\">video, osa 2<\/a>. (tekstityksen saa p\u00e4\u00e4lle [cc]-painikkeesta).<\/p>\n<p>Klikkaamalla koulutuksen nime\u00e4, p\u00e4\u00e4set muokkaamaan koulutuksen tietoja. Lis\u00e4\u00e4 uusi hakukohde valitsemalla vasemman laidan valikosta Hakukohteet ja valintaperusteet ja klikkaamalla +Lis\u00e4\u00e4 hakukohde.<\/p>\n<p>&nbsp;<\/p>\n<div id=\"attachment_3266\" style=\"width: 594px\" class=\"wp-caption alignnone\"><a href=\"https:\/\/blogi.eoppimispalvelut.fi\/peppi-ohjeet\/koulutus-ja-opetussuunnittelu\/koulutuksen-suunnittelu\/hakukohteiden-ja-valintaperusteiden-suunnittelu\/hakukohteen-lisaaminen\/\" rel=\"attachment wp-att-3266\"><img loading=\"lazy\" decoding=\"async\" aria-describedby=\"caption-attachment-3266\" class=\"size-large wp-image-3266\" src=\"https:\/\/blogi.eoppimispalvelut.fi\/peppi-ohjeet\/files\/2020\/06\/Hakukohteen-lis\u00e4\u00e4minen-1280x222.png\" alt=\"Hakukohteen lis\u00e4\u00e4minen\" width=\"584\" height=\"101\" srcset=\"https:\/\/blogi.eoppimispalvelut.fi\/peppi-ohjeet\/files\/2020\/06\/Hakukohteen-lis\u00e4\u00e4minen-1280x222.png 1280w, https:\/\/blogi.eoppimispalvelut.fi\/peppi-ohjeet\/files\/2020\/06\/Hakukohteen-lis\u00e4\u00e4minen-900x156.png 900w, https:\/\/blogi.eoppimispalvelut.fi\/peppi-ohjeet\/files\/2020\/06\/Hakukohteen-lis\u00e4\u00e4minen-768x133.png 768w, https:\/\/blogi.eoppimispalvelut.fi\/peppi-ohjeet\/files\/2020\/06\/Hakukohteen-lis\u00e4\u00e4minen-1536x266.png 1536w, https:\/\/blogi.eoppimispalvelut.fi\/peppi-ohjeet\/files\/2020\/06\/Hakukohteen-lis\u00e4\u00e4minen-500x87.png 500w, https:\/\/blogi.eoppimispalvelut.fi\/peppi-ohjeet\/files\/2020\/06\/Hakukohteen-lis\u00e4\u00e4minen.png 2000w\" sizes=\"auto, (max-width: 584px) 100vw, 584px\" \/><\/a><p id=\"caption-attachment-3266\" class=\"wp-caption-text\">Klikkaa kuva suuremmaksi<\/p><\/div>\n<p>&nbsp;<\/p>\n<p>Avautuvassa ikkunassa m\u00e4\u00e4ritell\u00e4\u00e4n hakukohteelle ensin perustiedot.<\/p>\n<p>&nbsp;<\/p>\n<div id=\"attachment_3267\" style=\"width: 464px\" class=\"wp-caption alignnone\"><a href=\"https:\/\/blogi.eoppimispalvelut.fi\/peppi-ohjeet\/koulutus-ja-opetussuunnittelu\/koulutuksen-suunnittelu\/hakukohteiden-ja-valintaperusteiden-suunnittelu\/hakukohteen-perustiedot\/\" rel=\"attachment wp-att-3267\"><img loading=\"lazy\" decoding=\"async\" aria-describedby=\"caption-attachment-3267\" class=\"size-full wp-image-3267\" src=\"https:\/\/blogi.eoppimispalvelut.fi\/peppi-ohjeet\/files\/2020\/06\/Hakukohteen-perustiedot.png\" alt=\"Hakukohteen perustietojen t\u00e4ydent\u00e4minen\" width=\"454\" height=\"587\" srcset=\"https:\/\/blogi.eoppimispalvelut.fi\/peppi-ohjeet\/files\/2020\/06\/Hakukohteen-perustiedot.png 454w, https:\/\/blogi.eoppimispalvelut.fi\/peppi-ohjeet\/files\/2020\/06\/Hakukohteen-perustiedot-232x300.png 232w\" sizes=\"auto, (max-width: 454px) 100vw, 454px\" \/><\/a><p id=\"caption-attachment-3267\" class=\"wp-caption-text\">Klikkaa kuva suuremmaksi<\/p><\/div>\n<hr \/>\n<p><strong>Valintaperusteiden m\u00e4\u00e4rittely<\/strong><\/p>\n<p>Kun hakukohde on perustettu, voidaan hakukohteelle m\u00e4\u00e4ritell\u00e4 valintaperusteet. Pepin p\u00e4\u00e4k\u00e4ytt\u00e4j\u00e4 luo hakukohteiden mukaiset saapumisryhm\u00e4t ja kiinnitt\u00e4\u00e4 ryhm\u00e4lle opetussuunnitelman sek\u00e4 ajoitussuunnitelman. Lis\u00e4ksi h\u00e4n t\u00e4ydent\u00e4\u00e4 ryhm\u00e4n tiedot opetussuunnitelmaan.<\/p>\n<p>Valintaperusteiden t\u00e4ydent\u00e4minen tapahtuu valitsemalla Muokkaa valintaperusteita.<\/p>\n<p>&nbsp;<\/p>\n<div id=\"attachment_3268\" style=\"width: 594px\" class=\"wp-caption alignnone\"><a href=\"https:\/\/blogi.eoppimispalvelut.fi\/peppi-ohjeet\/koulutus-ja-opetussuunnittelu\/koulutuksen-suunnittelu\/hakukohteiden-ja-valintaperusteiden-suunnittelu\/valintaperusteet\/\" rel=\"attachment wp-att-3268\"><img loading=\"lazy\" decoding=\"async\" aria-describedby=\"caption-attachment-3268\" class=\"size-large wp-image-3268\" src=\"https:\/\/blogi.eoppimispalvelut.fi\/peppi-ohjeet\/files\/2020\/06\/Valintaperusteet-1280x575.png\" alt=\"Valintaperusteiden lis\u00e4\u00e4minen hakukohteelle\" width=\"584\" height=\"262\" srcset=\"https:\/\/blogi.eoppimispalvelut.fi\/peppi-ohjeet\/files\/2020\/06\/Valintaperusteet-1280x575.png 1280w, https:\/\/blogi.eoppimispalvelut.fi\/peppi-ohjeet\/files\/2020\/06\/Valintaperusteet-900x405.png 900w, https:\/\/blogi.eoppimispalvelut.fi\/peppi-ohjeet\/files\/2020\/06\/Valintaperusteet-768x345.png 768w, https:\/\/blogi.eoppimispalvelut.fi\/peppi-ohjeet\/files\/2020\/06\/Valintaperusteet-1536x690.png 1536w, https:\/\/blogi.eoppimispalvelut.fi\/peppi-ohjeet\/files\/2020\/06\/Valintaperusteet-500x225.png 500w, https:\/\/blogi.eoppimispalvelut.fi\/peppi-ohjeet\/files\/2020\/06\/Valintaperusteet.png 2000w\" sizes=\"auto, (max-width: 584px) 100vw, 584px\" \/><\/a><p id=\"caption-attachment-3268\" class=\"wp-caption-text\">Klikkaa kuva suuremmaksi<\/p><\/div>\n<p>&nbsp;<\/p>\n<p>Avautuvassa ikkunassa m\u00e4\u00e4ritell\u00e4\u00e4n hakukohteelle valintaperusteet.<\/p>\n<p>&nbsp;<\/p>\n<div id=\"attachment_3269\" style=\"width: 1290px\" class=\"wp-caption alignnone\"><a href=\"https:\/\/blogi.eoppimispalvelut.fi\/peppi-ohjeet\/koulutus-ja-opetussuunnittelu\/koulutuksen-suunnittelu\/hakukohteiden-ja-valintaperusteiden-suunnittelu\/valintaperusteiden-taydentaminen\/\" rel=\"attachment wp-att-3269\"><img loading=\"lazy\" decoding=\"async\" aria-describedby=\"caption-attachment-3269\" class=\"size-full wp-image-3269\" src=\"https:\/\/blogi.eoppimispalvelut.fi\/peppi-ohjeet\/files\/2020\/06\/Valintaperusteiden-t\u00e4ydent\u00e4minen.png\" alt=\"Valintaperusteiden tietojen t\u00e4ydent\u00e4minen\" width=\"1280\" height=\"562\" srcset=\"https:\/\/blogi.eoppimispalvelut.fi\/peppi-ohjeet\/files\/2020\/06\/Valintaperusteiden-t\u00e4ydent\u00e4minen.png 1280w, https:\/\/blogi.eoppimispalvelut.fi\/peppi-ohjeet\/files\/2020\/06\/Valintaperusteiden-t\u00e4ydent\u00e4minen-900x395.png 900w, https:\/\/blogi.eoppimispalvelut.fi\/peppi-ohjeet\/files\/2020\/06\/Valintaperusteiden-t\u00e4ydent\u00e4minen-768x337.png 768w, https:\/\/blogi.eoppimispalvelut.fi\/peppi-ohjeet\/files\/2020\/06\/Valintaperusteiden-t\u00e4ydent\u00e4minen-500x220.png 500w\" sizes=\"auto, (max-width: 1280px) 100vw, 1280px\" \/><\/a><p id=\"caption-attachment-3269\" class=\"wp-caption-text\">Klikkaa kuva suuremmaksi<\/p><\/div>\n<p>&nbsp;<\/p>\n<p>Valintaperusteiden osalta t\u00e4ydennet\u00e4\u00e4n seuraavat tiedot:<\/p>\n<p>Valintaperustekuvaus \/ oppijan n\u00e4kym\u00e4ss\u00e4: Valintamenettely | Antagningsf\u00f6rfarande | Student admission (50.000 merkki\u00e4)<\/p>\n<ul>\n<li>Kuvataan hakeutujalle, miten haetaan ja miten opiskelijat valitaan. Kerrotaan valintaperusteet, pisteytys, tarvittavat liitteet ja minne ne l\u00e4hetet\u00e4\u00e4n. Tavoitteena on, ett\u00e4 hakija osaa soveltaa valintaperusteita omaan suoriutumiseensa ja hakea koulutukseen mahdollisimman omatoimisesti.<\/li>\n<\/ul>\n<p>Valintakokeet | Urvalsprov | Entrance examination and aptitude test (5000 merkki\u00e4)<\/p>\n<ul>\n<li>Kerrotaan, koska ja miss\u00e4 valintakoe on, millainen se on, paljonko kokeesta saa pisteit\u00e4, listataan valintakoekirjat tai muu ennakkoaineisto sek\u00e4 kerrotaan, l\u00e4hetet\u00e4\u00e4nk\u00f6 valintakokeeseen erillinen kutsu vai ei.<\/li>\n<\/ul>\n<p>Lis\u00e4tietoja hakemisesta | Till\u00e4ggsuppgifter om ans\u00f6kan | Additional information on applying (merkkim\u00e4\u00e4r\u00e4 1500)<\/p>\n<ul>\n<li>Kentt\u00e4\u00e4 voi k\u00e4ytt\u00e4\u00e4 sellaisen hakemiseen liittyv\u00e4n tiedon kertomiseen, joka on hakijalle tarpeen tiet\u00e4\u00e4 eik\u00e4 ole tullut kuvatuksi muissa kentiss\u00e4. Esimerkiksi se, l\u00e4hetet\u00e4\u00e4nk\u00f6 p\u00e4\u00e4sykokeeseen kutsu vai ei tai miten valinnan tuloksista ilmoitetaan.<\/li>\n<\/ul>\n<p>Hakukelpoisuusvaatimukset | Ans\u00f6kningsbeh\u00f6righetskrav | Eligibility (merkkim\u00e4\u00e4r\u00e4 5000)<\/p>\n<ul>\n<li>Kerrotaan hakijalle se v\u00e4ltt\u00e4m\u00e4t\u00f6n tieto hakukelpoisuudesta, jota ei ole mainittu valintaperustekuvauksessa. T\u00e4ss\u00e4 kent\u00e4ss\u00e4 kuvataan my\u00f6s kv-ohjelmien kielitaitovaatimukset.<\/li>\n<\/ul>\n<p>Liitteen kuvaus | Beskrivning av bilagan | Required attachments (merkkim\u00e4\u00e4r\u00e4 1500)<\/p>\n<ul>\n<li>Kerrotaan hakijalle, mit\u00e4 liitteit\u00e4 h\u00e4nen pit\u00e4\u00e4 toimittaa.<\/li>\n<\/ul>\n<p>Sora-kuvaus | Sora-beskrivning | SORA description (merkkim\u00e4\u00e4r\u00e4 1500)<\/p>\n<ul>\n<li>Kuvaa t\u00e4ss\u00e4 hakukohteen SORA-s\u00e4\u00e4d\u00f6kset hakijan ymm\u00e4rt\u00e4m\u00e4ll\u00e4 tavalla. Esimerkiksi valintaan vaikuttavat SORA-lain edellytt\u00e4m\u00e4t terveydentilan lis\u00e4selvitykset sek\u00e4 tieto aikaisemmista opiskeluoikeuden peruuttamista koskevista p\u00e4\u00e4t\u00f6ksist\u00e4.<\/li>\n<\/ul>\n<p>Yhteystiedot | Kontaktinformation | Contact information<\/p>\n<ul>\n<li>Kerrotaan se yhteystieto, johon hakijoiden kyselyt ja yhteydenotot toivotaan osoitettavan.<\/li>\n<\/ul>\n<p>Tallenna t\u00e4ydent\u00e4m\u00e4si tiedot valitsemalla lopuksi Tallenna.<\/p>\n<hr \/>\n<p><strong>Hakukohteiden ja valintaperusteiden tarkistaminen ja hyv\u00e4ksyminen ja julkaiseminen opintopolussa<\/strong><\/p>\n<p>Katso <a href=\"https:\/\/youtu.be\/uUtpoX5Meeo\" target=\"_blank\" rel=\"noopener noreferrer\">video, osa 3<\/a>. (tekstityksen saa p\u00e4\u00e4lle [cc]-painikkeesta).<\/p>\n<p>Hakijapalveluiden suunnittelija tarkastaa ja julkaisee hakukohteiden ja valintaperusteiden tiedot.<\/p>\n<p>&nbsp;<\/p>\n<div id=\"attachment_3271\" style=\"width: 1280px\" class=\"wp-caption alignnone\"><a href=\"https:\/\/blogi.eoppimispalvelut.fi\/peppi-ohjeet\/koulutus-ja-opetussuunnittelu\/koulutuksen-suunnittelu\/hakukohteiden-ja-valintaperusteiden-suunnittelu\/hakukohteiden-ja-valintaperusteiden-tarkistus-ja-hyvaksyminen\/\" rel=\"attachment wp-att-3271\"><img loading=\"lazy\" decoding=\"async\" aria-describedby=\"caption-attachment-3271\" class=\"size-full wp-image-3271\" src=\"https:\/\/blogi.eoppimispalvelut.fi\/peppi-ohjeet\/files\/2020\/06\/Hakukohteiden-ja-valintaperusteiden-tarkistus-ja-hyv\u00e4ksyminen.png\" alt=\"Hakukohteiden ja valintaperusteiden tarkistus ja hyv\u00e4ksyminen\" width=\"1270\" height=\"510\" srcset=\"https:\/\/blogi.eoppimispalvelut.fi\/peppi-ohjeet\/files\/2020\/06\/Hakukohteiden-ja-valintaperusteiden-tarkistus-ja-hyv\u00e4ksyminen.png 1270w, https:\/\/blogi.eoppimispalvelut.fi\/peppi-ohjeet\/files\/2020\/06\/Hakukohteiden-ja-valintaperusteiden-tarkistus-ja-hyv\u00e4ksyminen-900x361.png 900w, https:\/\/blogi.eoppimispalvelut.fi\/peppi-ohjeet\/files\/2020\/06\/Hakukohteiden-ja-valintaperusteiden-tarkistus-ja-hyv\u00e4ksyminen-768x308.png 768w, https:\/\/blogi.eoppimispalvelut.fi\/peppi-ohjeet\/files\/2020\/06\/Hakukohteiden-ja-valintaperusteiden-tarkistus-ja-hyv\u00e4ksyminen-500x201.png 500w\" sizes=\"auto, (max-width: 1270px) 100vw, 1270px\" \/><\/a><p id=\"caption-attachment-3271\" class=\"wp-caption-text\">Klikkaa kuva suuremmaksi<\/p><\/div>\n<p>&nbsp;<\/p>\n<p>Lopuksi tiedot siirret\u00e4\u00e4n Opintopolkuun.<\/p>\n<p>&nbsp;<\/p>\n<div id=\"attachment_3272\" style=\"width: 1290px\" class=\"wp-caption alignnone\"><a href=\"https:\/\/blogi.eoppimispalvelut.fi\/peppi-ohjeet\/koulutus-ja-opetussuunnittelu\/koulutuksen-suunnittelu\/hakukohteiden-ja-valintaperusteiden-suunnittelu\/hakukohteet-ja-valintaperusteet-opintopolussa\/\" rel=\"attachment wp-att-3272\"><img loading=\"lazy\" decoding=\"async\" aria-describedby=\"caption-attachment-3272\" class=\"size-full wp-image-3272\" src=\"https:\/\/blogi.eoppimispalvelut.fi\/peppi-ohjeet\/files\/2020\/06\/Hakukohteet-ja-valintaperusteet-opintopolussa.png\" alt=\"Hakukohteet ja valintaperusteet opintopolussa\" width=\"1280\" height=\"564\" srcset=\"https:\/\/blogi.eoppimispalvelut.fi\/peppi-ohjeet\/files\/2020\/06\/Hakukohteet-ja-valintaperusteet-opintopolussa.png 1280w, https:\/\/blogi.eoppimispalvelut.fi\/peppi-ohjeet\/files\/2020\/06\/Hakukohteet-ja-valintaperusteet-opintopolussa-900x397.png 900w, https:\/\/blogi.eoppimispalvelut.fi\/peppi-ohjeet\/files\/2020\/06\/Hakukohteet-ja-valintaperusteet-opintopolussa-768x338.png 768w, https:\/\/blogi.eoppimispalvelut.fi\/peppi-ohjeet\/files\/2020\/06\/Hakukohteet-ja-valintaperusteet-opintopolussa-500x220.png 500w\" sizes=\"auto, (max-width: 1280px) 100vw, 1280px\" \/><\/a><p id=\"caption-attachment-3272\" class=\"wp-caption-text\">Klikkaa kuva suuremmaksi<\/p><\/div>\n<p>&nbsp;<\/p>\n<p>Pepiss\u00e4 laadittu kuvaus n\u00e4kyy Opintopolussa Hakeminen-v\u00e4lilehdell\u00e4.<\/p>\n<hr \/>\n<p>Takaisin <a href=\"https:\/\/blogi.eoppimispalvelut.fi\/peppi-ohjeet\/koulutus-ja-opetussuunnittelu\/\">Koulutus- ja opetussuunnittelu<\/a> -sivulle<\/p>\n","protected":false},"excerpt":{"rendered":"<p>Katso video, osa 1. (tekstityksen saa p\u00e4\u00e4lle [cc]-painikkeesta). Hakukohteet ja valintaperusteet laaditaan jokaiseen hakuun. Hakukohteiden ja valintaperusteiden valmistelusta ja julkaisemisesta Opintopolkuun vastaavat hakijapalveluiden suunnittelijat. Hakukohteiden valmistelu aloitetaan hakijapalveluiden suunnittelijoiden, kehitt\u00e4misp\u00e4\u00e4llik\u00f6iden, osaamisp\u00e4\u00e4llik\u00f6iden ja Pepin p\u00e4\u00e4k\u00e4ytt\u00e4j\u00e4n yhteisell\u00e4 kick off -palaverilla Syksyn hakukohteiden &hellip; <a href=\"https:\/\/blogi.eoppimispalvelut.fi\/peppi-ohjeet\/koulutus-ja-opetussuunnittelu\/koulutuksen-suunnittelu\/hakukohteiden-ja-valintaperusteiden-suunnittelu\/\">Continue reading <span class=\"meta-nav\">&rarr;<\/span><\/a><\/p>\n","protected":false},"author":4339,"featured_media":0,"parent":2111,"menu_order":0,"comment_status":"closed","ping_status":"closed","template":"","meta":{"_monsterinsights_skip_tracking":false,"_monsterinsights_sitenote_active":false,"_monsterinsights_sitenote_note":"","_monsterinsights_sitenote_category":0,"footnotes":""},"class_list":["post-2115","page","type-page","status-publish","hentry"],"_links":{"self":[{"href":"https:\/\/blogi.eoppimispalvelut.fi\/peppi-ohjeet\/wp-json\/wp\/v2\/pages\/2115","targetHints":{"allow":["GET"]}}],"collection":[{"href":"https:\/\/blogi.eoppimispalvelut.fi\/peppi-ohjeet\/wp-json\/wp\/v2\/pages"}],"about":[{"href":"https:\/\/blogi.eoppimispalvelut.fi\/peppi-ohjeet\/wp-json\/wp\/v2\/types\/page"}],"author":[{"embeddable":true,"href":"https:\/\/blogi.eoppimispalvelut.fi\/peppi-ohjeet\/wp-json\/wp\/v2\/users\/4339"}],"replies":[{"embeddable":true,"href":"https:\/\/blogi.eoppimispalvelut.fi\/peppi-ohjeet\/wp-json\/wp\/v2\/comments?post=2115"}],"version-history":[{"count":24,"href":"https:\/\/blogi.eoppimispalvelut.fi\/peppi-ohjeet\/wp-json\/wp\/v2\/pages\/2115\/revisions"}],"predecessor-version":[{"id":4930,"href":"https:\/\/blogi.eoppimispalvelut.fi\/peppi-ohjeet\/wp-json\/wp\/v2\/pages\/2115\/revisions\/4930"}],"up":[{"embeddable":true,"href":"https:\/\/blogi.eoppimispalvelut.fi\/peppi-ohjeet\/wp-json\/wp\/v2\/pages\/2111"}],"wp:attachment":[{"href":"https:\/\/blogi.eoppimispalvelut.fi\/peppi-ohjeet\/wp-json\/wp\/v2\/media?parent=2115"}],"curies":[{"name":"wp","href":"https:\/\/api.w.org\/{rel}","templated":true}]}}