{"id":2117,"date":"2020-04-22T09:31:32","date_gmt":"2020-04-22T06:31:32","guid":{"rendered":"https:\/\/blogi.eoppimispalvelut.fi\/peppi-ohjeet\/?page_id=2117"},"modified":"2021-06-24T11:32:53","modified_gmt":"2021-06-24T08:32:53","slug":"opetussuunnitelman-rakentaminen","status":"publish","type":"page","link":"https:\/\/blogi.eoppimispalvelut.fi\/peppi-ohjeet\/koulutus-ja-opetussuunnittelu\/opetussuunnitelmat\/opetussuunnitelman-rakentaminen\/","title":{"rendered":"Opetussuunnitelman rakentaminen, muokkaaminen ja kopiointi"},"content":{"rendered":"<p>Katso <a href=\"https:\/\/youtu.be\/bwVH2wQFUJQ\" target=\"_blank\" rel=\"noopener noreferrer\">video<\/a> (tekstityksen saa p\u00e4\u00e4lle [cc]-painikkeesta).<\/p>\n<p>Tutkintoon johtavaan koulutukseen, muuntokoulutusten ja erikoistumiskoulutusten osalta rakennetaan opetussuunnitelma.<\/p>\n<p>Opetussuunnitelmien rakentamista ohjaa Opetussuunnitelman laatimisen perusteita t\u00e4ydent\u00e4v\u00e4t <a href=\"https:\/\/intra.lapinamk.fi\/fi\/lapin-amk\/laatujarjestelma\/Lists\/Prosessikortti\/DispForm.aspx?ID=8&amp;Source=https%3A%2F%2Fintra%2Elapinamk%2Efi%2Ffi%2Flapin%2Damk%2Flaatujarjestelma%2FLists%2FProsessikortti%2FAllItems%2Easpx&amp;ContentTypeId=0x010024AB81C98E36E24A820CE5218D908D70\">toimintaohjeet<\/a>.<\/p>\n<p>Malliopetussuunnitelma TESTI_R31L21S l\u00f6ytyy Pepist\u00e4.<\/p>\n<p>Opetussuunnitelma sis\u00e4lt\u00e4\u00e4 perustietojen lis\u00e4ksi opetussuunnitelman kuvauksen, joka sis\u00e4lt\u00e4\u00e4 tutkinnon yleiskuvauksen, koulutuksen profiilin (vrt. osaamispyramidi, LUC-strategia), kuvaus osaamisesta, jonka koulutus tuottaa (esim. erilaisia osaamispolkuja), koulutuksen sis\u00e4ll\u00f6n (lukuvuosi- tai lukukausiteemat), ja miten opiskelu tapahtuu (ty\u00f6el\u00e4m\u00e4yhteisty\u00f6, kansainv\u00e4lisyys, opiskelumuodot).<\/p>\n<p>Perus- ja kuvaustietojen lis\u00e4ksi opetussuunnitelmaan m\u00e4\u00e4ritell\u00e4\u00e4n vastuunjako &#8211; ja koulutusalat, opetussuunnitelman rakenne, mahdolliset opintopolut, opetussuunnitelman ajoitus (lukuvuosi, lukukausi, periodi), j\u00e4sentely (kompetenssit, todistusj\u00e4sentely) sek\u00e4 opetussuunnitelman tarkastamiseen ja hyv\u00e4ksymiseen liittyv\u00e4 tiedot.<\/p>\n<p><strong>Opetussuunnitelmien nime\u00e4minen<\/strong><\/p>\n<p>Opetussuunnitelmien nime\u00e4minen pohjautuu opintopolussa k\u00e4yt\u00f6ss\u00e4 oleviin nime\u00e4misk\u00e4yt\u00e4nt\u00f6ihin, esim.<\/p>\n<ul>\n<li>Tradenomikoulutus, liiketalous (monimuoto-opinnot, verkko-opinnot), Tornio, syksy 2019<\/li>\n<li>Insin\u00f6\u00f6rikoulutus, maanmittaustekniikka (p\u00e4iv\u00e4opinnot), Rovaniemi, syksy 2019<\/li>\n<li>Ylempi amk-koulutus, Digiajan palvelujohtaminen (monimuoto-opinnot, verkko-opinnot), syksy 2019<\/li>\n<\/ul>\n<p><strong>Opetussuunnitelman tunnus<\/strong><\/p>\n<ul>\n<li>Paikkakunnan ensimm\u00e4inen kirjain, tarkenne jos tarpeen (A=aikuiskoulutus, M=muuntokoulutus, E=erikoistumiskoulutus), opinnonala numeroina (51R=rakennustekniikka, 51M=maanmittaus), vuosiluku (kaksi viimeist\u00e4), lukukausi (K=kev\u00e4t, S=syksy)<\/li>\n<li>R51R19S (Rovaniemi, p\u00e4iv\u00e4koulutus, Rakennustekniikka, Syksy 19)<\/li>\n<\/ul>\n<hr \/>\n<p><strong>Uuden opetussuunnitelman luominen<\/strong><\/p>\n<p>Katso <a href=\"https:\/\/youtu.be\/ezdiW2P4lKQ\" target=\"_blank\" rel=\"noopener noreferrer\">video <\/a>(samassa videossa my\u00f6s opetussuunnitelman muokkaaminen. Tekstityksen saa p\u00e4\u00e4lle [cc]-painikkeesta).<\/p>\n<ul>\n<li>Valitse p\u00e4\u00e4n\u00e4kym\u00e4st\u00e4 koulutus- ja opetussuunnittelu -valikosta opetussuunnitelmat ja valitse Lis\u00e4\u00e4 uusi<\/li>\n<\/ul>\n<div id=\"attachment_2521\" style=\"width: 594px\" class=\"wp-caption alignnone\"><a href=\"https:\/\/blogi.eoppimispalvelut.fi\/peppi-ohjeet\/koulutus-ja-opetussuunnittelu\/opetussuunnitelmat\/opetussuunnitelman-rakentaminen\/uuden-opsin-luominen\/\" rel=\"attachment wp-att-2521\"><img loading=\"lazy\" decoding=\"async\" aria-describedby=\"caption-attachment-2521\" class=\"size-large wp-image-2521\" src=\"https:\/\/blogi.eoppimispalvelut.fi\/peppi-ohjeet\/files\/2020\/05\/Uuden-opsin-luominen-1280x695.png\" alt=\"Luo uusi opetussuunnitelma\" width=\"584\" height=\"317\" srcset=\"https:\/\/blogi.eoppimispalvelut.fi\/peppi-ohjeet\/files\/2020\/05\/Uuden-opsin-luominen-1280x695.png 1280w, https:\/\/blogi.eoppimispalvelut.fi\/peppi-ohjeet\/files\/2020\/05\/Uuden-opsin-luominen-900x489.png 900w, https:\/\/blogi.eoppimispalvelut.fi\/peppi-ohjeet\/files\/2020\/05\/Uuden-opsin-luominen-768x417.png 768w, https:\/\/blogi.eoppimispalvelut.fi\/peppi-ohjeet\/files\/2020\/05\/Uuden-opsin-luominen-1536x834.png 1536w, https:\/\/blogi.eoppimispalvelut.fi\/peppi-ohjeet\/files\/2020\/05\/Uuden-opsin-luominen-500x271.png 500w, https:\/\/blogi.eoppimispalvelut.fi\/peppi-ohjeet\/files\/2020\/05\/Uuden-opsin-luominen.png 1671w\" sizes=\"auto, (max-width: 584px) 100vw, 584px\" \/><\/a><p id=\"caption-attachment-2521\" class=\"wp-caption-text\">Klikkaa kuva suuremmaksi<\/p><\/div>\n<ul>\n<li>valitse Lis\u00e4\u00e4 uusi. Opetussuunnitelman pohja avautuu uuteen ikkunaan.<\/li>\n<\/ul>\n<hr \/>\n<p><strong>Opetussuunnitelman muokkaaminen<\/strong><\/p>\n<p>Katso\u00a0<a href=\"https:\/\/youtu.be\/ezdiW2P4lKQ\" target=\"_blank\" rel=\"noopener noreferrer\">video<\/a>\u00a0(samassa videossa my\u00f6s uuden opetussuunnitelman luominen. Tekstityksen saa p\u00e4\u00e4lle [cc]-painikkeesta).<\/p>\n<p>Mik\u00e4li sinulla on tarve muokata jo olemassa olevaa opetussuunnitelmaa:<\/p>\n<ul>\n<li>Valitse p\u00e4\u00e4n\u00e4kym\u00e4st\u00e4 koulutus- ja opetussuunnittelu -valikosta opetussuunnitelmat<\/li>\n<\/ul>\n<div id=\"attachment_2522\" style=\"width: 1290px\" class=\"wp-caption alignnone\"><a href=\"https:\/\/blogi.eoppimispalvelut.fi\/peppi-ohjeet\/koulutus-ja-opetussuunnittelu\/opetussuunnitelmat\/opetussuunnitelman-rakentaminen\/opetussuunnitelmien-haku\/\" rel=\"attachment wp-att-2522\"><img loading=\"lazy\" decoding=\"async\" aria-describedby=\"caption-attachment-2522\" class=\"size-full wp-image-2522\" src=\"https:\/\/blogi.eoppimispalvelut.fi\/peppi-ohjeet\/files\/2020\/05\/Opetussuunnitelmien-haku.png\" alt=\"Opetussuunnitelmien haku\" width=\"1280\" height=\"602\" srcset=\"https:\/\/blogi.eoppimispalvelut.fi\/peppi-ohjeet\/files\/2020\/05\/Opetussuunnitelmien-haku.png 1280w, https:\/\/blogi.eoppimispalvelut.fi\/peppi-ohjeet\/files\/2020\/05\/Opetussuunnitelmien-haku-900x423.png 900w, https:\/\/blogi.eoppimispalvelut.fi\/peppi-ohjeet\/files\/2020\/05\/Opetussuunnitelmien-haku-768x361.png 768w, https:\/\/blogi.eoppimispalvelut.fi\/peppi-ohjeet\/files\/2020\/05\/Opetussuunnitelmien-haku-500x235.png 500w\" sizes=\"auto, (max-width: 1280px) 100vw, 1280px\" \/><\/a><p id=\"caption-attachment-2522\" class=\"wp-caption-text\">Klikkaa kuva suuremmaksi<\/p><\/div>\n<ul>\n<li>Sy\u00f6t\u00e4 sopiva(t) hakukriteeri(t) ja valitse Hae<\/li>\n<li>Annettujen kriteerien mukaiset opetussuunnitelmat listautuvat Haku-ikkunan alapuolelle<\/li>\n<li>Avaa haluamasi opetussuunnitelma muokkaamista varten klikkaamalla opetussuunnitelman nime\u00e4<\/li>\n<\/ul>\n<p>Hyv\u00e4ksytty\u00e4 opetussuunnitelmaa tai sen sis\u00e4lt\u00f6j\u00e4 (rakenne, opintokokonaisuudet, opintojaksot) ei p\u00e4\u00e4s\u00e4\u00e4nt\u00f6isesti muokata, koska kaikki tehdyt muutokset p\u00e4ivittyv\u00e4t takautuvasti my\u00f6s aiemmin hyv\u00e4ksyttyyn opetussuunnitelmaan tai opintokokonaisuuteen tai opintojaksoon. Muutoksista tulee aina keskustella ensin kehitt\u00e4misp\u00e4\u00e4llik\u00f6iden kanssa. Mik\u00e4li muutokset ovat laajoja, tulee tietojen p\u00e4ivitt\u00e4misen sijasta tehd\u00e4 kokonaaan uusi opetussuunnitelma\/opintokokonaisuus tai opintojakso.<\/p>\n<hr \/>\n<p><strong>Opetussuunnitelman kopiointi<\/strong><\/p>\n<p>Katso <a href=\"https:\/\/youtu.be\/fd2wJiWU5jA\" target=\"_blank\" rel=\"noopener noreferrer\">video<\/a> (tekstityksen saa p\u00e4\u00e4lle [cc]-painikkeesta).<\/p>\n<p>Uuden opetussuunnitelman laatiminen voidaan aloittaa my\u00f6s kopioimalla aiemmin tehty opetussuunnitelma pohjaksi, jota sitten l\u00e4hdet\u00e4\u00e4n muokkaamaan tarpeen mukaisesti.<\/p>\n<p>Hae ensin haluamasi opetussuunnitelma valitsemalla p\u00e4\u00e4n\u00e4kym\u00e4st\u00e4 Koulutus- ja opetussuunnittelu -valikosta Opetussuunnitelmat.<\/p>\n<div id=\"attachment_2522\" style=\"width: 1290px\" class=\"wp-caption alignnone\"><a href=\"https:\/\/blogi.eoppimispalvelut.fi\/peppi-ohjeet\/koulutus-ja-opetussuunnittelu\/opetussuunnitelmat\/opetussuunnitelman-rakentaminen\/opetussuunnitelmien-haku\/\" rel=\"attachment wp-att-2522\"><img loading=\"lazy\" decoding=\"async\" aria-describedby=\"caption-attachment-2522\" class=\"size-full wp-image-2522\" src=\"https:\/\/blogi.eoppimispalvelut.fi\/peppi-ohjeet\/files\/2020\/05\/Opetussuunnitelmien-haku.png\" alt=\"Opetussuunnitelmien haku\" width=\"1280\" height=\"602\" srcset=\"https:\/\/blogi.eoppimispalvelut.fi\/peppi-ohjeet\/files\/2020\/05\/Opetussuunnitelmien-haku.png 1280w, https:\/\/blogi.eoppimispalvelut.fi\/peppi-ohjeet\/files\/2020\/05\/Opetussuunnitelmien-haku-900x423.png 900w, https:\/\/blogi.eoppimispalvelut.fi\/peppi-ohjeet\/files\/2020\/05\/Opetussuunnitelmien-haku-768x361.png 768w, https:\/\/blogi.eoppimispalvelut.fi\/peppi-ohjeet\/files\/2020\/05\/Opetussuunnitelmien-haku-500x235.png 500w\" sizes=\"auto, (max-width: 1280px) 100vw, 1280px\" \/><\/a><p id=\"caption-attachment-2522\" class=\"wp-caption-text\">Klikkaa kuva suuremmaksi<\/p><\/div>\n<ul>\n<li>Sy\u00f6t\u00e4 sopiva(t) hakukriteeri(t) ja valitse Hae<\/li>\n<li>Annettujen kriteerien mukaiset opetussuunnitelmat listautuvat Haku-ikkunan alapuolelle<\/li>\n<li>Avaa haluamasi opetussuunnitelma kopiomista varten klikkaamalla opetussuunnitelman nime\u00e4<\/li>\n<\/ul>\n<div id=\"attachment_2691\" style=\"width: 594px\" class=\"wp-caption alignnone\"><a href=\"https:\/\/blogi.eoppimispalvelut.fi\/peppi-ohjeet\/koulutus-ja-opetussuunnittelu\/opetussuunnitelmat\/opetussuunnitelman-rakentaminen\/opetussuunnitelman-kopiointi\/\" rel=\"attachment wp-att-2691\"><img loading=\"lazy\" decoding=\"async\" aria-describedby=\"caption-attachment-2691\" class=\"size-large wp-image-2691\" src=\"https:\/\/blogi.eoppimispalvelut.fi\/peppi-ohjeet\/files\/2020\/05\/Opetussuunnitelman-kopiointi-1280x417.png\" alt=\"Opetussuunnitelman kopiointi\" width=\"584\" height=\"190\" srcset=\"https:\/\/blogi.eoppimispalvelut.fi\/peppi-ohjeet\/files\/2020\/05\/Opetussuunnitelman-kopiointi-1280x417.png 1280w, https:\/\/blogi.eoppimispalvelut.fi\/peppi-ohjeet\/files\/2020\/05\/Opetussuunnitelman-kopiointi-900x293.png 900w, https:\/\/blogi.eoppimispalvelut.fi\/peppi-ohjeet\/files\/2020\/05\/Opetussuunnitelman-kopiointi-768x250.png 768w, https:\/\/blogi.eoppimispalvelut.fi\/peppi-ohjeet\/files\/2020\/05\/Opetussuunnitelman-kopiointi-1536x500.png 1536w, https:\/\/blogi.eoppimispalvelut.fi\/peppi-ohjeet\/files\/2020\/05\/Opetussuunnitelman-kopiointi-500x163.png 500w, https:\/\/blogi.eoppimispalvelut.fi\/peppi-ohjeet\/files\/2020\/05\/Opetussuunnitelman-kopiointi.png 2000w\" sizes=\"auto, (max-width: 584px) 100vw, 584px\" \/><\/a><p id=\"caption-attachment-2691\" class=\"wp-caption-text\">Klikkaa kuva suuremmaksi<\/p><\/div>\n<p>Opetussuunnitelma n\u00e4kym\u00e4ss\u00e4 valitse Kopioi. M\u00e4\u00e4rittele avautuvassa ikkunassa uuteen opetussuunnitelman kopioon liittyv\u00e4t m\u00e4\u00e4ritykset.<\/p>\n<div id=\"attachment_2692\" style=\"width: 678px\" class=\"wp-caption alignnone\"><a href=\"https:\/\/blogi.eoppimispalvelut.fi\/peppi-ohjeet\/koulutus-ja-opetussuunnittelu\/opetussuunnitelmat\/opetussuunnitelman-rakentaminen\/opetussuunnitelman-kopion-maarittely\/\" rel=\"attachment wp-att-2692\"><img loading=\"lazy\" decoding=\"async\" aria-describedby=\"caption-attachment-2692\" class=\"size-full wp-image-2692\" src=\"https:\/\/blogi.eoppimispalvelut.fi\/peppi-ohjeet\/files\/2020\/05\/Opetussuunnitelman-kopion-m\u00e4\u00e4rittely.png\" alt=\"Opetussuunnitelman kopioitavien tietojen m\u00e4\u00e4rittely\" width=\"668\" height=\"373\" srcset=\"https:\/\/blogi.eoppimispalvelut.fi\/peppi-ohjeet\/files\/2020\/05\/Opetussuunnitelman-kopion-m\u00e4\u00e4rittely.png 668w, https:\/\/blogi.eoppimispalvelut.fi\/peppi-ohjeet\/files\/2020\/05\/Opetussuunnitelman-kopion-m\u00e4\u00e4rittely-500x279.png 500w\" sizes=\"auto, (max-width: 668px) 100vw, 668px\" \/><\/a><p id=\"caption-attachment-2692\" class=\"wp-caption-text\">Klikkaa kuva suuremmaksi<\/p><\/div>\n<ul>\n<li>Tunnus (tunnus luodaan sovitun k\u00e4yt\u00e4nteen mukaisesti)<\/li>\n<li>Mit\u00e4 kopioon otetaan mukaan:\n<ul>\n<li>Ajoitussuunnitelmat<\/li>\n<li>J\u00e4sentelyt<\/li>\n<li>Opintopolut<\/li>\n<\/ul>\n<\/li>\n<li>Kopiointitapa\n<ul>\n<li>Kopioi rakenne ja liit\u00e4 vanhat opinnot uuteen rakenteeseen<\/li>\n<li>Kopioi rakenne ja rakenteen opintojaksot uudeksi opetussuunnitelmaksi ja luo vastaavuudet opintojaksojen v\u00e4lille (luo uudet opintojaksot koodeineen)<\/li>\n<\/ul>\n<\/li>\n<li>Valitse Kopioi. J\u00e4rjestelm\u00e4 ilmoittaa kopioinnin onnistumisesta ja n\u00e4ytt\u00e4\u00e4 linkin luomaasi OPSiin.<\/li>\n<\/ul>\n<hr \/>\n<p>Takaisin\u00a0<a href=\"https:\/\/blogi.eoppimispalvelut.fi\/peppi-ohjeet\/koulutus-ja-opetussuunnittelu\/\">Koulutus- ja opetussuunnittelu<\/a> -sivulle<\/p>\n","protected":false},"excerpt":{"rendered":"<p>Katso video (tekstityksen saa p\u00e4\u00e4lle [cc]-painikkeesta). Tutkintoon johtavaan koulutukseen, muuntokoulutusten ja erikoistumiskoulutusten osalta rakennetaan opetussuunnitelma. Opetussuunnitelmien rakentamista ohjaa Opetussuunnitelman laatimisen perusteita t\u00e4ydent\u00e4v\u00e4t toimintaohjeet. Malliopetussuunnitelma TESTI_R31L21S l\u00f6ytyy Pepist\u00e4. Opetussuunnitelma sis\u00e4lt\u00e4\u00e4 perustietojen lis\u00e4ksi opetussuunnitelman kuvauksen, joka sis\u00e4lt\u00e4\u00e4 tutkinnon yleiskuvauksen, koulutuksen profiilin (vrt. &hellip; <a href=\"https:\/\/blogi.eoppimispalvelut.fi\/peppi-ohjeet\/koulutus-ja-opetussuunnittelu\/opetussuunnitelmat\/opetussuunnitelman-rakentaminen\/\">Continue reading <span class=\"meta-nav\">&rarr;<\/span><\/a><\/p>\n","protected":false},"author":4339,"featured_media":0,"parent":2122,"menu_order":0,"comment_status":"closed","ping_status":"closed","template":"","meta":{"_monsterinsights_skip_tracking":false,"_monsterinsights_sitenote_active":false,"_monsterinsights_sitenote_note":"","_monsterinsights_sitenote_category":0,"footnotes":""},"class_list":["post-2117","page","type-page","status-publish","hentry"],"_links":{"self":[{"href":"https:\/\/blogi.eoppimispalvelut.fi\/peppi-ohjeet\/wp-json\/wp\/v2\/pages\/2117","targetHints":{"allow":["GET"]}}],"collection":[{"href":"https:\/\/blogi.eoppimispalvelut.fi\/peppi-ohjeet\/wp-json\/wp\/v2\/pages"}],"about":[{"href":"https:\/\/blogi.eoppimispalvelut.fi\/peppi-ohjeet\/wp-json\/wp\/v2\/types\/page"}],"author":[{"embeddable":true,"href":"https:\/\/blogi.eoppimispalvelut.fi\/peppi-ohjeet\/wp-json\/wp\/v2\/users\/4339"}],"replies":[{"embeddable":true,"href":"https:\/\/blogi.eoppimispalvelut.fi\/peppi-ohjeet\/wp-json\/wp\/v2\/comments?post=2117"}],"version-history":[{"count":32,"href":"https:\/\/blogi.eoppimispalvelut.fi\/peppi-ohjeet\/wp-json\/wp\/v2\/pages\/2117\/revisions"}],"predecessor-version":[{"id":4934,"href":"https:\/\/blogi.eoppimispalvelut.fi\/peppi-ohjeet\/wp-json\/wp\/v2\/pages\/2117\/revisions\/4934"}],"up":[{"embeddable":true,"href":"https:\/\/blogi.eoppimispalvelut.fi\/peppi-ohjeet\/wp-json\/wp\/v2\/pages\/2122"}],"wp:attachment":[{"href":"https:\/\/blogi.eoppimispalvelut.fi\/peppi-ohjeet\/wp-json\/wp\/v2\/media?parent=2117"}],"curies":[{"name":"wp","href":"https:\/\/api.w.org\/{rel}","templated":true}]}}