{"id":2119,"date":"2020-04-22T09:32:15","date_gmt":"2020-04-22T06:32:15","guid":{"rendered":"https:\/\/blogi.eoppimispalvelut.fi\/peppi-ohjeet\/?page_id=2119"},"modified":"2025-11-20T16:38:53","modified_gmt":"2025-11-20T14:38:53","slug":"erillisen-opintokokonaisuuden-rakentaminen","status":"publish","type":"page","link":"https:\/\/blogi.eoppimispalvelut.fi\/peppi-ohjeet\/koulutus-ja-opetussuunnittelu\/opetussuunnitelmat\/muun-opetustarjonnan-suunnittelu\/erillisen-opintokokonaisuuden-rakentaminen\/","title":{"rendered":"Erillisen opintokokonaisuuden rakentaminen"},"content":{"rendered":"<p>Katso <a href=\"https:\/\/youtu.be\/52XTR1vIkys\" target=\"_blank\" rel=\"noopener noreferrer\">video<\/a> (tekstityksen saa p\u00e4\u00e4lle [cc]-painikkeesta).<\/p>\n<p>Ammattikorkeakouluopintojen muusta opetustarjonnasta koostetaan yhteinen opetussuunnitelma sek\u00e4 vaihto-opiskelijoille erilliset opintokokonaisuudet opetustarjonnan julkaisemiseksi <a href=\"https:\/\/opinto-opas-amk.peppi.lapit.csc.fi\/\" target=\"_blank\" rel=\"noopener\">Opinto-oppaassa<\/a>. Muu opetustarjonta suunnitellaan kokonaisuudessaan yhdess\u00e4 opetussuunnitelmien mukaisen opetustarjonnan suunnittelua viikoilla 14- 26.<\/p>\n<p>Osaamisp\u00e4\u00e4llikk\u00f6 rakentaa omien koulutusten osalta erilliset opintokokonaisuudet seuraavien opintojen osalta:<\/p>\n<ul>\n<li>Valinnaisopintojen tarjonta YAMK<\/li>\n<li>Vaihto-opintojen tarjonta<\/li>\n<\/ul>\n<p>Yhteisen tarjonnan osalta osaamisp\u00e4\u00e4llikk\u00f6 luo tarvittavilta osin erilliset opintokokonaisuudet ja Pepin p\u00e4\u00e4k\u00e4ytt\u00e4j\u00e4 luo yhteisen opetussuunntelman, joihin osaamisp\u00e4\u00e4llik\u00f6t kiinnitt\u00e4v\u00e4t oman opintotarjontansa opintojaksot. Ammattikorkeakoulun yhteist\u00e4 opintotarjontaa ovat:<\/p>\n<ul>\n<li>Yhteisten valinnaisten tarjonta AMK<\/li>\n<li>Yhteisten valinnaisten tarjonta YAMK<\/li>\n<li>Yhteisty\u00f6verkostojen tarjonta<\/li>\n<\/ul>\n<p>Muu opetustarjonta voi sis\u00e4lt\u00e4\u00e4 opetussuunnitelmiin kiinnitettyj\u00e4 opintojaksoja tai erillisi\u00e4 opintojaksoja.<\/p>\n<p><strong>Erillisen opintokokonaisuuden rakentaminen<\/strong><\/p>\n<p>Katso <a href=\"https:\/\/youtu.be\/2Q5g4k-2wJc\" target=\"_blank\" rel=\"noopener noreferrer\">video<\/a> (tekstityksen saa p\u00e4\u00e4lle [cc]-painikkeesta).<\/p>\n<p>Erillinen opintokokonaisuus luodaan valitsemalla Koulutus- ja opetussuunnittelu valikosta Erilliset opintokokonaisuudet. Avautuvassa Haku-n\u00e4kym\u00e4ss\u00e4 valitaan +Lis\u00e4\u00e4 uusi ja valitaan Erillinen opintokokonaisuus<\/p>\n<p>&nbsp;<\/p>\n<div id=\"attachment_2783\" style=\"width: 594px\" class=\"wp-caption alignnone\"><a href=\"https:\/\/blogi.eoppimispalvelut.fi\/peppi-ohjeet\/koulutus-ja-opetussuunnittelu\/opetussuunnitelmat\/muun-opetustarjonnan-suunnittelu\/erillisen-opintokokonaisuuden-rakentaminen\/uusi-erillinen-opintokokonaisuus\/\" rel=\"attachment wp-att-2783\"><img loading=\"lazy\" decoding=\"async\" aria-describedby=\"caption-attachment-2783\" class=\"size-large wp-image-2783\" src=\"https:\/\/blogi.eoppimispalvelut.fi\/peppi-ohjeet\/files\/2020\/05\/Uusi-erillinen-opintokokonaisuus-1280x454.png\" alt=\"Lis\u00e4\u00e4 uusi erillinen opintokokonaisuus\" width=\"584\" height=\"207\" srcset=\"https:\/\/blogi.eoppimispalvelut.fi\/peppi-ohjeet\/files\/2020\/05\/Uusi-erillinen-opintokokonaisuus-1280x454.png 1280w, https:\/\/blogi.eoppimispalvelut.fi\/peppi-ohjeet\/files\/2020\/05\/Uusi-erillinen-opintokokonaisuus-900x319.png 900w, https:\/\/blogi.eoppimispalvelut.fi\/peppi-ohjeet\/files\/2020\/05\/Uusi-erillinen-opintokokonaisuus-768x272.png 768w, https:\/\/blogi.eoppimispalvelut.fi\/peppi-ohjeet\/files\/2020\/05\/Uusi-erillinen-opintokokonaisuus-1536x545.png 1536w, https:\/\/blogi.eoppimispalvelut.fi\/peppi-ohjeet\/files\/2020\/05\/Uusi-erillinen-opintokokonaisuus-500x177.png 500w, https:\/\/blogi.eoppimispalvelut.fi\/peppi-ohjeet\/files\/2020\/05\/Uusi-erillinen-opintokokonaisuus.png 2000w\" sizes=\"auto, (max-width: 584px) 100vw, 584px\" \/><\/a><p id=\"caption-attachment-2783\" class=\"wp-caption-text\">Klikkaa kuva suuremmaksi<\/p><\/div>\n<p>&nbsp;<\/p>\n<p>T\u00e4ydenn\u00e4 avautuvalla ikkunalla erillisen opintokokonaisuuden perustiedot.<\/p>\n<p>&nbsp;<\/p>\n<div id=\"attachment_2784\" style=\"width: 1290px\" class=\"wp-caption alignnone\"><a href=\"https:\/\/blogi.eoppimispalvelut.fi\/peppi-ohjeet\/koulutus-ja-opetussuunnittelu\/opetussuunnitelmat\/muun-opetustarjonnan-suunnittelu\/erillisen-opintokokonaisuuden-rakentaminen\/erillinen-opintokokonaisuus-perustiedot\/\" rel=\"attachment wp-att-2784\"><img loading=\"lazy\" decoding=\"async\" aria-describedby=\"caption-attachment-2784\" class=\"size-full wp-image-2784\" src=\"https:\/\/blogi.eoppimispalvelut.fi\/peppi-ohjeet\/files\/2020\/05\/Erillinen-opintokokonaisuus-perustiedot.png\" alt=\"Erillinen opintokokonaisuus perustiedot\" width=\"1280\" height=\"588\" srcset=\"https:\/\/blogi.eoppimispalvelut.fi\/peppi-ohjeet\/files\/2020\/05\/Erillinen-opintokokonaisuus-perustiedot.png 1280w, https:\/\/blogi.eoppimispalvelut.fi\/peppi-ohjeet\/files\/2020\/05\/Erillinen-opintokokonaisuus-perustiedot-900x413.png 900w, https:\/\/blogi.eoppimispalvelut.fi\/peppi-ohjeet\/files\/2020\/05\/Erillinen-opintokokonaisuus-perustiedot-768x353.png 768w, https:\/\/blogi.eoppimispalvelut.fi\/peppi-ohjeet\/files\/2020\/05\/Erillinen-opintokokonaisuus-perustiedot-500x230.png 500w\" sizes=\"auto, (max-width: 1280px) 100vw, 1280px\" \/><\/a><p id=\"caption-attachment-2784\" class=\"wp-caption-text\">Klikkaa kuva suuremmaksi<\/p><\/div>\n<p>&nbsp;<\/p>\n<p>Perustiedoista t\u00e4ytet\u00e4\u00e4n<\/p>\n<ul>\n<li>Nimi FIN ja ENG<\/li>\n<li>Tunnus (sovitun k\u00e4yt\u00e4nn\u00f6n mukaisesti)<\/li>\n<li>Voimassaolo<\/li>\n<li>Luokittelu = tagi (sovitun k\u00e4yt\u00e4nn\u00f6n mukaisesti)<\/li>\n<\/ul>\n<p>Perustietojen lis\u00e4ksi erillisen opintokokonaisuuden osalta m\u00e4\u00e4ritell\u00e4\u00e4n sis\u00e4ll\u00f6n valinnaisuus.<\/p>\n<p>&nbsp;<\/p>\n<div id=\"attachment_2785\" style=\"width: 1290px\" class=\"wp-caption alignnone\"><a href=\"https:\/\/blogi.eoppimispalvelut.fi\/peppi-ohjeet\/koulutus-ja-opetussuunnittelu\/opetussuunnitelmat\/muun-opetustarjonnan-suunnittelu\/erillisen-opintokokonaisuuden-rakentaminen\/erillinen-opintokokonaisuus-sisallon-valinnaisuus\/\" rel=\"attachment wp-att-2785\"><img loading=\"lazy\" decoding=\"async\" aria-describedby=\"caption-attachment-2785\" class=\"size-full wp-image-2785\" src=\"https:\/\/blogi.eoppimispalvelut.fi\/peppi-ohjeet\/files\/2020\/05\/Erillinen-opintokokonaisuus-sis\u00e4ll\u00f6n-valinnaisuus.png\" alt=\"Erillinen opintokokonaisuus sis\u00e4ll\u00f6n valinnaisuus\" width=\"1280\" height=\"616\" srcset=\"https:\/\/blogi.eoppimispalvelut.fi\/peppi-ohjeet\/files\/2020\/05\/Erillinen-opintokokonaisuus-sis\u00e4ll\u00f6n-valinnaisuus.png 1280w, https:\/\/blogi.eoppimispalvelut.fi\/peppi-ohjeet\/files\/2020\/05\/Erillinen-opintokokonaisuus-sis\u00e4ll\u00f6n-valinnaisuus-900x433.png 900w, https:\/\/blogi.eoppimispalvelut.fi\/peppi-ohjeet\/files\/2020\/05\/Erillinen-opintokokonaisuus-sis\u00e4ll\u00f6n-valinnaisuus-768x370.png 768w, https:\/\/blogi.eoppimispalvelut.fi\/peppi-ohjeet\/files\/2020\/05\/Erillinen-opintokokonaisuus-sis\u00e4ll\u00f6n-valinnaisuus-500x241.png 500w\" sizes=\"auto, (max-width: 1280px) 100vw, 1280px\" \/><\/a><p id=\"caption-attachment-2785\" class=\"wp-caption-text\">Klikkaa kuva suuremmaksi<\/p><\/div>\n<p>&nbsp;<\/p>\n<p>Sis\u00e4ll\u00f6n valinnaisuus<\/p>\n<ul>\n<li>Valitaan x opintopistett\u00e4<\/li>\n<li>Opintopistem\u00e4\u00e4r\u00e4 esim. 1 \u2013 30<\/li>\n<\/ul>\n<p>Tallenna tiedot valitsemalla tallenna.<\/p>\n<p>T\u00e4m\u00e4n j\u00e4lkeen erillisen opintokokonaisuuden osalta voidaan m\u00e4\u00e4ritell\u00e4\u00a0Vastuunjako ja koulutusalat sek\u00e4 Rakenne. Kun sis\u00e4ll\u00f6t on m\u00e4\u00e4ritelty, voidaan opetustarjonta julkaista Tarkastus ja hyv\u00e4ksyminen v\u00e4lilehden kautta.<\/p>\n<hr \/>\n<p>Vastuunjako ja koulutusalat<\/p>\n<p>Katso video (tekstityksen saa p\u00e4\u00e4lle [cc]-painikkeesta).<\/p>\n<p>Vastuunjaon ja koulutusalan lis\u00e4\u00e4minen aloitetaan valitsemalla Lis\u00e4\u00e4 uusi ajanjakso.<\/p>\n<p>&nbsp;<\/p>\n<div id=\"attachment_2787\" style=\"width: 860px\" class=\"wp-caption alignnone\"><a href=\"https:\/\/blogi.eoppimispalvelut.fi\/peppi-ohjeet\/koulutus-ja-opetussuunnittelu\/opetussuunnitelmat\/muun-opetustarjonnan-suunnittelu\/erillisen-opintokokonaisuuden-rakentaminen\/lisaa-vastuunjako-ja-koulutusalat-erilliseen-opintokokonaisuuteen\/\" rel=\"attachment wp-att-2787\"><img loading=\"lazy\" decoding=\"async\" aria-describedby=\"caption-attachment-2787\" class=\"size-full wp-image-2787\" src=\"https:\/\/blogi.eoppimispalvelut.fi\/peppi-ohjeet\/files\/2020\/05\/LIs\u00e4\u00e4-vastuunjako-ja-koulutusalat-erilliseen-opintokokonaisuuteen.png\" alt=\"LIs\u00e4\u00e4 vastuunjako ja koulutusalat erilliseen opintokokonaisuuteen\" width=\"850\" height=\"392\" srcset=\"https:\/\/blogi.eoppimispalvelut.fi\/peppi-ohjeet\/files\/2020\/05\/LIs\u00e4\u00e4-vastuunjako-ja-koulutusalat-erilliseen-opintokokonaisuuteen.png 850w, https:\/\/blogi.eoppimispalvelut.fi\/peppi-ohjeet\/files\/2020\/05\/LIs\u00e4\u00e4-vastuunjako-ja-koulutusalat-erilliseen-opintokokonaisuuteen-768x354.png 768w, https:\/\/blogi.eoppimispalvelut.fi\/peppi-ohjeet\/files\/2020\/05\/LIs\u00e4\u00e4-vastuunjako-ja-koulutusalat-erilliseen-opintokokonaisuuteen-500x231.png 500w\" sizes=\"auto, (max-width: 850px) 100vw, 850px\" \/><\/a><p id=\"caption-attachment-2787\" class=\"wp-caption-text\">Klikkaa kuva suuremmaksi<\/p><\/div>\n<p>&nbsp;<\/p>\n<p>T\u00e4ydenn\u00e4 avautuvassa ikkunassa tarvittavat tiedot.<\/p>\n<p>&nbsp;<\/p>\n<div id=\"attachment_2613\" class=\"wp-caption alignnone\">\n<p><a href=\"https:\/\/blogi.eoppimispalvelut.fi\/peppi-ohjeet\/koulutus-ja-opetussuunnittelu\/opetussuunnitelmat\/opetussuunnitelman-rakentaminen\/vastuunjako-ja-koulutusalat\/vastuunjaon-ja-koulutusalojen-maarittely-opsissa\/\" rel=\"attachment wp-att-2613\" data-slb-active=\"1\" data-slb-asset=\"911467863\" data-slb-internal=\"2613\" data-slb-group=\"2132\"><img loading=\"lazy\" decoding=\"async\" class=\"size-full wp-image-2613\" src=\"https:\/\/blogi.eoppimispalvelut.fi\/peppi-ohjeet\/files\/2020\/05\/Vastuunjaon-ja-koulutusalojen-m%C3%A4%C3%A4rittely-Opsissa.png\" alt=\"Vastuunjaon ja koulutusalojen m\u00e4\u00e4rittely Opetussuunnitelmalle\" width=\"1280\" height=\"544\" aria-describedby=\"caption-attachment-2613\" \/><\/a><\/p>\n<p id=\"caption-attachment-2613\" class=\"wp-caption-text\">Klikkaa kuva suuremmaksi<\/p>\n<\/div>\n<ol>\n<li>Lis\u00e4\u00e4 voimassaoloaika (v\u00e4hint\u00e4\u00e4n alkamisaika)<\/li>\n<li>Vastuunjaon osalta t\u00e4ydennet\u00e4\u00e4n:\n<ul>\n<li>yksikk\u00f6, jonka vastuulla koulutuksen toteutus on<\/li>\n<li>yksik\u00f6n kustannuspaikka<\/li>\n<li>vastuun jako-osuus<\/li>\n<li>Mik\u00e4li koulutuksesta vastaa useampi yksikk\u00f6, merkit\u00e4\u00e4n kaikkien yksi\u00f6iden tiedot, kustannuspaikat sek\u00e4 prosentuaalinen osuus vastuusta.<\/li>\n<\/ul>\n<\/li>\n<\/ol>\n<p>Lis\u00e4ksi m\u00e4\u00e4ritell\u00e4\u00e4n Koulutusala viranomaisraportointeja varten.<\/p>\n<ol>\n<li>Koulutusalan osalta t\u00e4ydennet\u00e4\u00e4n:\n<ul>\n<li>koulutusala<\/li>\n<li>jako-osuus<\/li>\n<li>Mik\u00e4li koulutuksesta vastaa useampi yksikk\u00f6 merkit\u00e4\u00e4n kaikkien yksi\u00f6iden koulutusalat sek\u00e4 prosentuaalinen osuus vastuusta.<\/li>\n<\/ul>\n<\/li>\n<\/ol>\n<p>Tallenna tiedot.<\/p>\n<hr \/>\n<p>Rakenne<\/p>\n<p>Rakenteeseen kiinnitet\u00e4\u00e4n halutut opintojaksot Rakenne-v\u00e4lilehdell\u00e4.<\/p>\n<p>&nbsp;<\/p>\n<div id=\"attachment_2790\" style=\"width: 594px\" class=\"wp-caption alignnone\"><a href=\"https:\/\/blogi.eoppimispalvelut.fi\/peppi-ohjeet\/koulutus-ja-opetussuunnittelu\/opetussuunnitelmat\/muun-opetustarjonnan-suunnittelu\/erillisen-opintokokonaisuuden-rakentaminen\/opintojakson-lisaaminen-erilliseen-opintokokonaisuuteen\/\" rel=\"attachment wp-att-2790\"><img loading=\"lazy\" decoding=\"async\" aria-describedby=\"caption-attachment-2790\" class=\"size-large wp-image-2790\" src=\"https:\/\/blogi.eoppimispalvelut.fi\/peppi-ohjeet\/files\/2020\/05\/Opintojakson-lis\u00e4\u00e4minen-erilliseen-opintokokonaisuuteen-1280x674.png\" alt=\"Opintojakson lis\u00e4\u00e4minen erilliseen opintokokonaisuuteen\" width=\"584\" height=\"308\" srcset=\"https:\/\/blogi.eoppimispalvelut.fi\/peppi-ohjeet\/files\/2020\/05\/Opintojakson-lis\u00e4\u00e4minen-erilliseen-opintokokonaisuuteen-1280x674.png 1280w, https:\/\/blogi.eoppimispalvelut.fi\/peppi-ohjeet\/files\/2020\/05\/Opintojakson-lis\u00e4\u00e4minen-erilliseen-opintokokonaisuuteen-900x474.png 900w, https:\/\/blogi.eoppimispalvelut.fi\/peppi-ohjeet\/files\/2020\/05\/Opintojakson-lis\u00e4\u00e4minen-erilliseen-opintokokonaisuuteen-768x404.png 768w, https:\/\/blogi.eoppimispalvelut.fi\/peppi-ohjeet\/files\/2020\/05\/Opintojakson-lis\u00e4\u00e4minen-erilliseen-opintokokonaisuuteen-500x263.png 500w, https:\/\/blogi.eoppimispalvelut.fi\/peppi-ohjeet\/files\/2020\/05\/Opintojakson-lis\u00e4\u00e4minen-erilliseen-opintokokonaisuuteen.png 1425w\" sizes=\"auto, (max-width: 584px) 100vw, 584px\" \/><\/a><p id=\"caption-attachment-2790\" class=\"wp-caption-text\">Klikkaa kuva suuremmaksi<\/p><\/div>\n<p>&nbsp;<\/p>\n<p>Valitse +Lis\u00e4\u00e4 sis\u00e4lt\u00f6\u00e4. Avautuvassa n\u00e4kym\u00e4ss\u00e4 valitse lis\u00e4tt\u00e4v\u00e4ksi sis\u00e4ll\u00f6ksi Etsi opintojakso ja lis\u00e4\u00e4 se rakenteeseen.<\/p>\n<p>&nbsp;<\/p>\n<div id=\"attachment_2791\" style=\"width: 1290px\" class=\"wp-caption alignnone\"><a href=\"https:\/\/blogi.eoppimispalvelut.fi\/peppi-ohjeet\/koulutus-ja-opetussuunnittelu\/opetussuunnitelmat\/muun-opetustarjonnan-suunnittelu\/erillisen-opintokokonaisuuden-rakentaminen\/opintojakson-lisaaminen-erilliseen-opintokokonaisuuteen-vaihe-2\/\" rel=\"attachment wp-att-2791\"><img loading=\"lazy\" decoding=\"async\" aria-describedby=\"caption-attachment-2791\" class=\"size-full wp-image-2791\" src=\"https:\/\/blogi.eoppimispalvelut.fi\/peppi-ohjeet\/files\/2020\/05\/Opintojakson-lis\u00e4\u00e4minen-erilliseen-opintokokonaisuuteen-vaihe-2.png\" alt=\"Opintojakson lis\u00e4\u00e4minen erilliseen opintokokonaisuuteen vaihe 2\" width=\"1280\" height=\"564\" srcset=\"https:\/\/blogi.eoppimispalvelut.fi\/peppi-ohjeet\/files\/2020\/05\/Opintojakson-lis\u00e4\u00e4minen-erilliseen-opintokokonaisuuteen-vaihe-2.png 1280w, https:\/\/blogi.eoppimispalvelut.fi\/peppi-ohjeet\/files\/2020\/05\/Opintojakson-lis\u00e4\u00e4minen-erilliseen-opintokokonaisuuteen-vaihe-2-900x397.png 900w, https:\/\/blogi.eoppimispalvelut.fi\/peppi-ohjeet\/files\/2020\/05\/Opintojakson-lis\u00e4\u00e4minen-erilliseen-opintokokonaisuuteen-vaihe-2-768x338.png 768w, https:\/\/blogi.eoppimispalvelut.fi\/peppi-ohjeet\/files\/2020\/05\/Opintojakson-lis\u00e4\u00e4minen-erilliseen-opintokokonaisuuteen-vaihe-2-500x220.png 500w\" sizes=\"auto, (max-width: 1280px) 100vw, 1280px\" \/><\/a><p id=\"caption-attachment-2791\" class=\"wp-caption-text\">Klikkaa kuva suuremmaksi<\/p><\/div>\n<p>&nbsp;<\/p>\n<ol>\n<li>Etsi opintojakso sy\u00f6tt\u00e4m\u00e4ll\u00e4 opintojakson nimi Haku-kentt\u00e4\u00e4n ja valitse Hae tai valitse tarjontakori, josta haluat poimia opintojakson<\/li>\n<li>Lis\u00e4\u00e4 haluamasi opintojakso valitsemalla + opintojakson nimen oikealta puolelta<\/li>\n<\/ol>\n<p>Kun kaikki opintojaksot on liitetty rakenteeseen voidaan n\u00e4ille opinnoille tehd\u00e4 toteutukset. Toteutukset tehd\u00e4\u00e4n Vuosisuunnittelu-n\u00e4kym\u00e4ss\u00e4.<\/p>\n<hr \/>\n<p>Tarkastus ja hyv\u00e4ksyminen<\/p>\n<p>Kun erillinen opintokokonaisuus halutaan julkaista Opinto-oppaaseen tulee se tarkastaa ja hyv\u00e4ksy\u00e4.<\/p>\n<p>Koulutusten hallinnoimissa erillisiss\u00e4 opintokokonaisuuksissa hyv\u00e4ksymisen kaikki vaiheet hoitaa osaamisp\u00e4\u00e4llikk\u00f6. Yhteisen tarjonnan osalta, joita hallinnoi tukipalveluiden suunnittelija, hyv\u00e4ksynn\u00e4n hoitaa tukipalveluiden suunnittelija.<\/p>\n<p>Avaa Tarkastus ja hyv\u00e4ksynt\u00e4 -v\u00e4lilehti. N\u00e4kym\u00e4n yl\u00e4laidassa on statuspalkki, joka kertoo, miss\u00e4 tilassa OPS on: Luonnos \u2013&gt; Valmis hyv\u00e4ksytt\u00e4v\u00e4ksi \u2013&gt; Hyv\u00e4ksytty \u2013&gt; Hyv\u00e4ksytty ja julkaistu.<\/p>\n<p>&nbsp;<\/p>\n<div id=\"attachment_2793\" style=\"width: 1290px\" class=\"wp-caption alignnone\"><a href=\"https:\/\/blogi.eoppimispalvelut.fi\/peppi-ohjeet\/koulutus-ja-opetussuunnittelu\/opetussuunnitelmat\/muun-opetustarjonnan-suunnittelu\/erillisen-opintokokonaisuuden-rakentaminen\/erillisen-opintokokonaisuuden-tarkastaminen-ja-hyvaksyminen\/\" rel=\"attachment wp-att-2793\"><img loading=\"lazy\" decoding=\"async\" aria-describedby=\"caption-attachment-2793\" class=\"size-full wp-image-2793\" src=\"https:\/\/blogi.eoppimispalvelut.fi\/peppi-ohjeet\/files\/2020\/05\/Erillisen-opintokokonaisuuden-tarkastaminen-ja-hyv\u00e4ksyminen.png\" alt=\"Erillisen opintokokonaisuuden tarkastaminen ja hyv\u00e4ksyminen\" width=\"1280\" height=\"668\" srcset=\"https:\/\/blogi.eoppimispalvelut.fi\/peppi-ohjeet\/files\/2020\/05\/Erillisen-opintokokonaisuuden-tarkastaminen-ja-hyv\u00e4ksyminen.png 1280w, https:\/\/blogi.eoppimispalvelut.fi\/peppi-ohjeet\/files\/2020\/05\/Erillisen-opintokokonaisuuden-tarkastaminen-ja-hyv\u00e4ksyminen-900x470.png 900w, https:\/\/blogi.eoppimispalvelut.fi\/peppi-ohjeet\/files\/2020\/05\/Erillisen-opintokokonaisuuden-tarkastaminen-ja-hyv\u00e4ksyminen-768x401.png 768w, https:\/\/blogi.eoppimispalvelut.fi\/peppi-ohjeet\/files\/2020\/05\/Erillisen-opintokokonaisuuden-tarkastaminen-ja-hyv\u00e4ksyminen-500x261.png 500w\" sizes=\"auto, (max-width: 1280px) 100vw, 1280px\" \/><\/a><p id=\"caption-attachment-2793\" class=\"wp-caption-text\">Klikkaa kuva suuremmaksi<\/p><\/div>\n<p>&nbsp;<\/p>\n<p>Osaamisp\u00e4\u00e4llikk\u00f6 tai tukipalveluiden suunnittelija k\u00e4y hyv\u00e4ksym\u00e4ss\u00e4 jokaisen vaiheen valitsemalla Valmis hyv\u00e4ksytt\u00e4v\u00e4ksi. Avautuvaan ikkunaan kirjataan tarvittaessa kommentit hyv\u00e4ksynn\u00e4n osalta ja valitaan Aseta.\u00a0 T\u00e4m\u00e4n vaiheen j\u00e4lkeen seuraavat vaiheet tehd\u00e4\u00e4n samalla tavalla aina kunnes viimeinenkin vaihe on suoritettu, jolloin opintokokonaisuus tulee n\u00e4kyviin opinto-oppaaseen. Tiedot eiv\u00e4t n\u00e4y Opinto-oppaassa heti, vaan indeksoinnin vaatiman viiveen j\u00e4lkeen.<\/p>\n<hr \/>\n<p>Takaisin <a href=\"https:\/\/blogi.eoppimispalvelut.fi\/peppi-ohjeet\/koulutus-ja-opetussuunnittelu\/\">Koulutus- ja opetussuunnittelu<\/a> -sivulle<\/p>\n","protected":false},"excerpt":{"rendered":"<p>Katso video (tekstityksen saa p\u00e4\u00e4lle [cc]-painikkeesta). Ammattikorkeakouluopintojen muusta opetustarjonnasta koostetaan yhteinen opetussuunnitelma sek\u00e4 vaihto-opiskelijoille erilliset opintokokonaisuudet opetustarjonnan julkaisemiseksi Opinto-oppaassa. Muu opetustarjonta suunnitellaan kokonaisuudessaan yhdess\u00e4 opetussuunnitelmien mukaisen opetustarjonnan suunnittelua viikoilla 14- 26. Osaamisp\u00e4\u00e4llikk\u00f6 rakentaa omien koulutusten osalta erilliset opintokokonaisuudet seuraavien opintojen &hellip; <a href=\"https:\/\/blogi.eoppimispalvelut.fi\/peppi-ohjeet\/koulutus-ja-opetussuunnittelu\/opetussuunnitelmat\/muun-opetustarjonnan-suunnittelu\/erillisen-opintokokonaisuuden-rakentaminen\/\">Continue reading <span class=\"meta-nav\">&rarr;<\/span><\/a><\/p>\n","protected":false},"author":4339,"featured_media":0,"parent":2151,"menu_order":0,"comment_status":"closed","ping_status":"closed","template":"","meta":{"_monsterinsights_skip_tracking":false,"_monsterinsights_sitenote_active":false,"_monsterinsights_sitenote_note":"","_monsterinsights_sitenote_category":0,"footnotes":""},"class_list":["post-2119","page","type-page","status-publish","hentry"],"_links":{"self":[{"href":"https:\/\/blogi.eoppimispalvelut.fi\/peppi-ohjeet\/wp-json\/wp\/v2\/pages\/2119","targetHints":{"allow":["GET"]}}],"collection":[{"href":"https:\/\/blogi.eoppimispalvelut.fi\/peppi-ohjeet\/wp-json\/wp\/v2\/pages"}],"about":[{"href":"https:\/\/blogi.eoppimispalvelut.fi\/peppi-ohjeet\/wp-json\/wp\/v2\/types\/page"}],"author":[{"embeddable":true,"href":"https:\/\/blogi.eoppimispalvelut.fi\/peppi-ohjeet\/wp-json\/wp\/v2\/users\/4339"}],"replies":[{"embeddable":true,"href":"https:\/\/blogi.eoppimispalvelut.fi\/peppi-ohjeet\/wp-json\/wp\/v2\/comments?post=2119"}],"version-history":[{"count":24,"href":"https:\/\/blogi.eoppimispalvelut.fi\/peppi-ohjeet\/wp-json\/wp\/v2\/pages\/2119\/revisions"}],"predecessor-version":[{"id":7276,"href":"https:\/\/blogi.eoppimispalvelut.fi\/peppi-ohjeet\/wp-json\/wp\/v2\/pages\/2119\/revisions\/7276"}],"up":[{"embeddable":true,"href":"https:\/\/blogi.eoppimispalvelut.fi\/peppi-ohjeet\/wp-json\/wp\/v2\/pages\/2151"}],"wp:attachment":[{"href":"https:\/\/blogi.eoppimispalvelut.fi\/peppi-ohjeet\/wp-json\/wp\/v2\/media?parent=2119"}],"curies":[{"name":"wp","href":"https:\/\/api.w.org\/{rel}","templated":true}]}}