{"id":2122,"date":"2020-04-22T09:32:49","date_gmt":"2020-04-22T06:32:49","guid":{"rendered":"https:\/\/blogi.eoppimispalvelut.fi\/peppi-ohjeet\/?page_id=2122"},"modified":"2025-11-20T16:28:21","modified_gmt":"2025-11-20T14:28:21","slug":"opetussuunnitelmat","status":"publish","type":"page","link":"https:\/\/blogi.eoppimispalvelut.fi\/peppi-ohjeet\/koulutus-ja-opetussuunnittelu\/opetussuunnitelmat\/","title":{"rendered":"Opetussuunnittelu"},"content":{"rendered":"<p>Katso <a href=\"https:\/\/youtu.be\/oxWE08n0050\" target=\"_blank\" rel=\"noopener noreferrer\">video<\/a> (tekstityksen saa p\u00e4\u00e4lle [cc]-painikkeesta).<\/p>\n<p>Koulutustarjonnan ja vuosittain teht\u00e4v\u00e4n opetustarjonnan vuosisuunnittelu pohjautuu ensisijaisesti opetussuunnitelmiin. Opetussuunnittelu on siis kaiken opetustarjonnan kivijalka, jonka p\u00e4\u00e4lle kaikki muu toiminta rakentuu.<\/p>\n<div id=\"attachment_2462\" style=\"width: 594px\" class=\"wp-caption alignnone\"><a href=\"https:\/\/blogi.eoppimispalvelut.fi\/peppi-ohjeet\/koulutus-ja-opetussuunnittelu\/opetussuunnitelmat\/opetussuunnittelu\/\" rel=\"attachment wp-att-2462\"><img loading=\"lazy\" decoding=\"async\" aria-describedby=\"caption-attachment-2462\" class=\"size-large wp-image-2462\" src=\"https:\/\/blogi.eoppimispalvelut.fi\/peppi-ohjeet\/files\/2020\/05\/Opetussuunnittelu-1280x528.png\" alt=\"Opetussuunnittelu osana opetuksen suunnitteluprosessia\" width=\"584\" height=\"241\" srcset=\"https:\/\/blogi.eoppimispalvelut.fi\/peppi-ohjeet\/files\/2020\/05\/Opetussuunnittelu-1280x528.png 1280w, https:\/\/blogi.eoppimispalvelut.fi\/peppi-ohjeet\/files\/2020\/05\/Opetussuunnittelu-900x371.png 900w, https:\/\/blogi.eoppimispalvelut.fi\/peppi-ohjeet\/files\/2020\/05\/Opetussuunnittelu-768x317.png 768w, https:\/\/blogi.eoppimispalvelut.fi\/peppi-ohjeet\/files\/2020\/05\/Opetussuunnittelu-1536x634.png 1536w, https:\/\/blogi.eoppimispalvelut.fi\/peppi-ohjeet\/files\/2020\/05\/Opetussuunnittelu-500x206.png 500w, https:\/\/blogi.eoppimispalvelut.fi\/peppi-ohjeet\/files\/2020\/05\/Opetussuunnittelu.png 1731w\" sizes=\"auto, (max-width: 584px) 100vw, 584px\" \/><\/a><p id=\"caption-attachment-2462\" class=\"wp-caption-text\">Klikkaa kuva suuremmaksi<\/p><\/div>\n<p><strong>Opetussuunnittelu<\/strong><\/p>\n<ul>\n<li>Opetussuunnitelman kehitt\u00e4j\u00e4tiimi valmistelee opetussuunnitelman<\/li>\n<li>Osaamisp\u00e4\u00e4llikk\u00f6 tai h\u00e4nen valtuuttamansa tallentaa opetussuunnitelman Peppiin<\/li>\n<li>kev\u00e4\u00e4ll\u00e4 alkavan koulutuksen suunnittelu 1.11. \u2013\u00a0 Opetussuunnitelma vahvistetaan viikolla 18.<\/li>\n<li>Syksyll\u00e4 alkavan koulutukseen suunnittelu 1.2. \u2013\u00a0 Opetussuunnitelma vahvistetaan viikolla 40.<\/li>\n<li>Peppiin vied\u00e4\u00e4n opetussuunnitelmista seuraavat tiedot:\n<ul>\n<li><a href=\"https:\/\/blogi.eoppimispalvelut.fi\/peppi-ohjeet\/koulutus-ja-opetussuunnittelu\/opetussuunnitelmat\/opetussuunnitelman-rakentaminen\/opetussuunnitelman-kuvaus\/\">opetussuunnitelman perustiedot ja opetussuunnitelman kuvaus<\/a><\/li>\n<li><a href=\"https:\/\/blogi.eoppimispalvelut.fi\/peppi-ohjeet\/koulutus-ja-opetussuunnittelu\/opetussuunnitelmat\/opetussuunnitelman-rakentaminen\/rakenne\/\">rakenne (opintokokonaisuuksien ja opintojaksojen tiedot)<\/a><\/li>\n<li><a href=\"https:\/\/blogi.eoppimispalvelut.fi\/peppi-ohjeet\/koulutus-ja-opetussuunnittelu\/opetussuunnitelmat\/opetussuunnitelman-rakentaminen\/vastuunjako-ja-koulutusalat\/\">vastuunjako ja koulutusalat<\/a><\/li>\n<li><a href=\"https:\/\/blogi.eoppimispalvelut.fi\/peppi-ohjeet\/koulutus-ja-opetussuunnittelu\/opetussuunnitelmat\/opetussuunnitelman-rakentaminen\/opintopolut\/\">opintopolut<\/a><\/li>\n<li><a href=\"https:\/\/blogi.eoppimispalvelut.fi\/peppi-ohjeet\/koulutus-ja-opetussuunnittelu\/opetussuunnitelmat\/opetussuunnitelman-rakentaminen\/ajoitussuunnitelmat\/\">ajoitussuunnitelmat<\/a><\/li>\n<li><a href=\"https:\/\/blogi.eoppimispalvelut.fi\/peppi-ohjeet\/koulutus-ja-opetussuunnittelu\/opetussuunnitelmat\/opetussuunnitelman-rakentaminen\/jasentelyt\/\">j\u00e4sentelyt<\/a><\/li>\n<li><a href=\"https:\/\/blogi.eoppimispalvelut.fi\/peppi-ohjeet\/koulutus-ja-opetussuunnittelu\/opetussuunnitelmat\/opetussuunnitelman-rakentaminen\/tarkistus-ja-hyvaksyminen\/\">tarkistus ja hyv\u00e4ksyminen<\/a><\/li>\n<\/ul>\n<\/li>\n<\/ul>\n<p>Lapin ammattikorkeakoulussa opetussuunnitelmien rakentamista ohjaa Opetussuunnitelman laatimisen perusteet.<\/p>\n<p>Vuodesta 2025 alkaen<\/p>\n<p>Lapin ammattikorkeakoulun ammattikorkeakoulututkintojen opetussuunnitelmien rakenne on seuraava:<\/p>\n<ol>\n<li>Ydinosaaminen\n<ul>\n<li>Ydinosaaminen AMK-tutkinnoissa on perusosaamista, jonka kaikkien koulutuksen opiskelijoiden tulee osata kyet\u00e4kseen toimimaan ammatissaan. Ydinosaamisen opintoihin sis\u00e4ltyv\u00e4t my\u00f6s pakolliset kieliopinnot ja harjoittelut. Lis\u00e4ksi ydinosaamiseen sis\u00e4ltyy tutkimus- ja kehitt\u00e4misosaamisen moduuli, jossa on v\u00e4hint\u00e4\u00e4n 5 op tutkimus- ja kehitt\u00e4misosaamisen opintoja sek\u00e4 15 opintopisteen laajuinen opinn\u00e4ytety\u00f6. Opinn\u00e4ytety\u00f6 vaiheistetaan kolmeen 5 op:n osaan: suunnittelu-, toteuttamis- ja viimeistelyvaihe. Opinn\u00e4ytety\u00f6n arvosana muodostuu kokonaisuudesta (15 op).<\/li>\n<\/ul>\n<\/li>\n<li>Profiloiva osaaminen\n<ul>\n<li>Profiloivalla osaamisella opiskelija suuntaa osaamistaan laajemmalle tai syvent\u00e4\u00e4 osaamistaan oman mielenkiinnon ja tarvitsemansa osaamisen mukaisesti (vapaasti valittavat ja vaihtoehtoiset opinnot).<\/li>\n<\/ul>\n<\/li>\n<\/ol>\n<p>Lapin ammattikorkeakoulun ylempien ammattikorkeakoulututkintojen opetussuunnitelmien rakenne on alla olevan mukainen.<\/p>\n<ol>\n<li>Ydinosaaminen<\/li>\n<li>Profiloiva osaaminen<\/li>\n<\/ol>\n<p>Opintojakson laajuus on 5 \u2013 30 op. Opintojaksot ovat p\u00e4\u00e4s\u00e4\u00e4nt\u00f6isesti laajempia osaamisperustaisia ty\u00f6el\u00e4m\u00e4n prosesseja mukailevia opintojaksoja, jotka sis\u00e4lt\u00e4v\u00e4t 1 \u2013 x m\u00e4\u00e4r\u00e4n v\u00e4hint\u00e4\u00e4n 5 op laajuisia tavoiteltavaan osaamiseen perustuvaa arvioinnin kohdetta (toteutuksen osa).<\/p>\n<p>Ammattikorkeakoulututkinnoissa pakolliset kieliopinnot ovat osa ammatillista ydinosaamista. Kieliopinnot integroidaan ammatillisiin aineisiin ja toteutetaan yhteisty\u00f6ss\u00e4 ammattiopintoja opettavan henkil\u00f6st\u00f6n kanssa.<\/p>\n<p>Ensimm\u00e4iselle lukukaudelle AMK-tutkinnossa suunnitellaan ammattikorkeakoulun yhteiset 5 opintopisteen laajuiset orientoivat opinnot siten, ett\u00e4 opinnot ovat\u00a0 kaikissa koulutuksissa.<\/p>\n<p>Opintojen rakenteesta, tutkinnon laajuudesta ja opintojen tavoitteista s\u00e4\u00e4det\u00e4\u00e4n ammattikorkeakouluista annetussa asetuksessa (1129\/2014) ja sen mukaisesti ammattikorkeakoulututkintoon johtaviin opintoihin kuuluvat:<\/p>\n<ol>\n<li>Perus- ja ammattiopinnot<\/li>\n<li>Vapaasti valittavat opinnot<\/li>\n<li>Ammattitaitoa edist\u00e4v\u00e4 harjoittelu (v\u00e4hint\u00e4\u00e4n 30 op)<\/li>\n<li>Opinn\u00e4ytety\u00f6<\/li>\n<\/ol>\n<p>Ylemp\u00e4\u00e4n ammattikorkeakoulututkintoon johtaviin opintoihin kuuluvat:<\/p>\n<ol>\n<li>Syvent\u00e4v\u00e4t ammattiopinnot<\/li>\n<li>Vapaasti valittavat opinnot sek\u00e4<\/li>\n<li>Opinn\u00e4ytety\u00f6, jonka laajuus on 30 op.<\/li>\n<\/ol>\n<p>Opetussuunnitelman kuvaustekstit n\u00e4kyv\u00e4t julkisessa <a href=\"https:\/\/opinto-opas-amk.peppi4.lapit.csc.fi\/\" target=\"_blank\" rel=\"noopener\">Opinto-oppaassa<\/a> eli tekstin kohderyhm\u00e4 on ammattikorkeakoulutuksesta kiinnostunut henkil\u00f6. Kuvauksen laajuus on maksimissaan 750 sanaa ja se sis\u00e4lt\u00e4\u00e4 seuraavat asiat:<\/p>\n<ul>\n<li>Tutkinnon yleiskuvaus<\/li>\n<li>Koulutuksen profiili (vrt. osaamispyramidi, LUC-strategia)<\/li>\n<li>Kuvaus osaamisesta, jonka koulutus tuottaa (esim. erilaisia osaamispolkuja)<\/li>\n<li>Koulutuksen sis\u00e4lt\u00f6 (lukuvuosi-\/lukukausiteemat)<\/li>\n<li>Miten opiskelu tapahtuu (ty\u00f6el\u00e4m\u00e4yhteisty\u00f6, kansainv\u00e4lisyys, opiskelumuodot)<\/li>\n<\/ul>\n<hr \/>\n<p>Takaisin <a href=\"https:\/\/blogi.eoppimispalvelut.fi\/peppi-ohjeet\/koulutus-ja-opetussuunnittelu\/\">Koulutus- ja opetussuunnittelu<\/a> -sivulle<\/p>\n","protected":false},"excerpt":{"rendered":"<p>Katso video (tekstityksen saa p\u00e4\u00e4lle [cc]-painikkeesta). Koulutustarjonnan ja vuosittain teht\u00e4v\u00e4n opetustarjonnan vuosisuunnittelu pohjautuu ensisijaisesti opetussuunnitelmiin. Opetussuunnittelu on siis kaiken opetustarjonnan kivijalka, jonka p\u00e4\u00e4lle kaikki muu toiminta rakentuu. Opetussuunnittelu Opetussuunnitelman kehitt\u00e4j\u00e4tiimi valmistelee opetussuunnitelman Osaamisp\u00e4\u00e4llikk\u00f6 tai h\u00e4nen valtuuttamansa tallentaa opetussuunnitelman Peppiin kev\u00e4\u00e4ll\u00e4 &hellip; <a href=\"https:\/\/blogi.eoppimispalvelut.fi\/peppi-ohjeet\/koulutus-ja-opetussuunnittelu\/opetussuunnitelmat\/\">Continue reading <span class=\"meta-nav\">&rarr;<\/span><\/a><\/p>\n","protected":false},"author":4339,"featured_media":0,"parent":209,"menu_order":0,"comment_status":"closed","ping_status":"closed","template":"","meta":{"_monsterinsights_skip_tracking":false,"_monsterinsights_sitenote_active":false,"_monsterinsights_sitenote_note":"","_monsterinsights_sitenote_category":0,"footnotes":""},"class_list":["post-2122","page","type-page","status-publish","hentry"],"_links":{"self":[{"href":"https:\/\/blogi.eoppimispalvelut.fi\/peppi-ohjeet\/wp-json\/wp\/v2\/pages\/2122","targetHints":{"allow":["GET"]}}],"collection":[{"href":"https:\/\/blogi.eoppimispalvelut.fi\/peppi-ohjeet\/wp-json\/wp\/v2\/pages"}],"about":[{"href":"https:\/\/blogi.eoppimispalvelut.fi\/peppi-ohjeet\/wp-json\/wp\/v2\/types\/page"}],"author":[{"embeddable":true,"href":"https:\/\/blogi.eoppimispalvelut.fi\/peppi-ohjeet\/wp-json\/wp\/v2\/users\/4339"}],"replies":[{"embeddable":true,"href":"https:\/\/blogi.eoppimispalvelut.fi\/peppi-ohjeet\/wp-json\/wp\/v2\/comments?post=2122"}],"version-history":[{"count":38,"href":"https:\/\/blogi.eoppimispalvelut.fi\/peppi-ohjeet\/wp-json\/wp\/v2\/pages\/2122\/revisions"}],"predecessor-version":[{"id":7273,"href":"https:\/\/blogi.eoppimispalvelut.fi\/peppi-ohjeet\/wp-json\/wp\/v2\/pages\/2122\/revisions\/7273"}],"up":[{"embeddable":true,"href":"https:\/\/blogi.eoppimispalvelut.fi\/peppi-ohjeet\/wp-json\/wp\/v2\/pages\/209"}],"wp:attachment":[{"href":"https:\/\/blogi.eoppimispalvelut.fi\/peppi-ohjeet\/wp-json\/wp\/v2\/media?parent=2122"}],"curies":[{"name":"wp","href":"https:\/\/api.w.org\/{rel}","templated":true}]}}