{"id":2126,"date":"2020-04-22T09:52:34","date_gmt":"2020-04-22T06:52:34","guid":{"rendered":"https:\/\/blogi.eoppimispalvelut.fi\/peppi-ohjeet\/?page_id=2126"},"modified":"2025-12-11T16:29:57","modified_gmt":"2025-12-11T14:29:57","slug":"yksittaisten-opintojaksojen-rakentaminen","status":"publish","type":"page","link":"https:\/\/blogi.eoppimispalvelut.fi\/peppi-ohjeet\/koulutus-ja-opetussuunnittelu\/opetussuunnitelmat\/yksittaisten-opintojaksojen-rakentaminen\/","title":{"rendered":"Yksitt\u00e4isten opintojaksojen rakentaminen"},"content":{"rendered":"<p>Katso <a href=\"https:\/\/youtu.be\/MCa3tuMNgxs\" target=\"_blank\" rel=\"noopener\">video<\/a> (tekstityksen saa p\u00e4\u00e4lle [cc]-painikkeesta).<\/p>\n<p>Voit lis\u00e4t\u00e4 j\u00e4rjestelm\u00e4\u00e4n uuden opintojakson my\u00f6s irrallisena ja liitt\u00e4\u00e4 sen my\u00f6hemmin opetussuunnitelmaan tai erilliseen opintokokonaisuuteen.<\/p>\n<p>Yksitt\u00e4inen opintojakso luodaan valitsemalla Koulutus- ja opetussuunnittelu valikon alta Opintojaksot.<\/p>\n<p>&nbsp;<\/p>\n<div id=\"attachment_2772\" style=\"width: 594px\" class=\"wp-caption alignnone\"><a href=\"https:\/\/blogi.eoppimispalvelut.fi\/peppi-ohjeet\/koulutus-ja-opetussuunnittelu\/opetussuunnitelmat\/yksittaisten-opintojaksojen-rakentaminen\/yksittainen-opintojakso\/\" rel=\"attachment wp-att-2772\"><img loading=\"lazy\" decoding=\"async\" aria-describedby=\"caption-attachment-2772\" class=\"size-large wp-image-2772\" src=\"https:\/\/blogi.eoppimispalvelut.fi\/peppi-ohjeet\/files\/2020\/05\/Yksitt\u00e4inen-opintojakso-1280x461.png\" alt=\"Yksitt\u00e4isen opintojakson luonti\" width=\"584\" height=\"210\" srcset=\"https:\/\/blogi.eoppimispalvelut.fi\/peppi-ohjeet\/files\/2020\/05\/Yksitt\u00e4inen-opintojakso-1280x461.png 1280w, https:\/\/blogi.eoppimispalvelut.fi\/peppi-ohjeet\/files\/2020\/05\/Yksitt\u00e4inen-opintojakso-900x324.png 900w, https:\/\/blogi.eoppimispalvelut.fi\/peppi-ohjeet\/files\/2020\/05\/Yksitt\u00e4inen-opintojakso-768x277.png 768w, https:\/\/blogi.eoppimispalvelut.fi\/peppi-ohjeet\/files\/2020\/05\/Yksitt\u00e4inen-opintojakso-500x180.png 500w, https:\/\/blogi.eoppimispalvelut.fi\/peppi-ohjeet\/files\/2020\/05\/Yksitt\u00e4inen-opintojakso.png 1336w\" sizes=\"auto, (max-width: 584px) 100vw, 584px\" \/><\/a><p id=\"caption-attachment-2772\" class=\"wp-caption-text\">Klikkaa kuva suuremmaksi<\/p><\/div>\n<p>&nbsp;<\/p>\n<p>Valitse avautuvassa Haku-n\u00e4kym\u00e4ss\u00e4 +Lis\u00e4\u00e4 uusi ja sen alta Opintojakso.<\/p>\n<p>&nbsp;<\/p>\n<div id=\"attachment_2775\" style=\"width: 594px\" class=\"wp-caption alignnone\"><a href=\"https:\/\/blogi.eoppimispalvelut.fi\/peppi-ohjeet\/koulutus-ja-opetussuunnittelu\/opetussuunnitelmat\/yksittaisten-opintojaksojen-rakentaminen\/lisaa-uusi-opintojakso\/\" rel=\"attachment wp-att-2775\"><img loading=\"lazy\" decoding=\"async\" aria-describedby=\"caption-attachment-2775\" class=\"size-large wp-image-2775\" src=\"https:\/\/blogi.eoppimispalvelut.fi\/peppi-ohjeet\/files\/2020\/05\/Lis\u00e4\u00e4-uusi-opintojakso-1280x458.png\" alt=\"Lis\u00e4\u00e4 uusi opintojakso\" width=\"584\" height=\"209\" srcset=\"https:\/\/blogi.eoppimispalvelut.fi\/peppi-ohjeet\/files\/2020\/05\/Lis\u00e4\u00e4-uusi-opintojakso-1280x458.png 1280w, https:\/\/blogi.eoppimispalvelut.fi\/peppi-ohjeet\/files\/2020\/05\/Lis\u00e4\u00e4-uusi-opintojakso-900x322.png 900w, https:\/\/blogi.eoppimispalvelut.fi\/peppi-ohjeet\/files\/2020\/05\/Lis\u00e4\u00e4-uusi-opintojakso-768x275.png 768w, https:\/\/blogi.eoppimispalvelut.fi\/peppi-ohjeet\/files\/2020\/05\/Lis\u00e4\u00e4-uusi-opintojakso-1536x549.png 1536w, https:\/\/blogi.eoppimispalvelut.fi\/peppi-ohjeet\/files\/2020\/05\/Lis\u00e4\u00e4-uusi-opintojakso-500x179.png 500w, https:\/\/blogi.eoppimispalvelut.fi\/peppi-ohjeet\/files\/2020\/05\/Lis\u00e4\u00e4-uusi-opintojakso.png 2000w\" sizes=\"auto, (max-width: 584px) 100vw, 584px\" \/><\/a><p id=\"caption-attachment-2775\" class=\"wp-caption-text\">Klikkaa kuva suuremmaksi<\/p><\/div>\n<p>&nbsp;<\/p>\n<p>Avautuvassa ikkunassa t\u00e4ydennet\u00e4\u00e4n ensin perustiedot<\/p>\n<p>&nbsp;<\/p>\n<div id=\"attachment_2663\" class=\"wp-caption alignnone\">\n<p><a href=\"https:\/\/blogi.eoppimispalvelut.fi\/peppi-ohjeet\/koulutus-ja-opetussuunnittelu\/opetussuunnitelmat\/opetussuunnitelman-rakentaminen\/rakenne\/opintojaksojen-perustiedot\/\" rel=\"attachment wp-att-2663\" data-slb-active=\"1\" data-slb-asset=\"1834371041\" data-slb-internal=\"2663\" data-slb-group=\"2672_2134\"><img loading=\"lazy\" decoding=\"async\" class=\"size-full wp-image-2663\" src=\"https:\/\/blogi.eoppimispalvelut.fi\/peppi-ohjeet\/files\/2020\/05\/Opintojaksojen-perustiedot.png\" alt=\"Opintojaksojen perustiedot\" width=\"1280\" height=\"566\" aria-describedby=\"caption-attachment-2663\" srcset=\"https:\/\/blogi.eoppimispalvelut.fi\/peppi-ohjeet\/files\/2020\/05\/Opintojaksojen-perustiedot.png 1280w, https:\/\/blogi.eoppimispalvelut.fi\/peppi-ohjeet\/files\/2020\/05\/Opintojaksojen-perustiedot-900x398.png 900w, https:\/\/blogi.eoppimispalvelut.fi\/peppi-ohjeet\/files\/2020\/05\/Opintojaksojen-perustiedot-768x340.png 768w, https:\/\/blogi.eoppimispalvelut.fi\/peppi-ohjeet\/files\/2020\/05\/Opintojaksojen-perustiedot-500x221.png 500w\" sizes=\"auto, (max-width: 1280px) 100vw, 1280px\" \/><\/a><\/p>\n<p id=\"caption-attachment-2663\" class=\"wp-caption-text\">Klikkaa kuva suuremmaksi<\/p>\n<\/div>\n<p>&nbsp;<\/p>\n<p>Perustiedot<\/p>\n<ul>\n<li>Nimi (FI ja ENG)<\/li>\n<li>Opintojakson tunnus (tulee automaattisesti perustamisen yhteydess\u00e4)<\/li>\n<li>Laajuus<\/li>\n<li>Voimassa oloaika<\/li>\n<li>P\u00e4\u00e4asiallinen opetuskieli<\/li>\n<li>Suorituskielet<\/li>\n<li>Opinn\u00e4ytety\u00f6 (kuuluu tai ei)<\/li>\n<\/ul>\n<p>Opintojakson kuvaustiedot<\/p>\n<p>&nbsp;<\/p>\n<div id=\"attachment_2664\" class=\"wp-caption alignnone\">\n<p><a href=\"https:\/\/blogi.eoppimispalvelut.fi\/peppi-ohjeet\/koulutus-ja-opetussuunnittelu\/opetussuunnitelmat\/opetussuunnitelman-rakentaminen\/rakenne\/opintojakson-kuvaustiedot-1\/\" rel=\"attachment wp-att-2664\" data-slb-active=\"1\" data-slb-asset=\"1364762848\" data-slb-internal=\"2664\" data-slb-group=\"2672_2134\"><img loading=\"lazy\" decoding=\"async\" class=\"size-full wp-image-2664\" src=\"https:\/\/blogi.eoppimispalvelut.fi\/peppi-ohjeet\/files\/2020\/05\/Opintojakson-kuvaustiedot-1.png\" alt=\"Opintojakson kuvaustiedot \" width=\"1280\" height=\"566\" aria-describedby=\"caption-attachment-2664\" srcset=\"https:\/\/blogi.eoppimispalvelut.fi\/peppi-ohjeet\/files\/2020\/05\/Opintojakson-kuvaustiedot-1.png 1280w, https:\/\/blogi.eoppimispalvelut.fi\/peppi-ohjeet\/files\/2020\/05\/Opintojakson-kuvaustiedot-1-900x398.png 900w, https:\/\/blogi.eoppimispalvelut.fi\/peppi-ohjeet\/files\/2020\/05\/Opintojakson-kuvaustiedot-1-768x340.png 768w, https:\/\/blogi.eoppimispalvelut.fi\/peppi-ohjeet\/files\/2020\/05\/Opintojakson-kuvaustiedot-1-500x221.png 500w\" sizes=\"auto, (max-width: 1280px) 100vw, 1280px\" \/><\/a><\/p>\n<p id=\"caption-attachment-2664\" class=\"wp-caption-text\">Klikkaa kuva suuremmaksi<\/p>\n<\/div>\n<div id=\"attachment_2665\" class=\"wp-caption alignnone\">\n<p><a href=\"https:\/\/blogi.eoppimispalvelut.fi\/peppi-ohjeet\/koulutus-ja-opetussuunnittelu\/opetussuunnitelmat\/opetussuunnitelman-rakentaminen\/rakenne\/opintojakson-kuvaustiedot-2\/\" rel=\"attachment wp-att-2665\" data-slb-active=\"1\" data-slb-asset=\"911360679\" data-slb-internal=\"2665\" data-slb-group=\"2672_2134\"><img loading=\"lazy\" decoding=\"async\" class=\"size-full wp-image-2665\" src=\"https:\/\/blogi.eoppimispalvelut.fi\/peppi-ohjeet\/files\/2020\/05\/Opintojakson-kuvaustiedot-2.png\" alt=\"Opintojakson kuvaustiedot \" width=\"1280\" height=\"598\" aria-describedby=\"caption-attachment-2665\" srcset=\"https:\/\/blogi.eoppimispalvelut.fi\/peppi-ohjeet\/files\/2020\/05\/Opintojakson-kuvaustiedot-2.png 1280w, https:\/\/blogi.eoppimispalvelut.fi\/peppi-ohjeet\/files\/2020\/05\/Opintojakson-kuvaustiedot-2-900x420.png 900w, https:\/\/blogi.eoppimispalvelut.fi\/peppi-ohjeet\/files\/2020\/05\/Opintojakson-kuvaustiedot-2-768x359.png 768w, https:\/\/blogi.eoppimispalvelut.fi\/peppi-ohjeet\/files\/2020\/05\/Opintojakson-kuvaustiedot-2-500x234.png 500w\" sizes=\"auto, (max-width: 1280px) 100vw, 1280px\" \/><\/a><\/p>\n<p id=\"caption-attachment-2665\" class=\"wp-caption-text\">Klikkaa kuva suuremmaksi<\/p>\n<\/div>\n<div id=\"attachment_2666\" class=\"wp-caption alignnone\">\n<p><a href=\"https:\/\/blogi.eoppimispalvelut.fi\/peppi-ohjeet\/koulutus-ja-opetussuunnittelu\/opetussuunnitelmat\/opetussuunnitelman-rakentaminen\/rakenne\/opintojakson-kuvaustiedot-3\/\" rel=\"attachment wp-att-2666\" data-slb-active=\"1\" data-slb-asset=\"1250121793\" data-slb-internal=\"2666\" data-slb-group=\"2672_2134\"><img loading=\"lazy\" decoding=\"async\" class=\"size-full wp-image-2666\" src=\"https:\/\/blogi.eoppimispalvelut.fi\/peppi-ohjeet\/files\/2020\/05\/Opintojakson-kuvaustiedot-3.png\" alt=\"Opintojakson kuvaustiedot\" width=\"1280\" height=\"584\" aria-describedby=\"caption-attachment-2666\" srcset=\"https:\/\/blogi.eoppimispalvelut.fi\/peppi-ohjeet\/files\/2020\/05\/Opintojakson-kuvaustiedot-3.png 1280w, https:\/\/blogi.eoppimispalvelut.fi\/peppi-ohjeet\/files\/2020\/05\/Opintojakson-kuvaustiedot-3-900x411.png 900w, https:\/\/blogi.eoppimispalvelut.fi\/peppi-ohjeet\/files\/2020\/05\/Opintojakson-kuvaustiedot-3-768x350.png 768w, https:\/\/blogi.eoppimispalvelut.fi\/peppi-ohjeet\/files\/2020\/05\/Opintojakson-kuvaustiedot-3-500x228.png 500w\" sizes=\"auto, (max-width: 1280px) 100vw, 1280px\" \/><\/a><\/p>\n<p id=\"caption-attachment-2666\" class=\"wp-caption-text\">Klikkaa kuva suuremmaksi<\/p>\n<\/div>\n<div id=\"attachment_2667\" class=\"wp-caption alignnone\">\n<p><a href=\"https:\/\/blogi.eoppimispalvelut.fi\/peppi-ohjeet\/koulutus-ja-opetussuunnittelu\/opetussuunnitelmat\/opetussuunnitelman-rakentaminen\/rakenne\/opintojakson-kuvaustiedot-4\/\" rel=\"attachment wp-att-2667\" data-slb-active=\"1\" data-slb-asset=\"1193406737\" data-slb-internal=\"2667\" data-slb-group=\"2672_2134\"><img loading=\"lazy\" decoding=\"async\" class=\"size-full wp-image-2667\" src=\"https:\/\/blogi.eoppimispalvelut.fi\/peppi-ohjeet\/files\/2020\/05\/Opintojakson-kuvaustiedot-4.png\" alt=\"Opintojakson kuvaustiedot\" width=\"1280\" height=\"600\" aria-describedby=\"caption-attachment-2667\" srcset=\"https:\/\/blogi.eoppimispalvelut.fi\/peppi-ohjeet\/files\/2020\/05\/Opintojakson-kuvaustiedot-4.png 1280w, https:\/\/blogi.eoppimispalvelut.fi\/peppi-ohjeet\/files\/2020\/05\/Opintojakson-kuvaustiedot-4-900x422.png 900w, https:\/\/blogi.eoppimispalvelut.fi\/peppi-ohjeet\/files\/2020\/05\/Opintojakson-kuvaustiedot-4-768x360.png 768w, https:\/\/blogi.eoppimispalvelut.fi\/peppi-ohjeet\/files\/2020\/05\/Opintojakson-kuvaustiedot-4-500x234.png 500w\" sizes=\"auto, (max-width: 1280px) 100vw, 1280px\" \/><\/a><\/p>\n<p id=\"caption-attachment-2667\" class=\"wp-caption-text\">Klikkaa kuva suuremmaksi<\/p>\n<\/div>\n<p>&nbsp;<\/p>\n<p>Kuvaus, t\u00e4ydennet\u00e4\u00e4n v\u00e4hint\u00e4\u00e4n seuraava tiedot:<\/p>\n<ul>\n<li>Tavoitteet (osaamistavoitteet arvioinnin kohteittain suomeksi)<\/li>\n<li>Sis\u00e4lt\u00f6 (kuvaus yleisell\u00e4 tasolla)<\/li>\n<li>Suoritustavat (l\u00e4hi-, monimuoto- tai virtuaaliopetus)<\/li>\n<li>Esitietovaatimukset<\/li>\n<li>Arviointiasteikko (H-5)<\/li>\n<li>Arviointikriteerien (T, H, K, Hyv\u00e4ksytty \/ Hyl\u00e4tty) kuvaukset arvioinnin kohteittain<\/li>\n<\/ul>\n<p><span data-olk-copy-source=\"MessageBody\">Esitietovaatimukset\u00a0kuvataan osaamisperusteisesti. Lis\u00e4ksi\u00a0edelt\u00e4v\u00e4n opintojakson nimen voi mainita, jos tarjolla on useita toisiinsa liittyvi\u00e4 opintojaksoja samaan aikaan, ja opintojaksot on opiskeltava tietyss\u00e4 j\u00e4rjestyksess\u00e4 (eik\u00e4 niit\u00e4 voi korvata muulla tavoin).\u00a0<\/span><\/p>\n<p>Esim.<\/p>\n<ul>\n<li><i><span data-olk-copy-source=\"MessageBody\">Opintojaksolla ei ole\u00a0esitietovaatimuksi<\/span><\/i>a<i>. Opintojakso sopii kaikille aiheesta kiinnostuneille.<\/i><\/li>\n<li><i><span data-olk-copy-source=\"MessageBody\">Esitietovaatimuksena\u00a0on, ett\u00e4 opiskelija\u00a0<b>osaa soveltaa<\/b>\u00a0keskeisi\u00e4 johtamisteorioita ja\u00a0<b>ymm\u00e4rt\u00e4\u00e4<\/b>\u00a0organisaatiorakenteita. Olet voinut suorittaa esim. &#8220;Johtamisen perusteet 1&#8221; \u2013 opintojakson tai vastaavan tai hankkia vastaavan osaamisen muulla tavoin.<\/span><\/i><\/li>\n<li><em>Opintojakso on osa Johtamiskokonaisuutta, jonka laajuus on 15 opintopistett\u00e4. Kokonaisuus muodostuu: Johtaminen 1 \u2013 Johtamisen perusteet 5 op, Johtaminen 2 \u2013 Tiimien ja ihmisten johtaminen 5 op, Johtaminen 3 \u2013 Strateginen muutosjohtaminen 5 op. Voit opiskella opintojaksot j\u00e4rjestyksess\u00e4 tai k\u00e4yd\u00e4 vain yksitt\u00e4isen opintojakson.<\/em><\/li>\n<\/ul>\n<p>Mik\u00e4li opintojakson osaamistavoitteet ja \/ tai arviointikriteerit muuttuvat tulee luoda uusi opintojakso. Olemassa olevaa opintojaksoa muokatessa muuttuvat tiedot my\u00f6s kaikkiin niihin opetussuunnitelmiin, joihin ko. opintojakso on sis\u00e4llytetty.<\/p>\n<hr \/>\n<p>Takaisin <a href=\"https:\/\/blogi.eoppimispalvelut.fi\/peppi-ohjeet\/koulutus-ja-opetussuunnittelu\/\">Koulutus- ja opetussuunnittelu<\/a> -sivulle<\/p>\n","protected":false},"excerpt":{"rendered":"<p>Katso video (tekstityksen saa p\u00e4\u00e4lle [cc]-painikkeesta). Voit lis\u00e4t\u00e4 j\u00e4rjestelm\u00e4\u00e4n uuden opintojakson my\u00f6s irrallisena ja liitt\u00e4\u00e4 sen my\u00f6hemmin opetussuunnitelmaan tai erilliseen opintokokonaisuuteen. Yksitt\u00e4inen opintojakso luodaan valitsemalla Koulutus- ja opetussuunnittelu valikon alta Opintojaksot. &nbsp; &nbsp; Valitse avautuvassa Haku-n\u00e4kym\u00e4ss\u00e4 +Lis\u00e4\u00e4 uusi ja sen &hellip; <a href=\"https:\/\/blogi.eoppimispalvelut.fi\/peppi-ohjeet\/koulutus-ja-opetussuunnittelu\/opetussuunnitelmat\/yksittaisten-opintojaksojen-rakentaminen\/\">Continue reading <span class=\"meta-nav\">&rarr;<\/span><\/a><\/p>\n","protected":false},"author":4339,"featured_media":0,"parent":2122,"menu_order":0,"comment_status":"closed","ping_status":"closed","template":"","meta":{"_monsterinsights_skip_tracking":false,"_monsterinsights_sitenote_active":false,"_monsterinsights_sitenote_note":"","_monsterinsights_sitenote_category":0,"footnotes":""},"class_list":["post-2126","page","type-page","status-publish","hentry"],"_links":{"self":[{"href":"https:\/\/blogi.eoppimispalvelut.fi\/peppi-ohjeet\/wp-json\/wp\/v2\/pages\/2126","targetHints":{"allow":["GET"]}}],"collection":[{"href":"https:\/\/blogi.eoppimispalvelut.fi\/peppi-ohjeet\/wp-json\/wp\/v2\/pages"}],"about":[{"href":"https:\/\/blogi.eoppimispalvelut.fi\/peppi-ohjeet\/wp-json\/wp\/v2\/types\/page"}],"author":[{"embeddable":true,"href":"https:\/\/blogi.eoppimispalvelut.fi\/peppi-ohjeet\/wp-json\/wp\/v2\/users\/4339"}],"replies":[{"embeddable":true,"href":"https:\/\/blogi.eoppimispalvelut.fi\/peppi-ohjeet\/wp-json\/wp\/v2\/comments?post=2126"}],"version-history":[{"count":15,"href":"https:\/\/blogi.eoppimispalvelut.fi\/peppi-ohjeet\/wp-json\/wp\/v2\/pages\/2126\/revisions"}],"predecessor-version":[{"id":7310,"href":"https:\/\/blogi.eoppimispalvelut.fi\/peppi-ohjeet\/wp-json\/wp\/v2\/pages\/2126\/revisions\/7310"}],"up":[{"embeddable":true,"href":"https:\/\/blogi.eoppimispalvelut.fi\/peppi-ohjeet\/wp-json\/wp\/v2\/pages\/2122"}],"wp:attachment":[{"href":"https:\/\/blogi.eoppimispalvelut.fi\/peppi-ohjeet\/wp-json\/wp\/v2\/media?parent=2126"}],"curies":[{"name":"wp","href":"https:\/\/api.w.org\/{rel}","templated":true}]}}