{"id":2128,"date":"2020-04-22T09:53:14","date_gmt":"2020-04-22T06:53:14","guid":{"rendered":"https:\/\/blogi.eoppimispalvelut.fi\/peppi-ohjeet\/?page_id=2128"},"modified":"2020-05-18T15:34:07","modified_gmt":"2020-05-18T12:34:07","slug":"opintojakson-tarkastaminen","status":"publish","type":"page","link":"https:\/\/blogi.eoppimispalvelut.fi\/peppi-ohjeet\/koulutus-ja-opetussuunnittelu\/opetussuunnitelmat\/opintojakson-tarkastaminen\/","title":{"rendered":"Opintojakson tarkastaminen"},"content":{"rendered":"<p>Pepiss\u00e4 voit siirt\u00e4\u00e4 yksitt\u00e4isen opintojakson t\u00e4ydennett\u00e4v\u00e4ksi tai tarkastettavaksi asiantuntijalle.<\/p>\n<p>Sis\u00e4ll\u00f6n lis\u00e4ksi opintojakson osalta voidaan tehd\u00e4 k\u00e4\u00e4nn\u00f6ksen tarkastus esim. englanninkielisiss\u00e4 opetussuunnitelmissa.<\/p>\n<p>Avaa opintojakso muokattavaksi valitsemalla opetussuunnitelman Rakenne-n\u00e4kym\u00e4ss\u00e4 opintojakson oikeassa reunassa olevasta pudotusvalikosta Muokkaa.<\/p>\n<p>&nbsp;<\/p>\n<div id=\"attachment_2660\" class=\"wp-caption alignnone\">\n<p><a href=\"https:\/\/blogi.eoppimispalvelut.fi\/peppi-ohjeet\/koulutus-ja-opetussuunnittelu\/opetussuunnitelmat\/opetussuunnitelman-rakentaminen\/rakenne\/opintojakson-sisallon-muokkaaminen\/\" rel=\"attachment wp-att-2660\" data-slb-active=\"1\" data-slb-asset=\"818721153\" data-slb-internal=\"2660\" data-slb-group=\"2134\"><img loading=\"lazy\" decoding=\"async\" class=\"size-large wp-image-2660\" src=\"https:\/\/blogi.eoppimispalvelut.fi\/peppi-ohjeet\/files\/2020\/05\/Opintojakson-sis%C3%A4ll%C3%B6n-muokkaaminen-1280x510.png\" alt=\"Opintojakson sis\u00e4ll\u00f6n muokkaaminen\" width=\"584\" height=\"233\" aria-describedby=\"caption-attachment-2660\" \/><\/a><\/p>\n<p id=\"caption-attachment-2660\" class=\"wp-caption-text\">Klikkaa kuva suuremmaksi<\/p>\n<\/div>\n<p>&nbsp;<\/p>\n<p>Avautuvassa ikkunassa t\u00e4ydennet\u00e4\u00e4n ensin perustiedot.<\/p>\n<p>&nbsp;<\/p>\n<div id=\"attachment_2699\" style=\"width: 1290px\" class=\"wp-caption alignnone\"><a href=\"https:\/\/blogi.eoppimispalvelut.fi\/peppi-ohjeet\/koulutus-ja-opetussuunnittelu\/opetussuunnitelmat\/opintojakson-tarkastaminen\/opintojakson-tarkastaminen-2\/\" rel=\"attachment wp-att-2699\"><img loading=\"lazy\" decoding=\"async\" aria-describedby=\"caption-attachment-2699\" class=\"size-full wp-image-2699\" src=\"https:\/\/blogi.eoppimispalvelut.fi\/peppi-ohjeet\/files\/2020\/05\/Opintojakson-tarkastaminen.png\" alt=\"Opintojakson tarkastaminen\" width=\"1280\" height=\"152\" srcset=\"https:\/\/blogi.eoppimispalvelut.fi\/peppi-ohjeet\/files\/2020\/05\/Opintojakson-tarkastaminen.png 1280w, https:\/\/blogi.eoppimispalvelut.fi\/peppi-ohjeet\/files\/2020\/05\/Opintojakson-tarkastaminen-900x107.png 900w, https:\/\/blogi.eoppimispalvelut.fi\/peppi-ohjeet\/files\/2020\/05\/Opintojakson-tarkastaminen-768x91.png 768w, https:\/\/blogi.eoppimispalvelut.fi\/peppi-ohjeet\/files\/2020\/05\/Opintojakson-tarkastaminen-500x59.png 500w\" sizes=\"auto, (max-width: 1280px) 100vw, 1280px\" \/><\/a><p id=\"caption-attachment-2699\" class=\"wp-caption-text\">Klikkaa kuva suuremmaksi<\/p><\/div>\n<p>&nbsp;<\/p>\n<p>Rastita haluamasi tarkistukset, valitse alasvetovalikosta haluamasi asiantuntija ja Tallenna. T\u00e4ll\u00f6in opintojakso tulee n\u00e4kyviin asiantuntijalle tarkastettavana opintojaksona. Kun asiantuntija on tarkastanut opintojakson, h\u00e4n kuittaa tarkastuksen suoritetuksi.<\/p>\n<hr \/>\n<p>Takaisin <a href=\"https:\/\/blogi.eoppimispalvelut.fi\/peppi-ohjeet\/koulutus-ja-opetussuunnittelu\/\">Koulutus- ja opetussuunnittelu<\/a> \u2013 sivulle<\/p>\n","protected":false},"excerpt":{"rendered":"<p>Pepiss\u00e4 voit siirt\u00e4\u00e4 yksitt\u00e4isen opintojakson t\u00e4ydennett\u00e4v\u00e4ksi tai tarkastettavaksi asiantuntijalle. Sis\u00e4ll\u00f6n lis\u00e4ksi opintojakson osalta voidaan tehd\u00e4 k\u00e4\u00e4nn\u00f6ksen tarkastus esim. englanninkielisiss\u00e4 opetussuunnitelmissa. Avaa opintojakso muokattavaksi valitsemalla opetussuunnitelman Rakenne-n\u00e4kym\u00e4ss\u00e4 opintojakson oikeassa reunassa olevasta pudotusvalikosta Muokkaa. &nbsp; Klikkaa kuva suuremmaksi &nbsp; Avautuvassa ikkunassa t\u00e4ydennet\u00e4\u00e4n &hellip; <a href=\"https:\/\/blogi.eoppimispalvelut.fi\/peppi-ohjeet\/koulutus-ja-opetussuunnittelu\/opetussuunnitelmat\/opintojakson-tarkastaminen\/\">Continue reading <span class=\"meta-nav\">&rarr;<\/span><\/a><\/p>\n","protected":false},"author":4339,"featured_media":0,"parent":2122,"menu_order":0,"comment_status":"closed","ping_status":"closed","template":"","meta":{"_monsterinsights_skip_tracking":false,"_monsterinsights_sitenote_active":false,"_monsterinsights_sitenote_note":"","_monsterinsights_sitenote_category":0,"footnotes":""},"class_list":["post-2128","page","type-page","status-publish","hentry"],"_links":{"self":[{"href":"https:\/\/blogi.eoppimispalvelut.fi\/peppi-ohjeet\/wp-json\/wp\/v2\/pages\/2128","targetHints":{"allow":["GET"]}}],"collection":[{"href":"https:\/\/blogi.eoppimispalvelut.fi\/peppi-ohjeet\/wp-json\/wp\/v2\/pages"}],"about":[{"href":"https:\/\/blogi.eoppimispalvelut.fi\/peppi-ohjeet\/wp-json\/wp\/v2\/types\/page"}],"author":[{"embeddable":true,"href":"https:\/\/blogi.eoppimispalvelut.fi\/peppi-ohjeet\/wp-json\/wp\/v2\/users\/4339"}],"replies":[{"embeddable":true,"href":"https:\/\/blogi.eoppimispalvelut.fi\/peppi-ohjeet\/wp-json\/wp\/v2\/comments?post=2128"}],"version-history":[{"count":6,"href":"https:\/\/blogi.eoppimispalvelut.fi\/peppi-ohjeet\/wp-json\/wp\/v2\/pages\/2128\/revisions"}],"predecessor-version":[{"id":3089,"href":"https:\/\/blogi.eoppimispalvelut.fi\/peppi-ohjeet\/wp-json\/wp\/v2\/pages\/2128\/revisions\/3089"}],"up":[{"embeddable":true,"href":"https:\/\/blogi.eoppimispalvelut.fi\/peppi-ohjeet\/wp-json\/wp\/v2\/pages\/2122"}],"wp:attachment":[{"href":"https:\/\/blogi.eoppimispalvelut.fi\/peppi-ohjeet\/wp-json\/wp\/v2\/media?parent=2128"}],"curies":[{"name":"wp","href":"https:\/\/api.w.org\/{rel}","templated":true}]}}