{"id":2130,"date":"2020-04-22T09:54:04","date_gmt":"2020-04-22T06:54:04","guid":{"rendered":"https:\/\/blogi.eoppimispalvelut.fi\/peppi-ohjeet\/?page_id=2130"},"modified":"2021-01-27T13:04:55","modified_gmt":"2021-01-27T11:04:55","slug":"opetussuunnitelman-kuvaus","status":"publish","type":"page","link":"https:\/\/blogi.eoppimispalvelut.fi\/peppi-ohjeet\/koulutus-ja-opetussuunnittelu\/opetussuunnitelmat\/opetussuunnitelman-rakentaminen\/opetussuunnitelman-kuvaus\/","title":{"rendered":"Opetussuunnitelman perustiedot ja kuvaus"},"content":{"rendered":"<p>Katso <a href=\"https:\/\/youtu.be\/IIrR1oxx9OU\" target=\"_blank\" rel=\"noopener\">video<\/a> (tekstityksen saa p\u00e4\u00e4lle [cc]-painikkeesta).<\/p>\n<p>Opetussuunnitelmaan m\u00e4\u00e4ritell\u00e4\u00e4n perustietojen lis\u00e4ksi tarkennukset ja opetussuunnitelman kuvaus.<\/p>\n<p><strong>Perustiedot<\/strong><\/p>\n<div id=\"attachment_2530\" style=\"width: 1290px\" class=\"wp-caption alignnone\"><a href=\"https:\/\/blogi.eoppimispalvelut.fi\/peppi-ohjeet\/koulutus-ja-opetussuunnittelu\/opetussuunnitelmat\/opetussuunnitelman-rakentaminen\/opetussuunnitelman-kuvaus\/ops-perustiedot\/\" rel=\"attachment wp-att-2530\"><img loading=\"lazy\" decoding=\"async\" aria-describedby=\"caption-attachment-2530\" class=\"size-full wp-image-2530\" src=\"https:\/\/blogi.eoppimispalvelut.fi\/peppi-ohjeet\/files\/2020\/05\/OPS-perustiedot.png\" alt=\"Opetussuunnitelman perustiedot\" width=\"1280\" height=\"392\" srcset=\"https:\/\/blogi.eoppimispalvelut.fi\/peppi-ohjeet\/files\/2020\/05\/OPS-perustiedot.png 1280w, https:\/\/blogi.eoppimispalvelut.fi\/peppi-ohjeet\/files\/2020\/05\/OPS-perustiedot-900x276.png 900w, https:\/\/blogi.eoppimispalvelut.fi\/peppi-ohjeet\/files\/2020\/05\/OPS-perustiedot-768x235.png 768w, https:\/\/blogi.eoppimispalvelut.fi\/peppi-ohjeet\/files\/2020\/05\/OPS-perustiedot-500x153.png 500w\" sizes=\"auto, (max-width: 1280px) 100vw, 1280px\" \/><\/a><p id=\"caption-attachment-2530\" class=\"wp-caption-text\">Klikkaa kuva suuremmaksi<\/p><\/div>\n<ul>\n<li>Nimi (suomeksi ja englanniksi)<\/li>\n<li>Opetussuunnitelman tunnus<\/li>\n<li>Voimassa oloaika (v\u00e4hint\u00e4\u00e4n alkamispvm)<\/li>\n<li>Laajuus<\/li>\n<li>Kesto<\/li>\n<li>P\u00e4\u00e4asiallinen opetuskieli<\/li>\n<\/ul>\n<p><strong>Tarkennukset<\/strong><\/p>\n<div id=\"attachment_2595\" style=\"width: 1290px\" class=\"wp-caption alignnone\"><a href=\"https:\/\/blogi.eoppimispalvelut.fi\/peppi-ohjeet\/koulutus-ja-opetussuunnittelu\/opetussuunnitelmat\/opetussuunnitelman-rakentaminen\/opetussuunnitelman-kuvaus\/ops-tarkennukset\/\" rel=\"attachment wp-att-2595\"><img loading=\"lazy\" decoding=\"async\" aria-describedby=\"caption-attachment-2595\" class=\"size-full wp-image-2595\" src=\"https:\/\/blogi.eoppimispalvelut.fi\/peppi-ohjeet\/files\/2020\/05\/OPS-tarkennukset.png\" alt=\"Opetussuunnitelman tarkennukset\" width=\"1280\" height=\"486\" srcset=\"https:\/\/blogi.eoppimispalvelut.fi\/peppi-ohjeet\/files\/2020\/05\/OPS-tarkennukset.png 1280w, https:\/\/blogi.eoppimispalvelut.fi\/peppi-ohjeet\/files\/2020\/05\/OPS-tarkennukset-900x342.png 900w, https:\/\/blogi.eoppimispalvelut.fi\/peppi-ohjeet\/files\/2020\/05\/OPS-tarkennukset-768x292.png 768w, https:\/\/blogi.eoppimispalvelut.fi\/peppi-ohjeet\/files\/2020\/05\/OPS-tarkennukset-500x190.png 500w\" sizes=\"auto, (max-width: 1280px) 100vw, 1280px\" \/><\/a><p id=\"caption-attachment-2595\" class=\"wp-caption-text\">Klikkaa kuva suuremmaksi<\/p><\/div>\n<ul>\n<li>Tutkinto<\/li>\n<li>Tutkintonimike<\/li>\n<li>Koulutusohjelma<\/li>\n<li>Ryhm\u00e4 (p\u00e4ivitet\u00e4\u00e4n hakukohteiden mukaisesti my\u00f6hemmin)<\/li>\n<li>Tyyppi<\/li>\n<li>Organisaatio<\/li>\n<\/ul>\n<p><strong>Kuvaus<\/strong><\/p>\n<div id=\"attachment_2596\" style=\"width: 1290px\" class=\"wp-caption alignnone\"><a href=\"https:\/\/blogi.eoppimispalvelut.fi\/peppi-ohjeet\/koulutus-ja-opetussuunnittelu\/opetussuunnitelmat\/opetussuunnitelman-rakentaminen\/opetussuunnitelman-kuvaus\/ops-kuvaus\/\" rel=\"attachment wp-att-2596\"><img loading=\"lazy\" decoding=\"async\" aria-describedby=\"caption-attachment-2596\" class=\"size-full wp-image-2596\" src=\"https:\/\/blogi.eoppimispalvelut.fi\/peppi-ohjeet\/files\/2020\/05\/Ops-kuvaus.png\" alt=\"Opetussuunnitelman kuvaus\" width=\"1280\" height=\"410\" srcset=\"https:\/\/blogi.eoppimispalvelut.fi\/peppi-ohjeet\/files\/2020\/05\/Ops-kuvaus.png 1280w, https:\/\/blogi.eoppimispalvelut.fi\/peppi-ohjeet\/files\/2020\/05\/Ops-kuvaus-900x288.png 900w, https:\/\/blogi.eoppimispalvelut.fi\/peppi-ohjeet\/files\/2020\/05\/Ops-kuvaus-768x246.png 768w, https:\/\/blogi.eoppimispalvelut.fi\/peppi-ohjeet\/files\/2020\/05\/Ops-kuvaus-500x160.png 500w\" sizes=\"auto, (max-width: 1280px) 100vw, 1280px\" \/><\/a><p id=\"caption-attachment-2596\" class=\"wp-caption-text\">Klikkaa kuva suuremmaksi<\/p><\/div>\n<p>Kuvauksen laajuus on maksimissaan 750 sanaa ja se sis\u00e4lt\u00e4\u00e4 seuraavat asiat:<\/p>\n<ul>\n<li>Tutkinnon yleiskuvaus<\/li>\n<li>Koulutuksen profiili (vrt. osaamispyramidi, LUC-strategia)<\/li>\n<li>Kuvaus osaamisesta, jonka koulutus tuottaa (esim. erilaisia osaamispolkuja)<\/li>\n<li>Koulutuksen sis\u00e4lt\u00f6 (lukuvuosi-\/lukukausiteemat)<\/li>\n<li>Miten opiskelu tapahtuu (ty\u00f6el\u00e4m\u00e4yhteisty\u00f6, kansainv\u00e4lisyys, opiskelumuodot)<\/li>\n<\/ul>\n<hr \/>\n<p>Takaisin <a href=\"https:\/\/blogi.eoppimispalvelut.fi\/peppi-ohjeet\/koulutus-ja-opetussuunnittelu\/\">Koulutus- ja opetussuunnittelu<\/a> \u2013 sivulle<\/p>\n","protected":false},"excerpt":{"rendered":"<p>Katso video (tekstityksen saa p\u00e4\u00e4lle [cc]-painikkeesta). Opetussuunnitelmaan m\u00e4\u00e4ritell\u00e4\u00e4n perustietojen lis\u00e4ksi tarkennukset ja opetussuunnitelman kuvaus. Perustiedot Nimi (suomeksi ja englanniksi) Opetussuunnitelman tunnus Voimassa oloaika (v\u00e4hint\u00e4\u00e4n alkamispvm) Laajuus Kesto P\u00e4\u00e4asiallinen opetuskieli Tarkennukset Tutkinto Tutkintonimike Koulutusohjelma Ryhm\u00e4 (p\u00e4ivitet\u00e4\u00e4n hakukohteiden mukaisesti my\u00f6hemmin) Tyyppi Organisaatio &hellip; <a href=\"https:\/\/blogi.eoppimispalvelut.fi\/peppi-ohjeet\/koulutus-ja-opetussuunnittelu\/opetussuunnitelmat\/opetussuunnitelman-rakentaminen\/opetussuunnitelman-kuvaus\/\">Continue reading <span class=\"meta-nav\">&rarr;<\/span><\/a><\/p>\n","protected":false},"author":4339,"featured_media":0,"parent":2117,"menu_order":0,"comment_status":"closed","ping_status":"closed","template":"","meta":{"_monsterinsights_skip_tracking":false,"_monsterinsights_sitenote_active":false,"_monsterinsights_sitenote_note":"","_monsterinsights_sitenote_category":0,"footnotes":""},"class_list":["post-2130","page","type-page","status-publish","hentry"],"_links":{"self":[{"href":"https:\/\/blogi.eoppimispalvelut.fi\/peppi-ohjeet\/wp-json\/wp\/v2\/pages\/2130","targetHints":{"allow":["GET"]}}],"collection":[{"href":"https:\/\/blogi.eoppimispalvelut.fi\/peppi-ohjeet\/wp-json\/wp\/v2\/pages"}],"about":[{"href":"https:\/\/blogi.eoppimispalvelut.fi\/peppi-ohjeet\/wp-json\/wp\/v2\/types\/page"}],"author":[{"embeddable":true,"href":"https:\/\/blogi.eoppimispalvelut.fi\/peppi-ohjeet\/wp-json\/wp\/v2\/users\/4339"}],"replies":[{"embeddable":true,"href":"https:\/\/blogi.eoppimispalvelut.fi\/peppi-ohjeet\/wp-json\/wp\/v2\/comments?post=2130"}],"version-history":[{"count":11,"href":"https:\/\/blogi.eoppimispalvelut.fi\/peppi-ohjeet\/wp-json\/wp\/v2\/pages\/2130\/revisions"}],"predecessor-version":[{"id":4731,"href":"https:\/\/blogi.eoppimispalvelut.fi\/peppi-ohjeet\/wp-json\/wp\/v2\/pages\/2130\/revisions\/4731"}],"up":[{"embeddable":true,"href":"https:\/\/blogi.eoppimispalvelut.fi\/peppi-ohjeet\/wp-json\/wp\/v2\/pages\/2117"}],"wp:attachment":[{"href":"https:\/\/blogi.eoppimispalvelut.fi\/peppi-ohjeet\/wp-json\/wp\/v2\/media?parent=2130"}],"curies":[{"name":"wp","href":"https:\/\/api.w.org\/{rel}","templated":true}]}}