{"id":2132,"date":"2020-04-22T09:54:47","date_gmt":"2020-04-22T06:54:47","guid":{"rendered":"https:\/\/blogi.eoppimispalvelut.fi\/peppi-ohjeet\/?page_id=2132"},"modified":"2020-06-08T12:56:04","modified_gmt":"2020-06-08T09:56:04","slug":"vastuunjako-ja-koulutusalat","status":"publish","type":"page","link":"https:\/\/blogi.eoppimispalvelut.fi\/peppi-ohjeet\/koulutus-ja-opetussuunnittelu\/opetussuunnitelmat\/opetussuunnitelman-rakentaminen\/vastuunjako-ja-koulutusalat\/","title":{"rendered":"Vastuunjako ja koulutusalat"},"content":{"rendered":"<p>Katso <a href=\"https:\/\/youtu.be\/sXKj2uLAvCY\" target=\"_blank\" rel=\"noopener noreferrer\">video<\/a> (tekstityksen saa p\u00e4\u00e4lle [cc]-painikkeesta).<\/p>\n<p>Vastuunjako ja koulutusalat -v\u00e4lilehdell\u00e4 pystyy m\u00e4\u00e4rittelem\u00e4\u00e4n opetussuunnitelman vastuutahot sek\u00e4 siihen liittyv\u00e4t koulutusalat. Voit m\u00e4\u00e4ritt\u00e4\u00e4 vastuunjaon ja koulutusalat OPSille, jolta ne oletusarvoisesti periytyv\u00e4t OPSiin liitetyille opintojaksoille. Tarvittaessa voit m\u00e4\u00e4ritt\u00e4\u00e4 vastuunjaon ja koulutusalat my\u00f6s opintojaksokohtaisesti.<\/p>\n<div id=\"attachment_2609\" style=\"width: 1071px\" class=\"wp-caption alignnone\"><a href=\"https:\/\/blogi.eoppimispalvelut.fi\/peppi-ohjeet\/koulutus-ja-opetussuunnittelu\/opetussuunnitelmat\/opetussuunnitelman-rakentaminen\/vastuunjako-ja-koulutusalat\/vastuunjako-ja-koulutusalat-opsissa\/\" rel=\"attachment wp-att-2609\"><img loading=\"lazy\" decoding=\"async\" aria-describedby=\"caption-attachment-2609\" class=\"size-full wp-image-2609\" src=\"https:\/\/blogi.eoppimispalvelut.fi\/peppi-ohjeet\/files\/2020\/05\/Vastuunjako-ja-koulutusalat-opsissa.png\" alt=\"Vastuunjako ja koulutusala opetussuunnitelmassa\" width=\"1061\" height=\"526\" srcset=\"https:\/\/blogi.eoppimispalvelut.fi\/peppi-ohjeet\/files\/2020\/05\/Vastuunjako-ja-koulutusalat-opsissa.png 1061w, https:\/\/blogi.eoppimispalvelut.fi\/peppi-ohjeet\/files\/2020\/05\/Vastuunjako-ja-koulutusalat-opsissa-900x446.png 900w, https:\/\/blogi.eoppimispalvelut.fi\/peppi-ohjeet\/files\/2020\/05\/Vastuunjako-ja-koulutusalat-opsissa-768x381.png 768w, https:\/\/blogi.eoppimispalvelut.fi\/peppi-ohjeet\/files\/2020\/05\/Vastuunjako-ja-koulutusalat-opsissa-500x248.png 500w\" sizes=\"auto, (max-width: 1061px) 100vw, 1061px\" \/><\/a><p id=\"caption-attachment-2609\" class=\"wp-caption-text\">Klikkaa kuva suuremmaksi<\/p><\/div>\n<p>Vastuunjaon ja koulutusalan lis\u00e4\u00e4minen aloitetaan valitsemalla Lis\u00e4\u00e4 uusi ajanjakso.<\/p>\n<div id=\"attachment_2613\" style=\"width: 1290px\" class=\"wp-caption alignnone\"><a href=\"https:\/\/blogi.eoppimispalvelut.fi\/peppi-ohjeet\/koulutus-ja-opetussuunnittelu\/opetussuunnitelmat\/opetussuunnitelman-rakentaminen\/vastuunjako-ja-koulutusalat\/vastuunjaon-ja-koulutusalojen-maarittely-opsissa\/\" rel=\"attachment wp-att-2613\"><img loading=\"lazy\" decoding=\"async\" aria-describedby=\"caption-attachment-2613\" class=\"size-full wp-image-2613\" src=\"https:\/\/blogi.eoppimispalvelut.fi\/peppi-ohjeet\/files\/2020\/05\/Vastuunjaon-ja-koulutusalojen-m\u00e4\u00e4rittely-Opsissa.png\" alt=\"Vastuunjaon ja koulutusalojen m\u00e4\u00e4rittely Opetussuunnitelmalle\" width=\"1280\" height=\"544\" srcset=\"https:\/\/blogi.eoppimispalvelut.fi\/peppi-ohjeet\/files\/2020\/05\/Vastuunjaon-ja-koulutusalojen-m\u00e4\u00e4rittely-Opsissa.png 1280w, https:\/\/blogi.eoppimispalvelut.fi\/peppi-ohjeet\/files\/2020\/05\/Vastuunjaon-ja-koulutusalojen-m\u00e4\u00e4rittely-Opsissa-900x383.png 900w, https:\/\/blogi.eoppimispalvelut.fi\/peppi-ohjeet\/files\/2020\/05\/Vastuunjaon-ja-koulutusalojen-m\u00e4\u00e4rittely-Opsissa-768x326.png 768w, https:\/\/blogi.eoppimispalvelut.fi\/peppi-ohjeet\/files\/2020\/05\/Vastuunjaon-ja-koulutusalojen-m\u00e4\u00e4rittely-Opsissa-500x213.png 500w\" sizes=\"auto, (max-width: 1280px) 100vw, 1280px\" \/><\/a><p id=\"caption-attachment-2613\" class=\"wp-caption-text\">Klikkaa kuva suuremmaksi<\/p><\/div>\n<ol>\n<li>Lis\u00e4\u00e4 voimassa oloaika (v\u00e4hint\u00e4\u00e4n alkamisaika)<\/li>\n<li>Vastuunjaon osalta t\u00e4ydennet\u00e4\u00e4n\n<ul>\n<li>yksikk\u00f6, jonka vastuulla koulutuksen toteutus on<\/li>\n<li>yksik\u00f6n kustannuspaikka<\/li>\n<li>vastuun jako-osuus.<\/li>\n<li>Mik\u00e4li koulutuksesta vastaa useampi yksikk\u00f6 merkit\u00e4\u00e4n kaikkien yksik\u00f6iden tiedot, kustannuspaikat sek\u00e4 prosentuaalinen osuus vastuusta.<\/li>\n<\/ul>\n<\/li>\n<\/ol>\n<p>Lis\u00e4ksi m\u00e4\u00e4ritell\u00e4\u00e4n Koulutusala viranomaisraportointeja varten.<\/p>\n<ol>\n<li>Koulutusalan osalta t\u00e4ydennet\u00e4\u00e4n\n<ul>\n<li>koulutusala<\/li>\n<li>jako-osuus<\/li>\n<li>Mik\u00e4li koulutuksesta vastaa useampi yksikk\u00f6 merkit\u00e4\u00e4n kaikkien yksik\u00f6iden koulutusalat sek\u00e4 prosentuaalinen osuus vastuusta.<\/li>\n<\/ul>\n<\/li>\n<\/ol>\n<p>Tallenna tiedot.<\/p>\n<p><strong>Vastuunjaon ja koulutusalojen muokkaaminen<\/strong><\/p>\n<p>Mik\u00e4li haluat muokata vastuunjakoa ja koulutusalaa valitse n\u00e4kym\u00e4ll\u00e4 Muokkaa.<\/p>\n<p>&nbsp;<\/p>\n<div id=\"attachment_2620\" style=\"width: 594px\" class=\"wp-caption alignnone\"><a href=\"https:\/\/blogi.eoppimispalvelut.fi\/peppi-ohjeet\/koulutus-ja-opetussuunnittelu\/opetussuunnitelmat\/opetussuunnitelman-rakentaminen\/vastuunjako-ja-koulutusalat\/vastuunjako-ja-koulutusalat-muokkaaminen\/\" rel=\"attachment wp-att-2620\"><img loading=\"lazy\" decoding=\"async\" aria-describedby=\"caption-attachment-2620\" class=\"size-large wp-image-2620\" src=\"https:\/\/blogi.eoppimispalvelut.fi\/peppi-ohjeet\/files\/2020\/05\/Vastuunjako-ja-koulutusalat-muokkaaminen-1280x367.png\" alt=\"Vastuunjako ja koulutusalat muokkaaminen\" width=\"584\" height=\"167\" srcset=\"https:\/\/blogi.eoppimispalvelut.fi\/peppi-ohjeet\/files\/2020\/05\/Vastuunjako-ja-koulutusalat-muokkaaminen-1280x367.png 1280w, https:\/\/blogi.eoppimispalvelut.fi\/peppi-ohjeet\/files\/2020\/05\/Vastuunjako-ja-koulutusalat-muokkaaminen-900x258.png 900w, https:\/\/blogi.eoppimispalvelut.fi\/peppi-ohjeet\/files\/2020\/05\/Vastuunjako-ja-koulutusalat-muokkaaminen-768x220.png 768w, https:\/\/blogi.eoppimispalvelut.fi\/peppi-ohjeet\/files\/2020\/05\/Vastuunjako-ja-koulutusalat-muokkaaminen-1536x440.png 1536w, https:\/\/blogi.eoppimispalvelut.fi\/peppi-ohjeet\/files\/2020\/05\/Vastuunjako-ja-koulutusalat-muokkaaminen-1000x288.png 1000w, https:\/\/blogi.eoppimispalvelut.fi\/peppi-ohjeet\/files\/2020\/05\/Vastuunjako-ja-koulutusalat-muokkaaminen-500x143.png 500w, https:\/\/blogi.eoppimispalvelut.fi\/peppi-ohjeet\/files\/2020\/05\/Vastuunjako-ja-koulutusalat-muokkaaminen.png 2000w\" sizes=\"auto, (max-width: 584px) 100vw, 584px\" \/><\/a><p id=\"caption-attachment-2620\" class=\"wp-caption-text\">Klikkaa kuva suuremmaksi<\/p><\/div>\n<hr \/>\n<p>Takaisin <a href=\"https:\/\/blogi.eoppimispalvelut.fi\/peppi-ohjeet\/koulutus-ja-opetussuunnittelu\/\">Koulutus- ja opetussuunnittelu<\/a> \u2013 sivulle<\/p>\n","protected":false},"excerpt":{"rendered":"<p>Katso video (tekstityksen saa p\u00e4\u00e4lle [cc]-painikkeesta). Vastuunjako ja koulutusalat -v\u00e4lilehdell\u00e4 pystyy m\u00e4\u00e4rittelem\u00e4\u00e4n opetussuunnitelman vastuutahot sek\u00e4 siihen liittyv\u00e4t koulutusalat. Voit m\u00e4\u00e4ritt\u00e4\u00e4 vastuunjaon ja koulutusalat OPSille, jolta ne oletusarvoisesti periytyv\u00e4t OPSiin liitetyille opintojaksoille. Tarvittaessa voit m\u00e4\u00e4ritt\u00e4\u00e4 vastuunjaon ja koulutusalat my\u00f6s opintojaksokohtaisesti. Vastuunjaon &hellip; <a href=\"https:\/\/blogi.eoppimispalvelut.fi\/peppi-ohjeet\/koulutus-ja-opetussuunnittelu\/opetussuunnitelmat\/opetussuunnitelman-rakentaminen\/vastuunjako-ja-koulutusalat\/\">Continue reading <span class=\"meta-nav\">&rarr;<\/span><\/a><\/p>\n","protected":false},"author":4339,"featured_media":0,"parent":2117,"menu_order":0,"comment_status":"closed","ping_status":"closed","template":"","meta":{"_monsterinsights_skip_tracking":false,"_monsterinsights_sitenote_active":false,"_monsterinsights_sitenote_note":"","_monsterinsights_sitenote_category":0,"footnotes":""},"class_list":["post-2132","page","type-page","status-publish","hentry"],"_links":{"self":[{"href":"https:\/\/blogi.eoppimispalvelut.fi\/peppi-ohjeet\/wp-json\/wp\/v2\/pages\/2132","targetHints":{"allow":["GET"]}}],"collection":[{"href":"https:\/\/blogi.eoppimispalvelut.fi\/peppi-ohjeet\/wp-json\/wp\/v2\/pages"}],"about":[{"href":"https:\/\/blogi.eoppimispalvelut.fi\/peppi-ohjeet\/wp-json\/wp\/v2\/types\/page"}],"author":[{"embeddable":true,"href":"https:\/\/blogi.eoppimispalvelut.fi\/peppi-ohjeet\/wp-json\/wp\/v2\/users\/4339"}],"replies":[{"embeddable":true,"href":"https:\/\/blogi.eoppimispalvelut.fi\/peppi-ohjeet\/wp-json\/wp\/v2\/comments?post=2132"}],"version-history":[{"count":14,"href":"https:\/\/blogi.eoppimispalvelut.fi\/peppi-ohjeet\/wp-json\/wp\/v2\/pages\/2132\/revisions"}],"predecessor-version":[{"id":3241,"href":"https:\/\/blogi.eoppimispalvelut.fi\/peppi-ohjeet\/wp-json\/wp\/v2\/pages\/2132\/revisions\/3241"}],"up":[{"embeddable":true,"href":"https:\/\/blogi.eoppimispalvelut.fi\/peppi-ohjeet\/wp-json\/wp\/v2\/pages\/2117"}],"wp:attachment":[{"href":"https:\/\/blogi.eoppimispalvelut.fi\/peppi-ohjeet\/wp-json\/wp\/v2\/media?parent=2132"}],"curies":[{"name":"wp","href":"https:\/\/api.w.org\/{rel}","templated":true}]}}