{"id":2134,"date":"2020-04-22T09:55:16","date_gmt":"2020-04-22T06:55:16","guid":{"rendered":"https:\/\/blogi.eoppimispalvelut.fi\/peppi-ohjeet\/?page_id=2134"},"modified":"2020-06-08T14:05:40","modified_gmt":"2020-06-08T11:05:40","slug":"rakenne","status":"publish","type":"page","link":"https:\/\/blogi.eoppimispalvelut.fi\/peppi-ohjeet\/koulutus-ja-opetussuunnittelu\/opetussuunnitelmat\/opetussuunnitelman-rakentaminen\/rakenne\/","title":{"rendered":"Rakenne"},"content":{"rendered":"<p>Katso <a href=\"https:\/\/youtu.be\/n-U6gse9Tps\" target=\"_blank\" rel=\"noopener noreferrer\">video<\/a> (tekstityksen saa p\u00e4\u00e4lle [cc]-painikkeesta).<\/p>\n<p><span class=\"conf-macro output-inline\" data-hasbody=\"true\" data-macro-name=\"excerpt\"><span class=\"TextRun SCX37950453\"><span class=\"NormalTextRun SCX37950453\">Rakenne-v\u00e4lilehdell\u00e4 hallinnoidaan<\/span><\/span><span class=\"TextRun SCX37950453\">\u00a0<\/span><span class=\"TextRun SCX37950453\"><span class=\"NormalTextRun SCX37950453\">OPSin rakennetta ja siihen sis\u00e4ltyvi\u00e4 elementtej\u00e4<\/span><\/span><span class=\"TextRun SCX37950453\"><span class=\"NormalTextRun SCX37950453\">: opintojaksoja ja -kokonaisuuksia, erillisi\u00e4 opintokokonaisuuksia ja ryhmittelyj\u00e4.<\/span><\/span><\/span><\/p>\n<p>Rakenne-v\u00e4lilehti n\u00e4ytt\u00e4\u00e4<span class=\"TextRun SCX224264060\"><span class=\"NormalTextRun SCX224264060\">\u00a0opetussuunnitelman alaiset rakenne-elementit hierarkiana.\u00a0<\/span><\/span><\/p>\n<p><strong>Rakenne toteutetaan opintokokonaisuuksina, jotka sis\u00e4lt\u00e4v\u00e4t opintokokonaisuuksia ja opintojaksoja.<\/strong><\/p>\n<p>&nbsp;<\/p>\n<div id=\"attachment_2626\" style=\"width: 594px\" class=\"wp-caption alignnone\"><a href=\"https:\/\/blogi.eoppimispalvelut.fi\/peppi-ohjeet\/koulutus-ja-opetussuunnittelu\/opetussuunnitelmat\/opetussuunnitelman-rakentaminen\/rakenne\/opsin-rakenne\/\" rel=\"attachment wp-att-2626\"><img loading=\"lazy\" decoding=\"async\" aria-describedby=\"caption-attachment-2626\" class=\"size-large wp-image-2626\" src=\"https:\/\/blogi.eoppimispalvelut.fi\/peppi-ohjeet\/files\/2020\/05\/OPSin-rakenne-1280x650.png\" alt=\"Opetussuunnitelman rakenne\" width=\"584\" height=\"297\" srcset=\"https:\/\/blogi.eoppimispalvelut.fi\/peppi-ohjeet\/files\/2020\/05\/OPSin-rakenne-1280x650.png 1280w, https:\/\/blogi.eoppimispalvelut.fi\/peppi-ohjeet\/files\/2020\/05\/OPSin-rakenne-900x457.png 900w, https:\/\/blogi.eoppimispalvelut.fi\/peppi-ohjeet\/files\/2020\/05\/OPSin-rakenne-768x390.png 768w, https:\/\/blogi.eoppimispalvelut.fi\/peppi-ohjeet\/files\/2020\/05\/OPSin-rakenne-1536x780.png 1536w, https:\/\/blogi.eoppimispalvelut.fi\/peppi-ohjeet\/files\/2020\/05\/OPSin-rakenne-500x254.png 500w, https:\/\/blogi.eoppimispalvelut.fi\/peppi-ohjeet\/files\/2020\/05\/OPSin-rakenne.png 2004w\" sizes=\"auto, (max-width: 584px) 100vw, 584px\" \/><\/a><p id=\"caption-attachment-2626\" class=\"wp-caption-text\">Klikkaa kuva suuremmaksi<\/p><\/div>\n<p>&nbsp;<\/p>\n<ul>\n<li>Opintokokonaisuuksien avulla voidaan kytke\u00e4 toisiinsa opintojaksoja esim. valitun teeman mukaisesti. Opintokokonaisuudelle kuvataan t\u00e4ll\u00f6in osaamistavoitteet. Opintokokonaisuus voi sis\u00e4lt\u00e4\u00e4 opintokokonaisuuksia.<\/li>\n<li>Opintokokonaisuus voi sis\u00e4lt\u00e4\u00e4 1 &#8211; n m\u00e4\u00e4r\u00e4n opintojaksoja. Opintojaksot voivat olla pakollisia tai niist\u00e4 valitaan vain osa.<\/li>\n<li>Opintokokonaisuuksien tunnuksien ja nime\u00e4misen osalta k\u00e4ytet\u00e4\u00e4n sovittuja k\u00e4yt\u00e4nteit\u00e4.<\/li>\n<\/ul>\n<p>Lapin ammattikorkeakokoulun opetussuunnitelman laatimisen perusteiden mukaisesti opetussuunnitelman rakenne muodostuu kolmesta p\u00e4\u00e4tasosta<\/p>\n<ul>\n<li>YDINOSAAMINEN<\/li>\n<li>PROFILOIVA OSAAMINEN<\/li>\n<li>TUTKIMUS- JA KEHITT\u00c4MISOSAAMINEN<\/li>\n<\/ul>\n<p>Koulutuksen tarpeista riippuen opetussuunnitelmaa voidaan j\u00e4sent\u00e4\u00e4 eri tavoin opintokokonaisuuksien avulla. P\u00e4\u00e4tasojen sis\u00e4lt\u00f6j\u00e4 voidaan jaotella esimerksi vaihtoehtoisina ammattiopintoina, teemoitetteuina moduuleina, lukukausittain jne. T\u00e4llaiset rakenenteet tehd\u00e4\u00e4n my\u00f6s opintokokonaisuuksina. T\u00e4ll\u00f6in opintokokonaisuus lis\u00e4t\u00e4\u00e4n sen p\u00e4\u00e4tason alle, jonne se halutaan toteutettavan.<\/p>\n<p>Voit muokata rakennetta niin kauan kuin opetussuunnitelma on hyv\u00e4ksytty ja julkaistu.<\/p>\n<ol style=\"font-weight: 400;\">\n<li>Voit siirt\u00e4\u00e4 OPSiin liitettyj\u00e4 rakenne-elementtej\u00e4 raahaamalla niit\u00e4 hiirell\u00e4.\n<ul style=\"font-weight: 400;\">\n<li>Jos siirr\u00e4t rakenne-elementin, jolla on alatasoja, ne seuraavat automaattisesti yl\u00e4tason mukana.<\/li>\n<\/ul>\n<\/li>\n<li>Muutos p\u00e4ivittyy j\u00e4rjestelm\u00e4\u00e4n heti, josta j\u00e4rjestelm\u00e4 ilmoittaa <strong>Rakenne p\u00e4ivitetty<\/strong> -ponnahdusikkunalla<\/li>\n<li>Voit siirt\u00e4\u00e4 rakenne-elementtej\u00e4 rakenteessa kaikkialle paitsi opintojaksojen sis\u00e4\u00e4n.<\/li>\n<li>Kun raahaat siirrett\u00e4v\u00e4n rakenne-elementin sivun oikean reunan leikep\u00f6yd\u00e4lle, voit vieritt\u00e4\u00e4 sivua niin, ett\u00e4 leikep\u00f6yd\u00e4n sis\u00e4lt\u00f6 pysyy n\u00e4kyviss\u00e4.<\/li>\n<\/ol>\n<p>Opetussuunnitelman rakenteen t\u00e4ydent\u00e4v\u00e4t ohjeet l\u00f6ytyv\u00e4t aiheittain<\/p>\n<ul>\n<li><a href=\"https:\/\/blogi.eoppimispalvelut.fi\/peppi-ohjeet\/koulutus-ja-opetussuunnittelu\/opetussuunnitelmat\/opetussuunnitelman-rakentaminen\/rakenne\/opintokokonaisuuden-luominen-muuttaminen\/\">Opintokokonaisuuden rakentaminen\/muokkaaminen<\/a><\/li>\n<li><a href=\"https:\/\/blogi.eoppimispalvelut.fi\/peppi-ohjeet\/koulutus-ja-opetussuunnittelu\/opetussuunnitelmat\/opetussuunnitelman-rakentaminen\/rakenne\/opintojakson-luominen-muokkaaminen\/\">Opintojakson rakentaminen\/muokkaaminen<\/a><\/li>\n<li><a href=\"https:\/\/blogi.eoppimispalvelut.fi\/peppi-ohjeet\/koulutus-ja-opetussuunnittelu\/opetussuunnitelmat\/opintojakson-tarkastaminen\/\">Opintojakson tarkistaminen<\/a><\/li>\n<\/ul>\n<p>&nbsp;<\/p>\n<hr \/>\n<p>Takaisin <a href=\"https:\/\/blogi.eoppimispalvelut.fi\/peppi-ohjeet\/koulutus-ja-opetussuunnittelu\/\">Koulutus- ja opetussuunnittelu<\/a> \u2013 sivulle<\/p>\n","protected":false},"excerpt":{"rendered":"<p>Katso video (tekstityksen saa p\u00e4\u00e4lle [cc]-painikkeesta). Rakenne-v\u00e4lilehdell\u00e4 hallinnoidaan\u00a0OPSin rakennetta ja siihen sis\u00e4ltyvi\u00e4 elementtej\u00e4: opintojaksoja ja -kokonaisuuksia, erillisi\u00e4 opintokokonaisuuksia ja ryhmittelyj\u00e4. Rakenne-v\u00e4lilehti n\u00e4ytt\u00e4\u00e4\u00a0opetussuunnitelman alaiset rakenne-elementit hierarkiana.\u00a0 Rakenne toteutetaan opintokokonaisuuksina, jotka sis\u00e4lt\u00e4v\u00e4t opintokokonaisuuksia ja opintojaksoja. &nbsp; &nbsp; Opintokokonaisuuksien avulla voidaan kytke\u00e4 toisiinsa &hellip; <a href=\"https:\/\/blogi.eoppimispalvelut.fi\/peppi-ohjeet\/koulutus-ja-opetussuunnittelu\/opetussuunnitelmat\/opetussuunnitelman-rakentaminen\/rakenne\/\">Continue reading <span class=\"meta-nav\">&rarr;<\/span><\/a><\/p>\n","protected":false},"author":4339,"featured_media":0,"parent":2117,"menu_order":0,"comment_status":"closed","ping_status":"closed","template":"","meta":{"_monsterinsights_skip_tracking":false,"_monsterinsights_sitenote_active":false,"_monsterinsights_sitenote_note":"","_monsterinsights_sitenote_category":0,"footnotes":""},"class_list":["post-2134","page","type-page","status-publish","hentry"],"_links":{"self":[{"href":"https:\/\/blogi.eoppimispalvelut.fi\/peppi-ohjeet\/wp-json\/wp\/v2\/pages\/2134","targetHints":{"allow":["GET"]}}],"collection":[{"href":"https:\/\/blogi.eoppimispalvelut.fi\/peppi-ohjeet\/wp-json\/wp\/v2\/pages"}],"about":[{"href":"https:\/\/blogi.eoppimispalvelut.fi\/peppi-ohjeet\/wp-json\/wp\/v2\/types\/page"}],"author":[{"embeddable":true,"href":"https:\/\/blogi.eoppimispalvelut.fi\/peppi-ohjeet\/wp-json\/wp\/v2\/users\/4339"}],"replies":[{"embeddable":true,"href":"https:\/\/blogi.eoppimispalvelut.fi\/peppi-ohjeet\/wp-json\/wp\/v2\/comments?post=2134"}],"version-history":[{"count":36,"href":"https:\/\/blogi.eoppimispalvelut.fi\/peppi-ohjeet\/wp-json\/wp\/v2\/pages\/2134\/revisions"}],"predecessor-version":[{"id":3245,"href":"https:\/\/blogi.eoppimispalvelut.fi\/peppi-ohjeet\/wp-json\/wp\/v2\/pages\/2134\/revisions\/3245"}],"up":[{"embeddable":true,"href":"https:\/\/blogi.eoppimispalvelut.fi\/peppi-ohjeet\/wp-json\/wp\/v2\/pages\/2117"}],"wp:attachment":[{"href":"https:\/\/blogi.eoppimispalvelut.fi\/peppi-ohjeet\/wp-json\/wp\/v2\/media?parent=2134"}],"curies":[{"name":"wp","href":"https:\/\/api.w.org\/{rel}","templated":true}]}}