{"id":2140,"date":"2020-04-22T09:56:34","date_gmt":"2020-04-22T06:56:34","guid":{"rendered":"https:\/\/blogi.eoppimispalvelut.fi\/peppi-ohjeet\/?page_id=2140"},"modified":"2025-02-07T10:59:08","modified_gmt":"2025-02-07T08:59:08","slug":"jasentelyt","status":"publish","type":"page","link":"https:\/\/blogi.eoppimispalvelut.fi\/peppi-ohjeet\/koulutus-ja-opetussuunnittelu\/opetussuunnitelmat\/opetussuunnitelman-rakentaminen\/jasentelyt\/","title":{"rendered":"J\u00e4sentelyt"},"content":{"rendered":"<p>Katso <a href=\"https:\/\/youtu.be\/pa8-EKKjO_w\" target=\"_blank\" rel=\"noopener noreferrer\">video<\/a> (tekstityksen saa p\u00e4\u00e4lle [cc]-painikkeesta).<\/p>\n<p>J\u00e4sentelyll\u00e4 luokitellaan opetussuunnitelman opintojaksoja. J\u00e4sentelyj\u00e4 voi opetussuunnitelmassa olla useita. Lapin ammattikorkeakoulussa opetussuunnitelmiin liitet\u00e4\u00e4n kaksi j\u00e4sentely\u00e4: kompetenssij\u00e4sentely ja tutkintotodistusj\u00e4sentely.<\/p>\n<p><strong>Kompetenssit<\/strong><\/p>\n<p>Jokaiseen koulutukseen luodaan koulutuskohtaiset kompetenssit ja niiden kuvaukset<\/p>\n<p>AMKn yhteiset kompetenssit:<\/p>\n<ul>\n<li>Oppimaan oppiminen<\/li>\n<li>Ty\u00f6el\u00e4m\u00e4ss\u00e4 toimiminen<\/li>\n<li>Eettisyys<\/li>\n<li>Kest\u00e4v\u00e4 kehitys<\/li>\n<li>Kansainv\u00e4lisyys ja monikulttuurisuus<\/li>\n<li>Ennakoiva kehitt\u00e4minen<\/li>\n<\/ul>\n<p>Ammatilliset kompetenssit 1 \u2013 n kpl<\/p>\n<p>Opetussuunnitelmaan voidaan rakentaa erilaisia j\u00e4sentelyj\u00e4 esimerkiksi kielten tms. osalta, jolloin opetussuunnitelmaa voidaan tarkastella j\u00e4sentelyn mukaisten sis\u00e4lt\u00f6jen mukaisesti.<\/p>\n<p>Ennen kuin j\u00e4sentelyj\u00e4 pystyy liitt\u00e4m\u00e4\u00e4n opetussuunnitelmiin, p\u00e4\u00e4k\u00e4ytt\u00e4j\u00e4n pit\u00e4\u00e4 olla tallentanut j\u00e4sentelymalli. Osaamisp\u00e4\u00e4llikk\u00f6 tai tiimin vet\u00e4j\u00e4 toimittaa kuvaukset p\u00e4\u00e4k\u00e4ytt\u00e4j\u00e4lle. P\u00e4\u00e4k\u00e4ytt\u00e4j\u00e4 tarkistaa kompetenssien j\u00e4sentelyn ja tarvittaessa lis\u00e4\u00e4 \/ muokkaa \/ poistaa kompetensseja ja niiden kuvauksia opetussuunnitelman kehitt\u00e4j\u00e4tiimin antamien kompetenssien kuvausten mukaisesti.<\/p>\n<p>J\u00e4sentely liitet\u00e4\u00e4n opetussuunnitelma n\u00e4kym\u00e4ss\u00e4 valitsemalla J\u00e4sentelyt.<\/p>\n<p>&nbsp;<\/p>\n<div id=\"attachment_2722\" style=\"width: 594px\" class=\"wp-caption alignnone\"><a href=\"https:\/\/blogi.eoppimispalvelut.fi\/peppi-ohjeet\/koulutus-ja-opetussuunnittelu\/opetussuunnitelmat\/opetussuunnitelman-rakentaminen\/jasentelyt\/jasentelyn-lisaaminen-opsiin\/\" rel=\"attachment wp-att-2722\"><img loading=\"lazy\" decoding=\"async\" aria-describedby=\"caption-attachment-2722\" class=\"size-large wp-image-2722\" src=\"https:\/\/blogi.eoppimispalvelut.fi\/peppi-ohjeet\/files\/2020\/05\/J\u00e4sentelyn-lis\u00e4\u00e4minen-OPSiin-1280x383.png\" alt=\"J\u00e4sentelyn lis\u00e4\u00e4minen OPSiin\" width=\"584\" height=\"175\" srcset=\"https:\/\/blogi.eoppimispalvelut.fi\/peppi-ohjeet\/files\/2020\/05\/J\u00e4sentelyn-lis\u00e4\u00e4minen-OPSiin-1280x383.png 1280w, https:\/\/blogi.eoppimispalvelut.fi\/peppi-ohjeet\/files\/2020\/05\/J\u00e4sentelyn-lis\u00e4\u00e4minen-OPSiin-900x269.png 900w, https:\/\/blogi.eoppimispalvelut.fi\/peppi-ohjeet\/files\/2020\/05\/J\u00e4sentelyn-lis\u00e4\u00e4minen-OPSiin-768x230.png 768w, https:\/\/blogi.eoppimispalvelut.fi\/peppi-ohjeet\/files\/2020\/05\/J\u00e4sentelyn-lis\u00e4\u00e4minen-OPSiin-1536x459.png 1536w, https:\/\/blogi.eoppimispalvelut.fi\/peppi-ohjeet\/files\/2020\/05\/J\u00e4sentelyn-lis\u00e4\u00e4minen-OPSiin-500x150.png 500w, https:\/\/blogi.eoppimispalvelut.fi\/peppi-ohjeet\/files\/2020\/05\/J\u00e4sentelyn-lis\u00e4\u00e4minen-OPSiin.png 2000w\" sizes=\"auto, (max-width: 584px) 100vw, 584px\" \/><\/a><p id=\"caption-attachment-2722\" class=\"wp-caption-text\">Klikkaa kuva suuremmaksi<\/p><\/div>\n<p>&nbsp;<\/p>\n<p>Valitse +Lis\u00e4\u00e4 j\u00e4sentely<\/p>\n<p>&nbsp;<\/p>\n<div id=\"attachment_2723\" style=\"width: 815px\" class=\"wp-caption alignnone\"><a href=\"https:\/\/blogi.eoppimispalvelut.fi\/peppi-ohjeet\/koulutus-ja-opetussuunnittelu\/opetussuunnitelmat\/opetussuunnitelman-rakentaminen\/jasentelyt\/jasentelyn-valinta\/\" rel=\"attachment wp-att-2723\"><img loading=\"lazy\" decoding=\"async\" aria-describedby=\"caption-attachment-2723\" class=\"size-full wp-image-2723\" src=\"https:\/\/blogi.eoppimispalvelut.fi\/peppi-ohjeet\/files\/2020\/05\/J\u00e4sentelyn-valinta.png\" alt=\"J\u00e4sentelyn valinta\" width=\"805\" height=\"209\" srcset=\"https:\/\/blogi.eoppimispalvelut.fi\/peppi-ohjeet\/files\/2020\/05\/J\u00e4sentelyn-valinta.png 805w, https:\/\/blogi.eoppimispalvelut.fi\/peppi-ohjeet\/files\/2020\/05\/J\u00e4sentelyn-valinta-768x199.png 768w, https:\/\/blogi.eoppimispalvelut.fi\/peppi-ohjeet\/files\/2020\/05\/J\u00e4sentelyn-valinta-500x130.png 500w\" sizes=\"auto, (max-width: 805px) 100vw, 805px\" \/><\/a><p id=\"caption-attachment-2723\" class=\"wp-caption-text\">Klikkaa kuva suuremmaksi<\/p><\/div>\n<p>&nbsp;<\/p>\n<p>Opetussuunnitelmaan liitetyt j\u00e4sentelyt n\u00e4kyv\u00e4t luettelona J\u00e4sentelyt-n\u00e4kym\u00e4ss\u00e4.<\/p>\n<p>&nbsp;<\/p>\n<div id=\"attachment_2724\" style=\"width: 1290px\" class=\"wp-caption alignnone\"><a href=\"https:\/\/blogi.eoppimispalvelut.fi\/peppi-ohjeet\/koulutus-ja-opetussuunnittelu\/opetussuunnitelmat\/opetussuunnitelman-rakentaminen\/jasentelyt\/opetussuunnitelmaan-liitetyt-jasentelyt\/\" rel=\"attachment wp-att-2724\"><img loading=\"lazy\" decoding=\"async\" aria-describedby=\"caption-attachment-2724\" class=\"size-full wp-image-2724\" src=\"https:\/\/blogi.eoppimispalvelut.fi\/peppi-ohjeet\/files\/2020\/05\/Opetussuunnitelmaan-liitetyt-j\u00e4sentelyt.png\" alt=\"Opetussuunnitelmaan liitetyt j\u00e4sentelyt\" width=\"1280\" height=\"358\" srcset=\"https:\/\/blogi.eoppimispalvelut.fi\/peppi-ohjeet\/files\/2020\/05\/Opetussuunnitelmaan-liitetyt-j\u00e4sentelyt.png 1280w, https:\/\/blogi.eoppimispalvelut.fi\/peppi-ohjeet\/files\/2020\/05\/Opetussuunnitelmaan-liitetyt-j\u00e4sentelyt-900x252.png 900w, https:\/\/blogi.eoppimispalvelut.fi\/peppi-ohjeet\/files\/2020\/05\/Opetussuunnitelmaan-liitetyt-j\u00e4sentelyt-768x215.png 768w, https:\/\/blogi.eoppimispalvelut.fi\/peppi-ohjeet\/files\/2020\/05\/Opetussuunnitelmaan-liitetyt-j\u00e4sentelyt-500x140.png 500w\" sizes=\"auto, (max-width: 1280px) 100vw, 1280px\" \/><\/a><p id=\"caption-attachment-2724\" class=\"wp-caption-text\">Klikkaa kuva suuremmaksi<\/p><\/div>\n<p>&nbsp;<\/p>\n<p>J\u00e4sentelyn muokkaaminen tapahtuu avaamalla j\u00e4sentely klikkaamalla j\u00e4sentelyn nime\u00e4.<\/p>\n<p>&nbsp;<\/p>\n<div id=\"attachment_2725\" style=\"width: 1290px\" class=\"wp-caption alignnone\"><a href=\"https:\/\/blogi.eoppimispalvelut.fi\/peppi-ohjeet\/koulutus-ja-opetussuunnittelu\/opetussuunnitelmat\/opetussuunnitelman-rakentaminen\/jasentelyt\/todistusjasentelyn-maarittely\/\" rel=\"attachment wp-att-2725\"><img loading=\"lazy\" decoding=\"async\" aria-describedby=\"caption-attachment-2725\" class=\"size-full wp-image-2725\" src=\"https:\/\/blogi.eoppimispalvelut.fi\/peppi-ohjeet\/files\/2020\/05\/Todistusj\u00e4sentelyn-m\u00e4\u00e4rittely.png\" alt=\"Todistusj\u00e4sentelyn m\u00e4\u00e4rittely\" width=\"1280\" height=\"538\" srcset=\"https:\/\/blogi.eoppimispalvelut.fi\/peppi-ohjeet\/files\/2020\/05\/Todistusj\u00e4sentelyn-m\u00e4\u00e4rittely.png 1280w, https:\/\/blogi.eoppimispalvelut.fi\/peppi-ohjeet\/files\/2020\/05\/Todistusj\u00e4sentelyn-m\u00e4\u00e4rittely-900x378.png 900w, https:\/\/blogi.eoppimispalvelut.fi\/peppi-ohjeet\/files\/2020\/05\/Todistusj\u00e4sentelyn-m\u00e4\u00e4rittely-768x323.png 768w, https:\/\/blogi.eoppimispalvelut.fi\/peppi-ohjeet\/files\/2020\/05\/Todistusj\u00e4sentelyn-m\u00e4\u00e4rittely-500x210.png 500w\" sizes=\"auto, (max-width: 1280px) 100vw, 1280px\" \/><\/a><p id=\"caption-attachment-2725\" class=\"wp-caption-text\">Klikkaa kuva suuremmaksi<\/p><\/div>\n<p>&nbsp;<\/p>\n<p>Opintojaksot liitet\u00e4\u00e4n j\u00e4sentelyyn klikkaamalla opintojakson nime\u00e4 halutun kategorian kohdalla.<\/p>\n<p>Vastaavat tiedot tallennetaan kaikkien j\u00e4sentelyiden osalta my\u00f6s opintopoluittain.<\/p>\n<hr \/>\n<p>&nbsp;<\/p>\n<p>Takaisin <a href=\"https:\/\/blogi.eoppimispalvelut.fi\/peppi-ohjeet\/koulutus-ja-opetussuunnittelu\/\">Koulutus- ja opetussuunnittelu<\/a> \u2013 sivulle<\/p>\n","protected":false},"excerpt":{"rendered":"<p>Katso video (tekstityksen saa p\u00e4\u00e4lle [cc]-painikkeesta). J\u00e4sentelyll\u00e4 luokitellaan opetussuunnitelman opintojaksoja. J\u00e4sentelyj\u00e4 voi opetussuunnitelmassa olla useita. Lapin ammattikorkeakoulussa opetussuunnitelmiin liitet\u00e4\u00e4n kaksi j\u00e4sentely\u00e4: kompetenssij\u00e4sentely ja tutkintotodistusj\u00e4sentely. Kompetenssit Jokaiseen koulutukseen luodaan koulutuskohtaiset kompetenssit ja niiden kuvaukset AMKn yhteiset kompetenssit: Oppimaan oppiminen Ty\u00f6el\u00e4m\u00e4ss\u00e4 toimiminen &hellip; <a href=\"https:\/\/blogi.eoppimispalvelut.fi\/peppi-ohjeet\/koulutus-ja-opetussuunnittelu\/opetussuunnitelmat\/opetussuunnitelman-rakentaminen\/jasentelyt\/\">Continue reading <span class=\"meta-nav\">&rarr;<\/span><\/a><\/p>\n","protected":false},"author":4339,"featured_media":0,"parent":2117,"menu_order":0,"comment_status":"closed","ping_status":"closed","template":"","meta":{"_monsterinsights_skip_tracking":false,"_monsterinsights_sitenote_active":false,"_monsterinsights_sitenote_note":"","_monsterinsights_sitenote_category":0,"footnotes":""},"class_list":["post-2140","page","type-page","status-publish","hentry"],"_links":{"self":[{"href":"https:\/\/blogi.eoppimispalvelut.fi\/peppi-ohjeet\/wp-json\/wp\/v2\/pages\/2140","targetHints":{"allow":["GET"]}}],"collection":[{"href":"https:\/\/blogi.eoppimispalvelut.fi\/peppi-ohjeet\/wp-json\/wp\/v2\/pages"}],"about":[{"href":"https:\/\/blogi.eoppimispalvelut.fi\/peppi-ohjeet\/wp-json\/wp\/v2\/types\/page"}],"author":[{"embeddable":true,"href":"https:\/\/blogi.eoppimispalvelut.fi\/peppi-ohjeet\/wp-json\/wp\/v2\/users\/4339"}],"replies":[{"embeddable":true,"href":"https:\/\/blogi.eoppimispalvelut.fi\/peppi-ohjeet\/wp-json\/wp\/v2\/comments?post=2140"}],"version-history":[{"count":15,"href":"https:\/\/blogi.eoppimispalvelut.fi\/peppi-ohjeet\/wp-json\/wp\/v2\/pages\/2140\/revisions"}],"predecessor-version":[{"id":7111,"href":"https:\/\/blogi.eoppimispalvelut.fi\/peppi-ohjeet\/wp-json\/wp\/v2\/pages\/2140\/revisions\/7111"}],"up":[{"embeddable":true,"href":"https:\/\/blogi.eoppimispalvelut.fi\/peppi-ohjeet\/wp-json\/wp\/v2\/pages\/2117"}],"wp:attachment":[{"href":"https:\/\/blogi.eoppimispalvelut.fi\/peppi-ohjeet\/wp-json\/wp\/v2\/media?parent=2140"}],"curies":[{"name":"wp","href":"https:\/\/api.w.org\/{rel}","templated":true}]}}