{"id":2142,"date":"2020-04-22T09:58:00","date_gmt":"2020-04-22T06:58:00","guid":{"rendered":"https:\/\/blogi.eoppimispalvelut.fi\/peppi-ohjeet\/?page_id=2142"},"modified":"2026-03-26T15:53:18","modified_gmt":"2026-03-26T13:53:18","slug":"tarkistus-ja-hyvaksyminen","status":"publish","type":"page","link":"https:\/\/blogi.eoppimispalvelut.fi\/peppi-ohjeet\/koulutus-ja-opetussuunnittelu\/opetussuunnitelmat\/opetussuunnitelman-rakentaminen\/tarkistus-ja-hyvaksyminen\/","title":{"rendered":"Opetussuunnitelman tarkistus ja hyv\u00e4ksyminen"},"content":{"rendered":"<p>Katso <a href=\"https:\/\/youtu.be\/eLN26g_H0eo\" target=\"_blank\" rel=\"noopener\">video<\/a> (tekstityksen saa p\u00e4\u00e4lle [cc]-painikkeesta).<\/p>\n<p>Opetussuunnitelman Tarkistus ja hyv\u00e4ksyminen -v\u00e4lilehdell\u00e4 voit tarkastella, mitk\u00e4 opetussuunnitelman perustiedot on asianmukaisesti sy\u00f6tetty. J\u00e4rjestelm\u00e4n p\u00e4\u00e4k\u00e4ytt\u00e4j\u00e4n pit\u00e4\u00e4 ensin m\u00e4\u00e4ritell\u00e4 s\u00e4\u00e4nn\u00f6t, joiden mukaan perustietojen tarkistus tehd\u00e4\u00e4n.<\/p>\n<p>Niin kauan kun opetussuunnitelma on luonnostilassa, suunnitelma ei n\u00e4y muille ja siihen voidaan tehd\u00e4 muutoksia. Jotta opetussuunnitelmat n\u00e4kyv\u00e4t julkisesti kaikilla k\u00e4ytt\u00e4jill\u00e4 ja my\u00f6s opinto-oppaassa, tulee niiden olla Hyv\u00e4ksytty ja julkaistu -tilassa.<\/p>\n<div id=\"attachment_2729\" style=\"width: 1290px\" class=\"wp-caption alignnone\"><a href=\"https:\/\/blogi.eoppimispalvelut.fi\/peppi-ohjeet\/koulutus-ja-opetussuunnittelu\/opetussuunnitelmat\/opetussuunnitelman-rakentaminen\/tarkistus-ja-hyvaksyminen\/opetussuunnitelman-tarkastaminen\/\" rel=\"attachment wp-att-2729\"><img loading=\"lazy\" decoding=\"async\" aria-describedby=\"caption-attachment-2729\" class=\"size-full wp-image-2729\" src=\"https:\/\/blogi.eoppimispalvelut.fi\/peppi-ohjeet\/files\/2020\/05\/opetussuunnitelman-tarkastaminen.png\" alt=\"Opetussuunnitelman tarkastaminen\" width=\"1280\" height=\"590\" srcset=\"https:\/\/blogi.eoppimispalvelut.fi\/peppi-ohjeet\/files\/2020\/05\/opetussuunnitelman-tarkastaminen.png 1280w, https:\/\/blogi.eoppimispalvelut.fi\/peppi-ohjeet\/files\/2020\/05\/opetussuunnitelman-tarkastaminen-900x415.png 900w, https:\/\/blogi.eoppimispalvelut.fi\/peppi-ohjeet\/files\/2020\/05\/opetussuunnitelman-tarkastaminen-768x354.png 768w, https:\/\/blogi.eoppimispalvelut.fi\/peppi-ohjeet\/files\/2020\/05\/opetussuunnitelman-tarkastaminen-500x230.png 500w\" sizes=\"auto, (max-width: 1280px) 100vw, 1280px\" \/><\/a><p id=\"caption-attachment-2729\" class=\"wp-caption-text\">Klikkaa kuva suuremmaksi<\/p><\/div>\n<p>Opintojakson per\u00e4ss\u00e4 oikealla oleva vihre\u00e4 ikoni kertoo, ett\u00e4 opintojakso on l\u00e4p\u00e4issyt p\u00e4\u00e4k\u00e4ytt\u00e4j\u00e4n opetussuunnitelmalle asettamat tarkastukset.<\/p>\n<div id=\"attachment_2730\" style=\"width: 1290px\" class=\"wp-caption alignnone\"><a href=\"https:\/\/blogi.eoppimispalvelut.fi\/peppi-ohjeet\/koulutus-ja-opetussuunnittelu\/opetussuunnitelmat\/opetussuunnitelman-rakentaminen\/tarkistus-ja-hyvaksyminen\/opintojaksojen-tarkistaminen\/\" rel=\"attachment wp-att-2730\"><img loading=\"lazy\" decoding=\"async\" aria-describedby=\"caption-attachment-2730\" class=\"size-full wp-image-2730\" src=\"https:\/\/blogi.eoppimispalvelut.fi\/peppi-ohjeet\/files\/2020\/05\/Opintojaksojen-tarkistaminen.png\" alt=\"Opintojaksojen tarkistaminen\" width=\"1280\" height=\"442\" srcset=\"https:\/\/blogi.eoppimispalvelut.fi\/peppi-ohjeet\/files\/2020\/05\/Opintojaksojen-tarkistaminen.png 1280w, https:\/\/blogi.eoppimispalvelut.fi\/peppi-ohjeet\/files\/2020\/05\/Opintojaksojen-tarkistaminen-900x311.png 900w, https:\/\/blogi.eoppimispalvelut.fi\/peppi-ohjeet\/files\/2020\/05\/Opintojaksojen-tarkistaminen-768x265.png 768w, https:\/\/blogi.eoppimispalvelut.fi\/peppi-ohjeet\/files\/2020\/05\/Opintojaksojen-tarkistaminen-500x173.png 500w\" sizes=\"auto, (max-width: 1280px) 100vw, 1280px\" \/><\/a><p id=\"caption-attachment-2730\" class=\"wp-caption-text\">Klikkaa kuva suuremmaksi<\/p><\/div>\n<p>Mik\u00e4li opetussuunnitelmassa on hy\u00f6dynnetty opettajia sis\u00e4ll\u00f6n ja kielen tarkistuksessa voidaan koko opetussuunnitelman opintojaksojen tarkistuksen tilannetta seurata Tarkistus- ja hyv\u00e4ksyminen v\u00e4lilehdell\u00e4 valitsemalla Tarkista OPSiin liitetyt opintojaksot.\u00a0 Listan pohjalta voi tarvittaessa pyyt\u00e4\u00e4 m\u00e4\u00e4r\u00e4tty\u00e4 opettajaa hoitamaan tarkastamisen ennen opetussuunnitelman hyv\u00e4ksymist\u00e4.<\/p>\n<p>&nbsp;<\/p>\n<p><strong>Opetussuunnitelman hyv\u00e4ksyminen<\/strong><\/p>\n<p>N\u00e4kym\u00e4n yl\u00e4laidassa on statuspalkki, joka kertoo, miss\u00e4 tilassa opetussuunnitelma on: Luonnos &#8211;&gt; Valmis hyv\u00e4ksytt\u00e4v\u00e4ksi &#8211;&gt; Hyv\u00e4ksytty &#8211;&gt; Hyv\u00e4ksytty ja julkaistu. Korkeakoulut m\u00e4\u00e4rittelev\u00e4t itse, ketk\u00e4 p\u00e4\u00e4sev\u00e4t statuksen muutoksia tekem\u00e4\u00e4n.<\/p>\n<p>Kun opetussuunnitelma on valmis katselmointia varten, koordinaattori (OPS) k\u00e4y hyv\u00e4ksym\u00e4ss\u00e4 opetussuunnitelman valitsemalla &#8220;Valmis hyv\u00e4ksytt\u00e4v\u00e4ksi&#8221;. Koordinaattori (OPS) yhdess\u00e4 kehitt\u00e4j\u00e4tiimin kanssa esittelee opetussuunnitelman osaamisp\u00e4\u00e4llik\u00f6lle ja koulutusp\u00e4\u00e4llik\u00f6lle. Osaamisp\u00e4\u00e4llikk\u00f6 katselmoi valmiin opetussuunnitelman koulutusp\u00e4\u00e4llik\u00f6n kanssa. Koulutusp\u00e4\u00e4llikk\u00f6 tallentaa hyv\u00e4ksytysti katselmoidun katselmointilomakkeen.<\/p>\n<div id=\"attachment_2732\" style=\"width: 822px\" class=\"wp-caption alignnone\"><a href=\"https:\/\/blogi.eoppimispalvelut.fi\/peppi-ohjeet\/koulutus-ja-opetussuunnittelu\/opetussuunnitelmat\/opetussuunnitelman-rakentaminen\/tarkistus-ja-hyvaksyminen\/osaamispaallikon-opsin-hyvaksynta\/\" rel=\"attachment wp-att-2732\"><img loading=\"lazy\" decoding=\"async\" aria-describedby=\"caption-attachment-2732\" class=\"size-full wp-image-2732\" src=\"https:\/\/blogi.eoppimispalvelut.fi\/peppi-ohjeet\/files\/2020\/05\/Osaamisp\u00e4\u00e4llik\u00f6n-OPSin-hyv\u00e4ksynt\u00e4.png\" alt=\"Osaamisp\u00e4\u00e4llik\u00f6n OPSin hyv\u00e4ksynt\u00e4\" width=\"812\" height=\"323\" srcset=\"https:\/\/blogi.eoppimispalvelut.fi\/peppi-ohjeet\/files\/2020\/05\/Osaamisp\u00e4\u00e4llik\u00f6n-OPSin-hyv\u00e4ksynt\u00e4.png 812w, https:\/\/blogi.eoppimispalvelut.fi\/peppi-ohjeet\/files\/2020\/05\/Osaamisp\u00e4\u00e4llik\u00f6n-OPSin-hyv\u00e4ksynt\u00e4-768x305.png 768w, https:\/\/blogi.eoppimispalvelut.fi\/peppi-ohjeet\/files\/2020\/05\/Osaamisp\u00e4\u00e4llik\u00f6n-OPSin-hyv\u00e4ksynt\u00e4-500x199.png 500w\" sizes=\"auto, (max-width: 812px) 100vw, 812px\" \/><\/a><p id=\"caption-attachment-2732\" class=\"wp-caption-text\">Klikkaa kuva suuremmaksi<\/p><\/div>\n<p>Osaamisp\u00e4\u00e4llikk\u00f6 esittelee ja tekee esityksen hyv\u00e4ksytysti katselmoidusta opetussuunnitelmasta osaamisaluejohtajalle. Osaamisaluejohtaja hyv\u00e4ksyy opetussuunnitelman ja osaamisp\u00e4\u00e4llikk\u00f6 k\u00e4y hyv\u00e4ksym\u00e4ss\u00e4 opetussuunnitelman Pepiss\u00e4 valitsemalla &#8220;Hyv\u00e4ksy&#8221;.<\/p>\n<div id=\"attachment_2733\" style=\"width: 821px\" class=\"wp-caption alignnone\"><a href=\"https:\/\/blogi.eoppimispalvelut.fi\/peppi-ohjeet\/koulutus-ja-opetussuunnittelu\/opetussuunnitelmat\/opetussuunnitelman-rakentaminen\/tarkistus-ja-hyvaksyminen\/osaamisaluejohta-hyvaksyy-opsin\/\" rel=\"attachment wp-att-2733\"><img loading=\"lazy\" decoding=\"async\" aria-describedby=\"caption-attachment-2733\" class=\"size-full wp-image-2733\" src=\"https:\/\/blogi.eoppimispalvelut.fi\/peppi-ohjeet\/files\/2020\/05\/Osaamisaluejohta-hyv\u00e4ksyy-OPSin.png\" alt=\"Osaamisaluejohtaja hyv\u00e4ksyy OPSin kehitt\u00e4misp\u00e4\u00e4llik\u00f6n esityksest\u00e4\" width=\"811\" height=\"319\" srcset=\"https:\/\/blogi.eoppimispalvelut.fi\/peppi-ohjeet\/files\/2020\/05\/Osaamisaluejohta-hyv\u00e4ksyy-OPSin.png 811w, https:\/\/blogi.eoppimispalvelut.fi\/peppi-ohjeet\/files\/2020\/05\/Osaamisaluejohta-hyv\u00e4ksyy-OPSin-768x302.png 768w, https:\/\/blogi.eoppimispalvelut.fi\/peppi-ohjeet\/files\/2020\/05\/Osaamisaluejohta-hyv\u00e4ksyy-OPSin-500x197.png 500w\" sizes=\"auto, (max-width: 811px) 100vw, 811px\" \/><\/a><p id=\"caption-attachment-2733\" class=\"wp-caption-text\">Klikkaa kuva suuremmaksi<\/p><\/div>\n<p>Osaamisp\u00e4\u00e4llikk\u00f6 kirjaa kommenttikentt\u00e4\u00e4n osaamisaluejohtajan p\u00e4\u00e4t\u00f6ksen ja merkitsee kommenttikentt\u00e4\u00e4n p\u00e4iv\u00e4m\u00e4\u00e4r\u00e4n, jolloin osaamisaluejohtaja on hyv\u00e4ksynyt suunnitelman sek\u00e4 tallentaa opetussuunnitelman statuksen muutoksen.<\/p>\n<div id=\"attachment_2734\" style=\"width: 809px\" class=\"wp-caption alignnone\"><a href=\"https:\/\/blogi.eoppimispalvelut.fi\/peppi-ohjeet\/koulutus-ja-opetussuunnittelu\/opetussuunnitelmat\/opetussuunnitelman-rakentaminen\/tarkistus-ja-hyvaksyminen\/opetussuunnitelman-hyvaksynta\/\" rel=\"attachment wp-att-2734\"><img loading=\"lazy\" decoding=\"async\" aria-describedby=\"caption-attachment-2734\" class=\"size-full wp-image-2734\" src=\"https:\/\/blogi.eoppimispalvelut.fi\/peppi-ohjeet\/files\/2020\/05\/Opetussuunnitelman-hyv\u00e4ksynt\u00e4.png\" alt=\"Opetussuunnitelman hyv\u00e4ksynn\u00e4n kirjaaminen\" width=\"799\" height=\"241\" srcset=\"https:\/\/blogi.eoppimispalvelut.fi\/peppi-ohjeet\/files\/2020\/05\/Opetussuunnitelman-hyv\u00e4ksynt\u00e4.png 799w, https:\/\/blogi.eoppimispalvelut.fi\/peppi-ohjeet\/files\/2020\/05\/Opetussuunnitelman-hyv\u00e4ksynt\u00e4-768x232.png 768w, https:\/\/blogi.eoppimispalvelut.fi\/peppi-ohjeet\/files\/2020\/05\/Opetussuunnitelman-hyv\u00e4ksynt\u00e4-500x151.png 500w\" sizes=\"auto, (max-width: 799px) 100vw, 799px\" \/><\/a><p id=\"caption-attachment-2734\" class=\"wp-caption-text\">Kilkkaa kuva suuremmaksi<\/p><\/div>\n<p>&nbsp;<\/p>\n<hr \/>\n<p>Takaisin <a href=\"https:\/\/blogi.eoppimispalvelut.fi\/peppi-ohjeet\/koulutus-ja-opetussuunnittelu\/\">Koulutus- ja opetussuunnittelu<\/a> \u2013 sivulle<\/p>\n","protected":false},"excerpt":{"rendered":"<p>Katso video (tekstityksen saa p\u00e4\u00e4lle [cc]-painikkeesta). Opetussuunnitelman Tarkistus ja hyv\u00e4ksyminen -v\u00e4lilehdell\u00e4 voit tarkastella, mitk\u00e4 opetussuunnitelman perustiedot on asianmukaisesti sy\u00f6tetty. J\u00e4rjestelm\u00e4n p\u00e4\u00e4k\u00e4ytt\u00e4j\u00e4n pit\u00e4\u00e4 ensin m\u00e4\u00e4ritell\u00e4 s\u00e4\u00e4nn\u00f6t, joiden mukaan perustietojen tarkistus tehd\u00e4\u00e4n. Niin kauan kun opetussuunnitelma on luonnostilassa, suunnitelma ei n\u00e4y muille &hellip; <a href=\"https:\/\/blogi.eoppimispalvelut.fi\/peppi-ohjeet\/koulutus-ja-opetussuunnittelu\/opetussuunnitelmat\/opetussuunnitelman-rakentaminen\/tarkistus-ja-hyvaksyminen\/\">Continue reading <span class=\"meta-nav\">&rarr;<\/span><\/a><\/p>\n","protected":false},"author":4339,"featured_media":0,"parent":2117,"menu_order":0,"comment_status":"closed","ping_status":"closed","template":"","meta":{"_monsterinsights_skip_tracking":false,"_monsterinsights_sitenote_active":false,"_monsterinsights_sitenote_note":"","_monsterinsights_sitenote_category":0,"footnotes":""},"class_list":["post-2142","page","type-page","status-publish","hentry"],"_links":{"self":[{"href":"https:\/\/blogi.eoppimispalvelut.fi\/peppi-ohjeet\/wp-json\/wp\/v2\/pages\/2142","targetHints":{"allow":["GET"]}}],"collection":[{"href":"https:\/\/blogi.eoppimispalvelut.fi\/peppi-ohjeet\/wp-json\/wp\/v2\/pages"}],"about":[{"href":"https:\/\/blogi.eoppimispalvelut.fi\/peppi-ohjeet\/wp-json\/wp\/v2\/types\/page"}],"author":[{"embeddable":true,"href":"https:\/\/blogi.eoppimispalvelut.fi\/peppi-ohjeet\/wp-json\/wp\/v2\/users\/4339"}],"replies":[{"embeddable":true,"href":"https:\/\/blogi.eoppimispalvelut.fi\/peppi-ohjeet\/wp-json\/wp\/v2\/comments?post=2142"}],"version-history":[{"count":24,"href":"https:\/\/blogi.eoppimispalvelut.fi\/peppi-ohjeet\/wp-json\/wp\/v2\/pages\/2142\/revisions"}],"predecessor-version":[{"id":7322,"href":"https:\/\/blogi.eoppimispalvelut.fi\/peppi-ohjeet\/wp-json\/wp\/v2\/pages\/2142\/revisions\/7322"}],"up":[{"embeddable":true,"href":"https:\/\/blogi.eoppimispalvelut.fi\/peppi-ohjeet\/wp-json\/wp\/v2\/pages\/2117"}],"wp:attachment":[{"href":"https:\/\/blogi.eoppimispalvelut.fi\/peppi-ohjeet\/wp-json\/wp\/v2\/media?parent=2142"}],"curies":[{"name":"wp","href":"https:\/\/api.w.org\/{rel}","templated":true}]}}