{"id":2147,"date":"2020-04-22T10:27:32","date_gmt":"2020-04-22T07:27:32","guid":{"rendered":"https:\/\/blogi.eoppimispalvelut.fi\/peppi-ohjeet\/?page_id=2147"},"modified":"2026-01-11T10:49:36","modified_gmt":"2026-01-11T08:49:36","slug":"vuosisuunnittelu","status":"publish","type":"page","link":"https:\/\/blogi.eoppimispalvelut.fi\/peppi-ohjeet\/koulutus-ja-opetussuunnittelu\/vuosisuunnittelu\/","title":{"rendered":"Vuosisuunnittelu"},"content":{"rendered":"<div id=\"attachment_2470\" style=\"width: 594px\" class=\"wp-caption alignnone\"><a href=\"https:\/\/blogi.eoppimispalvelut.fi\/peppi-ohjeet\/koulutus-ja-opetussuunnittelu\/vuosisuunnittelu\/vuosisuunnittelu-2\/\" rel=\"attachment wp-att-2470\"><img loading=\"lazy\" decoding=\"async\" aria-describedby=\"caption-attachment-2470\" class=\"size-large wp-image-2470\" src=\"https:\/\/blogi.eoppimispalvelut.fi\/peppi-ohjeet\/files\/2020\/05\/Vuosisuunnittelu-1280x530.png\" alt=\"Vuosisuunnittelu osana opetuksen suunnitteluprosessia\" width=\"584\" height=\"242\" srcset=\"https:\/\/blogi.eoppimispalvelut.fi\/peppi-ohjeet\/files\/2020\/05\/Vuosisuunnittelu-1280x530.png 1280w, https:\/\/blogi.eoppimispalvelut.fi\/peppi-ohjeet\/files\/2020\/05\/Vuosisuunnittelu-900x373.png 900w, https:\/\/blogi.eoppimispalvelut.fi\/peppi-ohjeet\/files\/2020\/05\/Vuosisuunnittelu-768x318.png 768w, https:\/\/blogi.eoppimispalvelut.fi\/peppi-ohjeet\/files\/2020\/05\/Vuosisuunnittelu-1536x636.png 1536w, https:\/\/blogi.eoppimispalvelut.fi\/peppi-ohjeet\/files\/2020\/05\/Vuosisuunnittelu-500x207.png 500w, https:\/\/blogi.eoppimispalvelut.fi\/peppi-ohjeet\/files\/2020\/05\/Vuosisuunnittelu.png 1725w\" sizes=\"auto, (max-width: 584px) 100vw, 584px\" \/><\/a><p id=\"caption-attachment-2470\" class=\"wp-caption-text\">Klikkaa kuva suuremmaksi<\/p><\/div>\n<p>Katso <a href=\"https:\/\/youtu.be\/Hb7rTlrEvBg\" target=\"_blank\" rel=\"noopener noreferrer\">video<\/a> (tekstityksen saa p\u00e4\u00e4lle [cc]-painikkeesta).<\/p>\n<p><strong>Vuosisuunnittelu<\/strong><\/p>\n<ul>\n<li>Osaamisp\u00e4\u00e4llikk\u00f6 tekee vuosisuunnittelun<\/li>\n<li>Osa tulevan kalenterivuoden ty\u00f6aikasuunnittelua, vuosisuunnittelu tehd\u00e4\u00e4n vko 14 \u2013 26<\/li>\n<li>Vuosisuunnittelussa koostetaan koko opetustarjonta:\n<ul>\n<li>Opetussuunnitelmien mukainen tarjonta\n<ul>\n<li>OPSien mukainen tarjonta<\/li>\n<li>Muuntokoulutusten tarjonta<\/li>\n<li>Erikoistumiskoulutusten tarjonta<\/li>\n<li>Muun opetustarjonnan koostaminen; tarjonta voi sis\u00e4lt\u00e4\u00e4 opetussuunnitelmien mukaisia opintojaksoja tai itsen\u00e4isi\u00e4 opintojaksoja.\n<ul>\n<li>Vaihto-opintojen tarjonnasta ja YAMK-koulutuksien valinnaistarjonnasta koostetaan erilliset opintokokonaisuudet opetustarjonnan julkaisemiseksi <a href=\"https:\/\/opinto-opas-amk.peppi.lapit.csc.fi\/\" target=\"_blank\" rel=\"noopener\">Opinto-oppaassa\u00a0<\/a><\/li>\n<li>Kes\u00e4opintojen ja AMK-koulutuksen valinnaisopintojen tarjonnasta luodaan yhteinen ops, johon kiinnitet\u00e4\u00e4n koko lukuvuoden tarjonta.<\/li>\n<\/ul>\n<\/li>\n<\/ul>\n<\/li>\n<\/ul>\n<\/li>\n<li>Vuosisuunnittelussa osaamisp\u00e4\u00e4llikk\u00f6\n<ul>\n<li>Kiinnitt\u00e4\u00e4 toteutuksen periodille<\/li>\n<li>Luo toteutuksen automaattisin perustiedoin<\/li>\n<li>Kiinnitt\u00e4\u00e4 henkil\u00f6resurssit toteutukselle<\/li>\n<li>M\u00e4\u00e4rittelee tarvittaessa toteutuksen vastuunjaon ja koulutusalat<\/li>\n<li>Julkaisee toteutuksen opettajalle t\u00e4ydent\u00e4mist\u00e4 varten<\/li>\n<li>Tarkastaa toteutuksen tiedot<\/li>\n<li>Julkaisee kaikki toteutukset keskitetysti sovittuna aikana ilmoittautumista ja lukuj\u00e4rjestysten laatimista varten<\/li>\n<\/ul>\n<\/li>\n<li>Opetustarjonnan suunnittelun lis\u00e4ksi vuosisuunnittelun yhteydess\u00e4 opettajille kiinnitet\u00e4\u00e4n projektit ja muut teht\u00e4v\u00e4t.<\/li>\n<\/ul>\n<hr \/>\n<p>Takaisin <a href=\"https:\/\/blogi.eoppimispalvelut.fi\/peppi-ohjeet\/koulutus-ja-opetussuunnittelu\/\">Koulutus- ja opetussuunnittelu<\/a> -sivulle<\/p>\n","protected":false},"excerpt":{"rendered":"<p>Katso video (tekstityksen saa p\u00e4\u00e4lle [cc]-painikkeesta). Vuosisuunnittelu Osaamisp\u00e4\u00e4llikk\u00f6 tekee vuosisuunnittelun Osa tulevan kalenterivuoden ty\u00f6aikasuunnittelua, vuosisuunnittelu tehd\u00e4\u00e4n vko 14 \u2013 26 Vuosisuunnittelussa koostetaan koko opetustarjonta: Opetussuunnitelmien mukainen tarjonta OPSien mukainen tarjonta Muuntokoulutusten tarjonta Erikoistumiskoulutusten tarjonta Muun opetustarjonnan koostaminen; tarjonta voi sis\u00e4lt\u00e4\u00e4 &hellip; <a href=\"https:\/\/blogi.eoppimispalvelut.fi\/peppi-ohjeet\/koulutus-ja-opetussuunnittelu\/vuosisuunnittelu\/\">Continue reading <span class=\"meta-nav\">&rarr;<\/span><\/a><\/p>\n","protected":false},"author":4339,"featured_media":0,"parent":209,"menu_order":0,"comment_status":"closed","ping_status":"closed","template":"","meta":{"_monsterinsights_skip_tracking":false,"_monsterinsights_sitenote_active":false,"_monsterinsights_sitenote_note":"","_monsterinsights_sitenote_category":0,"footnotes":""},"class_list":["post-2147","page","type-page","status-publish","hentry"],"_links":{"self":[{"href":"https:\/\/blogi.eoppimispalvelut.fi\/peppi-ohjeet\/wp-json\/wp\/v2\/pages\/2147","targetHints":{"allow":["GET"]}}],"collection":[{"href":"https:\/\/blogi.eoppimispalvelut.fi\/peppi-ohjeet\/wp-json\/wp\/v2\/pages"}],"about":[{"href":"https:\/\/blogi.eoppimispalvelut.fi\/peppi-ohjeet\/wp-json\/wp\/v2\/types\/page"}],"author":[{"embeddable":true,"href":"https:\/\/blogi.eoppimispalvelut.fi\/peppi-ohjeet\/wp-json\/wp\/v2\/users\/4339"}],"replies":[{"embeddable":true,"href":"https:\/\/blogi.eoppimispalvelut.fi\/peppi-ohjeet\/wp-json\/wp\/v2\/comments?post=2147"}],"version-history":[{"count":16,"href":"https:\/\/blogi.eoppimispalvelut.fi\/peppi-ohjeet\/wp-json\/wp\/v2\/pages\/2147\/revisions"}],"predecessor-version":[{"id":7313,"href":"https:\/\/blogi.eoppimispalvelut.fi\/peppi-ohjeet\/wp-json\/wp\/v2\/pages\/2147\/revisions\/7313"}],"up":[{"embeddable":true,"href":"https:\/\/blogi.eoppimispalvelut.fi\/peppi-ohjeet\/wp-json\/wp\/v2\/pages\/209"}],"wp:attachment":[{"href":"https:\/\/blogi.eoppimispalvelut.fi\/peppi-ohjeet\/wp-json\/wp\/v2\/media?parent=2147"}],"curies":[{"name":"wp","href":"https:\/\/api.w.org\/{rel}","templated":true}]}}