{"id":2151,"date":"2020-04-22T10:32:03","date_gmt":"2020-04-22T07:32:03","guid":{"rendered":"https:\/\/blogi.eoppimispalvelut.fi\/peppi-ohjeet\/?page_id=2151"},"modified":"2025-11-20T16:58:29","modified_gmt":"2025-11-20T14:58:29","slug":"muun-opetustarjonnan-suunnittelu","status":"publish","type":"page","link":"https:\/\/blogi.eoppimispalvelut.fi\/peppi-ohjeet\/koulutus-ja-opetussuunnittelu\/opetussuunnitelmat\/muun-opetustarjonnan-suunnittelu\/","title":{"rendered":"Muun opetustarjonnan suunnittelu"},"content":{"rendered":"<p>Katso <a href=\"https:\/\/youtu.be\/zIpOvxm5FBY\" target=\"_blank\" rel=\"noopener\">video<\/a> (tekstityksen saa p\u00e4\u00e4lle [cc]-painikkeesta).<\/p>\n<p>Muun opetustarjonnan suunnittelu on osa tulevan kalenterivuoden ty\u00f6aikasuunnittelua, vuosisuunnittelu tehd\u00e4\u00e4n vko 14 \u2013 26.<\/p>\n<p>Muun opetustarjonnan suunnittelussa huomioidaan koulututuksittain<\/p>\n<ul>\n<li>Kes\u00e4opintotarjonta<\/li>\n<li>Vaihto-opinto tarjonta<\/li>\n<li>Valinnaisopintojen tarjonta (AMK, YAMK)<\/li>\n<li>Yhteisten valinnaisten tarjonta (AMK, YAMK)<\/li>\n<li>Yhteisty\u00f6verkostojen tarjonta<\/li>\n<\/ul>\n<p>Vaihto-opiskelijoiden opetustarjonnan sek\u00e4 vapaasti valittavien opintojen osalta jokainen koulutus rakentaa koulutuskohtaisen opetustarjonnan laatimalla ensin tarjonnan mukaiset opintojaksot, joko osana <a href=\"https:\/\/blogi.eoppimispalvelut.fi\/peppi-ohjeet\/koulutus-ja-opetussuunnittelu\/vuosisuunnittelu\/opsien-mukaisen-opetustarjonnan-suunnittelu\/\">opetussuunnitelmien mukaista opetustarjonnan suunnittelua<\/a> tai <a href=\"https:\/\/blogi.eoppimispalvelut.fi\/peppi-ohjeet\/koulutus-ja-opetussuunnittelu\/opetussuunnitelmat\/yksittaisten-opintojaksojen-rakentaminen\/\">erillisin\u00e4 opintojaksoina<\/a>.<\/p>\n<p>&nbsp;<\/p>\n<p>&nbsp;<\/p>\n<hr \/>\n<p>Takaisin <a href=\"https:\/\/blogi.eoppimispalvelut.fi\/peppi-ohjeet\/koulutus-ja-opetussuunnittelu\/\">Koulutus- ja opetussuunnittelu<\/a> \u2013 sivulle<\/p>\n","protected":false},"excerpt":{"rendered":"<p>Katso video (tekstityksen saa p\u00e4\u00e4lle [cc]-painikkeesta). Muun opetustarjonnan suunnittelu on osa tulevan kalenterivuoden ty\u00f6aikasuunnittelua, vuosisuunnittelu tehd\u00e4\u00e4n vko 14 \u2013 26. Muun opetustarjonnan suunnittelussa huomioidaan koulututuksittain Kes\u00e4opintotarjonta Vaihto-opinto tarjonta Valinnaisopintojen tarjonta (AMK, YAMK) Yhteisten valinnaisten tarjonta (AMK, YAMK) Yhteisty\u00f6verkostojen tarjonta Vaihto-opiskelijoiden &hellip; <a href=\"https:\/\/blogi.eoppimispalvelut.fi\/peppi-ohjeet\/koulutus-ja-opetussuunnittelu\/opetussuunnitelmat\/muun-opetustarjonnan-suunnittelu\/\">Continue reading <span class=\"meta-nav\">&rarr;<\/span><\/a><\/p>\n","protected":false},"author":4339,"featured_media":0,"parent":2122,"menu_order":0,"comment_status":"closed","ping_status":"closed","template":"","meta":{"_monsterinsights_skip_tracking":false,"_monsterinsights_sitenote_active":false,"_monsterinsights_sitenote_note":"","_monsterinsights_sitenote_category":0,"footnotes":""},"class_list":["post-2151","page","type-page","status-publish","hentry"],"_links":{"self":[{"href":"https:\/\/blogi.eoppimispalvelut.fi\/peppi-ohjeet\/wp-json\/wp\/v2\/pages\/2151","targetHints":{"allow":["GET"]}}],"collection":[{"href":"https:\/\/blogi.eoppimispalvelut.fi\/peppi-ohjeet\/wp-json\/wp\/v2\/pages"}],"about":[{"href":"https:\/\/blogi.eoppimispalvelut.fi\/peppi-ohjeet\/wp-json\/wp\/v2\/types\/page"}],"author":[{"embeddable":true,"href":"https:\/\/blogi.eoppimispalvelut.fi\/peppi-ohjeet\/wp-json\/wp\/v2\/users\/4339"}],"replies":[{"embeddable":true,"href":"https:\/\/blogi.eoppimispalvelut.fi\/peppi-ohjeet\/wp-json\/wp\/v2\/comments?post=2151"}],"version-history":[{"count":13,"href":"https:\/\/blogi.eoppimispalvelut.fi\/peppi-ohjeet\/wp-json\/wp\/v2\/pages\/2151\/revisions"}],"predecessor-version":[{"id":7284,"href":"https:\/\/blogi.eoppimispalvelut.fi\/peppi-ohjeet\/wp-json\/wp\/v2\/pages\/2151\/revisions\/7284"}],"up":[{"embeddable":true,"href":"https:\/\/blogi.eoppimispalvelut.fi\/peppi-ohjeet\/wp-json\/wp\/v2\/pages\/2122"}],"wp:attachment":[{"href":"https:\/\/blogi.eoppimispalvelut.fi\/peppi-ohjeet\/wp-json\/wp\/v2\/media?parent=2151"}],"curies":[{"name":"wp","href":"https:\/\/api.w.org\/{rel}","templated":true}]}}