{"id":2153,"date":"2020-04-22T10:33:20","date_gmt":"2020-04-22T07:33:20","guid":{"rendered":"https:\/\/blogi.eoppimispalvelut.fi\/peppi-ohjeet\/?page_id=2153"},"modified":"2025-11-20T17:01:50","modified_gmt":"2025-11-20T15:01:50","slug":"avoimen-opetustarjonnan-suunnittelu","status":"publish","type":"page","link":"https:\/\/blogi.eoppimispalvelut.fi\/peppi-ohjeet\/koulutus-ja-opetussuunnittelu\/opetussuunnitelmat\/muun-opetustarjonnan-suunnittelu\/avoimen-opetustarjonnan-suunnittelu\/","title":{"rendered":"Avoimen opetustarjonnan suunnittelu"},"content":{"rendered":"<p>Avoimen ammattikorkeakoulun opetustarjonta suunnitellaan vuosisuunnittelun yhteydess\u00e4. Lapin ammattikorkeakoulussa avoin ammattikorkeakoulu opetus sis\u00e4lt\u00e4\u00e4 seuraavaa opetustarjontaa:<\/p>\n<ul>\n<li><a href=\"https:\/\/blogi.eoppimispalvelut.fi\/peppi-ohjeet\/koulutus-ja-opetussuunnittelu\/opetussuunnitelmat\/muun-opetustarjonnan-suunnittelu\/avoimen-opetustarjonnan-suunnittelu\/avoimen-yksittaiset-opintojaksot\/\">Yksitt\u00e4iset opintojaksot<\/a><\/li>\n<li><a href=\"https:\/\/blogi.eoppimispalvelut.fi\/peppi-ohjeet\/koulutus-ja-opetussuunnittelu\/opetussuunnitelmat\/muun-opetustarjonnan-suunnittelu\/avoimen-opetustarjonnan-suunnittelu\/avoimen-opintokokonaisuudet\/\">Opintokokonaisuudet<\/a><\/li>\n<li><a href=\"https:\/\/blogi.eoppimispalvelut.fi\/peppi-ohjeet\/koulutus-ja-opetussuunnittelu\/opetussuunnitelmat\/muun-opetustarjonnan-suunnittelu\/avoimen-opetustarjonnan-suunnittelu\/avoimen-polkuopinnot\/\">Polkuopinnot<\/a><\/li>\n<li><a href=\"https:\/\/blogi.eoppimispalvelut.fi\/peppi-ohjeet\/koulutus-ja-opetussuunnittelu\/opetussuunnitelmat\/muun-opetustarjonnan-suunnittelu\/avoimen-opetustarjonnan-suunnittelu\/avoimen-vaylaopinnot\/\">V\u00e4yl\u00e4opinnot\u00a0<\/a><\/li>\n<\/ul>\n<p>(T\u00e4m\u00e4n ohjeen rakenne korjataan tammikuussa 2021 yll\u00e4olevan listan mukaiseksi)<\/p>\n<p><strong>Avoin AMK\u00a0 tarjonnan rakentaminen &#8211; Ty\u00f6kaluna maksullisen koulutuksen palvelu Pepiss\u00e4\u00a0<\/strong><\/p>\n<p><strong>K\u00e4sitteet<\/strong><\/p>\n<ul>\n<li>Ilmoittautumisen kohde = 1 \u2013 n toteutusta<\/li>\n<li>Kiinti\u00f6ryhm\u00e4 = Avoin (kiinti\u00f6ryhm\u00e4ll\u00e4 on my\u00f6s koko esim. 20)<\/li>\n<\/ul>\n<p><strong><a href=\"https:\/\/wiki.metropolia.fi\/pages\/viewpage.action?pageId=148897880\">Konsortion ohjeet\u00a0<\/a><\/strong><\/p>\n<div id=\"attachment_4357\" style=\"width: 610px\" class=\"wp-caption alignleft\"><img loading=\"lazy\" decoding=\"async\" aria-describedby=\"caption-attachment-4357\" class=\"size-medium wp-image-4357\" src=\"https:\/\/blogi.eoppimispalvelut.fi\/peppi-ohjeet\/files\/2020\/12\/Maksullisen-koulutuksen-prosessi-600x312.png\" alt=\"Maksullisen koulutuksen prosessi\" width=\"600\" height=\"312\" srcset=\"https:\/\/blogi.eoppimispalvelut.fi\/peppi-ohjeet\/files\/2020\/12\/Maksullisen-koulutuksen-prosessi-600x312.png 600w, https:\/\/blogi.eoppimispalvelut.fi\/peppi-ohjeet\/files\/2020\/12\/Maksullisen-koulutuksen-prosessi-1280x666.png 1280w, https:\/\/blogi.eoppimispalvelut.fi\/peppi-ohjeet\/files\/2020\/12\/Maksullisen-koulutuksen-prosessi-768x400.png 768w, https:\/\/blogi.eoppimispalvelut.fi\/peppi-ohjeet\/files\/2020\/12\/Maksullisen-koulutuksen-prosessi-500x260.png 500w, https:\/\/blogi.eoppimispalvelut.fi\/peppi-ohjeet\/files\/2020\/12\/Maksullisen-koulutuksen-prosessi.png 1378w\" sizes=\"auto, (max-width: 600px) 100vw, 600px\" \/><p id=\"caption-attachment-4357\" class=\"wp-caption-text\">Klikkaa kuva suuremmaksi<\/p><\/div>\n<p>&nbsp;<\/p>\n<p><strong>Avoimen ammattikorkeakoulun tarjonnan luominen<\/strong><\/p>\n<p>Avoimen amkin koulutustarjonta m\u00e4\u00e4ritell\u00e4\u00e4n koulutuksittain vuosisuunnittelun yhteydess\u00e4<\/p>\n<ul>\n<li>Avoin AMK Opintojaksot (maksulliset, maksuttomat)<\/li>\n<li>Avoin AMK Opintokokonaisuudet<\/li>\n<li>Avoin AMK Polkuopinnot AMK<\/li>\n<li>Avoin AMK Polkuopinnot YAMK<\/li>\n<li>Avoin AMK V\u00e4yl\u00e4opinnot, lukio<\/li>\n<li>Avoin AMK V\u00e4yl\u00e4opinnot, ammatillinen koulutus (perustutkinnon suorittaneille, opiskelijoille)<\/li>\n<li>Avoin AMK Yhteisty\u00f6oppilaitokset (esim. Rovala, paketoidaan samalla tavoin kuin v\u00e4yl\u00e4opinnot ammatillisen perustutkinnon opiskelijoille)<\/li>\n<\/ul>\n<p>Osaamisp\u00e4\u00e4llikk\u00f6 m\u00e4\u00e4rittelee opiskelijapaikat toteutuksen luonnin yhteydess\u00e4 huomioiden avoimen paikat<\/p>\n<ul>\n<li>ryhm\u00e4koko = tutkinto-opiskelijat+yksitt\u00e4iset avoimen opiskelijat+polku+v\u00e4yl\u00e4+campus online+ HOPSattavat<\/li>\n<li>Toteutuksella t\u00e4ytyy olla merkittyn\u00e4 my\u00f6s vastuunjako ja kohdeorganisaatio<\/li>\n<\/ul>\n<p>Osaamisp\u00e4\u00e4llikk\u00f6 julkaisee avoimen tarjonnan toteutussuunnittelun aikataulun mukaisesti eli<\/p>\n<ul>\n<li>Kev\u00e4\u00e4n koulutustarjonta julkaistaan viikolla 40<\/li>\n<li>Kes\u00e4n ja syksyn opintotarjonta viikolla 12<\/li>\n<\/ul>\n<p><strong>Ilmoittautuminen<\/strong><\/p>\n<ul>\n<li>Ilmoittautuminen yksitt\u00e4isille opinnoille<\/li>\n<li>Ilmoittautuminen avataan samaan aikaan kuin tutkinto-opiskelijoille ja ilmoittautuminen p\u00e4\u00e4ttyy kaksi viikkoa ennen toteutuksen alkua (ehdit\u00e4\u00e4n k\u00e4sittelem\u00e4\u00e4n varasijat). Opettajalla tieto kaikista ilmoittautuneista viikko ennen toteutuksen alkua.<\/li>\n<li>Ilmoittautuminen polku-opinnoille<\/li>\n<li>Ilmoittautumien v\u00e4yl\u00e4-opinnoille<\/li>\n<\/ul>\n<p><strong>Erillishaku<\/strong><\/p>\n<ul>\n<li>Opo tekee suunnitelman mit\u00e4 opintoja tulee suorittaa, jotta voi hakea tutkinto-opiskelijaksi<\/li>\n<li>Opo tekee Pepiss\u00e4 suoritettavista opinnoista yksil\u00f6llisen ilmoittautumisen kohteen ja julkaisee linkin opiskelijalle ilmoittautumista varten<\/li>\n<li>Opiskelija ilmoittautuu yhdell\u00e4 kertaa kaikkiin toteutuksiin ja maksaa sovitun hinnan (15\u20ac \/ opintopiste tai jos kokonaissumma ylittyy 300 \u20ac, hinnaksi m\u00e4\u00e4ritell\u00e4\u00e4n 300 \u20ac)<\/li>\n<\/ul>\n<p><strong>Avoimen AMKin tarjonnan suunnittelu<\/strong><\/p>\n<ul>\n<li>Ennen tarjonnan rakentamista on hyv\u00e4 tehd\u00e4 suunnitelma, mit\u00e4 opintoja koulutuksen osalta Avoimen tarjontaan vied\u00e4\u00e4n ja millaisia kokonaisuuksia niist\u00e4 rakentuu<\/li>\n<li>Voit hy\u00f6dynt\u00e4\u00e4 suunnittelussa esim. vuosisuunnittelun OPS- tai ryhm\u00e4-v\u00e4lilehden n\u00e4kym\u00e4\u00e4<\/li>\n<\/ul>\n<p>&nbsp;<\/p>\n<p>&nbsp;<\/p>\n<hr \/>\n<p>&nbsp;<\/p>\n<p>Takaisin <a href=\"https:\/\/blogi.eoppimispalvelut.fi\/peppi-ohjeet\/koulutus-ja-opetussuunnittelu\/\">Koulutus- ja opetussuunnittelu<\/a> \u2013 sivulle<\/p>\n","protected":false},"excerpt":{"rendered":"<p>Avoimen ammattikorkeakoulun opetustarjonta suunnitellaan vuosisuunnittelun yhteydess\u00e4. Lapin ammattikorkeakoulussa avoin ammattikorkeakoulu opetus sis\u00e4lt\u00e4\u00e4 seuraavaa opetustarjontaa: Yksitt\u00e4iset opintojaksot Opintokokonaisuudet Polkuopinnot V\u00e4yl\u00e4opinnot\u00a0 (T\u00e4m\u00e4n ohjeen rakenne korjataan tammikuussa 2021 yll\u00e4olevan listan mukaiseksi) Avoin AMK\u00a0 tarjonnan rakentaminen &#8211; Ty\u00f6kaluna maksullisen koulutuksen palvelu Pepiss\u00e4\u00a0 K\u00e4sitteet Ilmoittautumisen &hellip; <a href=\"https:\/\/blogi.eoppimispalvelut.fi\/peppi-ohjeet\/koulutus-ja-opetussuunnittelu\/opetussuunnitelmat\/muun-opetustarjonnan-suunnittelu\/avoimen-opetustarjonnan-suunnittelu\/\">Continue reading <span class=\"meta-nav\">&rarr;<\/span><\/a><\/p>\n","protected":false},"author":4339,"featured_media":0,"parent":2151,"menu_order":0,"comment_status":"closed","ping_status":"closed","template":"","meta":{"_monsterinsights_skip_tracking":false,"_monsterinsights_sitenote_active":false,"_monsterinsights_sitenote_note":"","_monsterinsights_sitenote_category":0,"footnotes":""},"class_list":["post-2153","page","type-page","status-publish","hentry"],"_links":{"self":[{"href":"https:\/\/blogi.eoppimispalvelut.fi\/peppi-ohjeet\/wp-json\/wp\/v2\/pages\/2153","targetHints":{"allow":["GET"]}}],"collection":[{"href":"https:\/\/blogi.eoppimispalvelut.fi\/peppi-ohjeet\/wp-json\/wp\/v2\/pages"}],"about":[{"href":"https:\/\/blogi.eoppimispalvelut.fi\/peppi-ohjeet\/wp-json\/wp\/v2\/types\/page"}],"author":[{"embeddable":true,"href":"https:\/\/blogi.eoppimispalvelut.fi\/peppi-ohjeet\/wp-json\/wp\/v2\/users\/4339"}],"replies":[{"embeddable":true,"href":"https:\/\/blogi.eoppimispalvelut.fi\/peppi-ohjeet\/wp-json\/wp\/v2\/comments?post=2153"}],"version-history":[{"count":14,"href":"https:\/\/blogi.eoppimispalvelut.fi\/peppi-ohjeet\/wp-json\/wp\/v2\/pages\/2153\/revisions"}],"predecessor-version":[{"id":7287,"href":"https:\/\/blogi.eoppimispalvelut.fi\/peppi-ohjeet\/wp-json\/wp\/v2\/pages\/2153\/revisions\/7287"}],"up":[{"embeddable":true,"href":"https:\/\/blogi.eoppimispalvelut.fi\/peppi-ohjeet\/wp-json\/wp\/v2\/pages\/2151"}],"wp:attachment":[{"href":"https:\/\/blogi.eoppimispalvelut.fi\/peppi-ohjeet\/wp-json\/wp\/v2\/media?parent=2153"}],"curies":[{"name":"wp","href":"https:\/\/api.w.org\/{rel}","templated":true}]}}